{"id":354,"date":"2026-03-28T23:51:18","date_gmt":"2026-03-28T23:51:18","guid":{"rendered":"https:\/\/petluxu.azdigi.shop\/?post_type=product&#038;p=354"},"modified":"2026-04-11T22:26:42","modified_gmt":"2026-04-11T22:26:42","slug":"hat-t1-mr-vet","status":"publish","type":"product","link":"https:\/\/petluxu.azdigi.shop\/?product=hat-t1-mr-vet","title":{"rendered":"H\u1ea1t T1 Mr.Vet"},"content":{"rendered":"<h3 data-section-id=\"2lu6pe\" data-start=\"361\" data-end=\"393\"><span dir=\"auto\" style=\"vertical-align: inherit;\"><span dir=\"auto\" style=\"vertical-align: inherit;\"><span dir=\"auto\" style=\"vertical-align: inherit;\"><span dir=\"auto\" style=\"vertical-align: inherit;\"><span dir=\"auto\" style=\"vertical-align: inherit;\"><span dir=\"auto\" style=\"vertical-align: inherit;\"><span dir=\"auto\" style=\"vertical-align: inherit;\"><span dir=\"auto\" style=\"vertical-align: inherit;\">M\u00f4 t\u1ea3 chi ti\u1ebft h\u1ea1t T1 Mr.Vet<\/span><\/span><\/span><\/span><\/span><\/span><\/span><\/span><\/h3>\n<p data-start=\"395\" data-end=\"788\"><span dir=\"auto\" style=\"vertical-align: inherit;\"><span dir=\"auto\" style=\"vertical-align: inherit;\"><span dir=\"auto\" style=\"vertical-align: inherit;\"><span dir=\"auto\" style=\"vertical-align: inherit;\"><span dir=\"auto\" style=\"vertical-align: inherit;\"><span dir=\"auto\" style=\"vertical-align: inherit;\"><span dir=\"auto\" style=\"vertical-align: inherit;\"><span dir=\"auto\" style=\"vertical-align: inherit;\">Qu\u1eadn <\/span><\/span><\/span><\/span><\/span><\/span><\/span><\/span><strong data-start=\"399\" data-end=\"412\"><span dir=\"auto\" style=\"vertical-align: inherit;\"><span dir=\"auto\" style=\"vertical-align: inherit;\"><span dir=\"auto\" style=\"vertical-align: inherit;\"><span dir=\"auto\" style=\"vertical-align: inherit;\"><span dir=\"auto\" style=\"vertical-align: inherit;\"><span dir=\"auto\" style=\"vertical-align: inherit;\"><span dir=\"auto\" style=\"vertical-align: inherit;\"><span dir=\"auto\" style=\"vertical-align: inherit;\">T1 Mr.Vet<\/span><\/span><\/span><\/span><\/span><\/span><\/span><\/span><\/strong><span dir=\"auto\" style=\"vertical-align: inherit;\"><span dir=\"auto\" style=\"vertical-align: inherit;\"><span dir=\"auto\" style=\"vertical-align: inherit;\"><span dir=\"auto\" style=\"vertical-align: inherit;\"><span dir=\"auto\" style=\"vertical-align: inherit;\"><span dir=\"auto\" style=\"vertical-align: inherit;\"><span dir=\"auto\" style=\"vertical-align: inherit;\"><span dir=\"auto\" style=\"vertical-align: inherit;\"> l\u00e0 d\u00f2ng h\u1ea1t gi\u1ed1ng cao c\u1ea5p, \u0111\u01b0\u1ee3c nghi\u00ean c\u1ee9u v\u00e0 ch\u1ecdn l\u1ecdc k\u1ef9 thu\u1eadt l\u01b0\u1ee1ng. S\u1ea3n ph\u1ea9m \u0111\u1ea3m b\u1ea3o t\u1ef7 l\u1ec7 b\u1ecdt t\u1ed1i \u01b0u v\u00e0 ch\u1ea5t l\u01b0\u1ee3ng \u0111\u1ed3ng \u0111\u1ec1u. M\u1ed7i h\u1ea1t c\u00f3 k\u00edch th\u01b0\u1edbc v\u1eeba ph\u1ea3i, b\u1ec1 m\u1eb7t kh\u00f4ng b\u1ecb n\u1ee9t v\u00e0 m\u00e0u s\u1eafc \u0111\u1ed3ng nh\u1ea5t. Ch\u00fang t\u00f4i t\u1ea1o ra \u1ea5n t\u01b0\u1ee3ng v\u1ec1 s\u1ef1 ch\u1eafc ch\u1eafn v\u00e0 s\u1ee9c kh\u1ecfe ngay t\u1eeb l\u1ea7n \u0111\u1ea7u nh\u00ecn th\u1ea5y. \u0110\u00e2y l\u00e0 \u0111\u01a1n v\u1ecb l\u1ef1a ch\u1ecdn l\u00fd t\u01b0\u1edfng cho c\u1ea3 ng\u01b0\u1eddi m\u1edbi tr\u1ed3ng xen n\u00f4ng d\u00e2n chuy\u00ean nghi\u1ec7p mong mu\u1ed1n t\u1ed1i \u01b0u n\u0103ng su\u1ea5t.<\/span><\/span><\/span><\/span><\/span><\/span><\/span><\/span><\/p>\n<p data-start=\"395\" data-end=\"788\"><img loading=\"lazy\" decoding=\"async\" class=\"alignnone size-medium wp-image-357 aligncenter\" src=\"https:\/\/petluxu.azdigi.shop\/wp-content\/uploads\/2026\/03\/T1-Digestion-Care-Chicken-Beef-300x300.png\" alt=\"\" width=\"300\" height=\"300\" srcset=\"https:\/\/petluxu.azdigi.shop\/wp-content\/uploads\/2026\/03\/T1-Digestion-Care-Chicken-Beef-300x300.png 300w, https:\/\/petluxu.azdigi.shop\/wp-content\/uploads\/2026\/03\/T1-Digestion-Care-Chicken-Beef-100x100.png 100w, https:\/\/petluxu.azdigi.shop\/wp-content\/uploads\/2026\/03\/T1-Digestion-Care-Chicken-Beef-600x600.png 600w, https:\/\/petluxu.azdigi.shop\/wp-content\/uploads\/2026\/03\/T1-Digestion-Care-Chicken-Beef-1024x1024.png 1024w, https:\/\/petluxu.azdigi.shop\/wp-content\/uploads\/2026\/03\/T1-Digestion-Care-Chicken-Beef-150x150.png 150w, https:\/\/petluxu.azdigi.shop\/wp-content\/uploads\/2026\/03\/T1-Digestion-Care-Chicken-Beef-768x768.png 768w, https:\/\/petluxu.azdigi.shop\/wp-content\/uploads\/2026\/03\/T1-Digestion-Care-Chicken-Beef-1536x1536.png 1536w, https:\/\/petluxu.azdigi.shop\/wp-content\/uploads\/2026\/03\/T1-Digestion-Care-Chicken-Beef.png 1800w\" sizes=\"auto, (max-width: 300px) 100vw, 300px\" \/><\/p>\n<h4 data-start=\"790\" data-end=\"811\"><span dir=\"auto\" style=\"vertical-align: inherit;\"><span dir=\"auto\" style=\"vertical-align: inherit;\"><span dir=\"auto\" style=\"vertical-align: inherit;\"><span dir=\"auto\" style=\"vertical-align: inherit;\"><span dir=\"auto\" style=\"vertical-align: inherit;\"><span dir=\"auto\" style=\"vertical-align: inherit;\"><span dir=\"auto\" style=\"vertical-align: inherit;\"><span dir=\"auto\" style=\"vertical-align: inherit;\">\u0110\u1eb7c t\u00ednh \u0111\u1ed9t ph\u00e1<\/span><\/span><\/span><\/span><\/span><\/span><\/span><\/span><\/h4>\n<p data-start=\"813\" data-end=\"1026\"><strong data-start=\"813\" data-end=\"838\"><span dir=\"auto\" style=\"vertical-align: inherit;\"><span dir=\"auto\" style=\"vertical-align: inherit;\"><span dir=\"auto\" style=\"vertical-align: inherit;\"><span dir=\"auto\" style=\"vertical-align: inherit;\"><span dir=\"auto\" style=\"vertical-align: inherit;\"><span dir=\"auto\" style=\"vertical-align: inherit;\"><span dir=\"auto\" style=\"vertical-align: inherit;\"><span dir=\"auto\" style=\"vertical-align: inherit;\">1. T\u1ef7 l\u1ec7 b\u00ecnh t\u0129nh cao:<\/span><\/span><\/span><\/span><\/span><\/span><\/span><\/span><\/strong><span dir=\"auto\" style=\"vertical-align: inherit;\"><span dir=\"auto\" style=\"vertical-align: inherit;\"><span dir=\"auto\" style=\"vertical-align: inherit;\"><span dir=\"auto\" style=\"vertical-align: inherit;\"><span dir=\"auto\" style=\"vertical-align: inherit;\"><span dir=\"auto\" style=\"vertical-align: inherit;\"><span dir=\"auto\" style=\"vertical-align: inherit;\"><span dir=\"auto\" style=\"vertical-align: inherit;\"> Qu\u1eadn T1 Mr.Vet c\u00f3 t\u1ef7 l\u1ec7 b\u00ecnh t\u0129nh cao tr\u00ean 90%. \u0110i\u1ec1u n\u00e0y gi\u00fap gi\u1ea3m l\u00e3ng ph\u00ed h\u1ea1t gi\u1ed1ng v\u00e0 ti\u1ebft ki\u1ec7m chi ph\u00ed tr\u1ed3ng tr\u1ed3ng. Khi tr\u1ed3ng trong \u0111i\u1ec1u ki\u1ec7n ti\u00eau chu\u1ea9n, c\u00e2y ph\u00e1t tri\u1ec3n \u0111\u1ec1u v\u00e0 kh\u1ecfe m\u1ea1nh.<\/span><\/span><\/span><\/span><\/span><\/span><\/span><\/span><\/p>\n<p data-start=\"1028\" data-end=\"1178\"><strong data-start=\"1028\" data-end=\"1059\"><span dir=\"auto\" style=\"vertical-align: inherit;\"><span dir=\"auto\" style=\"vertical-align: inherit;\"><span dir=\"auto\" style=\"vertical-align: inherit;\"><span dir=\"auto\" style=\"vertical-align: inherit;\"><span dir=\"auto\" style=\"vertical-align: inherit;\"><span dir=\"auto\" style=\"vertical-align: inherit;\"><span dir=\"auto\" style=\"vertical-align: inherit;\"><span dir=\"auto\" style=\"vertical-align: inherit;\">2. Kh\u1ea3 n\u0103ng kh\u00e1ng b\u1ec7nh t\u1ed1t:<\/span><\/span><\/span><\/span><\/span><\/span><\/span><\/span><\/strong><span dir=\"auto\" style=\"vertical-align: inherit;\"><span dir=\"auto\" style=\"vertical-align: inherit;\"><span dir=\"auto\" style=\"vertical-align: inherit;\"><span dir=\"auto\" style=\"vertical-align: inherit;\"><span dir=\"auto\" style=\"vertical-align: inherit;\"><span dir=\"auto\" style=\"vertical-align: inherit;\"><span dir=\"auto\" style=\"vertical-align: inherit;\"><span dir=\"auto\" style=\"vertical-align: inherit;\"> H\u1ea1t \u0111\u01b0\u1ee3c ch\u1ecdn l\u1ecdc \u0111\u1ec3 gi\u1ea3m nguy c\u01a1 ph\u1ed5 bi\u1ebfn. Nh\u1edd \u0111\u00f3, vi\u1ec7c tr\u1ed3ng c\u00e2y \u00edt b\u1ecb \u1ea3nh h\u01b0\u1edfng v\u00e0 duy tr\u00ec n\u0103ng su\u1ea5t \u1ed5n \u0111\u1ecbnh.<\/span><\/span><\/span><\/span><\/span><\/span><\/span><\/span><\/p>\n<p data-start=\"1180\" data-end=\"1328\"><strong data-start=\"1180\" data-end=\"1216\"><span dir=\"auto\" style=\"vertical-align: inherit;\"><span dir=\"auto\" style=\"vertical-align: inherit;\"><span dir=\"auto\" style=\"vertical-align: inherit;\"><span dir=\"auto\" style=\"vertical-align: inherit;\"><span dir=\"auto\" style=\"vertical-align: inherit;\"><span dir=\"auto\" style=\"vertical-align: inherit;\"><span dir=\"auto\" style=\"vertical-align: inherit;\"><span dir=\"auto\" style=\"vertical-align: inherit;\">3. Sinh tr\u01b0\u1edfng nhanh v\u00e0 \u1ed5n \u0111\u1ecbnh:<\/span><\/span><\/span><\/span><\/span><\/span><\/span><\/span><\/strong><span dir=\"auto\" style=\"vertical-align: inherit;\"><span dir=\"auto\" style=\"vertical-align: inherit;\"><span dir=\"auto\" style=\"vertical-align: inherit;\"><span dir=\"auto\" style=\"vertical-align: inherit;\"><span dir=\"auto\" style=\"vertical-align: inherit;\"><span dir=\"auto\" style=\"vertical-align: inherit;\"><span dir=\"auto\" style=\"vertical-align: inherit;\"><span dir=\"auto\" style=\"vertical-align: inherit;\"> Th\u1eddi gian t\u1eeb gieo \u0111\u1ebfn thu ho\u1ea1ch ng\u1eafn. Ng\u01b0\u1eddi tr\u1ed3ng c\u00f3 th\u1ec3 ch\u1ee7 \u0111\u1ed9ng trong c\u00e1c phi\u00ean b\u1ea3n lu\u00e2n phi\u00ean v\u00e0 n\u00e2ng cao hi\u1ec7u qu\u1ea3 kinh t\u1ebf.<\/span><\/span><\/span><\/span><\/span><\/span><\/span><\/span><\/p>\n<p data-start=\"1330\" data-end=\"1491\"><strong data-start=\"1330\" data-end=\"1349\"><span dir=\"auto\" style=\"vertical-align: inherit;\"><span dir=\"auto\" style=\"vertical-align: inherit;\"><span dir=\"auto\" style=\"vertical-align: inherit;\"><span dir=\"auto\" style=\"vertical-align: inherit;\"><span dir=\"auto\" style=\"vertical-align: inherit;\"><span dir=\"auto\" style=\"vertical-align: inherit;\"><span dir=\"auto\" style=\"vertical-align: inherit;\"><span dir=\"auto\" style=\"vertical-align: inherit;\">4. Ch\u0103m s\u00f3c:<\/span><\/span><\/span><\/span><\/span><\/span><\/span><\/span><\/strong><span dir=\"auto\" style=\"vertical-align: inherit;\"><span dir=\"auto\" style=\"vertical-align: inherit;\"><span dir=\"auto\" style=\"vertical-align: inherit;\"><span dir=\"auto\" style=\"vertical-align: inherit;\"><span dir=\"auto\" style=\"vertical-align: inherit;\"><span dir=\"auto\" style=\"vertical-align: inherit;\"><span dir=\"auto\" style=\"vertical-align: inherit;\"><span dir=\"auto\" style=\"vertical-align: inherit;\"> Qu\u1eadn th\u00edch nghi v\u1edbi nhi\u1ec1u lo\u1ea1i \u0111\u1ea5t v\u00e0 kh\u00ed h\u1eadu. Vi\u1ec7c ch\u0103m s\u00f3c kh\u00f4ng qu\u00e1 ph\u1ee9c t\u1ea1p, ph\u00f9 h\u1ee3p gieo tr\u1ed3ng trong th\u00f9ng, th\u00f9ng tr\u1ed1ng ho\u1eb7c di\u1ec7n t\u00edch l\u1edbn.<\/span><\/span><\/span><\/span><\/span><\/span><\/span><\/span><\/p>\n<p data-start=\"1493\" data-end=\"1651\"><strong data-start=\"1493\" data-end=\"1517\"><span dir=\"auto\" style=\"vertical-align: inherit;\"><span dir=\"auto\" style=\"vertical-align: inherit;\"><span dir=\"auto\" style=\"vertical-align: inherit;\"><span dir=\"auto\" style=\"vertical-align: inherit;\"><span dir=\"auto\" style=\"vertical-align: inherit;\"><span dir=\"auto\" style=\"vertical-align: inherit;\"><span dir=\"auto\" style=\"vertical-align: inherit;\"><span dir=\"auto\" style=\"vertical-align: inherit;\">5. \u1ee8ng d\u1ee5ng \u0111a d\u1ea1ng:<\/span><\/span><\/span><\/span><\/span><\/span><\/span><\/span><\/strong><span dir=\"auto\" style=\"vertical-align: inherit;\"><span dir=\"auto\" style=\"vertical-align: inherit;\"><span dir=\"auto\" style=\"vertical-align: inherit;\"><span dir=\"auto\" style=\"vertical-align: inherit;\"><span dir=\"auto\" style=\"vertical-align: inherit;\"><span dir=\"auto\" style=\"vertical-align: inherit;\"><span dir=\"auto\" style=\"vertical-align: inherit;\"><span dir=\"auto\" style=\"vertical-align: inherit;\"> C\u00f3 th\u1ec3 d\u00f9ng cho m\u1ee5c \u0111\u00edch th\u01b0\u01a1ng m\u1ea1i, nghi\u00ean c\u1ee9u ho\u1eb7c tr\u1ed3ng t\u1ea1i nh\u00e0. S\u1ea3n ph\u1ea9m gi\u00fap t\u1ea1o ngu\u1ed3n th\u1ef1c ph\u1ea9m s\u1ea1ch, ch\u1ea5t l\u01b0\u1ee3ng v\u00e0 an to\u00e0n.<\/span><\/span><\/span><\/span><\/span><\/span><\/span><\/span><\/p>\n<p data-start=\"1653\" data-end=\"1865\"><span dir=\"auto\" style=\"vertical-align: inherit;\"><span dir=\"auto\" style=\"vertical-align: inherit;\"><span dir=\"auto\" style=\"vertical-align: inherit;\"><span dir=\"auto\" style=\"vertical-align: inherit;\"><span dir=\"auto\" style=\"vertical-align: inherit;\"><span dir=\"auto\" style=\"vertical-align: inherit;\"><span dir=\"auto\" style=\"vertical-align: inherit;\"><span dir=\"auto\" style=\"vertical-align: inherit;\">Ngo\u00e0i ra, h\u1ea1t <\/span><\/span><\/span><\/span><\/span><\/span><\/span><\/span><strong data-start=\"1667\" data-end=\"1680\"><span dir=\"auto\" style=\"vertical-align: inherit;\"><span dir=\"auto\" style=\"vertical-align: inherit;\"><span dir=\"auto\" style=\"vertical-align: inherit;\"><span dir=\"auto\" style=\"vertical-align: inherit;\"><span dir=\"auto\" style=\"vertical-align: inherit;\"><span dir=\"auto\" style=\"vertical-align: inherit;\"><span dir=\"auto\" style=\"vertical-align: inherit;\"><span dir=\"auto\" style=\"vertical-align: inherit;\">T1 Mr.Vet<\/span><\/span><\/span><\/span><\/span><\/span><\/span><\/span><\/strong><span dir=\"auto\" style=\"vertical-align: inherit;\"><span dir=\"auto\" style=\"vertical-align: inherit;\"><span dir=\"auto\" style=\"vertical-align: inherit;\"><span dir=\"auto\" style=\"vertical-align: inherit;\"><span dir=\"auto\" style=\"vertical-align: inherit;\"><span dir=\"auto\" style=\"vertical-align: inherit;\"><span dir=\"auto\" style=\"vertical-align: inherit;\"><span dir=\"auto\" style=\"vertical-align: inherit;\"> c\u00f3 s\u1ee9c s\u1ed1ng b\u1ec1n b\u1ec9. C\u00e2y ph\u00e1t tri\u1ec3n ngay trong \u0111i\u1ec1u ki\u1ec7n thu\u1eadn l\u1ee3i. \u0110\u00e2y l\u00e0 gi\u1ea3i ph\u00e1p hi\u1ec7u qu\u1ea3 cho ai mu\u1ed1n v\u01b0\u1eddn c\u00e2y \u0111\u1ed3ng \u0111\u1ec1u, n\u0103ng su\u1ea5t cao v\u00e0 ch\u1ea5t l\u01b0\u1ee3ng \u1ed5n \u0111\u1ecbnh.<\/span><\/span><\/span><\/span><\/span><\/span><\/span><\/span><\/p>\n<p><span dir=\"auto\" style=\"vertical-align: inherit;\"><span dir=\"auto\" style=\"vertical-align: inherit;\"><span dir=\"auto\" style=\"vertical-align: inherit;\"><span dir=\"auto\" style=\"vertical-align: inherit;\"><span dir=\"auto\" style=\"vertical-align: inherit;\"><span dir=\"auto\" style=\"vertical-align: inherit;\"><span dir=\"auto\" style=\"vertical-align: inherit;\"><span dir=\"auto\" style=\"vertical-align: inherit;\">https:\/\/shopee.vn\/mrvet.vn<\/span><\/span><\/span><\/span><\/span><\/span><\/span><\/span><\/p>\n","protected":false},"excerpt":{"rendered":"<ul class=\"KsbFXc U6u95\" data-sfc-root=\"c\" data-sfc-cb=\"\" data-complete=\"true\" data-processed=\"true\">\n<li class=\"dF3vjf\" data-sfc-root=\"c\" data-sfc-cb=\"\" data-hveid=\"CAcQAA\" data-complete=\"true\" data-sae=\"\"><span class=\"T286Pc\" data-sfc-cp=\"\" data-sfc-root=\"c\" data-sfc-cb=\"\" data-complete=\"true\" aria-owns=\"action-menu-parent-container\"><strong class=\"Yjhzub\" data-sfc-root=\"c\" data-sfc-cb=\"\" data-complete=\"true\"><span dir=\"auto\" style=\"vertical-align: inherit;\"><span dir=\"auto\" style=\"vertical-align: inherit;\"><span dir=\"auto\" style=\"vertical-align: inherit;\"><span dir=\"auto\" style=\"vertical-align: inherit;\"><span dir=\"auto\" style=\"vertical-align: inherit;\"><span dir=\"auto\" style=\"vertical-align: inherit;\"><span dir=\"auto\" style=\"vertical-align: inherit;\"><span dir=\"auto\" style=\"vertical-align: inherit;\">Mr.Vet T1 (To\u00e0n di\u1ec7n):<\/span><\/span><\/span><\/span><\/span><\/span><\/span><\/span><\/strong><span dir=\"auto\" style=\"vertical-align: inherit;\"><span dir=\"auto\" style=\"vertical-align: inherit;\"><span dir=\"auto\" style=\"vertical-align: inherit;\"><span dir=\"auto\" style=\"vertical-align: inherit;\"><span dir=\"auto\" style=\"vertical-align: inherit;\"><span dir=\"auto\" style=\"vertical-align: inherit;\"><span dir=\"auto\" style=\"vertical-align: inherit;\"><span dir=\"auto\" style=\"vertical-align: inherit;\"> \u00a0C\u00f4ng th\u1ee9c c\u01a1 b\u1ea3n v\u1edbi 30% protein, ch\u1ee9a th\u1ecbt g\u00e0, gan g\u00e0 v\u00e0 l\u00f2ng \u0111\u1ecf tr\u1ee9ng, ph\u00f9 h\u1ee3p cho m\u00e8o \u1edf m\u1ecdi \u00e1nh s\u00e1ng.<\/span><\/span><\/span><\/span><\/span><\/span><\/span><\/span><\/span><\/li>\n<\/ul>\n","protected":false},"featured_media":357,"comment_status":"open","ping_status":"closed","template":"","meta":[],"product_brand":[],"product_cat":[30],"product_tag":[],"class_list":{"0":"post-354","1":"product","2":"type-product","3":"status-publish","4":"has-post-thumbnail","6":"product_cat-thuc-an","8":"first","9":"instock","10":"sale","11":"sold-individually","12":"taxable","13":"shipping-taxable","14":"purchasable","15":"product-type-variable"},"yoast_head":"<!-- This site is optimized with the Yoast SEO plugin v27.2 - https:\/\/yoast.com\/product\/yoast-seo-wordpress\/ -->\n<title>H\u1ea1t T1 Mr.Vet - shop th\u00fa c\u01b0ng<\/title>\n<meta name=\"robots\" content=\"index, follow, max-snippet:-1, max-image-preview:large, max-video-preview:-1\" \/>\n<link rel=\"canonical\" href=\"https:\/\/petluxu.azdigi.shop\/?product=hat-t1-mr-vet\" \/>\n<meta property=\"og:locale\" content=\"en_US\" \/>\n<meta property=\"og:type\" content=\"article\" \/>\n<meta property=\"og:title\" content=\"H\u1ea1t T1 Mr.Vet - shop th\u00fa c\u01b0ng\" \/>\n<meta property=\"og:description\" content=\"Mr.Vet T1 (To\u00e0n di\u1ec7n): \u00a0C\u00f4ng th\u1ee9c c\u01a1 b\u1ea3n v\u1edbi 30% protein, ch\u1ee9a th\u1ecbt g\u00e0, gan g\u00e0 v\u00e0 l\u00f2ng \u0111\u1ecf tr\u1ee9ng, ph\u00f9 h\u1ee3p cho m\u00e8o \u1edf m\u1ecdi \u00e1nh s\u00e1ng.\" \/>\n<meta property=\"og:url\" content=\"https:\/\/petluxu.azdigi.shop\/?product=hat-t1-mr-vet\" \/>\n<meta property=\"og:site_name\" content=\"shop th\u00fa c\u01b0ng\" \/>\n<meta property=\"article:modified_time\" content=\"2026-04-11T22:26:42+00:00\" \/>\n<meta property=\"og:image\" content=\"https:\/\/petluxu.azdigi.shop\/wp-content\/uploads\/2026\/03\/T1-Digestion-Care-Chicken-Beef.png\" \/>\n\t<meta property=\"og:image:width\" content=\"1800\" \/>\n\t<meta property=\"og:image:height\" content=\"1800\" \/>\n\t<meta property=\"og:image:type\" content=\"image\/png\" \/>\n<meta name=\"twitter:card\" content=\"summary_large_image\" \/>\n<meta name=\"twitter:label1\" content=\"Est. reading time\" \/>\n\t<meta name=\"twitter:data1\" content=\"2 minutes\" \/>\n<script type=\"application\/ld+json\" class=\"yoast-schema-graph\">{\"@context\":\"https:\/\/schema.org\",\"@graph\":[{\"@type\":\"WebPage\",\"@id\":\"https:\/\/petluxu.azdigi.shop\/?product=hat-t1-mr-vet\",\"url\":\"https:\/\/petluxu.azdigi.shop\/?product=hat-t1-mr-vet\",\"name\":\"H\u1ea1t T1 Mr.Vet - shop th\u00fa c\u01b0ng\",\"isPartOf\":{\"@id\":\"https:\/\/petluxu.azdigi.shop\/#website\"},\"primaryImageOfPage\":{\"@id\":\"https:\/\/petluxu.azdigi.shop\/?product=hat-t1-mr-vet#primaryimage\"},\"image\":{\"@id\":\"https:\/\/petluxu.azdigi.shop\/?product=hat-t1-mr-vet#primaryimage\"},\"thumbnailUrl\":\"https:\/\/petluxu.azdigi.shop\/wp-content\/uploads\/2026\/03\/T1-Digestion-Care-Chicken-Beef.png\",\"datePublished\":\"2026-03-28T23:51:18+00:00\",\"dateModified\":\"2026-04-11T22:26:42+00:00\",\"breadcrumb\":{\"@id\":\"https:\/\/petluxu.azdigi.shop\/?product=hat-t1-mr-vet#breadcrumb\"},\"inLanguage\":\"en-US\",\"potentialAction\":[{\"@type\":\"ReadAction\",\"target\":[\"https:\/\/petluxu.azdigi.shop\/?product=hat-t1-mr-vet\"]}]},{\"@type\":\"ImageObject\",\"inLanguage\":\"en-US\",\"@id\":\"https:\/\/petluxu.azdigi.shop\/?product=hat-t1-mr-vet#primaryimage\",\"url\":\"https:\/\/petluxu.azdigi.shop\/wp-content\/uploads\/2026\/03\/T1-Digestion-Care-Chicken-Beef.png\",\"contentUrl\":\"https:\/\/petluxu.azdigi.shop\/wp-content\/uploads\/2026\/03\/T1-Digestion-Care-Chicken-Beef.png\",\"width\":1800,\"height\":1800},{\"@type\":\"BreadcrumbList\",\"@id\":\"https:\/\/petluxu.azdigi.shop\/?product=hat-t1-mr-vet#breadcrumb\",\"itemListElement\":[{\"@type\":\"ListItem\",\"position\":1,\"name\":\"Home\",\"item\":\"https:\/\/petluxu.azdigi.shop\/\"},{\"@type\":\"ListItem\",\"position\":2,\"name\":\"Shop\",\"item\":\"https:\/\/petluxu.azdigi.shop\/?page_id=348\"},{\"@type\":\"ListItem\",\"position\":3,\"name\":\"H\u1ea1t T1 Mr.Vet\"}]},{\"@type\":\"WebSite\",\"@id\":\"https:\/\/petluxu.azdigi.shop\/#website\",\"url\":\"https:\/\/petluxu.azdigi.shop\/\",\"name\":\"shop th\u00fa c\u01b0ng\",\"description\":\"\",\"potentialAction\":[{\"@type\":\"SearchAction\",\"target\":{\"@type\":\"EntryPoint\",\"urlTemplate\":\"https:\/\/petluxu.azdigi.shop\/?s={search_term_string}\"},\"query-input\":{\"@type\":\"PropertyValueSpecification\",\"valueRequired\":true,\"valueName\":\"search_term_string\"}}],\"inLanguage\":\"en-US\"}]}<\/script>\n<!-- \/ Yoast SEO plugin. -->","yoast_head_json":{"title":"H\u1ea1t T1 Mr.Vet - shop th\u00fa c\u01b0ng","robots":{"index":"index","follow":"follow","max-snippet":"max-snippet:-1","max-image-preview":"max-image-preview:large","max-video-preview":"max-video-preview:-1"},"canonical":"https:\/\/petluxu.azdigi.shop\/?product=hat-t1-mr-vet","og_locale":"en_US","og_type":"article","og_title":"H\u1ea1t T1 Mr.Vet - shop th\u00fa c\u01b0ng","og_description":"Mr.Vet T1 (To\u00e0n di\u1ec7n): \u00a0C\u00f4ng th\u1ee9c c\u01a1 b\u1ea3n v\u1edbi 30% protein, ch\u1ee9a th\u1ecbt g\u00e0, gan g\u00e0 v\u00e0 l\u00f2ng \u0111\u1ecf tr\u1ee9ng, ph\u00f9 h\u1ee3p cho m\u00e8o \u1edf m\u1ecdi \u00e1nh s\u00e1ng.","og_url":"https:\/\/petluxu.azdigi.shop\/?product=hat-t1-mr-vet","og_site_name":"shop th\u00fa c\u01b0ng","article_modified_time":"2026-04-11T22:26:42+00:00","og_image":[{"width":1800,"height":1800,"url":"https:\/\/petluxu.azdigi.shop\/wp-content\/uploads\/2026\/03\/T1-Digestion-Care-Chicken-Beef.png","type":"image\/png"}],"twitter_card":"summary_large_image","twitter_misc":{"Est. reading time":"2 minutes"},"schema":{"@context":"https:\/\/schema.org","@graph":[{"@type":"WebPage","@id":"https:\/\/petluxu.azdigi.shop\/?product=hat-t1-mr-vet","url":"https:\/\/petluxu.azdigi.shop\/?product=hat-t1-mr-vet","name":"H\u1ea1t T1 Mr.Vet - shop th\u00fa c\u01b0ng","isPartOf":{"@id":"https:\/\/petluxu.azdigi.shop\/#website"},"primaryImageOfPage":{"@id":"https:\/\/petluxu.azdigi.shop\/?product=hat-t1-mr-vet#primaryimage"},"image":{"@id":"https:\/\/petluxu.azdigi.shop\/?product=hat-t1-mr-vet#primaryimage"},"thumbnailUrl":"https:\/\/petluxu.azdigi.shop\/wp-content\/uploads\/2026\/03\/T1-Digestion-Care-Chicken-Beef.png","datePublished":"2026-03-28T23:51:18+00:00","dateModified":"2026-04-11T22:26:42+00:00","breadcrumb":{"@id":"https:\/\/petluxu.azdigi.shop\/?product=hat-t1-mr-vet#breadcrumb"},"inLanguage":"en-US","potentialAction":[{"@type":"ReadAction","target":["https:\/\/petluxu.azdigi.shop\/?product=hat-t1-mr-vet"]}]},{"@type":"ImageObject","inLanguage":"en-US","@id":"https:\/\/petluxu.azdigi.shop\/?product=hat-t1-mr-vet#primaryimage","url":"https:\/\/petluxu.azdigi.shop\/wp-content\/uploads\/2026\/03\/T1-Digestion-Care-Chicken-Beef.png","contentUrl":"https:\/\/petluxu.azdigi.shop\/wp-content\/uploads\/2026\/03\/T1-Digestion-Care-Chicken-Beef.png","width":1800,"height":1800},{"@type":"BreadcrumbList","@id":"https:\/\/petluxu.azdigi.shop\/?product=hat-t1-mr-vet#breadcrumb","itemListElement":[{"@type":"ListItem","position":1,"name":"Home","item":"https:\/\/petluxu.azdigi.shop\/"},{"@type":"ListItem","position":2,"name":"Shop","item":"https:\/\/petluxu.azdigi.shop\/?page_id=348"},{"@type":"ListItem","position":3,"name":"H\u1ea1t T1 Mr.Vet"}]},{"@type":"WebSite","@id":"https:\/\/petluxu.azdigi.shop\/#website","url":"https:\/\/petluxu.azdigi.shop\/","name":"shop th\u00fa c\u01b0ng","description":"","potentialAction":[{"@type":"SearchAction","target":{"@type":"EntryPoint","urlTemplate":"https:\/\/petluxu.azdigi.shop\/?s={search_term_string}"},"query-input":{"@type":"PropertyValueSpecification","valueRequired":true,"valueName":"search_term_string"}}],"inLanguage":"en-US"}]}},"_links":{"self":[{"href":"https:\/\/petluxu.azdigi.shop\/index.php?rest_route=\/wp\/v2\/product\/354","targetHints":{"allow":["GET"]}}],"collection":[{"href":"https:\/\/petluxu.azdigi.shop\/index.php?rest_route=\/wp\/v2\/product"}],"about":[{"href":"https:\/\/petluxu.azdigi.shop\/index.php?rest_route=\/wp\/v2\/types\/product"}],"replies":[{"embeddable":true,"href":"https:\/\/petluxu.azdigi.shop\/index.php?rest_route=%2Fwp%2Fv2%2Fcomments&post=354"}],"wp:featuredmedia":[{"embeddable":true,"href":"https:\/\/petluxu.azdigi.shop\/index.php?rest_route=\/wp\/v2\/media\/357"}],"wp:attachment":[{"href":"https:\/\/petluxu.azdigi.shop\/index.php?rest_route=%2Fwp%2Fv2%2Fmedia&parent=354"}],"wp:term":[{"taxonomy":"product_brand","embeddable":true,"href":"https:\/\/petluxu.azdigi.shop\/index.php?rest_route=%2Fwp%2Fv2%2Fproduct_brand&post=354"},{"taxonomy":"product_cat","embeddable":true,"href":"https:\/\/petluxu.azdigi.shop\/index.php?rest_route=%2Fwp%2Fv2%2Fproduct_cat&post=354"},{"taxonomy":"product_tag","embeddable":true,"href":"https:\/\/petluxu.azdigi.shop\/index.php?rest_route=%2Fwp%2Fv2%2Fproduct_tag&post=354"}],"curies":[{"name":"wp","href":"https:\/\/api.w.org\/{rel}","templated":true}]}}