{"id":540,"date":"2026-04-05T14:18:19","date_gmt":"2026-04-05T14:18:19","guid":{"rendered":"https:\/\/petluxu.azdigi.shop\/?post_type=product&#038;p=540"},"modified":"2026-04-11T22:35:02","modified_gmt":"2026-04-11T22:35:02","slug":"sup-thuong-mr-vet","status":"publish","type":"product","link":"https:\/\/petluxu.azdigi.shop\/?product=sup-thuong-mr-vet","title":{"rendered":"S\u00fap th\u01b0\u1edfng MR.VET"},"content":{"rendered":"<p><img loading=\"lazy\" decoding=\"async\" class=\" wp-image-446 aligncenter\" src=\"https:\/\/petluxu.azdigi.shop\/wp-content\/uploads\/2026\/04\/cn-11134207-7ras8-mdmoib60e0jt3f-300x300.jpg\" alt=\"\" width=\"213\" height=\"213\" srcset=\"https:\/\/petluxu.azdigi.shop\/wp-content\/uploads\/2026\/04\/cn-11134207-7ras8-mdmoib60e0jt3f-300x300.jpg 300w, https:\/\/petluxu.azdigi.shop\/wp-content\/uploads\/2026\/04\/cn-11134207-7ras8-mdmoib60e0jt3f-150x150.jpg 150w, https:\/\/petluxu.azdigi.shop\/wp-content\/uploads\/2026\/04\/cn-11134207-7ras8-mdmoib60e0jt3f-768x768.jpg 768w, https:\/\/petluxu.azdigi.shop\/wp-content\/uploads\/2026\/04\/cn-11134207-7ras8-mdmoib60e0jt3f-600x600.jpg 600w, https:\/\/petluxu.azdigi.shop\/wp-content\/uploads\/2026\/04\/cn-11134207-7ras8-mdmoib60e0jt3f-100x100.jpg 100w, https:\/\/petluxu.azdigi.shop\/wp-content\/uploads\/2026\/04\/cn-11134207-7ras8-mdmoib60e0jt3f.jpg 1024w\" sizes=\"auto, (max-width: 213px) 100vw, 213px\" \/><\/p>\n<h3 data-section-id=\"kcko03\" data-start=\"158\" data-end=\"218\"><span role=\"text\"><strong data-start=\"162\" data-end=\"216\">S\u00fap Th\u01b0\u1edfng Mr.Vet \u2013 Th\u1ee9c \u0103n b\u1ed5 sung cho ch\u00f3 v\u00e0 m\u00e8o<\/strong><\/span><\/h3>\n<p data-start=\"220\" data-end=\"502\">S\u00fap Th\u01b0\u1edfng Mr.Vet l\u00e0 <strong data-start=\"241\" data-end=\"283\">th\u1ee9c \u0103n b\u1ed5 sung cao c\u1ea5p cho ch\u00f3 v\u00e0 m\u00e8o<\/strong>.<br data-start=\"284\" data-end=\"287\" \/>S\u1ea3n ph\u1ea9m gi\u00e0u <strong data-start=\"301\" data-end=\"336\">protein, vitamin v\u00e0 kho\u00e1ng ch\u1ea5t<\/strong>, gi\u00fap th\u00fa c\u01b0ng kh\u1ecfe m\u1ea1nh.<br data-start=\"362\" data-end=\"365\" \/>Nguy\u00ean li\u1ec7u \u0111\u01b0\u1ee3c ch\u1ecdn l\u1ef1a k\u1ef9, <strong data-start=\"395\" data-end=\"419\">t\u01b0\u01a1i ngon v\u00e0 an to\u00e0n<\/strong>, kh\u00f4ng ch\u1ea5t b\u1ea3o qu\u1ea3n.<br data-start=\"441\" data-end=\"444\" \/>H\u01b0\u01a1ng v\u1ecb th\u01a1m ngon khi\u1ebfn ch\u00f3 v\u00e0 m\u00e8o \u0103n u\u1ed1ng \u0111\u1ec1u \u0111\u1eb7n h\u01a1n.<\/p>\n<p data-start=\"504\" data-end=\"776\">\u00a0h\u1ed7 tr\u1ee3 <strong data-start=\"529\" data-end=\"554\">h\u1ec7 ti\u00eau h\u00f3a kh\u1ecfe m\u1ea1nh<\/strong> v\u00e0 t\u0103ng n\u0103ng l\u01b0\u1ee3ng.<br data-start=\"574\" data-end=\"577\" \/>Ch\u1ee7 nu\u00f4i c\u00f3 th\u1ec3 d\u00f9ng l\u00e0m <strong data-start=\"602\" data-end=\"627\">b\u1eefa th\u01b0\u1edfng ho\u1eb7c snack<\/strong> cho th\u00fa c\u01b0ng.<br data-start=\"641\" data-end=\"644\" \/>S\u1ea3n ph\u1ea9m gi\u00fap <strong data-start=\"658\" data-end=\"704\">khuy\u1ebfn kh\u00edch \u0103n u\u1ed1ng v\u00e0 tham gia ho\u1ea1t \u0111\u1ed9ng<\/strong>.<br data-start=\"705\" data-end=\"708\" \/>\u0110\u00e2y l\u00e0 c\u00e1ch tuy\u1ec7t v\u1eddi \u0111\u1ec3 t\u0103ng <strong data-start=\"738\" data-end=\"773\">s\u1ef1 g\u1eafn k\u1ebft gi\u1eefa ch\u1ee7 v\u00e0 th\u00fa c\u01b0ng<\/strong>.<\/p>\n<p data-start=\"778\" data-end=\"1040\">S\u00fap ph\u00f9 h\u1ee3p v\u1edbi <strong data-start=\"794\" data-end=\"810\">m\u1ecdi l\u1ee9a tu\u1ed5i<\/strong>, t\u1eeb ch\u00f3 con \u0111\u1ebfn m\u00e8o tr\u01b0\u1edfng th\u00e0nh.<br data-start=\"844\" data-end=\"847\" \/>H\u01b0\u01a1ng v\u1ecb \u0111a d\u1ea1ng gi\u00fap th\u00fa c\u01b0ng <strong data-start=\"878\" data-end=\"910\">vui v\u1ebb v\u00e0 n\u0103ng \u0111\u1ed9ng m\u1ed7i ng\u00e0y<\/strong>.<br data-start=\"911\" data-end=\"914\" \/>S\u1ea3n ph\u1ea9m l\u00e0 l\u1ef1a ch\u1ecdn l\u00fd t\u01b0\u1edfng \u0111\u1ec3 <strong data-start=\"947\" data-end=\"979\">b\u1ed5 sung dinh d\u01b0\u1ee1ng to\u00e0n di\u1ec7n<\/strong>.<br data-start=\"980\" data-end=\"983\" \/>Ch\u1ee7 nu\u00f4i y\u00ean t\u00e2m khi bi\u1ebft th\u00fa c\u01b0ng \u0103n u\u1ed1ng \u0111\u1ea7y \u0111\u1ee7 ch\u1ea5t.<\/p>\n<p data-start=\"1042\" data-end=\"1309\">S\u1eed d\u1ee5ng s\u00fap d\u1ec5 d\u00e0ng, ph\u00f9 h\u1ee3p <strong data-start=\"1071\" data-end=\"1107\">cho b\u1eefa \u0103n h\u1eb1ng ng\u00e0y ho\u1eb7c th\u01b0\u1edfng<\/strong>.<br data-start=\"1108\" data-end=\"1111\" \/>S\u1ea3n ph\u1ea9m gi\u00fap th\u00fa c\u01b0ng <strong data-start=\"1134\" data-end=\"1181\">ph\u00e1t tri\u1ec3n to\u00e0n di\u1ec7n v\u00e0 h\u1ec7 ti\u00eau h\u00f3a \u1ed5n \u0111\u1ecbnh<\/strong>.<br data-start=\"1182\" data-end=\"1185\" \/>\u00a0gi\u00fap th\u00fa c\u01b0ng <strong data-start=\"1221\" data-end=\"1248\">vui v\u1ebb v\u00e0 kh\u1ecfe m\u1ea1nh h\u01a1n<\/strong>.<br data-start=\"1249\" data-end=\"1252\" \/>\u0110\u00e2y l\u00e0 l\u1ef1a ch\u1ecdn th\u00f4ng minh cho nh\u1eefng ai y\u00eau ch\u00f3 v\u00e0 m\u00e8o.<\/p>\n<p data-start=\"1311\" data-end=\"1540\">\ud83d\udca1 <strong data-start=\"1314\" data-end=\"1339\">Mua S\u00fap Th\u01b0\u1edfng Mr.Vet<\/strong> \u0111\u1ec3 mang \u0111\u1ebfn cho th\u00fa c\u01b0ng <strong data-start=\"1365\" data-end=\"1390\">b\u1eefa \u0103n ngon, b\u1ed5 d\u01b0\u1ee1ng<\/strong>.<br data-start=\"1391\" data-end=\"1394\" \/>S\u1ea3n ph\u1ea9m gi\u00fap th\u00fa c\u01b0ng <strong data-start=\"1417\" data-end=\"1459\">lu\u00f4n kh\u1ecfe m\u1ea1nh, n\u0103ng \u0111\u1ed9ng v\u00e0 h\u1ea1nh ph\u00fac<\/strong>.<br data-start=\"1460\" data-end=\"1463\" \/>S\u00fap Th\u01b0\u1edfng Mr.Vet l\u00e0 gi\u1ea3i ph\u00e1p ti\u1ec7n l\u1ee3i \u0111\u1ec3 <strong data-start=\"1506\" data-end=\"1537\">ch\u0103m s\u00f3c th\u00fa c\u01b0ng to\u00e0n di\u1ec7n<\/strong>.<\/p>\n","protected":false},"excerpt":{"rendered":"<p>S\u00fap Th\u01b0\u1edfng Mr.Vet gi\u00e0u protein, vitamin v\u00e0 kho\u00e1ng ch\u1ea5t. Th\u01b0\u1edfng snack ngon, b\u1ed5 d\u01b0\u1ee1ng cho ch\u00f3 v\u00e0 m\u00e8o. Mua ngay \u0111\u1ec3 ch\u0103m s\u00f3c th\u00fa c\u01b0ng y\u00eau th\u01b0\u01a1ng!<\/p>\n","protected":false},"featured_media":446,"comment_status":"open","ping_status":"closed","template":"","meta":[],"product_brand":[],"product_cat":[30],"product_tag":[],"class_list":{"0":"post-540","1":"product","2":"type-product","3":"status-publish","4":"has-post-thumbnail","6":"product_cat-thuc-an","8":"first","9":"instock","10":"sale","11":"taxable","12":"shipping-taxable","13":"purchasable","14":"product-type-variable"},"yoast_head":"<!-- This site is optimized with the Yoast SEO plugin v27.2 - https:\/\/yoast.com\/product\/yoast-seo-wordpress\/ -->\n<title>S\u00fap th\u01b0\u1edfng MR.VET - shop th\u00fa c\u01b0ng<\/title>\n<meta name=\"description\" content=\"S\u00fap Th\u01b0\u1edfng Mr.Vet \u2013 Th\u1ee9c \u0103n b\u1ed5 sung dinh d\u01b0\u1ee1ng cho ch\u00f3 &amp; m\u00e8o\u2013 Snack B\u1ed5 D\u01b0\u1ee1ng Cho Ch\u00f3 M\u00e8o\u2013 B\u1ed5 sung dinh d\u01b0\u1ee1ng v\u00e0 n\u0103ng l\u01b0\u1ee3ng\" \/>\n<meta name=\"robots\" content=\"index, follow, max-snippet:-1, max-image-preview:large, max-video-preview:-1\" \/>\n<link rel=\"canonical\" href=\"https:\/\/petluxu.azdigi.shop\/?product=sup-thuong-mr-vet\" \/>\n<meta property=\"og:locale\" content=\"en_US\" \/>\n<meta property=\"og:type\" content=\"article\" \/>\n<meta property=\"og:title\" content=\"S\u00fap th\u01b0\u1edfng MR.VET - shop th\u00fa c\u01b0ng\" \/>\n<meta property=\"og:description\" content=\"S\u00fap Th\u01b0\u1edfng Mr.Vet \u2013 Th\u1ee9c \u0103n b\u1ed5 sung dinh d\u01b0\u1ee1ng cho ch\u00f3 &amp; m\u00e8o\u2013 Snack B\u1ed5 D\u01b0\u1ee1ng Cho Ch\u00f3 M\u00e8o\u2013 B\u1ed5 sung dinh d\u01b0\u1ee1ng v\u00e0 n\u0103ng l\u01b0\u1ee3ng\" \/>\n<meta property=\"og:url\" content=\"https:\/\/petluxu.azdigi.shop\/?product=sup-thuong-mr-vet\" \/>\n<meta property=\"og:site_name\" content=\"shop th\u00fa c\u01b0ng\" \/>\n<meta property=\"article:modified_time\" content=\"2026-04-11T22:35:02+00:00\" \/>\n<meta property=\"og:image\" content=\"https:\/\/petluxu.azdigi.shop\/wp-content\/uploads\/2026\/04\/cn-11134207-7ras8-mdmoib60e0jt3f.jpg\" \/>\n\t<meta property=\"og:image:width\" content=\"1024\" \/>\n\t<meta property=\"og:image:height\" content=\"1024\" \/>\n\t<meta property=\"og:image:type\" content=\"image\/jpeg\" \/>\n<meta name=\"twitter:card\" content=\"summary_large_image\" \/>\n<meta name=\"twitter:label1\" content=\"Est. reading time\" \/>\n\t<meta name=\"twitter:data1\" content=\"2 minutes\" \/>\n<script type=\"application\/ld+json\" class=\"yoast-schema-graph\">{\"@context\":\"https:\/\/schema.org\",\"@graph\":[{\"@type\":\"WebPage\",\"@id\":\"https:\/\/petluxu.azdigi.shop\/?product=sup-thuong-mr-vet\",\"url\":\"https:\/\/petluxu.azdigi.shop\/?product=sup-thuong-mr-vet\",\"name\":\"S\u00fap th\u01b0\u1edfng MR.VET - shop th\u00fa c\u01b0ng\",\"isPartOf\":{\"@id\":\"https:\/\/petluxu.azdigi.shop\/#website\"},\"primaryImageOfPage\":{\"@id\":\"https:\/\/petluxu.azdigi.shop\/?product=sup-thuong-mr-vet#primaryimage\"},\"image\":{\"@id\":\"https:\/\/petluxu.azdigi.shop\/?product=sup-thuong-mr-vet#primaryimage\"},\"thumbnailUrl\":\"https:\/\/petluxu.azdigi.shop\/wp-content\/uploads\/2026\/04\/cn-11134207-7ras8-mdmoib60e0jt3f.jpg\",\"datePublished\":\"2026-04-05T14:18:19+00:00\",\"dateModified\":\"2026-04-11T22:35:02+00:00\",\"description\":\"S\u00fap Th\u01b0\u1edfng Mr.Vet \u2013 Th\u1ee9c \u0103n b\u1ed5 sung dinh d\u01b0\u1ee1ng cho ch\u00f3 & m\u00e8o\u2013 Snack B\u1ed5 D\u01b0\u1ee1ng Cho Ch\u00f3 M\u00e8o\u2013 B\u1ed5 sung dinh d\u01b0\u1ee1ng v\u00e0 n\u0103ng l\u01b0\u1ee3ng\",\"breadcrumb\":{\"@id\":\"https:\/\/petluxu.azdigi.shop\/?product=sup-thuong-mr-vet#breadcrumb\"},\"inLanguage\":\"en-US\",\"potentialAction\":[{\"@type\":\"ReadAction\",\"target\":[\"https:\/\/petluxu.azdigi.shop\/?product=sup-thuong-mr-vet\"]}]},{\"@type\":\"ImageObject\",\"inLanguage\":\"en-US\",\"@id\":\"https:\/\/petluxu.azdigi.shop\/?product=sup-thuong-mr-vet#primaryimage\",\"url\":\"https:\/\/petluxu.azdigi.shop\/wp-content\/uploads\/2026\/04\/cn-11134207-7ras8-mdmoib60e0jt3f.jpg\",\"contentUrl\":\"https:\/\/petluxu.azdigi.shop\/wp-content\/uploads\/2026\/04\/cn-11134207-7ras8-mdmoib60e0jt3f.jpg\",\"width\":1024,\"height\":1024},{\"@type\":\"BreadcrumbList\",\"@id\":\"https:\/\/petluxu.azdigi.shop\/?product=sup-thuong-mr-vet#breadcrumb\",\"itemListElement\":[{\"@type\":\"ListItem\",\"position\":1,\"name\":\"Home\",\"item\":\"https:\/\/petluxu.azdigi.shop\/\"},{\"@type\":\"ListItem\",\"position\":2,\"name\":\"Shop\",\"item\":\"https:\/\/petluxu.azdigi.shop\/?page_id=348\"},{\"@type\":\"ListItem\",\"position\":3,\"name\":\"S\u00fap th\u01b0\u1edfng MR.VET\"}]},{\"@type\":\"WebSite\",\"@id\":\"https:\/\/petluxu.azdigi.shop\/#website\",\"url\":\"https:\/\/petluxu.azdigi.shop\/\",\"name\":\"shop th\u00fa c\u01b0ng\",\"description\":\"\",\"potentialAction\":[{\"@type\":\"SearchAction\",\"target\":{\"@type\":\"EntryPoint\",\"urlTemplate\":\"https:\/\/petluxu.azdigi.shop\/?s={search_term_string}\"},\"query-input\":{\"@type\":\"PropertyValueSpecification\",\"valueRequired\":true,\"valueName\":\"search_term_string\"}}],\"inLanguage\":\"en-US\"}]}<\/script>\n<!-- \/ Yoast SEO plugin. -->","yoast_head_json":{"title":"S\u00fap th\u01b0\u1edfng MR.VET - shop th\u00fa c\u01b0ng","description":"S\u00fap Th\u01b0\u1edfng Mr.Vet \u2013 Th\u1ee9c \u0103n b\u1ed5 sung dinh d\u01b0\u1ee1ng cho ch\u00f3 & m\u00e8o\u2013 Snack B\u1ed5 D\u01b0\u1ee1ng Cho Ch\u00f3 M\u00e8o\u2013 B\u1ed5 sung dinh d\u01b0\u1ee1ng v\u00e0 n\u0103ng l\u01b0\u1ee3ng","robots":{"index":"index","follow":"follow","max-snippet":"max-snippet:-1","max-image-preview":"max-image-preview:large","max-video-preview":"max-video-preview:-1"},"canonical":"https:\/\/petluxu.azdigi.shop\/?product=sup-thuong-mr-vet","og_locale":"en_US","og_type":"article","og_title":"S\u00fap th\u01b0\u1edfng MR.VET - shop th\u00fa c\u01b0ng","og_description":"S\u00fap Th\u01b0\u1edfng Mr.Vet \u2013 Th\u1ee9c \u0103n b\u1ed5 sung dinh d\u01b0\u1ee1ng cho ch\u00f3 & m\u00e8o\u2013 Snack B\u1ed5 D\u01b0\u1ee1ng Cho Ch\u00f3 M\u00e8o\u2013 B\u1ed5 sung dinh d\u01b0\u1ee1ng v\u00e0 n\u0103ng l\u01b0\u1ee3ng","og_url":"https:\/\/petluxu.azdigi.shop\/?product=sup-thuong-mr-vet","og_site_name":"shop th\u00fa c\u01b0ng","article_modified_time":"2026-04-11T22:35:02+00:00","og_image":[{"width":1024,"height":1024,"url":"https:\/\/petluxu.azdigi.shop\/wp-content\/uploads\/2026\/04\/cn-11134207-7ras8-mdmoib60e0jt3f.jpg","type":"image\/jpeg"}],"twitter_card":"summary_large_image","twitter_misc":{"Est. reading time":"2 minutes"},"schema":{"@context":"https:\/\/schema.org","@graph":[{"@type":"WebPage","@id":"https:\/\/petluxu.azdigi.shop\/?product=sup-thuong-mr-vet","url":"https:\/\/petluxu.azdigi.shop\/?product=sup-thuong-mr-vet","name":"S\u00fap th\u01b0\u1edfng MR.VET - shop th\u00fa c\u01b0ng","isPartOf":{"@id":"https:\/\/petluxu.azdigi.shop\/#website"},"primaryImageOfPage":{"@id":"https:\/\/petluxu.azdigi.shop\/?product=sup-thuong-mr-vet#primaryimage"},"image":{"@id":"https:\/\/petluxu.azdigi.shop\/?product=sup-thuong-mr-vet#primaryimage"},"thumbnailUrl":"https:\/\/petluxu.azdigi.shop\/wp-content\/uploads\/2026\/04\/cn-11134207-7ras8-mdmoib60e0jt3f.jpg","datePublished":"2026-04-05T14:18:19+00:00","dateModified":"2026-04-11T22:35:02+00:00","description":"S\u00fap Th\u01b0\u1edfng Mr.Vet \u2013 Th\u1ee9c \u0103n b\u1ed5 sung dinh d\u01b0\u1ee1ng cho ch\u00f3 & m\u00e8o\u2013 Snack B\u1ed5 D\u01b0\u1ee1ng Cho Ch\u00f3 M\u00e8o\u2013 B\u1ed5 sung dinh d\u01b0\u1ee1ng v\u00e0 n\u0103ng l\u01b0\u1ee3ng","breadcrumb":{"@id":"https:\/\/petluxu.azdigi.shop\/?product=sup-thuong-mr-vet#breadcrumb"},"inLanguage":"en-US","potentialAction":[{"@type":"ReadAction","target":["https:\/\/petluxu.azdigi.shop\/?product=sup-thuong-mr-vet"]}]},{"@type":"ImageObject","inLanguage":"en-US","@id":"https:\/\/petluxu.azdigi.shop\/?product=sup-thuong-mr-vet#primaryimage","url":"https:\/\/petluxu.azdigi.shop\/wp-content\/uploads\/2026\/04\/cn-11134207-7ras8-mdmoib60e0jt3f.jpg","contentUrl":"https:\/\/petluxu.azdigi.shop\/wp-content\/uploads\/2026\/04\/cn-11134207-7ras8-mdmoib60e0jt3f.jpg","width":1024,"height":1024},{"@type":"BreadcrumbList","@id":"https:\/\/petluxu.azdigi.shop\/?product=sup-thuong-mr-vet#breadcrumb","itemListElement":[{"@type":"ListItem","position":1,"name":"Home","item":"https:\/\/petluxu.azdigi.shop\/"},{"@type":"ListItem","position":2,"name":"Shop","item":"https:\/\/petluxu.azdigi.shop\/?page_id=348"},{"@type":"ListItem","position":3,"name":"S\u00fap th\u01b0\u1edfng MR.VET"}]},{"@type":"WebSite","@id":"https:\/\/petluxu.azdigi.shop\/#website","url":"https:\/\/petluxu.azdigi.shop\/","name":"shop th\u00fa c\u01b0ng","description":"","potentialAction":[{"@type":"SearchAction","target":{"@type":"EntryPoint","urlTemplate":"https:\/\/petluxu.azdigi.shop\/?s={search_term_string}"},"query-input":{"@type":"PropertyValueSpecification","valueRequired":true,"valueName":"search_term_string"}}],"inLanguage":"en-US"}]}},"_links":{"self":[{"href":"https:\/\/petluxu.azdigi.shop\/index.php?rest_route=\/wp\/v2\/product\/540","targetHints":{"allow":["GET"]}}],"collection":[{"href":"https:\/\/petluxu.azdigi.shop\/index.php?rest_route=\/wp\/v2\/product"}],"about":[{"href":"https:\/\/petluxu.azdigi.shop\/index.php?rest_route=\/wp\/v2\/types\/product"}],"replies":[{"embeddable":true,"href":"https:\/\/petluxu.azdigi.shop\/index.php?rest_route=%2Fwp%2Fv2%2Fcomments&post=540"}],"wp:featuredmedia":[{"embeddable":true,"href":"https:\/\/petluxu.azdigi.shop\/index.php?rest_route=\/wp\/v2\/media\/446"}],"wp:attachment":[{"href":"https:\/\/petluxu.azdigi.shop\/index.php?rest_route=%2Fwp%2Fv2%2Fmedia&parent=540"}],"wp:term":[{"taxonomy":"product_brand","embeddable":true,"href":"https:\/\/petluxu.azdigi.shop\/index.php?rest_route=%2Fwp%2Fv2%2Fproduct_brand&post=540"},{"taxonomy":"product_cat","embeddable":true,"href":"https:\/\/petluxu.azdigi.shop\/index.php?rest_route=%2Fwp%2Fv2%2Fproduct_cat&post=540"},{"taxonomy":"product_tag","embeddable":true,"href":"https:\/\/petluxu.azdigi.shop\/index.php?rest_route=%2Fwp%2Fv2%2Fproduct_tag&post=540"}],"curies":[{"name":"wp","href":"https:\/\/api.w.org\/{rel}","templated":true}]}}