{"id":544,"date":"2026-04-05T14:28:26","date_gmt":"2026-04-05T14:28:26","guid":{"rendered":"https:\/\/petluxu.azdigi.shop\/?post_type=product&#038;p=544"},"modified":"2026-04-11T22:30:43","modified_gmt":"2026-04-11T22:30:43","slug":"pate-mr-vet","status":"publish","type":"product","link":"https:\/\/petluxu.azdigi.shop\/?product=pate-mr-vet","title":{"rendered":"Pate Mr.Vet"},"content":{"rendered":"<p><img loading=\"lazy\" decoding=\"async\" class=\"alignnone  wp-image-447\" src=\"https:\/\/petluxu.azdigi.shop\/wp-content\/uploads\/2026\/04\/pate-300x300.png\" alt=\"\" width=\"202\" height=\"202\" srcset=\"https:\/\/petluxu.azdigi.shop\/wp-content\/uploads\/2026\/04\/pate-300x300.png 300w, https:\/\/petluxu.azdigi.shop\/wp-content\/uploads\/2026\/04\/pate-150x150.png 150w, https:\/\/petluxu.azdigi.shop\/wp-content\/uploads\/2026\/04\/pate-768x768.png 768w, https:\/\/petluxu.azdigi.shop\/wp-content\/uploads\/2026\/04\/pate-600x600.png 600w, https:\/\/petluxu.azdigi.shop\/wp-content\/uploads\/2026\/04\/pate-100x100.png 100w, https:\/\/petluxu.azdigi.shop\/wp-content\/uploads\/2026\/04\/pate.png 1000w\" sizes=\"auto, (max-width: 202px) 100vw, 202px\" \/><\/p>\n<h3 data-section-id=\"s06dcw\" data-start=\"192\" data-end=\"246\"><span role=\"text\"><strong data-start=\"196\" data-end=\"244\">Pate Mr.Vet \u2013 Th\u1ee9c \u0103n b\u1ed5 sung cho ch\u00f3 v\u00e0 m\u00e8o<\/strong><\/span><\/h3>\n<p data-start=\"248\" data-end=\"530\">Pate Mr.Vet l\u00e0 <strong data-start=\"263\" data-end=\"310\">th\u1ee9c \u0103n b\u1ed5 sung cao c\u1ea5p d\u00e0nh cho ch\u00f3 v\u00e0 m\u00e8o<\/strong>.<br data-start=\"311\" data-end=\"314\" \/>S\u1ea3n ph\u1ea9m gi\u00e0u <strong data-start=\"328\" data-end=\"363\">protein, vitamin v\u00e0 kho\u00e1ng ch\u1ea5t<\/strong> gi\u00fap th\u00fa c\u01b0ng kh\u1ecfe m\u1ea1nh.<br data-start=\"388\" data-end=\"391\" \/>Nguy\u00ean li\u1ec7u t\u01b0\u01a1i ngon, an to\u00e0n, <strong data-start=\"423\" data-end=\"459\">kh\u00f4ng ch\u1ee9a ch\u1ea5t b\u1ea3o qu\u1ea3n \u0111\u1ed9c h\u1ea1i<\/strong>.<br data-start=\"460\" data-end=\"463\" \/>H\u01b0\u01a1ng v\u1ecb th\u01a1m ngon khi\u1ebfn ch\u00f3 v\u00e0 m\u00e8o \u0103n u\u1ed1ng \u0111\u1ec1u \u0111\u1eb7n v\u00e0 th\u00edch th\u00fa.<\/p>\n<p data-start=\"532\" data-end=\"800\">\u00a0h\u1ed7 tr\u1ee3 <strong data-start=\"551\" data-end=\"576\">h\u1ec7 ti\u00eau h\u00f3a kh\u1ecfe m\u1ea1nh<\/strong> v\u00e0 t\u0103ng c\u01b0\u1eddng n\u0103ng l\u01b0\u1ee3ng.<br data-start=\"602\" data-end=\"605\" \/>Ch\u1ee7 nu\u00f4i c\u00f3 th\u1ec3 d\u00f9ng l\u00e0m <strong data-start=\"630\" data-end=\"655\">b\u1eefa th\u01b0\u1edfng ho\u1eb7c snack<\/strong> cho th\u00fa c\u01b0ng.<br data-start=\"669\" data-end=\"672\" \/>S\u1ea3n ph\u1ea9m gi\u00fap <strong data-start=\"686\" data-end=\"723\">khuy\u1ebfn kh\u00edch \u0103n u\u1ed1ng v\u00e0 ho\u1ea1t \u0111\u1ed9ng<\/strong> h\u1eb1ng ng\u00e0y.<br data-start=\"734\" data-end=\"737\" \/>\u0110\u00e2y c\u0169ng l\u00e0 c\u00e1ch \u0111\u1ec3 t\u0103ng <strong data-start=\"762\" data-end=\"797\">s\u1ef1 g\u1eafn k\u1ebft gi\u1eefa ch\u1ee7 v\u00e0 th\u00fa c\u01b0ng<\/strong>.<\/p>\n<p data-start=\"802\" data-end=\"1083\">S\u1ea3n ph\u1ea9m ph\u00f9 h\u1ee3p cho <strong data-start=\"823\" data-end=\"839\">m\u1ecdi l\u1ee9a tu\u1ed5i<\/strong>, t\u1eeb ch\u00f3 con \u0111\u1ebfn m\u00e8o tr\u01b0\u1edfng th\u00e0nh.<br data-start=\"873\" data-end=\"876\" \/>V\u1edbi h\u01b0\u01a1ng v\u1ecb \u0111a d\u1ea1ng, th\u00fa c\u01b0ng s\u1ebd <strong data-start=\"910\" data-end=\"946\">vui v\u1ebb v\u00e0 n\u0103ng \u0111\u1ed9ng h\u01a1n m\u1ed7i ng\u00e0y<\/strong>.<\/p>\n<p data-start=\"802\" data-end=\"1083\">\u00a0l\u00e0 l\u1ef1a ch\u1ecdn l\u00fd t\u01b0\u1edfng \u0111\u1ec3 <strong data-start=\"986\" data-end=\"1018\">b\u1ed5 sung dinh d\u01b0\u1ee1ng to\u00e0n di\u1ec7n<\/strong>.<br data-start=\"1019\" data-end=\"1022\" \/>Ch\u1ee7 nu\u00f4i y\u00ean t\u00e2m khi bi\u1ebft th\u00fa c\u01b0ng \u0103n \u0111\u1ee7 ch\u1ea5t v\u00e0 kh\u1ecfe m\u1ea1nh.<\/p>\n<p data-start=\"1085\" data-end=\"1380\">S\u1eed d\u1ee5ng pate d\u1ec5 d\u00e0ng, <strong data-start=\"1107\" data-end=\"1151\">ph\u00f9 h\u1ee3p cho b\u1eefa \u0103n h\u1eb1ng ng\u00e0y ho\u1eb7c th\u01b0\u1edfng<\/strong>.<br data-start=\"1152\" data-end=\"1155\" \/>S\u1ea3n ph\u1ea9m gi\u00fap th\u00fa c\u01b0ng <strong data-start=\"1178\" data-end=\"1222\">ph\u00e1t tri\u1ec3n to\u00e0n di\u1ec7n v\u00e0 duy tr\u00ec s\u1ee9c kh\u1ecfe<\/strong>.<\/p>\n<p data-start=\"1085\" data-end=\"1380\">\u00a0c\u00f2n l\u00e0 c\u00e1ch tuy\u1ec7t v\u1eddi \u0111\u1ec3 <strong data-start=\"1263\" data-end=\"1305\">th\u01b0\u1edfng cho th\u00fa c\u01b0ng m\u1ed9t c\u00e1ch l\u00e0nh m\u1ea1nh<\/strong>.<br data-start=\"1306\" data-end=\"1309\" \/>Ch\u00fang gi\u00fap th\u00fa c\u01b0ng <strong data-start=\"1329\" data-end=\"1377\">\u0103n ngon mi\u1ec7ng, t\u0103ng c\u01b0\u1eddng s\u1ee9c kh\u1ecfe v\u00e0 vui v\u1ebb<\/strong>.<\/p>\n<p data-start=\"1382\" data-end=\"1628\">\ud83d\udca1 <strong data-start=\"1385\" data-end=\"1417\">Mua Pate Mr.Vet ngay h\u00f4m nay<\/strong> \u0111\u1ec3 mang \u0111\u1ebfn cho ch\u00f3 v\u00e0 m\u00e8o <strong data-start=\"1445\" data-end=\"1475\">b\u1eefa \u0103n th\u01a1m ngon, b\u1ed5 d\u01b0\u1ee1ng<\/strong>.<br data-start=\"1476\" data-end=\"1479\" \/>S\u1ea3n ph\u1ea9m gi\u00fap th\u00fa c\u01b0ng <strong data-start=\"1502\" data-end=\"1544\">lu\u00f4n kh\u1ecfe m\u1ea1nh, n\u0103ng \u0111\u1ed9ng v\u00e0 h\u1ea1nh ph\u00fac<\/strong>.<br data-start=\"1545\" data-end=\"1548\" \/>Pate Mr.Vet l\u00e0 gi\u1ea3i ph\u00e1p ti\u1ec7n l\u1ee3i \u0111\u1ec3 <strong data-start=\"1585\" data-end=\"1625\">ch\u0103m s\u00f3c th\u00fa c\u01b0ng to\u00e0n di\u1ec7n m\u1ed7i ng\u00e0y<\/strong>.<\/p>\n","protected":false},"excerpt":{"rendered":"<p>Pate Mr.Vet l\u00e0 <strong data-start=\"658\" data-end=\"685\">th\u1ee9c \u0103n b\u1ed5 sung cao c\u1ea5p<\/strong> cho ch\u00f3 v\u00e0 m\u00e8o. S\u1ea3n ph\u1ea9m gi\u00e0u protein, vitamin v\u00e0 kho\u00e1ng ch\u1ea5t, gi\u00fap <strong data-start=\"754\" data-end=\"779\">h\u1ec7 ti\u00eau h\u00f3a kh\u1ecfe m\u1ea1nh<\/strong> v\u00e0 <strong data-start=\"783\" data-end=\"805\">n\u0103ng l\u01b0\u1ee3ng d\u1ed3i d\u00e0o<\/strong>. Pate Mr.Vet c\u00f2n l\u00e0 <strong data-start=\"826\" data-end=\"849\">b\u1eefa th\u01b0\u1edfng l\u00fd t\u01b0\u1edfng<\/strong>, gi\u00fap th\u00fa c\u01b0ng \u0103n ngon, vui v\u1ebb v\u00e0 g\u1eafn k\u1ebft v\u1edbi ch\u1ee7.<\/p>\n","protected":false},"featured_media":447,"comment_status":"open","ping_status":"closed","template":"","meta":[],"product_brand":[],"product_cat":[30],"product_tag":[],"class_list":{"0":"post-544","1":"product","2":"type-product","3":"status-publish","4":"has-post-thumbnail","6":"product_cat-thuc-an","8":"first","9":"instock","10":"sale","11":"taxable","12":"shipping-taxable","13":"purchasable","14":"product-type-variable"},"yoast_head":"<!-- This site is optimized with the Yoast SEO plugin v27.2 - https:\/\/yoast.com\/product\/yoast-seo-wordpress\/ -->\n<title>Pate Mr.Vet - shop th\u00fa c\u01b0ng<\/title>\n<meta name=\"description\" content=\"Pate Mr.Vet \u2013 Snack cho th\u00fa c\u01b0ng kh\u1ecfe m\u1ea1nh-H\u1ed7 tr\u1ee3 h\u1ec7 ti\u00eau h\u00f3a kh\u1ecfe m\u1ea1nh-Th\u01b0\u1edfng cho th\u00fa c\u01b0ng-Pate th\u01a1m ngon v\u00e0 an to\u00e0n-Dinh d\u01b0\u1ee1ng cho ch\u00f3 m\u00e8o\" \/>\n<meta name=\"robots\" content=\"index, follow, max-snippet:-1, max-image-preview:large, max-video-preview:-1\" \/>\n<link rel=\"canonical\" href=\"https:\/\/petluxu.azdigi.shop\/?product=pate-mr-vet\" \/>\n<meta property=\"og:locale\" content=\"en_US\" \/>\n<meta property=\"og:type\" content=\"article\" \/>\n<meta property=\"og:title\" content=\"Pate Mr.Vet - shop th\u00fa c\u01b0ng\" \/>\n<meta property=\"og:description\" content=\"Pate Mr.Vet \u2013 Snack cho th\u00fa c\u01b0ng kh\u1ecfe m\u1ea1nh-H\u1ed7 tr\u1ee3 h\u1ec7 ti\u00eau h\u00f3a kh\u1ecfe m\u1ea1nh-Th\u01b0\u1edfng cho th\u00fa c\u01b0ng-Pate th\u01a1m ngon v\u00e0 an to\u00e0n-Dinh d\u01b0\u1ee1ng cho ch\u00f3 m\u00e8o\" \/>\n<meta property=\"og:url\" content=\"https:\/\/petluxu.azdigi.shop\/?product=pate-mr-vet\" \/>\n<meta property=\"og:site_name\" content=\"shop th\u00fa c\u01b0ng\" \/>\n<meta property=\"article:modified_time\" content=\"2026-04-11T22:30:43+00:00\" \/>\n<meta property=\"og:image\" content=\"https:\/\/petluxu.azdigi.shop\/wp-content\/uploads\/2026\/04\/pate.png\" \/>\n\t<meta property=\"og:image:width\" content=\"1000\" \/>\n\t<meta property=\"og:image:height\" content=\"1000\" \/>\n\t<meta property=\"og:image:type\" content=\"image\/png\" \/>\n<meta name=\"twitter:card\" content=\"summary_large_image\" \/>\n<meta name=\"twitter:label1\" content=\"Est. reading time\" \/>\n\t<meta name=\"twitter:data1\" content=\"2 minutes\" \/>\n<script type=\"application\/ld+json\" class=\"yoast-schema-graph\">{\"@context\":\"https:\/\/schema.org\",\"@graph\":[{\"@type\":\"WebPage\",\"@id\":\"https:\/\/petluxu.azdigi.shop\/?product=pate-mr-vet\",\"url\":\"https:\/\/petluxu.azdigi.shop\/?product=pate-mr-vet\",\"name\":\"Pate Mr.Vet - shop th\u00fa c\u01b0ng\",\"isPartOf\":{\"@id\":\"https:\/\/petluxu.azdigi.shop\/#website\"},\"primaryImageOfPage\":{\"@id\":\"https:\/\/petluxu.azdigi.shop\/?product=pate-mr-vet#primaryimage\"},\"image\":{\"@id\":\"https:\/\/petluxu.azdigi.shop\/?product=pate-mr-vet#primaryimage\"},\"thumbnailUrl\":\"https:\/\/petluxu.azdigi.shop\/wp-content\/uploads\/2026\/04\/pate.png\",\"datePublished\":\"2026-04-05T14:28:26+00:00\",\"dateModified\":\"2026-04-11T22:30:43+00:00\",\"description\":\"Pate Mr.Vet \u2013 Snack cho th\u00fa c\u01b0ng kh\u1ecfe m\u1ea1nh-H\u1ed7 tr\u1ee3 h\u1ec7 ti\u00eau h\u00f3a kh\u1ecfe m\u1ea1nh-Th\u01b0\u1edfng cho th\u00fa c\u01b0ng-Pate th\u01a1m ngon v\u00e0 an to\u00e0n-Dinh d\u01b0\u1ee1ng cho ch\u00f3 m\u00e8o\",\"breadcrumb\":{\"@id\":\"https:\/\/petluxu.azdigi.shop\/?product=pate-mr-vet#breadcrumb\"},\"inLanguage\":\"en-US\",\"potentialAction\":[{\"@type\":\"ReadAction\",\"target\":[\"https:\/\/petluxu.azdigi.shop\/?product=pate-mr-vet\"]}]},{\"@type\":\"ImageObject\",\"inLanguage\":\"en-US\",\"@id\":\"https:\/\/petluxu.azdigi.shop\/?product=pate-mr-vet#primaryimage\",\"url\":\"https:\/\/petluxu.azdigi.shop\/wp-content\/uploads\/2026\/04\/pate.png\",\"contentUrl\":\"https:\/\/petluxu.azdigi.shop\/wp-content\/uploads\/2026\/04\/pate.png\",\"width\":1000,\"height\":1000},{\"@type\":\"BreadcrumbList\",\"@id\":\"https:\/\/petluxu.azdigi.shop\/?product=pate-mr-vet#breadcrumb\",\"itemListElement\":[{\"@type\":\"ListItem\",\"position\":1,\"name\":\"Home\",\"item\":\"https:\/\/petluxu.azdigi.shop\/\"},{\"@type\":\"ListItem\",\"position\":2,\"name\":\"Shop\",\"item\":\"https:\/\/petluxu.azdigi.shop\/?page_id=348\"},{\"@type\":\"ListItem\",\"position\":3,\"name\":\"Pate Mr.Vet\"}]},{\"@type\":\"WebSite\",\"@id\":\"https:\/\/petluxu.azdigi.shop\/#website\",\"url\":\"https:\/\/petluxu.azdigi.shop\/\",\"name\":\"shop th\u00fa c\u01b0ng\",\"description\":\"\",\"potentialAction\":[{\"@type\":\"SearchAction\",\"target\":{\"@type\":\"EntryPoint\",\"urlTemplate\":\"https:\/\/petluxu.azdigi.shop\/?s={search_term_string}\"},\"query-input\":{\"@type\":\"PropertyValueSpecification\",\"valueRequired\":true,\"valueName\":\"search_term_string\"}}],\"inLanguage\":\"en-US\"}]}<\/script>\n<!-- \/ Yoast SEO plugin. -->","yoast_head_json":{"title":"Pate Mr.Vet - shop th\u00fa c\u01b0ng","description":"Pate Mr.Vet \u2013 Snack cho th\u00fa c\u01b0ng kh\u1ecfe m\u1ea1nh-H\u1ed7 tr\u1ee3 h\u1ec7 ti\u00eau h\u00f3a kh\u1ecfe m\u1ea1nh-Th\u01b0\u1edfng cho th\u00fa c\u01b0ng-Pate th\u01a1m ngon v\u00e0 an to\u00e0n-Dinh d\u01b0\u1ee1ng cho ch\u00f3 m\u00e8o","robots":{"index":"index","follow":"follow","max-snippet":"max-snippet:-1","max-image-preview":"max-image-preview:large","max-video-preview":"max-video-preview:-1"},"canonical":"https:\/\/petluxu.azdigi.shop\/?product=pate-mr-vet","og_locale":"en_US","og_type":"article","og_title":"Pate Mr.Vet - shop th\u00fa c\u01b0ng","og_description":"Pate Mr.Vet \u2013 Snack cho th\u00fa c\u01b0ng kh\u1ecfe m\u1ea1nh-H\u1ed7 tr\u1ee3 h\u1ec7 ti\u00eau h\u00f3a kh\u1ecfe m\u1ea1nh-Th\u01b0\u1edfng cho th\u00fa c\u01b0ng-Pate th\u01a1m ngon v\u00e0 an to\u00e0n-Dinh d\u01b0\u1ee1ng cho ch\u00f3 m\u00e8o","og_url":"https:\/\/petluxu.azdigi.shop\/?product=pate-mr-vet","og_site_name":"shop th\u00fa c\u01b0ng","article_modified_time":"2026-04-11T22:30:43+00:00","og_image":[{"width":1000,"height":1000,"url":"https:\/\/petluxu.azdigi.shop\/wp-content\/uploads\/2026\/04\/pate.png","type":"image\/png"}],"twitter_card":"summary_large_image","twitter_misc":{"Est. reading time":"2 minutes"},"schema":{"@context":"https:\/\/schema.org","@graph":[{"@type":"WebPage","@id":"https:\/\/petluxu.azdigi.shop\/?product=pate-mr-vet","url":"https:\/\/petluxu.azdigi.shop\/?product=pate-mr-vet","name":"Pate Mr.Vet - shop th\u00fa c\u01b0ng","isPartOf":{"@id":"https:\/\/petluxu.azdigi.shop\/#website"},"primaryImageOfPage":{"@id":"https:\/\/petluxu.azdigi.shop\/?product=pate-mr-vet#primaryimage"},"image":{"@id":"https:\/\/petluxu.azdigi.shop\/?product=pate-mr-vet#primaryimage"},"thumbnailUrl":"https:\/\/petluxu.azdigi.shop\/wp-content\/uploads\/2026\/04\/pate.png","datePublished":"2026-04-05T14:28:26+00:00","dateModified":"2026-04-11T22:30:43+00:00","description":"Pate Mr.Vet \u2013 Snack cho th\u00fa c\u01b0ng kh\u1ecfe m\u1ea1nh-H\u1ed7 tr\u1ee3 h\u1ec7 ti\u00eau h\u00f3a kh\u1ecfe m\u1ea1nh-Th\u01b0\u1edfng cho th\u00fa c\u01b0ng-Pate th\u01a1m ngon v\u00e0 an to\u00e0n-Dinh d\u01b0\u1ee1ng cho ch\u00f3 m\u00e8o","breadcrumb":{"@id":"https:\/\/petluxu.azdigi.shop\/?product=pate-mr-vet#breadcrumb"},"inLanguage":"en-US","potentialAction":[{"@type":"ReadAction","target":["https:\/\/petluxu.azdigi.shop\/?product=pate-mr-vet"]}]},{"@type":"ImageObject","inLanguage":"en-US","@id":"https:\/\/petluxu.azdigi.shop\/?product=pate-mr-vet#primaryimage","url":"https:\/\/petluxu.azdigi.shop\/wp-content\/uploads\/2026\/04\/pate.png","contentUrl":"https:\/\/petluxu.azdigi.shop\/wp-content\/uploads\/2026\/04\/pate.png","width":1000,"height":1000},{"@type":"BreadcrumbList","@id":"https:\/\/petluxu.azdigi.shop\/?product=pate-mr-vet#breadcrumb","itemListElement":[{"@type":"ListItem","position":1,"name":"Home","item":"https:\/\/petluxu.azdigi.shop\/"},{"@type":"ListItem","position":2,"name":"Shop","item":"https:\/\/petluxu.azdigi.shop\/?page_id=348"},{"@type":"ListItem","position":3,"name":"Pate Mr.Vet"}]},{"@type":"WebSite","@id":"https:\/\/petluxu.azdigi.shop\/#website","url":"https:\/\/petluxu.azdigi.shop\/","name":"shop th\u00fa c\u01b0ng","description":"","potentialAction":[{"@type":"SearchAction","target":{"@type":"EntryPoint","urlTemplate":"https:\/\/petluxu.azdigi.shop\/?s={search_term_string}"},"query-input":{"@type":"PropertyValueSpecification","valueRequired":true,"valueName":"search_term_string"}}],"inLanguage":"en-US"}]}},"_links":{"self":[{"href":"https:\/\/petluxu.azdigi.shop\/index.php?rest_route=\/wp\/v2\/product\/544","targetHints":{"allow":["GET"]}}],"collection":[{"href":"https:\/\/petluxu.azdigi.shop\/index.php?rest_route=\/wp\/v2\/product"}],"about":[{"href":"https:\/\/petluxu.azdigi.shop\/index.php?rest_route=\/wp\/v2\/types\/product"}],"replies":[{"embeddable":true,"href":"https:\/\/petluxu.azdigi.shop\/index.php?rest_route=%2Fwp%2Fv2%2Fcomments&post=544"}],"wp:featuredmedia":[{"embeddable":true,"href":"https:\/\/petluxu.azdigi.shop\/index.php?rest_route=\/wp\/v2\/media\/447"}],"wp:attachment":[{"href":"https:\/\/petluxu.azdigi.shop\/index.php?rest_route=%2Fwp%2Fv2%2Fmedia&parent=544"}],"wp:term":[{"taxonomy":"product_brand","embeddable":true,"href":"https:\/\/petluxu.azdigi.shop\/index.php?rest_route=%2Fwp%2Fv2%2Fproduct_brand&post=544"},{"taxonomy":"product_cat","embeddable":true,"href":"https:\/\/petluxu.azdigi.shop\/index.php?rest_route=%2Fwp%2Fv2%2Fproduct_cat&post=544"},{"taxonomy":"product_tag","embeddable":true,"href":"https:\/\/petluxu.azdigi.shop\/index.php?rest_route=%2Fwp%2Fv2%2Fproduct_tag&post=544"}],"curies":[{"name":"wp","href":"https:\/\/api.w.org\/{rel}","templated":true}]}}