{"id":547,"date":"2026-04-05T14:36:34","date_gmt":"2026-04-05T14:36:34","guid":{"rendered":"https:\/\/petluxu.azdigi.shop\/?post_type=product&#038;p=547"},"modified":"2026-04-11T22:33:21","modified_gmt":"2026-04-11T22:33:21","slug":"thuoc-tri-nam","status":"publish","type":"product","link":"https:\/\/petluxu.azdigi.shop\/?product=thuoc-tri-nam","title":{"rendered":"Thu\u1ed1c tr\u1ecb N\u1ea5m"},"content":{"rendered":"<p><img loading=\"lazy\" decoding=\"async\" class=\"alignnone  wp-image-448\" src=\"https:\/\/petluxu.azdigi.shop\/wp-content\/uploads\/2026\/04\/f8c28cc8-9cc0-4aae-9f5d-e2aee70baafc-300x300.png\" alt=\"\" width=\"218\" height=\"218\" srcset=\"https:\/\/petluxu.azdigi.shop\/wp-content\/uploads\/2026\/04\/f8c28cc8-9cc0-4aae-9f5d-e2aee70baafc-300x300.png 300w, https:\/\/petluxu.azdigi.shop\/wp-content\/uploads\/2026\/04\/f8c28cc8-9cc0-4aae-9f5d-e2aee70baafc-150x150.png 150w, https:\/\/petluxu.azdigi.shop\/wp-content\/uploads\/2026\/04\/f8c28cc8-9cc0-4aae-9f5d-e2aee70baafc-600x600.png 600w, https:\/\/petluxu.azdigi.shop\/wp-content\/uploads\/2026\/04\/f8c28cc8-9cc0-4aae-9f5d-e2aee70baafc-100x100.png 100w, https:\/\/petluxu.azdigi.shop\/wp-content\/uploads\/2026\/04\/f8c28cc8-9cc0-4aae-9f5d-e2aee70baafc.png 720w\" sizes=\"auto, (max-width: 218px) 100vw, 218px\" \/><\/p>\n<h2 data-section-id=\"1g7yb2h\" data-start=\"373\" data-end=\"425\"><span role=\"text\"><strong data-start=\"376\" data-end=\"425\">Thu\u1ed1c tr\u1ecb n\u1ea5m \u2013 Gi\u1ea3i ph\u00e1p ch\u0103m s\u00f3c da v\u00e0 m\u00f3ng<\/strong><\/span><\/h2>\n<p data-start=\"427\" data-end=\"726\">Thu\u1ed1c tr\u1ecb n\u1ea5m l\u00e0 s\u1ea3n ph\u1ea9m gi\u00fap <strong data-start=\"458\" data-end=\"498\">lo\u1ea1i b\u1ecf n\u1ea5m hi\u1ec7u qu\u1ea3 tr\u00ean da v\u00e0 m\u00f3ng<\/strong>.<br data-start=\"499\" data-end=\"502\" \/>S\u1ea3n ph\u1ea9m th\u00edch h\u1ee3p cho <strong data-start=\"525\" data-end=\"569\">da, m\u00f3ng tay, m\u00f3ng ch\u00e2n v\u00e0 v\u00f9ng nh\u1ea1y c\u1ea3m<\/strong>.<br data-start=\"570\" data-end=\"573\" \/>N\u00f3 ho\u1ea1t \u0111\u1ed9ng b\u1eb1ng c\u00e1ch <strong data-start=\"596\" data-end=\"646\">\u1ee9c ch\u1ebf s\u1ef1 ph\u00e1t tri\u1ec3n c\u1ee7a n\u1ea5m v\u00e0 ng\u0103n t\u00e1i nhi\u1ec5m<\/strong>.<br data-start=\"647\" data-end=\"650\" \/>Tuy nhi\u00ean, hi\u1ec7u qu\u1ea3 cao h\u01a1n khi d\u00f9ng \u0111\u00fang c\u00e1ch v\u00e0 ki\u00ean tr\u00ec theo h\u01b0\u1edbng d\u1eabn.<\/p>\n<h3 data-section-id=\"8ytdxo\" data-start=\"728\" data-end=\"767\"><span role=\"text\"><strong data-start=\"732\" data-end=\"767\">C\u00e1c d\u1ea1ng thu\u1ed1c tr\u1ecb n\u1ea5m ph\u1ed5 bi\u1ebfn<\/strong><\/span><\/h3>\n<p data-start=\"769\" data-end=\"1039\">Thu\u1ed1c tr\u1ecb n\u1ea5m c\u00f3 nhi\u1ec1u d\u1ea1ng nh\u01b0 <strong data-start=\"801\" data-end=\"844\">kem b\u00f4i, gel, thu\u1ed1c x\u1ecbt ho\u1eb7c thu\u1ed1c u\u1ed1ng<\/strong>.<br data-start=\"845\" data-end=\"848\" \/>Kem b\u00f4i ngo\u00e0i da gi\u00fap gi\u1ea3m ng\u1ee9a v\u00e0 \u0111\u1ecf nhanh ch\u00f3ng.<br data-start=\"898\" data-end=\"901\" \/>Thu\u1ed1c u\u1ed1ng \u0111\u01b0\u1ee3c d\u00f9ng khi n\u1ea5m lan r\u1ed9ng ho\u1eb7c \u1edf s\u00e2u trong c\u01a1 th\u1ec3.<br data-start=\"963\" data-end=\"966\" \/>Ngo\u00e0i ra, thu\u1ed1c d\u1ea1ng shampoo ho\u1eb7c gel r\u1eeda gi\u00fap tr\u1ecb n\u1ea5m da \u0111\u1ea7u hi\u1ec7u qu\u1ea3.<\/p>\n<h3 data-section-id=\"ys8wxu\" data-start=\"1041\" data-end=\"1085\"><span role=\"text\"><strong data-start=\"1045\" data-end=\"1085\">C\u00e1ch s\u1eed d\u1ee5ng thu\u1ed1c tr\u1ecb n\u1ea5m \u0111\u00fang c\u00e1ch<\/strong><\/span><\/h3>\n<p data-start=\"1087\" data-end=\"1357\">Tr\u01b0\u1edbc khi b\u00f4i, r\u1eeda s\u1ea1ch v\u00e0 lau kh\u00f4 v\u00f9ng da b\u1ecb n\u1ea5m.<br data-start=\"1137\" data-end=\"1140\" \/>D\u00f9ng thu\u1ed1c theo \u0111\u00fang li\u1ec1u l\u01b0\u1ee3ng, <strong data-start=\"1173\" data-end=\"1207\">kh\u00f4ng t\u1ef1 \u00fd t\u0103ng ho\u1eb7c gi\u1ea3m li\u1ec1u<\/strong>.<br data-start=\"1208\" data-end=\"1211\" \/>\u0110\u1ed1i v\u1edbi n\u1ea5m m\u00f3ng, c\u1ea7n ki\u00ean nh\u1eabn v\u00ec \u0111i\u1ec1u tr\u1ecb l\u00e2u h\u01a1n nh\u01b0ng b\u1ec1n v\u1eefng.<br data-start=\"1278\" data-end=\"1281\" \/>Ngo\u00e0i ra, k\u1ebft h\u1ee3p v\u1ec7 sinh c\u00e1 nh\u00e2n t\u1ed1t gi\u00fap thu\u1ed1c ph\u00e1t huy hi\u1ec7u qu\u1ea3 t\u1ed1i \u0111a.<\/p>\n<h3 data-section-id=\"1ey9oho\" data-start=\"1359\" data-end=\"1395\"><span role=\"text\"><strong data-start=\"1363\" data-end=\"1395\">L\u01b0u \u00fd khi d\u00f9ng thu\u1ed1c tr\u1ecb n\u1ea5m<\/strong><\/span><\/h3>\n<p data-start=\"1397\" data-end=\"1653\">Ch\u1ecdn lo\u1ea1i thu\u1ed1c ph\u00f9 h\u1ee3p v\u1edbi v\u1ecb tr\u00ed v\u00e0 m\u1ee9c \u0111\u1ed9 nhi\u1ec5m n\u1ea5m.<br data-start=\"1452\" data-end=\"1455\" \/>N\u1ebfu xu\u1ea5t hi\u1ec7n d\u1ecb \u1ee9ng, ng\u01b0ng s\u1eed d\u1ee5ng v\u00e0 tham kh\u1ea3o \u00fd ki\u1ebfn b\u00e1c s\u0129.<br data-start=\"1518\" data-end=\"1521\" \/>Thu\u1ed1c tr\u1ecb n\u1ea5m an to\u00e0n khi s\u1eed d\u1ee5ng \u0111\u00fang c\u00e1ch v\u00e0 t\u1eeb nh\u00e0 thu\u1ed1c uy t\u00edn.<br data-start=\"1588\" data-end=\"1591\" \/>\u0110\u1ed3ng th\u1eddi, tr\u00e1nh t\u1ef1 d\u00f9ng steroid v\u00ec c\u00f3 th\u1ec3 l\u00e0m n\u1ea5m n\u1eb7ng h\u01a1n.<\/p>\n<p data-start=\"1655\" data-end=\"1894\">\ud83d\udca1 <strong data-start=\"1658\" data-end=\"1694\">S\u1eed d\u1ee5ng thu\u1ed1c tr\u1ecb n\u1ea5m ch\u00ednh h\u00e3ng<\/strong> gi\u00fap <strong data-start=\"1700\" data-end=\"1751\">gi\u1ea3m ng\u1ee9a, lo\u1ea1i b\u1ecf n\u1ea5m v\u00e0 ch\u0103m s\u00f3c da to\u00e0n di\u1ec7n<\/strong>.<br data-start=\"1752\" data-end=\"1755\" \/>S\u1ea3n ph\u1ea9m ph\u00f9 h\u1ee3p \u0111\u1ec3 \u0111i\u1ec1u tr\u1ecb t\u1ea1i nh\u00e0 v\u00e0 ph\u00f2ng ng\u1eeba t\u00e1i ph\u00e1t.<br data-start=\"1815\" data-end=\"1818\" \/>H\u00e3y ch\u1ecdn thu\u1ed1c tr\u1ecb n\u1ea5m ch\u1ea5t l\u01b0\u1ee3ng \u0111\u1ec3 b\u1ea3o v\u1ec7 s\u1ee9c kh\u1ecfe v\u00e0 s\u1ef1 t\u1ef1 tin c\u1ee7a b\u1ea1n.<\/p>\n","protected":false},"excerpt":{"rendered":"<p>Thu\u1ed1c tr\u1ecb n\u1ea5m cho th\u00fa c\u01b0ng gi\u00fap lo\u1ea1i b\u1ecf n\u1ea5m da, gi\u1ea3m ng\u1ee9a, h\u1ed7 tr\u1ee3 ph\u1ee5c h\u1ed3i l\u00f4ng v\u00e0 da kh\u1ecfe m\u1ea1nh. An to\u00e0n cho ch\u00f3, m\u00e8o v\u00e0 d\u1ec5 s\u1eed d\u1ee5ng t\u1ea1i nh\u00e0.<\/p>\n","protected":false},"featured_media":448,"comment_status":"open","ping_status":"closed","template":"","meta":[],"product_brand":[],"product_cat":[30],"product_tag":[],"class_list":{"0":"post-547","1":"product","2":"type-product","3":"status-publish","4":"has-post-thumbnail","6":"product_cat-thuc-an","8":"first","9":"instock","10":"sale","11":"taxable","12":"shipping-taxable","13":"purchasable","14":"product-type-variable"},"yoast_head":"<!-- This site is optimized with the Yoast SEO plugin v27.2 - https:\/\/yoast.com\/product\/yoast-seo-wordpress\/ -->\n<title>Thu\u1ed1c tr\u1ecb N\u1ea5m - shop th\u00fa c\u01b0ng<\/title>\n<meta name=\"description\" content=\"Thu\u1ed1c tr\u1ecb n\u1ea5m da v\u00e0 m\u00f3ng tay \u2013 Gi\u1ea3i ph\u00e1p an to\u00e0n, hi\u1ec7u qu\u1ea3-An to\u00e0n cho ch\u00f3, m\u00e8o v\u00e0 d\u1ec5 s\u1eed d\u1ee5ng t\u1ea1i nh\u00e0-gi\u1ea3m ng\u1ee9a, h\u1ed7 tr\u1ee3 ph\u1ee5c h\u1ed3i l\u00f4ng v\u00e0 da kh\u1ecfe m\u1ea1nh\" \/>\n<meta name=\"robots\" content=\"index, follow, max-snippet:-1, max-image-preview:large, max-video-preview:-1\" \/>\n<link rel=\"canonical\" href=\"https:\/\/petluxu.azdigi.shop\/?product=thuoc-tri-nam\" \/>\n<meta property=\"og:locale\" content=\"en_US\" \/>\n<meta property=\"og:type\" content=\"article\" \/>\n<meta property=\"og:title\" content=\"Thu\u1ed1c tr\u1ecb N\u1ea5m - shop th\u00fa c\u01b0ng\" \/>\n<meta property=\"og:description\" content=\"Thu\u1ed1c tr\u1ecb n\u1ea5m da v\u00e0 m\u00f3ng tay \u2013 Gi\u1ea3i ph\u00e1p an to\u00e0n, hi\u1ec7u qu\u1ea3-An to\u00e0n cho ch\u00f3, m\u00e8o v\u00e0 d\u1ec5 s\u1eed d\u1ee5ng t\u1ea1i nh\u00e0-gi\u1ea3m ng\u1ee9a, h\u1ed7 tr\u1ee3 ph\u1ee5c h\u1ed3i l\u00f4ng v\u00e0 da kh\u1ecfe m\u1ea1nh\" \/>\n<meta property=\"og:url\" content=\"https:\/\/petluxu.azdigi.shop\/?product=thuoc-tri-nam\" \/>\n<meta property=\"og:site_name\" content=\"shop th\u00fa c\u01b0ng\" \/>\n<meta property=\"article:modified_time\" content=\"2026-04-11T22:33:21+00:00\" \/>\n<meta property=\"og:image\" content=\"https:\/\/petluxu.azdigi.shop\/wp-content\/uploads\/2026\/04\/f8c28cc8-9cc0-4aae-9f5d-e2aee70baafc.png\" \/>\n\t<meta property=\"og:image:width\" content=\"720\" \/>\n\t<meta property=\"og:image:height\" content=\"720\" \/>\n\t<meta property=\"og:image:type\" content=\"image\/png\" \/>\n<meta name=\"twitter:card\" content=\"summary_large_image\" \/>\n<meta name=\"twitter:label1\" content=\"Est. reading time\" \/>\n\t<meta name=\"twitter:data1\" content=\"2 minutes\" \/>\n<script type=\"application\/ld+json\" class=\"yoast-schema-graph\">{\"@context\":\"https:\/\/schema.org\",\"@graph\":[{\"@type\":\"WebPage\",\"@id\":\"https:\/\/petluxu.azdigi.shop\/?product=thuoc-tri-nam\",\"url\":\"https:\/\/petluxu.azdigi.shop\/?product=thuoc-tri-nam\",\"name\":\"Thu\u1ed1c tr\u1ecb N\u1ea5m - shop th\u00fa c\u01b0ng\",\"isPartOf\":{\"@id\":\"https:\/\/petluxu.azdigi.shop\/#website\"},\"primaryImageOfPage\":{\"@id\":\"https:\/\/petluxu.azdigi.shop\/?product=thuoc-tri-nam#primaryimage\"},\"image\":{\"@id\":\"https:\/\/petluxu.azdigi.shop\/?product=thuoc-tri-nam#primaryimage\"},\"thumbnailUrl\":\"https:\/\/petluxu.azdigi.shop\/wp-content\/uploads\/2026\/04\/f8c28cc8-9cc0-4aae-9f5d-e2aee70baafc.png\",\"datePublished\":\"2026-04-05T14:36:34+00:00\",\"dateModified\":\"2026-04-11T22:33:21+00:00\",\"description\":\"Thu\u1ed1c tr\u1ecb n\u1ea5m da v\u00e0 m\u00f3ng tay \u2013 Gi\u1ea3i ph\u00e1p an to\u00e0n, hi\u1ec7u qu\u1ea3-An to\u00e0n cho ch\u00f3, m\u00e8o v\u00e0 d\u1ec5 s\u1eed d\u1ee5ng t\u1ea1i nh\u00e0-gi\u1ea3m ng\u1ee9a, h\u1ed7 tr\u1ee3 ph\u1ee5c h\u1ed3i l\u00f4ng v\u00e0 da kh\u1ecfe m\u1ea1nh\",\"breadcrumb\":{\"@id\":\"https:\/\/petluxu.azdigi.shop\/?product=thuoc-tri-nam#breadcrumb\"},\"inLanguage\":\"en-US\",\"potentialAction\":[{\"@type\":\"ReadAction\",\"target\":[\"https:\/\/petluxu.azdigi.shop\/?product=thuoc-tri-nam\"]}]},{\"@type\":\"ImageObject\",\"inLanguage\":\"en-US\",\"@id\":\"https:\/\/petluxu.azdigi.shop\/?product=thuoc-tri-nam#primaryimage\",\"url\":\"https:\/\/petluxu.azdigi.shop\/wp-content\/uploads\/2026\/04\/f8c28cc8-9cc0-4aae-9f5d-e2aee70baafc.png\",\"contentUrl\":\"https:\/\/petluxu.azdigi.shop\/wp-content\/uploads\/2026\/04\/f8c28cc8-9cc0-4aae-9f5d-e2aee70baafc.png\",\"width\":720,\"height\":720},{\"@type\":\"BreadcrumbList\",\"@id\":\"https:\/\/petluxu.azdigi.shop\/?product=thuoc-tri-nam#breadcrumb\",\"itemListElement\":[{\"@type\":\"ListItem\",\"position\":1,\"name\":\"Home\",\"item\":\"https:\/\/petluxu.azdigi.shop\/\"},{\"@type\":\"ListItem\",\"position\":2,\"name\":\"Shop\",\"item\":\"https:\/\/petluxu.azdigi.shop\/?page_id=348\"},{\"@type\":\"ListItem\",\"position\":3,\"name\":\"Thu\u1ed1c tr\u1ecb N\u1ea5m\"}]},{\"@type\":\"WebSite\",\"@id\":\"https:\/\/petluxu.azdigi.shop\/#website\",\"url\":\"https:\/\/petluxu.azdigi.shop\/\",\"name\":\"shop th\u00fa c\u01b0ng\",\"description\":\"\",\"potentialAction\":[{\"@type\":\"SearchAction\",\"target\":{\"@type\":\"EntryPoint\",\"urlTemplate\":\"https:\/\/petluxu.azdigi.shop\/?s={search_term_string}\"},\"query-input\":{\"@type\":\"PropertyValueSpecification\",\"valueRequired\":true,\"valueName\":\"search_term_string\"}}],\"inLanguage\":\"en-US\"}]}<\/script>\n<!-- \/ Yoast SEO plugin. -->","yoast_head_json":{"title":"Thu\u1ed1c tr\u1ecb N\u1ea5m - shop th\u00fa c\u01b0ng","description":"Thu\u1ed1c tr\u1ecb n\u1ea5m da v\u00e0 m\u00f3ng tay \u2013 Gi\u1ea3i ph\u00e1p an to\u00e0n, hi\u1ec7u qu\u1ea3-An to\u00e0n cho ch\u00f3, m\u00e8o v\u00e0 d\u1ec5 s\u1eed d\u1ee5ng t\u1ea1i nh\u00e0-gi\u1ea3m ng\u1ee9a, h\u1ed7 tr\u1ee3 ph\u1ee5c h\u1ed3i l\u00f4ng v\u00e0 da kh\u1ecfe m\u1ea1nh","robots":{"index":"index","follow":"follow","max-snippet":"max-snippet:-1","max-image-preview":"max-image-preview:large","max-video-preview":"max-video-preview:-1"},"canonical":"https:\/\/petluxu.azdigi.shop\/?product=thuoc-tri-nam","og_locale":"en_US","og_type":"article","og_title":"Thu\u1ed1c tr\u1ecb N\u1ea5m - shop th\u00fa c\u01b0ng","og_description":"Thu\u1ed1c tr\u1ecb n\u1ea5m da v\u00e0 m\u00f3ng tay \u2013 Gi\u1ea3i ph\u00e1p an to\u00e0n, hi\u1ec7u qu\u1ea3-An to\u00e0n cho ch\u00f3, m\u00e8o v\u00e0 d\u1ec5 s\u1eed d\u1ee5ng t\u1ea1i nh\u00e0-gi\u1ea3m ng\u1ee9a, h\u1ed7 tr\u1ee3 ph\u1ee5c h\u1ed3i l\u00f4ng v\u00e0 da kh\u1ecfe m\u1ea1nh","og_url":"https:\/\/petluxu.azdigi.shop\/?product=thuoc-tri-nam","og_site_name":"shop th\u00fa c\u01b0ng","article_modified_time":"2026-04-11T22:33:21+00:00","og_image":[{"width":720,"height":720,"url":"https:\/\/petluxu.azdigi.shop\/wp-content\/uploads\/2026\/04\/f8c28cc8-9cc0-4aae-9f5d-e2aee70baafc.png","type":"image\/png"}],"twitter_card":"summary_large_image","twitter_misc":{"Est. reading time":"2 minutes"},"schema":{"@context":"https:\/\/schema.org","@graph":[{"@type":"WebPage","@id":"https:\/\/petluxu.azdigi.shop\/?product=thuoc-tri-nam","url":"https:\/\/petluxu.azdigi.shop\/?product=thuoc-tri-nam","name":"Thu\u1ed1c tr\u1ecb N\u1ea5m - shop th\u00fa c\u01b0ng","isPartOf":{"@id":"https:\/\/petluxu.azdigi.shop\/#website"},"primaryImageOfPage":{"@id":"https:\/\/petluxu.azdigi.shop\/?product=thuoc-tri-nam#primaryimage"},"image":{"@id":"https:\/\/petluxu.azdigi.shop\/?product=thuoc-tri-nam#primaryimage"},"thumbnailUrl":"https:\/\/petluxu.azdigi.shop\/wp-content\/uploads\/2026\/04\/f8c28cc8-9cc0-4aae-9f5d-e2aee70baafc.png","datePublished":"2026-04-05T14:36:34+00:00","dateModified":"2026-04-11T22:33:21+00:00","description":"Thu\u1ed1c tr\u1ecb n\u1ea5m da v\u00e0 m\u00f3ng tay \u2013 Gi\u1ea3i ph\u00e1p an to\u00e0n, hi\u1ec7u qu\u1ea3-An to\u00e0n cho ch\u00f3, m\u00e8o v\u00e0 d\u1ec5 s\u1eed d\u1ee5ng t\u1ea1i nh\u00e0-gi\u1ea3m ng\u1ee9a, h\u1ed7 tr\u1ee3 ph\u1ee5c h\u1ed3i l\u00f4ng v\u00e0 da kh\u1ecfe m\u1ea1nh","breadcrumb":{"@id":"https:\/\/petluxu.azdigi.shop\/?product=thuoc-tri-nam#breadcrumb"},"inLanguage":"en-US","potentialAction":[{"@type":"ReadAction","target":["https:\/\/petluxu.azdigi.shop\/?product=thuoc-tri-nam"]}]},{"@type":"ImageObject","inLanguage":"en-US","@id":"https:\/\/petluxu.azdigi.shop\/?product=thuoc-tri-nam#primaryimage","url":"https:\/\/petluxu.azdigi.shop\/wp-content\/uploads\/2026\/04\/f8c28cc8-9cc0-4aae-9f5d-e2aee70baafc.png","contentUrl":"https:\/\/petluxu.azdigi.shop\/wp-content\/uploads\/2026\/04\/f8c28cc8-9cc0-4aae-9f5d-e2aee70baafc.png","width":720,"height":720},{"@type":"BreadcrumbList","@id":"https:\/\/petluxu.azdigi.shop\/?product=thuoc-tri-nam#breadcrumb","itemListElement":[{"@type":"ListItem","position":1,"name":"Home","item":"https:\/\/petluxu.azdigi.shop\/"},{"@type":"ListItem","position":2,"name":"Shop","item":"https:\/\/petluxu.azdigi.shop\/?page_id=348"},{"@type":"ListItem","position":3,"name":"Thu\u1ed1c tr\u1ecb N\u1ea5m"}]},{"@type":"WebSite","@id":"https:\/\/petluxu.azdigi.shop\/#website","url":"https:\/\/petluxu.azdigi.shop\/","name":"shop th\u00fa c\u01b0ng","description":"","potentialAction":[{"@type":"SearchAction","target":{"@type":"EntryPoint","urlTemplate":"https:\/\/petluxu.azdigi.shop\/?s={search_term_string}"},"query-input":{"@type":"PropertyValueSpecification","valueRequired":true,"valueName":"search_term_string"}}],"inLanguage":"en-US"}]}},"_links":{"self":[{"href":"https:\/\/petluxu.azdigi.shop\/index.php?rest_route=\/wp\/v2\/product\/547","targetHints":{"allow":["GET"]}}],"collection":[{"href":"https:\/\/petluxu.azdigi.shop\/index.php?rest_route=\/wp\/v2\/product"}],"about":[{"href":"https:\/\/petluxu.azdigi.shop\/index.php?rest_route=\/wp\/v2\/types\/product"}],"replies":[{"embeddable":true,"href":"https:\/\/petluxu.azdigi.shop\/index.php?rest_route=%2Fwp%2Fv2%2Fcomments&post=547"}],"wp:featuredmedia":[{"embeddable":true,"href":"https:\/\/petluxu.azdigi.shop\/index.php?rest_route=\/wp\/v2\/media\/448"}],"wp:attachment":[{"href":"https:\/\/petluxu.azdigi.shop\/index.php?rest_route=%2Fwp%2Fv2%2Fmedia&parent=547"}],"wp:term":[{"taxonomy":"product_brand","embeddable":true,"href":"https:\/\/petluxu.azdigi.shop\/index.php?rest_route=%2Fwp%2Fv2%2Fproduct_brand&post=547"},{"taxonomy":"product_cat","embeddable":true,"href":"https:\/\/petluxu.azdigi.shop\/index.php?rest_route=%2Fwp%2Fv2%2Fproduct_cat&post=547"},{"taxonomy":"product_tag","embeddable":true,"href":"https:\/\/petluxu.azdigi.shop\/index.php?rest_route=%2Fwp%2Fv2%2Fproduct_tag&post=547"}],"curies":[{"name":"wp","href":"https:\/\/api.w.org\/{rel}","templated":true}]}}