{"id":553,"date":"2026-04-05T14:52:59","date_gmt":"2026-04-05T14:52:59","guid":{"rendered":"https:\/\/petluxu.azdigi.shop\/?post_type=product&#038;p=553"},"modified":"2026-04-11T10:08:51","modified_gmt":"2026-04-11T10:08:51","slug":"banh-thuong","status":"publish","type":"product","link":"https:\/\/petluxu.azdigi.shop\/?product=banh-thuong","title":{"rendered":"B\u00e1nh Th\u01b0\u1edfng"},"content":{"rendered":"<p><img loading=\"lazy\" decoding=\"async\" class=\"alignnone size-medium wp-image-449\" src=\"https:\/\/petluxu.azdigi.shop\/wp-content\/uploads\/2026\/04\/vn-11134207-7ra0g-m81pfayextvmd8-300x300.jpg\" alt=\"\" width=\"300\" height=\"300\" srcset=\"https:\/\/petluxu.azdigi.shop\/wp-content\/uploads\/2026\/04\/vn-11134207-7ra0g-m81pfayextvmd8-300x300.jpg 300w, https:\/\/petluxu.azdigi.shop\/wp-content\/uploads\/2026\/04\/vn-11134207-7ra0g-m81pfayextvmd8-150x150.jpg 150w, https:\/\/petluxu.azdigi.shop\/wp-content\/uploads\/2026\/04\/vn-11134207-7ra0g-m81pfayextvmd8-768x768.jpg 768w, https:\/\/petluxu.azdigi.shop\/wp-content\/uploads\/2026\/04\/vn-11134207-7ra0g-m81pfayextvmd8-600x600.jpg 600w, https:\/\/petluxu.azdigi.shop\/wp-content\/uploads\/2026\/04\/vn-11134207-7ra0g-m81pfayextvmd8-100x100.jpg 100w, https:\/\/petluxu.azdigi.shop\/wp-content\/uploads\/2026\/04\/vn-11134207-7ra0g-m81pfayextvmd8.jpg 1024w\" sizes=\"auto, (max-width: 300px) 100vw, 300px\" \/><\/p>\n<h2 data-section-id=\"1jc8lb3\" data-start=\"319\" data-end=\"380\"><span role=\"text\"><strong data-start=\"322\" data-end=\"380\">Dinh d\u01b0\u1ee1ng ch\u00f3 m\u00e8o \u2013 B\u00e1nh th\u01b0\u1edfng cho th\u00fa c\u01b0ng b\u1ed5 d\u01b0\u1ee1ng<\/strong><\/span><\/h2>\n<p data-start=\"382\" data-end=\"709\">B\u00e1nh th\u01b0\u1edfng cho th\u00fa c\u01b0ng l\u00e0 <strong data-start=\"410\" data-end=\"454\">c\u00e1ch tuy\u1ec7t v\u1eddi \u0111\u1ec3 khen th\u01b0\u1edfng ch\u00f3 v\u00e0 m\u00e8o<\/strong>.<br data-start=\"455\" data-end=\"458\" \/>S\u1ea3n ph\u1ea9m gi\u00e0u protein, vitamin v\u00e0 kho\u00e1ng ch\u1ea5t c\u1ea7n thi\u1ebft cho s\u1ee9c kh\u1ecfe th\u00fa c\u01b0ng.<br data-start=\"536\" data-end=\"539\" \/>H\u01b0\u01a1ng v\u1ecb th\u01a1m ngon gi\u00fap th\u00fa c\u01b0ng <strong data-start=\"572\" data-end=\"615\">\u0103n ngon mi\u1ec7ng v\u00e0 n\u0103ng \u0111\u1ed9ng h\u01a1n m\u1ed7i ng\u00e0y<\/strong>.<br data-start=\"616\" data-end=\"619\" \/>Ngo\u00e0i ra, b\u00e1nh th\u01b0\u1edfng c\u00f2n h\u1ed7 tr\u1ee3 <strong data-start=\"652\" data-end=\"706\">h\u1ec7 ti\u00eau h\u00f3a kh\u1ecfe m\u1ea1nh v\u00e0 h\u1ea5p thu d\u01b0\u1ee1ng ch\u1ea5t t\u1ed1i \u01b0u<\/strong>.<\/p>\n<h3 data-section-id=\"1931qxw\" data-start=\"711\" data-end=\"755\"><span role=\"text\"><strong data-start=\"715\" data-end=\"755\">L\u1ee3i \u00edch c\u1ee7a b\u00e1nh th\u01b0\u1edfng\u00a0<\/strong><\/span><\/h3>\n<p data-start=\"757\" data-end=\"1055\">B\u00e1nh th\u01b0\u1edfng gi\u00fap th\u00fa c\u01b0ng <strong data-start=\"783\" data-end=\"824\">t\u0103ng c\u01b0\u1eddng n\u0103ng l\u01b0\u1ee3ng v\u00e0 s\u1ee9c \u0111\u1ec1 kh\u00e1ng<\/strong>.<br data-start=\"825\" data-end=\"828\" \/>Ch\u1ee7 nu\u00f4i c\u00f3 th\u1ec3 d\u00f9ng b\u00e1nh nh\u01b0 <strong data-start=\"858\" data-end=\"899\">b\u1eefa th\u01b0\u1edfng trong qu\u00e1 tr\u00ecnh hu\u1ea5n luy\u1ec7n<\/strong>.<br data-start=\"900\" data-end=\"903\" \/>S\u1ea3n ph\u1ea9m th\u00edch h\u1ee3p cho <strong data-start=\"926\" data-end=\"942\">m\u1ecdi l\u1ee9a tu\u1ed5i<\/strong>, t\u1eeb ch\u00f3 con, m\u00e8o con \u0111\u1ebfn tr\u01b0\u1edfng th\u00e0nh.<br data-start=\"981\" data-end=\"984\" \/>\u0110\u1ed3ng th\u1eddi, th\u01b0\u1edfng b\u00e1nh gi\u00fap <strong data-start=\"1012\" data-end=\"1052\">t\u0103ng s\u1ef1 g\u1eafn k\u1ebft gi\u1eefa ch\u1ee7 v\u00e0 th\u00fa c\u01b0ng<\/strong>.<\/p>\n<p data-start=\"1057\" data-end=\"1242\">B\u00e1nh th\u01b0\u1edfng c\u00f2n ch\u1ee9a nhi\u1ec1u d\u01b0\u1ee1ng ch\u1ea5t gi\u00fap th\u00fa c\u01b0ng <strong data-start=\"1109\" data-end=\"1142\">l\u00f4ng b\u00f3ng kh\u1ecfe v\u00e0 da m\u1ecbn m\u00e0ng<\/strong>.<br data-start=\"1143\" data-end=\"1146\" \/>Vi\u1ec7c th\u01b0\u1edfng b\u00e1nh h\u00e0ng ng\u00e0y l\u00e0 c\u00e1ch th\u00f4ng minh \u0111\u1ec3 <strong data-start=\"1195\" data-end=\"1239\">cung c\u1ea5p dinh d\u01b0\u1ee1ng cho ch\u00f3 m\u00e8o hi\u1ec7u qu\u1ea3<\/strong>.<\/p>\n<h3 data-section-id=\"1higo9m\" data-start=\"1244\" data-end=\"1294\"><span role=\"text\"><strong data-start=\"1248\" data-end=\"1294\">C\u00e1ch s\u1eed d\u1ee5ng v\u00e0 l\u01b0u \u00fd khi d\u00f9ng b\u00e1nh th\u01b0\u1edfng<\/strong><\/span><\/h3>\n<p data-start=\"1296\" data-end=\"1596\">D\u00f9ng b\u00e1nh th\u01b0\u1edfng tr\u1ef1c ti\u1ebfp ho\u1eb7c c\u1eaft nh\u1ecf tr\u1ed9n v\u1edbi th\u1ee9c \u0103n h\u1eb1ng ng\u00e0y \u0111\u1ec1u ph\u00f9 h\u1ee3p.<br data-start=\"1375\" data-end=\"1378\" \/>B\u1ea3o qu\u1ea3n n\u01a1i kh\u00f4 r\u00e1o v\u00e0 tho\u00e1ng m\u00e1t, tr\u00e1nh \u00e1nh n\u1eafng tr\u1ef1c ti\u1ebfp.<br data-start=\"1439\" data-end=\"1442\" \/>N\u1ebfu th\u00fa c\u01b0ng c\u00f3 d\u1ea5u hi\u1ec7u d\u1ecb \u1ee9ng, ng\u01b0ng s\u1eed d\u1ee5ng v\u00e0 tham kh\u1ea3o b\u00e1c s\u0129 th\u00fa y.<br data-start=\"1515\" data-end=\"1518\" \/>Ngo\u00e0i ra, v\u1ec7 sinh b\u00e1t \u0103n v\u00e0 n\u01a1i \u1edf gi\u00fap b\u00e1nh th\u01b0\u1edfng ph\u00e1t huy t\u1ed1i \u0111a hi\u1ec7u qu\u1ea3.<\/p>\n<p data-start=\"1598\" data-end=\"1771\">B\u00e1nh th\u01b0\u1edfng l\u00e0 l\u1ef1a ch\u1ecdn l\u00fd t\u01b0\u1edfng \u0111\u1ec3 <strong data-start=\"1634\" data-end=\"1676\">th\u01b0\u1edfng cho th\u00fa c\u01b0ng m\u1ed9t c\u00e1ch l\u00e0nh m\u1ea1nh<\/strong>.<br data-start=\"1677\" data-end=\"1680\" \/>S\u1ea3n ph\u1ea9m d\u1ec5 s\u1eed d\u1ee5ng, th\u01a1m ngon v\u00e0 gi\u00e0u dinh d\u01b0\u1ee1ng, gi\u00fap th\u00fa c\u01b0ng <strong data-start=\"1745\" data-end=\"1768\">vui v\u1ebb v\u00e0 kh\u1ecfe m\u1ea1nh<\/strong>.<\/p>\n","protected":false},"excerpt":{"rendered":"<p>B\u00e1nh th\u01b0\u1edfng cho ch\u00f3 v\u00e0 m\u00e8o gi\u00e0u dinh d\u01b0\u1ee1ng. Th\u01b0\u1edfng snack th\u01a1m ngon gi\u00fap th\u00fa c\u01b0ng \u0103n ngon, kh\u1ecfe m\u1ea1nh, n\u0103ng \u0111\u1ed9ng v\u00e0 vui v\u1ebb m\u1ed7i ng\u00e0y.<\/p>\n","protected":false},"featured_media":449,"comment_status":"open","ping_status":"closed","template":"","meta":[],"product_brand":[],"product_cat":[30],"product_tag":[],"class_list":{"0":"post-553","1":"product","2":"type-product","3":"status-publish","4":"has-post-thumbnail","6":"product_cat-thuc-an","8":"first","9":"instock","10":"sale","11":"taxable","12":"shipping-taxable","13":"purchasable","14":"product-type-variable"},"yoast_head":"<!-- This site is optimized with the Yoast SEO plugin v27.2 - https:\/\/yoast.com\/product\/yoast-seo-wordpress\/ -->\n<title>B\u00e1nh Th\u01b0\u1edfng - shop th\u00fa c\u01b0ng<\/title>\n<meta name=\"description\" content=\"Dinh d\u01b0\u1ee1ng ch\u00f3 m\u00e8o \u2013 B\u00e1nh th\u01b0\u1edfng cho ch\u00f3 m\u00e8o th\u01a1m ngon v\u00e0 an to\u00e0n-Th\u01b0\u1edfng snack th\u01a1m ngon gi\u00fap th\u00fa c\u01b0ng \u0103n ngon-h\u1ecfe m\u1ea1nh, n\u0103ng \u0111\u1ed9ng v\u00e0 vui v\u1ebb m\u1ed7i ng\u00e0y\" \/>\n<meta name=\"robots\" content=\"index, follow, max-snippet:-1, max-image-preview:large, max-video-preview:-1\" \/>\n<link rel=\"canonical\" href=\"https:\/\/petluxu.azdigi.shop\/?product=banh-thuong\" \/>\n<meta property=\"og:locale\" content=\"en_US\" \/>\n<meta property=\"og:type\" content=\"article\" \/>\n<meta property=\"og:title\" content=\"B\u00e1nh Th\u01b0\u1edfng - shop th\u00fa c\u01b0ng\" \/>\n<meta property=\"og:description\" content=\"Dinh d\u01b0\u1ee1ng ch\u00f3 m\u00e8o \u2013 B\u00e1nh th\u01b0\u1edfng cho ch\u00f3 m\u00e8o th\u01a1m ngon v\u00e0 an to\u00e0n-Th\u01b0\u1edfng snack th\u01a1m ngon gi\u00fap th\u00fa c\u01b0ng \u0103n ngon-h\u1ecfe m\u1ea1nh, n\u0103ng \u0111\u1ed9ng v\u00e0 vui v\u1ebb m\u1ed7i ng\u00e0y\" \/>\n<meta property=\"og:url\" content=\"https:\/\/petluxu.azdigi.shop\/?product=banh-thuong\" \/>\n<meta property=\"og:site_name\" content=\"shop th\u00fa c\u01b0ng\" \/>\n<meta property=\"article:modified_time\" content=\"2026-04-11T10:08:51+00:00\" \/>\n<meta property=\"og:image\" content=\"https:\/\/petluxu.azdigi.shop\/wp-content\/uploads\/2026\/04\/vn-11134207-7ra0g-m81pfayextvmd8.jpg\" \/>\n\t<meta property=\"og:image:width\" content=\"1024\" \/>\n\t<meta property=\"og:image:height\" content=\"1024\" \/>\n\t<meta property=\"og:image:type\" content=\"image\/jpeg\" \/>\n<meta name=\"twitter:card\" content=\"summary_large_image\" \/>\n<meta name=\"twitter:label1\" content=\"Est. reading time\" \/>\n\t<meta name=\"twitter:data1\" content=\"2 minutes\" \/>\n<script type=\"application\/ld+json\" class=\"yoast-schema-graph\">{\"@context\":\"https:\/\/schema.org\",\"@graph\":[{\"@type\":\"WebPage\",\"@id\":\"https:\/\/petluxu.azdigi.shop\/?product=banh-thuong\",\"url\":\"https:\/\/petluxu.azdigi.shop\/?product=banh-thuong\",\"name\":\"B\u00e1nh Th\u01b0\u1edfng - shop th\u00fa c\u01b0ng\",\"isPartOf\":{\"@id\":\"https:\/\/petluxu.azdigi.shop\/#website\"},\"primaryImageOfPage\":{\"@id\":\"https:\/\/petluxu.azdigi.shop\/?product=banh-thuong#primaryimage\"},\"image\":{\"@id\":\"https:\/\/petluxu.azdigi.shop\/?product=banh-thuong#primaryimage\"},\"thumbnailUrl\":\"https:\/\/petluxu.azdigi.shop\/wp-content\/uploads\/2026\/04\/vn-11134207-7ra0g-m81pfayextvmd8.jpg\",\"datePublished\":\"2026-04-05T14:52:59+00:00\",\"dateModified\":\"2026-04-11T10:08:51+00:00\",\"description\":\"Dinh d\u01b0\u1ee1ng ch\u00f3 m\u00e8o \u2013 B\u00e1nh th\u01b0\u1edfng cho ch\u00f3 m\u00e8o th\u01a1m ngon v\u00e0 an to\u00e0n-Th\u01b0\u1edfng snack th\u01a1m ngon gi\u00fap th\u00fa c\u01b0ng \u0103n ngon-h\u1ecfe m\u1ea1nh, n\u0103ng \u0111\u1ed9ng v\u00e0 vui v\u1ebb m\u1ed7i ng\u00e0y\",\"breadcrumb\":{\"@id\":\"https:\/\/petluxu.azdigi.shop\/?product=banh-thuong#breadcrumb\"},\"inLanguage\":\"en-US\",\"potentialAction\":[{\"@type\":\"ReadAction\",\"target\":[\"https:\/\/petluxu.azdigi.shop\/?product=banh-thuong\"]}]},{\"@type\":\"ImageObject\",\"inLanguage\":\"en-US\",\"@id\":\"https:\/\/petluxu.azdigi.shop\/?product=banh-thuong#primaryimage\",\"url\":\"https:\/\/petluxu.azdigi.shop\/wp-content\/uploads\/2026\/04\/vn-11134207-7ra0g-m81pfayextvmd8.jpg\",\"contentUrl\":\"https:\/\/petluxu.azdigi.shop\/wp-content\/uploads\/2026\/04\/vn-11134207-7ra0g-m81pfayextvmd8.jpg\",\"width\":1024,\"height\":1024},{\"@type\":\"BreadcrumbList\",\"@id\":\"https:\/\/petluxu.azdigi.shop\/?product=banh-thuong#breadcrumb\",\"itemListElement\":[{\"@type\":\"ListItem\",\"position\":1,\"name\":\"Home\",\"item\":\"https:\/\/petluxu.azdigi.shop\/\"},{\"@type\":\"ListItem\",\"position\":2,\"name\":\"Shop\",\"item\":\"https:\/\/petluxu.azdigi.shop\/?page_id=348\"},{\"@type\":\"ListItem\",\"position\":3,\"name\":\"B\u00e1nh Th\u01b0\u1edfng\"}]},{\"@type\":\"WebSite\",\"@id\":\"https:\/\/petluxu.azdigi.shop\/#website\",\"url\":\"https:\/\/petluxu.azdigi.shop\/\",\"name\":\"shop th\u00fa c\u01b0ng\",\"description\":\"\",\"potentialAction\":[{\"@type\":\"SearchAction\",\"target\":{\"@type\":\"EntryPoint\",\"urlTemplate\":\"https:\/\/petluxu.azdigi.shop\/?s={search_term_string}\"},\"query-input\":{\"@type\":\"PropertyValueSpecification\",\"valueRequired\":true,\"valueName\":\"search_term_string\"}}],\"inLanguage\":\"en-US\"}]}<\/script>\n<!-- \/ Yoast SEO plugin. -->","yoast_head_json":{"title":"B\u00e1nh Th\u01b0\u1edfng - shop th\u00fa c\u01b0ng","description":"Dinh d\u01b0\u1ee1ng ch\u00f3 m\u00e8o \u2013 B\u00e1nh th\u01b0\u1edfng cho ch\u00f3 m\u00e8o th\u01a1m ngon v\u00e0 an to\u00e0n-Th\u01b0\u1edfng snack th\u01a1m ngon gi\u00fap th\u00fa c\u01b0ng \u0103n ngon-h\u1ecfe m\u1ea1nh, n\u0103ng \u0111\u1ed9ng v\u00e0 vui v\u1ebb m\u1ed7i ng\u00e0y","robots":{"index":"index","follow":"follow","max-snippet":"max-snippet:-1","max-image-preview":"max-image-preview:large","max-video-preview":"max-video-preview:-1"},"canonical":"https:\/\/petluxu.azdigi.shop\/?product=banh-thuong","og_locale":"en_US","og_type":"article","og_title":"B\u00e1nh Th\u01b0\u1edfng - shop th\u00fa c\u01b0ng","og_description":"Dinh d\u01b0\u1ee1ng ch\u00f3 m\u00e8o \u2013 B\u00e1nh th\u01b0\u1edfng cho ch\u00f3 m\u00e8o th\u01a1m ngon v\u00e0 an to\u00e0n-Th\u01b0\u1edfng snack th\u01a1m ngon gi\u00fap th\u00fa c\u01b0ng \u0103n ngon-h\u1ecfe m\u1ea1nh, n\u0103ng \u0111\u1ed9ng v\u00e0 vui v\u1ebb m\u1ed7i ng\u00e0y","og_url":"https:\/\/petluxu.azdigi.shop\/?product=banh-thuong","og_site_name":"shop th\u00fa c\u01b0ng","article_modified_time":"2026-04-11T10:08:51+00:00","og_image":[{"width":1024,"height":1024,"url":"https:\/\/petluxu.azdigi.shop\/wp-content\/uploads\/2026\/04\/vn-11134207-7ra0g-m81pfayextvmd8.jpg","type":"image\/jpeg"}],"twitter_card":"summary_large_image","twitter_misc":{"Est. reading time":"2 minutes"},"schema":{"@context":"https:\/\/schema.org","@graph":[{"@type":"WebPage","@id":"https:\/\/petluxu.azdigi.shop\/?product=banh-thuong","url":"https:\/\/petluxu.azdigi.shop\/?product=banh-thuong","name":"B\u00e1nh Th\u01b0\u1edfng - shop th\u00fa c\u01b0ng","isPartOf":{"@id":"https:\/\/petluxu.azdigi.shop\/#website"},"primaryImageOfPage":{"@id":"https:\/\/petluxu.azdigi.shop\/?product=banh-thuong#primaryimage"},"image":{"@id":"https:\/\/petluxu.azdigi.shop\/?product=banh-thuong#primaryimage"},"thumbnailUrl":"https:\/\/petluxu.azdigi.shop\/wp-content\/uploads\/2026\/04\/vn-11134207-7ra0g-m81pfayextvmd8.jpg","datePublished":"2026-04-05T14:52:59+00:00","dateModified":"2026-04-11T10:08:51+00:00","description":"Dinh d\u01b0\u1ee1ng ch\u00f3 m\u00e8o \u2013 B\u00e1nh th\u01b0\u1edfng cho ch\u00f3 m\u00e8o th\u01a1m ngon v\u00e0 an to\u00e0n-Th\u01b0\u1edfng snack th\u01a1m ngon gi\u00fap th\u00fa c\u01b0ng \u0103n ngon-h\u1ecfe m\u1ea1nh, n\u0103ng \u0111\u1ed9ng v\u00e0 vui v\u1ebb m\u1ed7i ng\u00e0y","breadcrumb":{"@id":"https:\/\/petluxu.azdigi.shop\/?product=banh-thuong#breadcrumb"},"inLanguage":"en-US","potentialAction":[{"@type":"ReadAction","target":["https:\/\/petluxu.azdigi.shop\/?product=banh-thuong"]}]},{"@type":"ImageObject","inLanguage":"en-US","@id":"https:\/\/petluxu.azdigi.shop\/?product=banh-thuong#primaryimage","url":"https:\/\/petluxu.azdigi.shop\/wp-content\/uploads\/2026\/04\/vn-11134207-7ra0g-m81pfayextvmd8.jpg","contentUrl":"https:\/\/petluxu.azdigi.shop\/wp-content\/uploads\/2026\/04\/vn-11134207-7ra0g-m81pfayextvmd8.jpg","width":1024,"height":1024},{"@type":"BreadcrumbList","@id":"https:\/\/petluxu.azdigi.shop\/?product=banh-thuong#breadcrumb","itemListElement":[{"@type":"ListItem","position":1,"name":"Home","item":"https:\/\/petluxu.azdigi.shop\/"},{"@type":"ListItem","position":2,"name":"Shop","item":"https:\/\/petluxu.azdigi.shop\/?page_id=348"},{"@type":"ListItem","position":3,"name":"B\u00e1nh Th\u01b0\u1edfng"}]},{"@type":"WebSite","@id":"https:\/\/petluxu.azdigi.shop\/#website","url":"https:\/\/petluxu.azdigi.shop\/","name":"shop th\u00fa c\u01b0ng","description":"","potentialAction":[{"@type":"SearchAction","target":{"@type":"EntryPoint","urlTemplate":"https:\/\/petluxu.azdigi.shop\/?s={search_term_string}"},"query-input":{"@type":"PropertyValueSpecification","valueRequired":true,"valueName":"search_term_string"}}],"inLanguage":"en-US"}]}},"_links":{"self":[{"href":"https:\/\/petluxu.azdigi.shop\/index.php?rest_route=\/wp\/v2\/product\/553","targetHints":{"allow":["GET"]}}],"collection":[{"href":"https:\/\/petluxu.azdigi.shop\/index.php?rest_route=\/wp\/v2\/product"}],"about":[{"href":"https:\/\/petluxu.azdigi.shop\/index.php?rest_route=\/wp\/v2\/types\/product"}],"replies":[{"embeddable":true,"href":"https:\/\/petluxu.azdigi.shop\/index.php?rest_route=%2Fwp%2Fv2%2Fcomments&post=553"}],"wp:featuredmedia":[{"embeddable":true,"href":"https:\/\/petluxu.azdigi.shop\/index.php?rest_route=\/wp\/v2\/media\/449"}],"wp:attachment":[{"href":"https:\/\/petluxu.azdigi.shop\/index.php?rest_route=%2Fwp%2Fv2%2Fmedia&parent=553"}],"wp:term":[{"taxonomy":"product_brand","embeddable":true,"href":"https:\/\/petluxu.azdigi.shop\/index.php?rest_route=%2Fwp%2Fv2%2Fproduct_brand&post=553"},{"taxonomy":"product_cat","embeddable":true,"href":"https:\/\/petluxu.azdigi.shop\/index.php?rest_route=%2Fwp%2Fv2%2Fproduct_cat&post=553"},{"taxonomy":"product_tag","embeddable":true,"href":"https:\/\/petluxu.azdigi.shop\/index.php?rest_route=%2Fwp%2Fv2%2Fproduct_tag&post=553"}],"curies":[{"name":"wp","href":"https:\/\/api.w.org\/{rel}","templated":true}]}}