{"id":594,"date":"2026-04-10T09:22:09","date_gmt":"2026-04-10T09:22:09","guid":{"rendered":"https:\/\/petluxu.azdigi.shop\/?post_type=product&#038;p=594"},"modified":"2026-04-11T22:25:43","modified_gmt":"2026-04-11T22:25:43","slug":"cun-bully","status":"publish","type":"product","link":"https:\/\/petluxu.azdigi.shop\/?product=cun-bully","title":{"rendered":"C\u00fan Bully"},"content":{"rendered":"<p><img loading=\"lazy\" decoding=\"async\" class=\"size-medium wp-image-219 aligncenter\" src=\"https:\/\/petluxu.azdigi.shop\/wp-content\/uploads\/2026\/03\/1694840587377-300x200.webp\" alt=\"\" width=\"300\" height=\"200\" srcset=\"https:\/\/petluxu.azdigi.shop\/wp-content\/uploads\/2026\/03\/1694840587377-300x200.webp 300w, https:\/\/petluxu.azdigi.shop\/wp-content\/uploads\/2026\/03\/1694840587377-600x400.webp 600w, https:\/\/petluxu.azdigi.shop\/wp-content\/uploads\/2026\/03\/1694840587377-1024x683.webp 1024w, https:\/\/petluxu.azdigi.shop\/wp-content\/uploads\/2026\/03\/1694840587377-768x512.webp 768w, https:\/\/petluxu.azdigi.shop\/wp-content\/uploads\/2026\/03\/1694840587377.webp 1200w\" sizes=\"auto, (max-width: 300px) 100vw, 300px\" \/><\/p>\n<div class=\"flex max-w-full flex-col gap-4 grow\">\n<div class=\"min-h-8 text-message relative flex w-full flex-col items-end gap-2 text-start break-words whitespace-normal outline-none keyboard-focused:focus-ring [.text-message+&amp;]:mt-1\" dir=\"auto\" tabindex=\"0\" data-message-author-role=\"assistant\" data-message-id=\"901ed257-c36f-4763-bbbd-e9aaad8e9b09\" data-message-model-slug=\"gpt-5-3\" data-turn-start-message=\"true\">\n<div class=\"flex w-full flex-col gap-1 empty:hidden\">\n<div class=\"markdown prose dark:prose-invert w-full wrap-break-word light markdown-new-styling\">\n<h1 data-section-id=\"ij9ry\" data-start=\"0\" data-end=\"60\">Ch\u00f3 Bully Thu\u1ea7n Ch\u1ee7ng \u2013 Th\u00fa C\u01b0ng \u0110\u1eb3ng C\u1ea5p Cho M\u1ecdi Gia \u0110\u00ecnh<\/h1>\n<h2 data-section-id=\"i0ikcc\" data-start=\"62\" data-end=\"100\">Gi\u1edbi thi\u1ec7u t\u1ed5ng quan v\u1ec1 ch\u00f3 Bully<\/h2>\n<p data-start=\"101\" data-end=\"466\">Ch\u00f3 Bully l\u00e0 gi\u1ed1ng ch\u00f3 c\u1ea3nh cao c\u1ea5p, \u0111\u01b0\u1ee3c nhi\u1ec1u ng\u01b0\u1eddi y\u00eau th\u00edch hi\u1ec7n nay.<br data-start=\"174\" data-end=\"177\" \/>S\u1ea3n ph\u1ea9m ch\u00f3 Bully thu\u1ea7n ch\u1ee7ng c\u00f3 s\u1ee9c kh\u1ecfe t\u1ed1t v\u00e0 ngu\u1ed3n g\u1ed1c r\u00f5 r\u00e0ng.<br data-start=\"245\" data-end=\"248\" \/>H\u01a1n n\u1eefa, ch\u00f3 Bully ph\u00f9 h\u1ee3p nu\u00f4i trong nhi\u1ec1u kh\u00f4ng gian s\u1ed1ng kh\u00e1c nhau.<br data-start=\"318\" data-end=\"321\" \/>V\u00ec v\u1eady, ch\u00f3 Bully tr\u1edf th\u00e0nh l\u1ef1a ch\u1ecdn l\u00fd t\u01b0\u1edfng cho ng\u01b0\u1eddi y\u00eau th\u00fa c\u01b0ng.<br data-start=\"390\" data-end=\"393\" \/>T\u1eeb kh\u00f3a tr\u1ecdng t\u00e2m ch\u00f3 Bully lu\u00f4n c\u00f3 l\u01b0\u1ee3ng t\u00ecm ki\u1ebfm cao tr\u00ean th\u1ecb tr\u01b0\u1eddng.<\/p>\n<h2 data-section-id=\"1391u99\" data-start=\"468\" data-end=\"503\">\u0110\u1eb7c \u0111i\u1ec3m n\u1ed5i b\u1eadt c\u1ee7a ch\u00f3 Bully<\/h2>\n<p data-start=\"504\" data-end=\"845\">Ch\u00f3 Bully c\u00f3 th\u00e2n h\u00ecnh c\u01a1 b\u1eafp, \u0111\u1ea7u to v\u00e0 d\u00e1ng v\u1ebb r\u1ea5t m\u1ea1nh m\u1ebd.<br data-start=\"565\" data-end=\"568\" \/>Ngo\u00e0i ra, ch\u00f3 Bully c\u00f3 t\u00ednh c\u00e1ch hi\u1ec1n l\u00e0nh v\u00e0 r\u1ea5t trung th\u00e0nh.<br data-start=\"630\" data-end=\"633\" \/>Do \u0111\u00f3, gi\u1ed1ng ch\u00f3 Bully d\u1ec5 hu\u1ea5n luy\u1ec7n v\u00e0 ph\u00f9 h\u1ee3p v\u1edbi ng\u01b0\u1eddi m\u1edbi nu\u00f4i.<br data-start=\"700\" data-end=\"703\" \/>B\u00ean c\u1ea1nh \u0111\u00f3, ch\u00f3 Bully th\u00edch nghi t\u1ed1t v\u1edbi m\u00f4i tr\u01b0\u1eddng s\u1ed1ng \u0111\u00f4 th\u1ecb.<br data-start=\"768\" data-end=\"771\" \/>T\u1eeb kh\u00f3a meta ch\u00f3 Bully gi\u00e1 r\u1ebb, ch\u00f3 Bully thu\u1ea7n ch\u1ee7ng \u0111\u01b0\u1ee3c d\u00f9ng t\u1ef1 nhi\u00ean.<\/p>\n<h2 data-section-id=\"bta1xa\" data-start=\"847\" data-end=\"880\">H\u01b0\u1edbng d\u1eabn ch\u0103m s\u00f3c ch\u00f3 Bully<\/h2>\n<p data-start=\"881\" data-end=\"1199\">\u0110\u1ec3 nu\u00f4i ch\u00f3 Bully kh\u1ecfe m\u1ea1nh, b\u1ea1n c\u1ea7n ch\u1ebf \u0111\u1ed9 \u0103n u\u1ed1ng h\u1ee3p l\u00fd.<br data-start=\"940\" data-end=\"943\" \/>\u0110\u1ed3ng th\u1eddi, ch\u00f3 Bully c\u1ea7n \u0111\u01b0\u1ee3c v\u1eadn \u0111\u1ed9ng th\u01b0\u1eddng xuy\u00ean m\u1ed7i ng\u00e0y.<br data-start=\"1004\" data-end=\"1007\" \/>Ngo\u00e0i ra, vi\u1ec7c ti\u00eam ph\u00f2ng \u0111\u1ecbnh k\u1ef3 gi\u00fap ch\u00f3 Bully ph\u00e1t tri\u1ec3n \u1ed5n \u0111\u1ecbnh.<br data-start=\"1075\" data-end=\"1078\" \/>V\u00ec th\u1ebf, ch\u0103m s\u00f3c ch\u00f3 Bully \u0111\u00fang c\u00e1ch gi\u00fap k\u00e9o d\u00e0i tu\u1ed5i th\u1ecd.<br data-start=\"1137\" data-end=\"1140\" \/>Ch\u00f3 Bully r\u1ea5t th\u00e2n thi\u1ec7n v\u1edbi tr\u1ebb em v\u00e0 c\u00e1c v\u1eadt nu\u00f4i kh\u00e1c.<\/p>\n<h2 data-section-id=\"1ueay0u\" data-start=\"1201\" data-end=\"1227\">K\u1ebft lu\u1eadn v\u1ec1 ch\u00f3 Bully<\/h2>\n<p data-start=\"1228\" data-end=\"1420\" data-is-last-node=\"\" data-is-only-node=\"\">T\u00f3m l\u1ea1i, ch\u00f3 Bully l\u00e0 th\u00fa c\u01b0ng v\u1eeba \u0111\u1eb9p v\u1eeba d\u1ec5 ch\u0103m s\u00f3c.<br data-start=\"1283\" data-end=\"1286\" \/>Kh\u00f4ng ch\u1ec9 v\u1eady, ch\u00f3 Bully c\u00f2n l\u00e0 ng\u01b0\u1eddi b\u1ea1n \u0111\u1ed3ng h\u00e0nh trung th\u00e0nh.<br data-start=\"1350\" data-end=\"1353\" \/>H\u00e3y ch\u1ecdn ch\u00f3 Bully ch\u1ea5t l\u01b0\u1ee3ng \u0111\u1ec3 \u0111\u1ea3m b\u1ea3o tr\u1ea3i nghi\u1ec7m nu\u00f4i t\u1ed1t nh\u1ea5t.<\/p>\n<\/div>\n<\/div>\n<\/div>\n<\/div>\n<div class=\"mt-3 w-full empty:hidden\">\n<div class=\"text-center\">\n<div>\n<div class=\"inline-flex border border-gray-100 dark:border-gray-700 rounded-xl\">\n<div class=\"bg-token-main-surface-tertiary w-px flex-1 self-stretch\"><\/div>\n<\/div>\n<\/div>\n<\/div>\n<\/div>\n","protected":false},"excerpt":{"rendered":"<p data-start=\"665\" data-end=\"981\">Ch\u00f3 Bully l\u00e0 gi\u1ed1ng ch\u00f3 c\u1ea3nh \u0111\u01b0\u1ee3c \u01b0a chu\u1ed9ng nh\u1edd ngo\u1ea1i h\u00ecnh m\u1ea1nh m\u1ebd v\u00e0 t\u00ednh c\u00e1ch th\u00e2n thi\u1ec7n, \u0111\u00e3 ti\u00eam ph\u00f2ng \u0111\u1ea7y \u0111\u1ee7, d\u1ec5 nu\u00f4i v\u00e0 ph\u00f9 h\u1ee3p v\u1edbi nhi\u1ec1u kh\u00f4ng gian s\u1ed1ng kh\u00e1c nhau,\u00a0l\u00e0 l\u1ef1a ch\u1ecdn l\u00fd t\u01b0\u1edfng cho ng\u01b0\u1eddi y\u00eau th\u00fa c\u01b0ng hi\u1ec7n \u0111\u1ea1i.<\/p>\n","protected":false},"featured_media":219,"comment_status":"open","ping_status":"closed","template":"","meta":[],"product_brand":[],"product_cat":[28],"product_tag":[],"class_list":{"0":"post-594","1":"product","2":"type-product","3":"status-publish","4":"has-post-thumbnail","6":"product_cat-thu-cung","8":"first","9":"instock","10":"sale","11":"taxable","12":"shipping-taxable","13":"purchasable","14":"product-type-variable"},"yoast_head":"<!-- This site is optimized with the Yoast SEO plugin v27.2 - https:\/\/yoast.com\/product\/yoast-seo-wordpress\/ -->\n<title>C\u00fan Bully - shop th\u00fa c\u01b0ng<\/title>\n<meta name=\"description\" content=\"Ch\u00f3 Bully thu\u1ea7n ch\u1ee7ng, kh\u1ecfe m\u1ea1nh, ngo\u1ea1i h\u00ecnh \u0111\u1eb9p, \u0111\u00e3 ti\u00eam ph\u00f2ng \u0111\u1ea7y \u0111\u1ee7. Ch\u00f3 Bully th\u00e2n thi\u1ec7n, d\u1ec5 nu\u00f4i, ph\u00f9 h\u1ee3p l\u00e0m th\u00fa c\u01b0ng cho gia \u0111\u00ecnh hi\u1ec7n \u0111\u1ea1i.\" \/>\n<meta name=\"robots\" content=\"index, follow, max-snippet:-1, max-image-preview:large, max-video-preview:-1\" \/>\n<link rel=\"canonical\" href=\"https:\/\/petluxu.azdigi.shop\/?product=cun-bully\" \/>\n<meta property=\"og:locale\" content=\"en_US\" \/>\n<meta property=\"og:type\" content=\"article\" \/>\n<meta property=\"og:title\" content=\"C\u00fan Bully - shop th\u00fa c\u01b0ng\" \/>\n<meta property=\"og:description\" content=\"Ch\u00f3 Bully thu\u1ea7n ch\u1ee7ng, kh\u1ecfe m\u1ea1nh, ngo\u1ea1i h\u00ecnh \u0111\u1eb9p, \u0111\u00e3 ti\u00eam ph\u00f2ng \u0111\u1ea7y \u0111\u1ee7. Ch\u00f3 Bully th\u00e2n thi\u1ec7n, d\u1ec5 nu\u00f4i, ph\u00f9 h\u1ee3p l\u00e0m th\u00fa c\u01b0ng cho gia \u0111\u00ecnh hi\u1ec7n \u0111\u1ea1i.\" \/>\n<meta property=\"og:url\" content=\"https:\/\/petluxu.azdigi.shop\/?product=cun-bully\" \/>\n<meta property=\"og:site_name\" content=\"shop th\u00fa c\u01b0ng\" \/>\n<meta property=\"article:modified_time\" content=\"2026-04-11T22:25:43+00:00\" \/>\n<meta property=\"og:image\" content=\"https:\/\/petluxu.azdigi.shop\/wp-content\/uploads\/2026\/03\/1694840587377.webp\" \/>\n\t<meta property=\"og:image:width\" content=\"1200\" \/>\n\t<meta property=\"og:image:height\" content=\"800\" \/>\n\t<meta property=\"og:image:type\" content=\"image\/webp\" \/>\n<meta name=\"twitter:card\" content=\"summary_large_image\" \/>\n<meta name=\"twitter:label1\" content=\"Est. reading time\" \/>\n\t<meta name=\"twitter:data1\" content=\"2 minutes\" \/>\n<script type=\"application\/ld+json\" class=\"yoast-schema-graph\">{\"@context\":\"https:\/\/schema.org\",\"@graph\":[{\"@type\":\"WebPage\",\"@id\":\"https:\/\/petluxu.azdigi.shop\/?product=cun-bully\",\"url\":\"https:\/\/petluxu.azdigi.shop\/?product=cun-bully\",\"name\":\"C\u00fan Bully - shop th\u00fa c\u01b0ng\",\"isPartOf\":{\"@id\":\"https:\/\/petluxu.azdigi.shop\/#website\"},\"primaryImageOfPage\":{\"@id\":\"https:\/\/petluxu.azdigi.shop\/?product=cun-bully#primaryimage\"},\"image\":{\"@id\":\"https:\/\/petluxu.azdigi.shop\/?product=cun-bully#primaryimage\"},\"thumbnailUrl\":\"https:\/\/petluxu.azdigi.shop\/wp-content\/uploads\/2026\/03\/1694840587377.webp\",\"datePublished\":\"2026-04-10T09:22:09+00:00\",\"dateModified\":\"2026-04-11T22:25:43+00:00\",\"description\":\"Ch\u00f3 Bully thu\u1ea7n ch\u1ee7ng, kh\u1ecfe m\u1ea1nh, ngo\u1ea1i h\u00ecnh \u0111\u1eb9p, \u0111\u00e3 ti\u00eam ph\u00f2ng \u0111\u1ea7y \u0111\u1ee7. Ch\u00f3 Bully th\u00e2n thi\u1ec7n, d\u1ec5 nu\u00f4i, ph\u00f9 h\u1ee3p l\u00e0m th\u00fa c\u01b0ng cho gia \u0111\u00ecnh hi\u1ec7n \u0111\u1ea1i.\",\"breadcrumb\":{\"@id\":\"https:\/\/petluxu.azdigi.shop\/?product=cun-bully#breadcrumb\"},\"inLanguage\":\"en-US\",\"potentialAction\":[{\"@type\":\"ReadAction\",\"target\":[\"https:\/\/petluxu.azdigi.shop\/?product=cun-bully\"]}]},{\"@type\":\"ImageObject\",\"inLanguage\":\"en-US\",\"@id\":\"https:\/\/petluxu.azdigi.shop\/?product=cun-bully#primaryimage\",\"url\":\"https:\/\/petluxu.azdigi.shop\/wp-content\/uploads\/2026\/03\/1694840587377.webp\",\"contentUrl\":\"https:\/\/petluxu.azdigi.shop\/wp-content\/uploads\/2026\/03\/1694840587377.webp\",\"width\":1200,\"height\":800},{\"@type\":\"BreadcrumbList\",\"@id\":\"https:\/\/petluxu.azdigi.shop\/?product=cun-bully#breadcrumb\",\"itemListElement\":[{\"@type\":\"ListItem\",\"position\":1,\"name\":\"Home\",\"item\":\"https:\/\/petluxu.azdigi.shop\/\"},{\"@type\":\"ListItem\",\"position\":2,\"name\":\"Shop\",\"item\":\"https:\/\/petluxu.azdigi.shop\/?page_id=348\"},{\"@type\":\"ListItem\",\"position\":3,\"name\":\"C\u00fan Bully\"}]},{\"@type\":\"WebSite\",\"@id\":\"https:\/\/petluxu.azdigi.shop\/#website\",\"url\":\"https:\/\/petluxu.azdigi.shop\/\",\"name\":\"shop th\u00fa c\u01b0ng\",\"description\":\"\",\"potentialAction\":[{\"@type\":\"SearchAction\",\"target\":{\"@type\":\"EntryPoint\",\"urlTemplate\":\"https:\/\/petluxu.azdigi.shop\/?s={search_term_string}\"},\"query-input\":{\"@type\":\"PropertyValueSpecification\",\"valueRequired\":true,\"valueName\":\"search_term_string\"}}],\"inLanguage\":\"en-US\"}]}<\/script>\n<!-- \/ Yoast SEO plugin. -->","yoast_head_json":{"title":"C\u00fan Bully - shop th\u00fa c\u01b0ng","description":"Ch\u00f3 Bully thu\u1ea7n ch\u1ee7ng, kh\u1ecfe m\u1ea1nh, ngo\u1ea1i h\u00ecnh \u0111\u1eb9p, \u0111\u00e3 ti\u00eam ph\u00f2ng \u0111\u1ea7y \u0111\u1ee7. Ch\u00f3 Bully th\u00e2n thi\u1ec7n, d\u1ec5 nu\u00f4i, ph\u00f9 h\u1ee3p l\u00e0m th\u00fa c\u01b0ng cho gia \u0111\u00ecnh hi\u1ec7n \u0111\u1ea1i.","robots":{"index":"index","follow":"follow","max-snippet":"max-snippet:-1","max-image-preview":"max-image-preview:large","max-video-preview":"max-video-preview:-1"},"canonical":"https:\/\/petluxu.azdigi.shop\/?product=cun-bully","og_locale":"en_US","og_type":"article","og_title":"C\u00fan Bully - shop th\u00fa c\u01b0ng","og_description":"Ch\u00f3 Bully thu\u1ea7n ch\u1ee7ng, kh\u1ecfe m\u1ea1nh, ngo\u1ea1i h\u00ecnh \u0111\u1eb9p, \u0111\u00e3 ti\u00eam ph\u00f2ng \u0111\u1ea7y \u0111\u1ee7. Ch\u00f3 Bully th\u00e2n thi\u1ec7n, d\u1ec5 nu\u00f4i, ph\u00f9 h\u1ee3p l\u00e0m th\u00fa c\u01b0ng cho gia \u0111\u00ecnh hi\u1ec7n \u0111\u1ea1i.","og_url":"https:\/\/petluxu.azdigi.shop\/?product=cun-bully","og_site_name":"shop th\u00fa c\u01b0ng","article_modified_time":"2026-04-11T22:25:43+00:00","og_image":[{"width":1200,"height":800,"url":"https:\/\/petluxu.azdigi.shop\/wp-content\/uploads\/2026\/03\/1694840587377.webp","type":"image\/webp"}],"twitter_card":"summary_large_image","twitter_misc":{"Est. reading time":"2 minutes"},"schema":{"@context":"https:\/\/schema.org","@graph":[{"@type":"WebPage","@id":"https:\/\/petluxu.azdigi.shop\/?product=cun-bully","url":"https:\/\/petluxu.azdigi.shop\/?product=cun-bully","name":"C\u00fan Bully - shop th\u00fa c\u01b0ng","isPartOf":{"@id":"https:\/\/petluxu.azdigi.shop\/#website"},"primaryImageOfPage":{"@id":"https:\/\/petluxu.azdigi.shop\/?product=cun-bully#primaryimage"},"image":{"@id":"https:\/\/petluxu.azdigi.shop\/?product=cun-bully#primaryimage"},"thumbnailUrl":"https:\/\/petluxu.azdigi.shop\/wp-content\/uploads\/2026\/03\/1694840587377.webp","datePublished":"2026-04-10T09:22:09+00:00","dateModified":"2026-04-11T22:25:43+00:00","description":"Ch\u00f3 Bully thu\u1ea7n ch\u1ee7ng, kh\u1ecfe m\u1ea1nh, ngo\u1ea1i h\u00ecnh \u0111\u1eb9p, \u0111\u00e3 ti\u00eam ph\u00f2ng \u0111\u1ea7y \u0111\u1ee7. Ch\u00f3 Bully th\u00e2n thi\u1ec7n, d\u1ec5 nu\u00f4i, ph\u00f9 h\u1ee3p l\u00e0m th\u00fa c\u01b0ng cho gia \u0111\u00ecnh hi\u1ec7n \u0111\u1ea1i.","breadcrumb":{"@id":"https:\/\/petluxu.azdigi.shop\/?product=cun-bully#breadcrumb"},"inLanguage":"en-US","potentialAction":[{"@type":"ReadAction","target":["https:\/\/petluxu.azdigi.shop\/?product=cun-bully"]}]},{"@type":"ImageObject","inLanguage":"en-US","@id":"https:\/\/petluxu.azdigi.shop\/?product=cun-bully#primaryimage","url":"https:\/\/petluxu.azdigi.shop\/wp-content\/uploads\/2026\/03\/1694840587377.webp","contentUrl":"https:\/\/petluxu.azdigi.shop\/wp-content\/uploads\/2026\/03\/1694840587377.webp","width":1200,"height":800},{"@type":"BreadcrumbList","@id":"https:\/\/petluxu.azdigi.shop\/?product=cun-bully#breadcrumb","itemListElement":[{"@type":"ListItem","position":1,"name":"Home","item":"https:\/\/petluxu.azdigi.shop\/"},{"@type":"ListItem","position":2,"name":"Shop","item":"https:\/\/petluxu.azdigi.shop\/?page_id=348"},{"@type":"ListItem","position":3,"name":"C\u00fan Bully"}]},{"@type":"WebSite","@id":"https:\/\/petluxu.azdigi.shop\/#website","url":"https:\/\/petluxu.azdigi.shop\/","name":"shop th\u00fa c\u01b0ng","description":"","potentialAction":[{"@type":"SearchAction","target":{"@type":"EntryPoint","urlTemplate":"https:\/\/petluxu.azdigi.shop\/?s={search_term_string}"},"query-input":{"@type":"PropertyValueSpecification","valueRequired":true,"valueName":"search_term_string"}}],"inLanguage":"en-US"}]}},"_links":{"self":[{"href":"https:\/\/petluxu.azdigi.shop\/index.php?rest_route=\/wp\/v2\/product\/594","targetHints":{"allow":["GET"]}}],"collection":[{"href":"https:\/\/petluxu.azdigi.shop\/index.php?rest_route=\/wp\/v2\/product"}],"about":[{"href":"https:\/\/petluxu.azdigi.shop\/index.php?rest_route=\/wp\/v2\/types\/product"}],"replies":[{"embeddable":true,"href":"https:\/\/petluxu.azdigi.shop\/index.php?rest_route=%2Fwp%2Fv2%2Fcomments&post=594"}],"wp:featuredmedia":[{"embeddable":true,"href":"https:\/\/petluxu.azdigi.shop\/index.php?rest_route=\/wp\/v2\/media\/219"}],"wp:attachment":[{"href":"https:\/\/petluxu.azdigi.shop\/index.php?rest_route=%2Fwp%2Fv2%2Fmedia&parent=594"}],"wp:term":[{"taxonomy":"product_brand","embeddable":true,"href":"https:\/\/petluxu.azdigi.shop\/index.php?rest_route=%2Fwp%2Fv2%2Fproduct_brand&post=594"},{"taxonomy":"product_cat","embeddable":true,"href":"https:\/\/petluxu.azdigi.shop\/index.php?rest_route=%2Fwp%2Fv2%2Fproduct_cat&post=594"},{"taxonomy":"product_tag","embeddable":true,"href":"https:\/\/petluxu.azdigi.shop\/index.php?rest_route=%2Fwp%2Fv2%2Fproduct_tag&post=594"}],"curies":[{"name":"wp","href":"https:\/\/api.w.org\/{rel}","templated":true}]}}