{"id":597,"date":"2026-04-10T09:35:01","date_gmt":"2026-04-10T09:35:01","guid":{"rendered":"https:\/\/petluxu.azdigi.shop\/?post_type=product&#038;p=597"},"modified":"2026-04-11T22:23:16","modified_gmt":"2026-04-11T22:23:16","slug":"cho-phoc-soc-thuan-chung-dep-de-thuong-gia-tot","status":"publish","type":"product","link":"https:\/\/petluxu.azdigi.shop\/?product=cho-phoc-soc-thuan-chung-dep-de-thuong-gia-tot","title":{"rendered":"Ch\u00f3 Ph\u1ed1c S\u00f3c Thu\u1ea7n Ch\u1ee7ng \u2013 \u0110\u1eb9p, D\u1ec5 Th\u01b0\u01a1ng, Gi\u00e1 T\u1ed1t"},"content":{"rendered":"<p><img loading=\"lazy\" decoding=\"async\" class=\"alignnone size-medium wp-image-196 aligncenter\" src=\"https:\/\/petluxu.azdigi.shop\/wp-content\/uploads\/2026\/03\/Pomeranians-1024x941-compressed-300x275.webp\" alt=\"\" width=\"300\" height=\"275\" srcset=\"https:\/\/petluxu.azdigi.shop\/wp-content\/uploads\/2026\/03\/Pomeranians-1024x941-compressed-300x275.webp 300w, https:\/\/petluxu.azdigi.shop\/wp-content\/uploads\/2026\/03\/Pomeranians-1024x941-compressed-600x551.webp 600w, https:\/\/petluxu.azdigi.shop\/wp-content\/uploads\/2026\/03\/Pomeranians-1024x941-compressed-768x705.webp 768w, https:\/\/petluxu.azdigi.shop\/wp-content\/uploads\/2026\/03\/Pomeranians-1024x941-compressed.webp 1000w\" sizes=\"auto, (max-width: 300px) 100vw, 300px\" \/><\/p>\n<h2 data-section-id=\"gm2z2j\" data-start=\"527\" data-end=\"566\">Gi\u1edbi thi\u1ec7u v\u1ec1 gi\u1ed1ng ch\u00f3 Pomeranian<\/h2>\n<p data-start=\"567\" data-end=\"858\">Ch\u00f3 Ph\u1ed1c S\u00f3c l\u00e0 gi\u1ed1ng ch\u00f3 c\u1ea3nh nh\u1ecf, r\u1ea5t \u0111\u01b0\u1ee3c y\u00eau th\u00edch hi\u1ec7n nay.<br data-start=\"631\" data-end=\"634\" \/>Gi\u1ed1ng Pomeranian n\u1ed5i b\u1eadt v\u1edbi ngo\u1ea1i h\u00ecnh \u0111\u00e1ng y\u00eau v\u00e0 b\u1ed9 l\u00f4ng x\u00f9 m\u1ec1m m\u1ea1i.<br data-start=\"705\" data-end=\"708\" \/>V\u00ec v\u1eady, ch\u00fang lu\u00f4n thu h\u00fat ng\u01b0\u1eddi nu\u00f4i th\u00fa c\u01b0ng ngay t\u1eeb c\u00e1i nh\u00ecn \u0111\u1ea7u ti\u00ean.<br data-start=\"781\" data-end=\"784\" \/>Ngo\u00e0i ra, d\u00f2ng ch\u00f3 n\u00e0y c\u00f3 ngu\u1ed3n g\u1ed1c r\u00f5 r\u00e0ng v\u00e0 \u0111\u01b0\u1ee3c nh\u00e2n gi\u1ed1ng r\u1ed9ng r\u00e3i.<\/p>\n<h2 data-section-id=\"1dczwzt\" data-start=\"860\" data-end=\"903\">\u0110\u1eb7c \u0111i\u1ec3m n\u1ed5i b\u1eadt c\u1ee7a ch\u00f3 Ph\u1ed1c S\u00f3c mini<\/h2>\n<p data-start=\"904\" data-end=\"1160\">Pomeranian c\u00f3 k\u00edch th\u01b0\u1edbc nh\u1ecf n\u00ean ph\u00f9 h\u1ee3p v\u1edbi c\u0103n h\u1ed9 v\u00e0 kh\u00f4ng gian h\u1eb9p.<br data-start=\"974\" data-end=\"977\" \/>B\u00ean c\u1ea1nh \u0111\u00f3, ch\u00fang r\u1ea5t nhanh nh\u1eb9n v\u00e0 c\u00f3 t\u00ednh c\u00e1ch ho\u1ea1t b\u00e1t.<br data-start=\"1036\" data-end=\"1039\" \/>H\u01a1n n\u1eefa, gi\u1ed1ng ch\u00f3 n\u00e0y r\u1ea5t trung th\u00e0nh v\u00e0 qu\u1ea5n ch\u1ee7.<br data-start=\"1090\" data-end=\"1093\" \/>Do \u0111\u00f3, ng\u01b0\u1eddi nu\u00f4i c\u00f3 th\u1ec3 d\u1ec5 d\u00e0ng hu\u1ea5n luy\u1ec7n trong th\u1eddi gian ng\u1eafn.<\/p>\n<h2 data-section-id=\"1d2zhxr\" data-start=\"1162\" data-end=\"1207\">C\u00e1ch ch\u0103m s\u00f3c ch\u00f3 c\u1ea3nh l\u00f4ng x\u00f9 \u0111\u00fang c\u00e1ch<\/h2>\n<p data-start=\"1208\" data-end=\"1483\">\u0110\u1ec3 th\u00fa c\u01b0ng ph\u00e1t tri\u1ec3n t\u1ed1t, b\u1ea1n c\u1ea7n cung c\u1ea5p ch\u1ebf \u0111\u1ed9 \u0103n \u0111\u1ea7y \u0111\u1ee7 dinh d\u01b0\u1ee1ng.<br data-start=\"1281\" data-end=\"1284\" \/>\u0110\u1ed3ng th\u1eddi, vi\u1ec7c ch\u1ea3i l\u00f4ng th\u01b0\u1eddng xuy\u00ean gi\u00fap gi\u1eef v\u1ebb ngo\u00e0i lu\u00f4n g\u1ecdn g\u00e0ng.<br data-start=\"1355\" data-end=\"1358\" \/>Ngo\u00e0i ra, b\u1ea1n n\u00ean \u0111\u01b0a th\u00fa c\u01b0ng \u0111i ti\u00eam ph\u00f2ng \u0111\u1ecbnh k\u1ef3.<br data-start=\"1411\" data-end=\"1414\" \/>V\u00ec th\u1ebf, vi\u1ec7c ch\u0103m s\u00f3c \u0111\u00fang c\u00e1ch gi\u00fap h\u1ea1n ch\u1ebf b\u1ec7nh v\u00e0 t\u0103ng tu\u1ed5i th\u1ecd.<\/p>\n<h2 data-section-id=\"14tfide\" data-start=\"1485\" data-end=\"1517\">L\u00fd do n\u00ean nu\u00f4i ch\u00f3 Ph\u1ed1c S\u00f3c<\/h2>\n<p data-start=\"1518\" data-end=\"1783\">Gi\u1ed1ng ch\u00f3 n\u00e0y kh\u00f4ng ch\u1ec9 d\u1ec5 th\u01b0\u01a1ng m\u00e0 c\u00f2n ph\u00f9 h\u1ee3p v\u1edbi nhi\u1ec1u \u0111\u1ed1i t\u01b0\u1ee3ng.<br data-start=\"1587\" data-end=\"1590\" \/>H\u01a1n n\u1eefa, ch\u00fang th\u00edch nghi t\u1ed1t v\u1edbi m\u00f4i tr\u01b0\u1eddng s\u1ed1ng \u0111\u00f4 th\u1ecb hi\u1ec7n \u0111\u1ea1i.<br data-start=\"1656\" data-end=\"1659\" \/>V\u00ec v\u1eady, \u0111\u00e2y l\u00e0 l\u1ef1a ch\u1ecdn l\u00fd t\u01b0\u1edfng cho ng\u01b0\u1eddi b\u1eadn r\u1ed9n.<br data-start=\"1710\" data-end=\"1713\" \/>\u0110\u1eb7c bi\u1ec7t, th\u00fa c\u01b0ng n\u00e0y mang l\u1ea1i ni\u1ec1m vui v\u00e0 s\u1ef1 g\u1eafn k\u1ebft cho gia \u0111\u00ecnh.<\/p>\n<h2 data-section-id=\"8cboe\" data-start=\"1785\" data-end=\"1819\">Gi\u00e1 b\u00e1n v\u00e0 l\u01b0u \u00fd khi ch\u1ecdn mua<\/h2>\n<p data-start=\"1820\" data-end=\"2031\">Khi ch\u1ecdn mua, b\u1ea1n n\u00ean \u01b0u ti\u00ean n\u01a1i b\u00e1n uy t\u00edn v\u00e0 c\u00f3 b\u1ea3o h\u00e0nh s\u1ee9c kh\u1ecfe.<br data-start=\"1889\" data-end=\"1892\" \/>Ngo\u00e0i ra, c\u1ea7n ki\u1ec3m tra ngu\u1ed3n g\u1ed1c v\u00e0 t\u00ecnh tr\u1ea1ng s\u1ee9c kh\u1ecfe r\u00f5 r\u00e0ng.<br data-start=\"1956\" data-end=\"1959\" \/>Do \u0111\u00f3, vi\u1ec7c l\u1ef1a ch\u1ecdn \u0111\u00fang gi\u00fap b\u1ea1n y\u00ean t\u00e2m trong qu\u00e1 tr\u00ecnh nu\u00f4i d\u01b0\u1ee1ng.<\/p>\n","protected":false},"excerpt":{"rendered":"<p data-start=\"275\" data-end=\"421\">Ch\u00f3 Ph\u1ed1c S\u00f3c thu\u1ea7n ch\u1ee7ng, l\u00f4ng x\u00f9 \u0111\u00e1ng y\u00eau, k\u00edch th\u01b0\u1edbc nh\u1ecf.<\/p>\n<p data-start=\"275\" data-end=\"421\">Ch\u00f3 Ph\u1ed1c S\u00f3c th\u00f4ng minh, d\u1ec5 nu\u00f4i, \u0111\u00e3 ti\u00eam ph\u00f2ng \u0111\u1ea7y \u0111\u1ee7, ph\u00f9 h\u1ee3p l\u00e0m th\u00fa c\u01b0ng gia \u0111\u00ecnh.<\/p>\n","protected":false},"featured_media":196,"comment_status":"open","ping_status":"closed","template":"","meta":[],"product_brand":[],"product_cat":[28],"product_tag":[],"class_list":{"0":"post-597","1":"product","2":"type-product","3":"status-publish","4":"has-post-thumbnail","6":"product_cat-thu-cung","8":"first","9":"instock","10":"sale","11":"taxable","12":"shipping-taxable","13":"purchasable","14":"product-type-variable"},"yoast_head":"<!-- This site is optimized with the Yoast SEO plugin v27.2 - https:\/\/yoast.com\/product\/yoast-seo-wordpress\/ -->\n<title>Ch\u00f3 Ph\u1ed1c S\u00f3c Thu\u1ea7n Ch\u1ee7ng \u2013 \u0110\u1eb9p, D\u1ec5 Th\u01b0\u01a1ng, Gi\u00e1 T\u1ed1t - shop th\u00fa c\u01b0ng<\/title>\n<meta name=\"description\" content=\"Ch\u00f3 Ph\u1ed1c S\u00f3c thu\u1ea7n ch\u1ee7ng, l\u00f4ng x\u00f9 \u0111\u00e1ng y\u00eau, k\u00edch th\u01b0\u1edbc nh\u1ecf. Ch\u00f3 Ph\u1ed1c S\u00f3c th\u00f4ng minh, d\u1ec5 nu\u00f4i, \u0111\u00e3 ti\u00eam ph\u00f2ng \u0111\u1ea7y \u0111\u1ee7, ph\u00f9 h\u1ee3p l\u00e0m th\u00fa c\u01b0ng gia \u0111\u00ecnh.\" \/>\n<meta name=\"robots\" content=\"index, follow, max-snippet:-1, max-image-preview:large, max-video-preview:-1\" \/>\n<link rel=\"canonical\" href=\"https:\/\/petluxu.azdigi.shop\/?product=cho-phoc-soc-thuan-chung-dep-de-thuong-gia-tot\" \/>\n<meta property=\"og:locale\" content=\"en_US\" \/>\n<meta property=\"og:type\" content=\"article\" \/>\n<meta property=\"og:title\" content=\"Ch\u00f3 Ph\u1ed1c S\u00f3c Thu\u1ea7n Ch\u1ee7ng \u2013 \u0110\u1eb9p, D\u1ec5 Th\u01b0\u01a1ng, Gi\u00e1 T\u1ed1t - shop th\u00fa c\u01b0ng\" \/>\n<meta property=\"og:description\" content=\"Ch\u00f3 Ph\u1ed1c S\u00f3c thu\u1ea7n ch\u1ee7ng, l\u00f4ng x\u00f9 \u0111\u00e1ng y\u00eau, k\u00edch th\u01b0\u1edbc nh\u1ecf. Ch\u00f3 Ph\u1ed1c S\u00f3c th\u00f4ng minh, d\u1ec5 nu\u00f4i, \u0111\u00e3 ti\u00eam ph\u00f2ng \u0111\u1ea7y \u0111\u1ee7, ph\u00f9 h\u1ee3p l\u00e0m th\u00fa c\u01b0ng gia \u0111\u00ecnh.\" \/>\n<meta property=\"og:url\" content=\"https:\/\/petluxu.azdigi.shop\/?product=cho-phoc-soc-thuan-chung-dep-de-thuong-gia-tot\" \/>\n<meta property=\"og:site_name\" content=\"shop th\u00fa c\u01b0ng\" \/>\n<meta property=\"article:modified_time\" content=\"2026-04-11T22:23:16+00:00\" \/>\n<meta property=\"og:image\" content=\"https:\/\/petluxu.azdigi.shop\/wp-content\/uploads\/2026\/03\/Pomeranians-1024x941-compressed.webp\" \/>\n\t<meta property=\"og:image:width\" content=\"1000\" \/>\n\t<meta property=\"og:image:height\" content=\"918\" \/>\n\t<meta property=\"og:image:type\" content=\"image\/webp\" \/>\n<meta name=\"twitter:card\" content=\"summary_large_image\" \/>\n<meta name=\"twitter:label1\" content=\"Est. reading time\" \/>\n\t<meta name=\"twitter:data1\" content=\"2 minutes\" \/>\n<script type=\"application\/ld+json\" class=\"yoast-schema-graph\">{\"@context\":\"https:\/\/schema.org\",\"@graph\":[{\"@type\":\"WebPage\",\"@id\":\"https:\/\/petluxu.azdigi.shop\/?product=cho-phoc-soc-thuan-chung-dep-de-thuong-gia-tot\",\"url\":\"https:\/\/petluxu.azdigi.shop\/?product=cho-phoc-soc-thuan-chung-dep-de-thuong-gia-tot\",\"name\":\"Ch\u00f3 Ph\u1ed1c S\u00f3c Thu\u1ea7n Ch\u1ee7ng \u2013 \u0110\u1eb9p, D\u1ec5 Th\u01b0\u01a1ng, Gi\u00e1 T\u1ed1t - shop th\u00fa c\u01b0ng\",\"isPartOf\":{\"@id\":\"https:\/\/petluxu.azdigi.shop\/#website\"},\"primaryImageOfPage\":{\"@id\":\"https:\/\/petluxu.azdigi.shop\/?product=cho-phoc-soc-thuan-chung-dep-de-thuong-gia-tot#primaryimage\"},\"image\":{\"@id\":\"https:\/\/petluxu.azdigi.shop\/?product=cho-phoc-soc-thuan-chung-dep-de-thuong-gia-tot#primaryimage\"},\"thumbnailUrl\":\"https:\/\/petluxu.azdigi.shop\/wp-content\/uploads\/2026\/03\/Pomeranians-1024x941-compressed.webp\",\"datePublished\":\"2026-04-10T09:35:01+00:00\",\"dateModified\":\"2026-04-11T22:23:16+00:00\",\"description\":\"Ch\u00f3 Ph\u1ed1c S\u00f3c thu\u1ea7n ch\u1ee7ng, l\u00f4ng x\u00f9 \u0111\u00e1ng y\u00eau, k\u00edch th\u01b0\u1edbc nh\u1ecf. Ch\u00f3 Ph\u1ed1c S\u00f3c th\u00f4ng minh, d\u1ec5 nu\u00f4i, \u0111\u00e3 ti\u00eam ph\u00f2ng \u0111\u1ea7y \u0111\u1ee7, ph\u00f9 h\u1ee3p l\u00e0m th\u00fa c\u01b0ng gia \u0111\u00ecnh.\",\"breadcrumb\":{\"@id\":\"https:\/\/petluxu.azdigi.shop\/?product=cho-phoc-soc-thuan-chung-dep-de-thuong-gia-tot#breadcrumb\"},\"inLanguage\":\"en-US\",\"potentialAction\":[{\"@type\":\"ReadAction\",\"target\":[\"https:\/\/petluxu.azdigi.shop\/?product=cho-phoc-soc-thuan-chung-dep-de-thuong-gia-tot\"]}]},{\"@type\":\"ImageObject\",\"inLanguage\":\"en-US\",\"@id\":\"https:\/\/petluxu.azdigi.shop\/?product=cho-phoc-soc-thuan-chung-dep-de-thuong-gia-tot#primaryimage\",\"url\":\"https:\/\/petluxu.azdigi.shop\/wp-content\/uploads\/2026\/03\/Pomeranians-1024x941-compressed.webp\",\"contentUrl\":\"https:\/\/petluxu.azdigi.shop\/wp-content\/uploads\/2026\/03\/Pomeranians-1024x941-compressed.webp\",\"width\":1000,\"height\":918},{\"@type\":\"BreadcrumbList\",\"@id\":\"https:\/\/petluxu.azdigi.shop\/?product=cho-phoc-soc-thuan-chung-dep-de-thuong-gia-tot#breadcrumb\",\"itemListElement\":[{\"@type\":\"ListItem\",\"position\":1,\"name\":\"Home\",\"item\":\"https:\/\/petluxu.azdigi.shop\/\"},{\"@type\":\"ListItem\",\"position\":2,\"name\":\"Shop\",\"item\":\"https:\/\/petluxu.azdigi.shop\/?page_id=348\"},{\"@type\":\"ListItem\",\"position\":3,\"name\":\"Ch\u00f3 Ph\u1ed1c S\u00f3c Thu\u1ea7n Ch\u1ee7ng \u2013 \u0110\u1eb9p, D\u1ec5 Th\u01b0\u01a1ng, Gi\u00e1 T\u1ed1t\"}]},{\"@type\":\"WebSite\",\"@id\":\"https:\/\/petluxu.azdigi.shop\/#website\",\"url\":\"https:\/\/petluxu.azdigi.shop\/\",\"name\":\"shop th\u00fa c\u01b0ng\",\"description\":\"\",\"potentialAction\":[{\"@type\":\"SearchAction\",\"target\":{\"@type\":\"EntryPoint\",\"urlTemplate\":\"https:\/\/petluxu.azdigi.shop\/?s={search_term_string}\"},\"query-input\":{\"@type\":\"PropertyValueSpecification\",\"valueRequired\":true,\"valueName\":\"search_term_string\"}}],\"inLanguage\":\"en-US\"}]}<\/script>\n<!-- \/ Yoast SEO plugin. -->","yoast_head_json":{"title":"Ch\u00f3 Ph\u1ed1c S\u00f3c Thu\u1ea7n Ch\u1ee7ng \u2013 \u0110\u1eb9p, D\u1ec5 Th\u01b0\u01a1ng, Gi\u00e1 T\u1ed1t - shop th\u00fa c\u01b0ng","description":"Ch\u00f3 Ph\u1ed1c S\u00f3c thu\u1ea7n ch\u1ee7ng, l\u00f4ng x\u00f9 \u0111\u00e1ng y\u00eau, k\u00edch th\u01b0\u1edbc nh\u1ecf. Ch\u00f3 Ph\u1ed1c S\u00f3c th\u00f4ng minh, d\u1ec5 nu\u00f4i, \u0111\u00e3 ti\u00eam ph\u00f2ng \u0111\u1ea7y \u0111\u1ee7, ph\u00f9 h\u1ee3p l\u00e0m th\u00fa c\u01b0ng gia \u0111\u00ecnh.","robots":{"index":"index","follow":"follow","max-snippet":"max-snippet:-1","max-image-preview":"max-image-preview:large","max-video-preview":"max-video-preview:-1"},"canonical":"https:\/\/petluxu.azdigi.shop\/?product=cho-phoc-soc-thuan-chung-dep-de-thuong-gia-tot","og_locale":"en_US","og_type":"article","og_title":"Ch\u00f3 Ph\u1ed1c S\u00f3c Thu\u1ea7n Ch\u1ee7ng \u2013 \u0110\u1eb9p, D\u1ec5 Th\u01b0\u01a1ng, Gi\u00e1 T\u1ed1t - shop th\u00fa c\u01b0ng","og_description":"Ch\u00f3 Ph\u1ed1c S\u00f3c thu\u1ea7n ch\u1ee7ng, l\u00f4ng x\u00f9 \u0111\u00e1ng y\u00eau, k\u00edch th\u01b0\u1edbc nh\u1ecf. Ch\u00f3 Ph\u1ed1c S\u00f3c th\u00f4ng minh, d\u1ec5 nu\u00f4i, \u0111\u00e3 ti\u00eam ph\u00f2ng \u0111\u1ea7y \u0111\u1ee7, ph\u00f9 h\u1ee3p l\u00e0m th\u00fa c\u01b0ng gia \u0111\u00ecnh.","og_url":"https:\/\/petluxu.azdigi.shop\/?product=cho-phoc-soc-thuan-chung-dep-de-thuong-gia-tot","og_site_name":"shop th\u00fa c\u01b0ng","article_modified_time":"2026-04-11T22:23:16+00:00","og_image":[{"width":1000,"height":918,"url":"https:\/\/petluxu.azdigi.shop\/wp-content\/uploads\/2026\/03\/Pomeranians-1024x941-compressed.webp","type":"image\/webp"}],"twitter_card":"summary_large_image","twitter_misc":{"Est. reading time":"2 minutes"},"schema":{"@context":"https:\/\/schema.org","@graph":[{"@type":"WebPage","@id":"https:\/\/petluxu.azdigi.shop\/?product=cho-phoc-soc-thuan-chung-dep-de-thuong-gia-tot","url":"https:\/\/petluxu.azdigi.shop\/?product=cho-phoc-soc-thuan-chung-dep-de-thuong-gia-tot","name":"Ch\u00f3 Ph\u1ed1c S\u00f3c Thu\u1ea7n Ch\u1ee7ng \u2013 \u0110\u1eb9p, D\u1ec5 Th\u01b0\u01a1ng, Gi\u00e1 T\u1ed1t - shop th\u00fa c\u01b0ng","isPartOf":{"@id":"https:\/\/petluxu.azdigi.shop\/#website"},"primaryImageOfPage":{"@id":"https:\/\/petluxu.azdigi.shop\/?product=cho-phoc-soc-thuan-chung-dep-de-thuong-gia-tot#primaryimage"},"image":{"@id":"https:\/\/petluxu.azdigi.shop\/?product=cho-phoc-soc-thuan-chung-dep-de-thuong-gia-tot#primaryimage"},"thumbnailUrl":"https:\/\/petluxu.azdigi.shop\/wp-content\/uploads\/2026\/03\/Pomeranians-1024x941-compressed.webp","datePublished":"2026-04-10T09:35:01+00:00","dateModified":"2026-04-11T22:23:16+00:00","description":"Ch\u00f3 Ph\u1ed1c S\u00f3c thu\u1ea7n ch\u1ee7ng, l\u00f4ng x\u00f9 \u0111\u00e1ng y\u00eau, k\u00edch th\u01b0\u1edbc nh\u1ecf. Ch\u00f3 Ph\u1ed1c S\u00f3c th\u00f4ng minh, d\u1ec5 nu\u00f4i, \u0111\u00e3 ti\u00eam ph\u00f2ng \u0111\u1ea7y \u0111\u1ee7, ph\u00f9 h\u1ee3p l\u00e0m th\u00fa c\u01b0ng gia \u0111\u00ecnh.","breadcrumb":{"@id":"https:\/\/petluxu.azdigi.shop\/?product=cho-phoc-soc-thuan-chung-dep-de-thuong-gia-tot#breadcrumb"},"inLanguage":"en-US","potentialAction":[{"@type":"ReadAction","target":["https:\/\/petluxu.azdigi.shop\/?product=cho-phoc-soc-thuan-chung-dep-de-thuong-gia-tot"]}]},{"@type":"ImageObject","inLanguage":"en-US","@id":"https:\/\/petluxu.azdigi.shop\/?product=cho-phoc-soc-thuan-chung-dep-de-thuong-gia-tot#primaryimage","url":"https:\/\/petluxu.azdigi.shop\/wp-content\/uploads\/2026\/03\/Pomeranians-1024x941-compressed.webp","contentUrl":"https:\/\/petluxu.azdigi.shop\/wp-content\/uploads\/2026\/03\/Pomeranians-1024x941-compressed.webp","width":1000,"height":918},{"@type":"BreadcrumbList","@id":"https:\/\/petluxu.azdigi.shop\/?product=cho-phoc-soc-thuan-chung-dep-de-thuong-gia-tot#breadcrumb","itemListElement":[{"@type":"ListItem","position":1,"name":"Home","item":"https:\/\/petluxu.azdigi.shop\/"},{"@type":"ListItem","position":2,"name":"Shop","item":"https:\/\/petluxu.azdigi.shop\/?page_id=348"},{"@type":"ListItem","position":3,"name":"Ch\u00f3 Ph\u1ed1c S\u00f3c Thu\u1ea7n Ch\u1ee7ng \u2013 \u0110\u1eb9p, D\u1ec5 Th\u01b0\u01a1ng, Gi\u00e1 T\u1ed1t"}]},{"@type":"WebSite","@id":"https:\/\/petluxu.azdigi.shop\/#website","url":"https:\/\/petluxu.azdigi.shop\/","name":"shop th\u00fa c\u01b0ng","description":"","potentialAction":[{"@type":"SearchAction","target":{"@type":"EntryPoint","urlTemplate":"https:\/\/petluxu.azdigi.shop\/?s={search_term_string}"},"query-input":{"@type":"PropertyValueSpecification","valueRequired":true,"valueName":"search_term_string"}}],"inLanguage":"en-US"}]}},"_links":{"self":[{"href":"https:\/\/petluxu.azdigi.shop\/index.php?rest_route=\/wp\/v2\/product\/597","targetHints":{"allow":["GET"]}}],"collection":[{"href":"https:\/\/petluxu.azdigi.shop\/index.php?rest_route=\/wp\/v2\/product"}],"about":[{"href":"https:\/\/petluxu.azdigi.shop\/index.php?rest_route=\/wp\/v2\/types\/product"}],"replies":[{"embeddable":true,"href":"https:\/\/petluxu.azdigi.shop\/index.php?rest_route=%2Fwp%2Fv2%2Fcomments&post=597"}],"wp:featuredmedia":[{"embeddable":true,"href":"https:\/\/petluxu.azdigi.shop\/index.php?rest_route=\/wp\/v2\/media\/196"}],"wp:attachment":[{"href":"https:\/\/petluxu.azdigi.shop\/index.php?rest_route=%2Fwp%2Fv2%2Fmedia&parent=597"}],"wp:term":[{"taxonomy":"product_brand","embeddable":true,"href":"https:\/\/petluxu.azdigi.shop\/index.php?rest_route=%2Fwp%2Fv2%2Fproduct_brand&post=597"},{"taxonomy":"product_cat","embeddable":true,"href":"https:\/\/petluxu.azdigi.shop\/index.php?rest_route=%2Fwp%2Fv2%2Fproduct_cat&post=597"},{"taxonomy":"product_tag","embeddable":true,"href":"https:\/\/petluxu.azdigi.shop\/index.php?rest_route=%2Fwp%2Fv2%2Fproduct_tag&post=597"}],"curies":[{"name":"wp","href":"https:\/\/api.w.org\/{rel}","templated":true}]}}