{"id":600,"date":"2026-04-10T09:46:50","date_gmt":"2026-04-10T09:46:50","guid":{"rendered":"https:\/\/petluxu.azdigi.shop\/?post_type=product&#038;p=600"},"modified":"2026-04-11T22:17:50","modified_gmt":"2026-04-11T22:17:50","slug":"cho-phoc-huou-thuan-chung-miniature-pinscher-nhanh-nhen","status":"publish","type":"product","link":"https:\/\/petluxu.azdigi.shop\/?product=cho-phoc-huou-thuan-chung-miniature-pinscher-nhanh-nhen","title":{"rendered":"Ch\u00f3 Ph\u1ed1c H\u01b0\u01a1u Thu\u1ea7n Ch\u1ee7ng \u2013 Miniature Pinscher Nhanh Nh\u1eb9n"},"content":{"rendered":"<p><img loading=\"lazy\" decoding=\"async\" class=\"alignnone size-medium wp-image-184 aligncenter\" src=\"https:\/\/petluxu.azdigi.shop\/wp-content\/uploads\/2026\/03\/z7605214059929_add2e0ec29a974f25422dac2d870a78f-300x300.jpg\" alt=\"\" width=\"300\" height=\"300\" srcset=\"https:\/\/petluxu.azdigi.shop\/wp-content\/uploads\/2026\/03\/z7605214059929_add2e0ec29a974f25422dac2d870a78f-300x300.jpg 300w, https:\/\/petluxu.azdigi.shop\/wp-content\/uploads\/2026\/03\/z7605214059929_add2e0ec29a974f25422dac2d870a78f-100x100.jpg 100w, https:\/\/petluxu.azdigi.shop\/wp-content\/uploads\/2026\/03\/z7605214059929_add2e0ec29a974f25422dac2d870a78f-600x600.jpg 600w, https:\/\/petluxu.azdigi.shop\/wp-content\/uploads\/2026\/03\/z7605214059929_add2e0ec29a974f25422dac2d870a78f-150x150.jpg 150w, https:\/\/petluxu.azdigi.shop\/wp-content\/uploads\/2026\/03\/z7605214059929_add2e0ec29a974f25422dac2d870a78f-768x768.jpg 768w, https:\/\/petluxu.azdigi.shop\/wp-content\/uploads\/2026\/03\/z7605214059929_add2e0ec29a974f25422dac2d870a78f.jpg 1020w\" sizes=\"auto, (max-width: 300px) 100vw, 300px\" \/><\/p>\n<h2 data-section-id=\"hw1ecz\" data-start=\"840\" data-end=\"883\">Gi\u1edbi thi\u1ec7u<\/h2>\n<p data-start=\"884\" data-end=\"1188\">Ch\u00f3 Ph\u1ed1c H\u01b0\u01a1u l\u00e0 gi\u1ed1ng ch\u00f3 c\u1ea3nh nh\u1ecf, c\u00f3 ngo\u1ea1i h\u00ecnh thanh tho\u00e1t v\u00e0 r\u1ea5t n\u0103ng \u0111\u1ed9ng.<br data-start=\"964\" data-end=\"967\" \/>n\u1ed5i b\u1eadt v\u1edbi d\u00e1ng \u0111i uy\u1ec3n chuy\u1ec3n v\u00e0 th\u1ea7n th\u00e1i t\u1ef1 tin.<br data-start=\"1038\" data-end=\"1041\" \/>V\u00ec v\u1eady, gi\u1ed1ng ch\u00f3 n\u00e0y lu\u00f4n thu h\u00fat nh\u1eefng ng\u01b0\u1eddi y\u00eau th\u00edch th\u00fa c\u01b0ng c\u00e1 t\u00ednh.<br data-start=\"1115\" data-end=\"1118\" \/>Ngo\u00e0i ra, ch\u00fang c\u00f3 ngu\u1ed3n g\u1ed1c r\u00f5 r\u00e0ng v\u00e0 \u0111\u01b0\u1ee3c nu\u00f4i ph\u1ed5 bi\u1ebfn hi\u1ec7n nay.<\/p>\n<h2 data-section-id=\"1lu34n9\" data-start=\"1190\" data-end=\"1229\">\u0110\u1eb7c \u0111i\u1ec3m n\u1ed5i b\u1eadt<\/h2>\n<p data-start=\"1230\" data-end=\"1505\">Gi\u1ed1ng ch\u00f3 n\u00e0y c\u00f3 th\u00e2n h\u00ecnh nh\u1ecf g\u1ecdn nh\u01b0ng r\u1ea5t s\u0103n ch\u1eafc v\u00e0 linh ho\u1ea1t.<br data-start=\"1297\" data-end=\"1300\" \/>B\u00ean c\u1ea1nh \u0111\u00f3, ch\u00fang c\u00f3 t\u00ednh c\u00e1ch d\u0169ng c\u1ea3m v\u00e0 kh\u00e1 c\u1ea3nh gi\u00e1c.<br data-start=\"1358\" data-end=\"1361\" \/>H\u01a1n n\u1eefa, Miniature Pinscher r\u1ea5t th\u00f4ng minh v\u00e0 d\u1ec5 th\u00edch nghi m\u00f4i tr\u01b0\u1eddng m\u1edbi.<br data-start=\"1436\" data-end=\"1439\" \/>Do \u0111\u00f3, ng\u01b0\u1eddi nu\u00f4i c\u00f3 th\u1ec3 hu\u1ea5n luy\u1ec7n c\u01a1 b\u1ea3n trong th\u1eddi gian ng\u1eafn.<\/p>\n<h2 data-section-id=\"2e11wt\" data-start=\"1507\" data-end=\"1544\">C\u00e1ch ch\u0103m s\u00f3c ch\u00f3 c\u1ea3nh l\u00f4ng ng\u1eafn<\/h2>\n<p data-start=\"1545\" data-end=\"1830\">\u0110\u1ec3 th\u00fa c\u01b0ng ph\u00e1t tri\u1ec3n t\u1ed1t, b\u1ea1n c\u1ea7n cung c\u1ea5p ch\u1ebf \u0111\u1ed9 dinh d\u01b0\u1ee1ng \u0111\u1ea7y \u0111\u1ee7.<br data-start=\"1615\" data-end=\"1618\" \/>\u0110\u1ed3ng th\u1eddi, n\u00ean cho v\u1eadn \u0111\u1ed9ng m\u1ed7i ng\u00e0y \u0111\u1ec3 duy tr\u00ec th\u1ec3 tr\u1ea1ng kh\u1ecfe m\u1ea1nh.<br data-start=\"1686\" data-end=\"1689\" \/>Ngo\u00e0i ra, vi\u1ec7c ti\u00eam ph\u00f2ng \u0111\u1ecbnh k\u1ef3 gi\u00fap h\u1ea1n ch\u1ebf c\u00e1c b\u1ec7nh th\u01b0\u1eddng g\u1eb7p.<br data-start=\"1756\" data-end=\"1759\" \/>V\u00ec th\u1ebf, ch\u0103m s\u00f3c \u0111\u00fang c\u00e1ch gi\u00fap th\u00fa c\u01b0ng lu\u00f4n n\u0103ng \u0111\u1ed9ng v\u00e0 kh\u1ecfe m\u1ea1nh.<\/p>\n<h2 data-section-id=\"1yulutp\" data-start=\"1832\" data-end=\"1865\">L\u00fd do n\u00ean nu\u00f4i ch\u00f3 Ph\u1ed1c H\u01b0\u01a1u<\/h2>\n<p data-start=\"1866\" data-end=\"2130\">Gi\u1ed1ng ch\u00f3 n\u00e0y ph\u00f9 h\u1ee3p v\u1edbi ng\u01b0\u1eddi s\u1ed1ng trong c\u0103n h\u1ed9 ho\u1eb7c kh\u00f4ng gian nh\u1ecf.<br data-start=\"1936\" data-end=\"1939\" \/>H\u01a1n n\u1eefa, ch\u00fang kh\u00f4ng c\u1ea7n ch\u0103m s\u00f3c l\u00f4ng qu\u00e1 c\u1ea7u k\u1ef3 nh\u01b0 nhi\u1ec1u gi\u1ed1ng kh\u00e1c.<br data-start=\"2010\" data-end=\"2013\" \/>V\u00ec v\u1eady, \u0111\u00e2y l\u00e0 l\u1ef1a ch\u1ecdn ph\u00f9 h\u1ee3p cho ng\u01b0\u1eddi b\u1eadn r\u1ed9n.<br data-start=\"2063\" data-end=\"2066\" \/>\u0110\u1eb7c bi\u1ec7t, th\u00fa c\u01b0ng n\u00e0y r\u1ea5t trung th\u00e0nh v\u00e0 g\u1eafn b\u00f3 v\u1edbi ch\u1ee7 nu\u00f4i.<\/p>\n<h2 data-section-id=\"11x0x1m\" data-start=\"2132\" data-end=\"2155\">L\u01b0u \u00fd khi ch\u1ecdn mua<\/h2>\n<p data-start=\"2156\" data-end=\"2358\">Khi ch\u1ecdn mua, b\u1ea1n n\u00ean ki\u1ec3m tra s\u1ee9c kh\u1ecfe v\u00e0 ngu\u1ed3n g\u1ed1c r\u00f5 r\u00e0ng.<br data-start=\"2217\" data-end=\"2220\" \/>Ngo\u00e0i ra, h\u00e3y \u01b0u ti\u00ean n\u01a1i b\u00e1n uy t\u00edn v\u00e0 c\u00f3 ch\u00ednh s\u00e1ch b\u1ea3o h\u00e0nh.<br data-start=\"2283\" data-end=\"2286\" \/>Do \u0111\u00f3, vi\u1ec7c l\u1ef1a ch\u1ecdn \u0111\u00fang gi\u00fap b\u1ea1n y\u00ean t\u00e2m trong qu\u00e1 tr\u00ecnh nu\u00f4i d\u01b0\u1ee1ng.<\/p>\n","protected":false},"excerpt":{"rendered":"<p data-start=\"340\" data-end=\"481\">Ch\u00f3 Ph\u1ed1c H\u01b0\u01a1u thu\u1ea7n ch\u1ee7ng, nh\u1ecf g\u1ecdn, nhanh nh\u1eb9n v\u00e0 th\u00f4ng minh.<\/p>\n<p data-start=\"340\" data-end=\"481\">Gi\u1ed1ng Miniature Pinscher d\u1ec5 nu\u00f4i, ph\u00f9 h\u1ee3p l\u00e0m th\u00fa c\u01b0ng trong gia \u0111\u00ecnh hi\u1ec7n \u0111\u1ea1i.<\/p>\n","protected":false},"featured_media":184,"comment_status":"open","ping_status":"closed","template":"","meta":[],"product_brand":[],"product_cat":[28],"product_tag":[],"class_list":{"0":"post-600","1":"product","2":"type-product","3":"status-publish","4":"has-post-thumbnail","6":"product_cat-thu-cung","8":"first","9":"instock","10":"sale","11":"taxable","12":"shipping-taxable","13":"purchasable","14":"product-type-variable"},"yoast_head":"<!-- This site is optimized with the Yoast SEO plugin v27.2 - https:\/\/yoast.com\/product\/yoast-seo-wordpress\/ -->\n<title>Ch\u00f3 Ph\u1ed1c H\u01b0\u01a1u Thu\u1ea7n Ch\u1ee7ng \u2013 Miniature Pinscher Nhanh Nh\u1eb9n - shop th\u00fa c\u01b0ng<\/title>\n<meta name=\"description\" content=\"Ch\u00f3 Ph\u1ed1c H\u01b0\u01a1u thu\u1ea7n ch\u1ee7ng, nh\u1ecf g\u1ecdn, nhanh nh\u1eb9n v\u00e0 th\u00f4ng minh. Gi\u1ed1ng Miniature Pinscher d\u1ec5 nu\u00f4i, ph\u00f9 h\u1ee3p l\u00e0m th\u00fa c\u01b0ng trong gia \u0111\u00ecnh hi\u1ec7n \u0111\u1ea1i.\" \/>\n<meta name=\"robots\" content=\"index, follow, max-snippet:-1, max-image-preview:large, max-video-preview:-1\" \/>\n<link rel=\"canonical\" href=\"https:\/\/petluxu.azdigi.shop\/?product=cho-phoc-huou-thuan-chung-miniature-pinscher-nhanh-nhen\" \/>\n<meta property=\"og:locale\" content=\"en_US\" \/>\n<meta property=\"og:type\" content=\"article\" \/>\n<meta property=\"og:title\" content=\"Ch\u00f3 Ph\u1ed1c H\u01b0\u01a1u Thu\u1ea7n Ch\u1ee7ng \u2013 Miniature Pinscher Nhanh Nh\u1eb9n - shop th\u00fa c\u01b0ng\" \/>\n<meta property=\"og:description\" content=\"Ch\u00f3 Ph\u1ed1c H\u01b0\u01a1u thu\u1ea7n ch\u1ee7ng, nh\u1ecf g\u1ecdn, nhanh nh\u1eb9n v\u00e0 th\u00f4ng minh. Gi\u1ed1ng Miniature Pinscher d\u1ec5 nu\u00f4i, ph\u00f9 h\u1ee3p l\u00e0m th\u00fa c\u01b0ng trong gia \u0111\u00ecnh hi\u1ec7n \u0111\u1ea1i.\" \/>\n<meta property=\"og:url\" content=\"https:\/\/petluxu.azdigi.shop\/?product=cho-phoc-huou-thuan-chung-miniature-pinscher-nhanh-nhen\" \/>\n<meta property=\"og:site_name\" content=\"shop th\u00fa c\u01b0ng\" \/>\n<meta property=\"article:modified_time\" content=\"2026-04-11T22:17:50+00:00\" \/>\n<meta property=\"og:image\" content=\"https:\/\/petluxu.azdigi.shop\/wp-content\/uploads\/2026\/03\/z7605214059929_add2e0ec29a974f25422dac2d870a78f.jpg\" \/>\n\t<meta property=\"og:image:width\" content=\"1020\" \/>\n\t<meta property=\"og:image:height\" content=\"1020\" \/>\n\t<meta property=\"og:image:type\" content=\"image\/jpeg\" \/>\n<meta name=\"twitter:card\" content=\"summary_large_image\" \/>\n<meta name=\"twitter:label1\" content=\"Est. reading time\" \/>\n\t<meta name=\"twitter:data1\" content=\"2 minutes\" \/>\n<script type=\"application\/ld+json\" class=\"yoast-schema-graph\">{\"@context\":\"https:\/\/schema.org\",\"@graph\":[{\"@type\":\"WebPage\",\"@id\":\"https:\/\/petluxu.azdigi.shop\/?product=cho-phoc-huou-thuan-chung-miniature-pinscher-nhanh-nhen\",\"url\":\"https:\/\/petluxu.azdigi.shop\/?product=cho-phoc-huou-thuan-chung-miniature-pinscher-nhanh-nhen\",\"name\":\"Ch\u00f3 Ph\u1ed1c H\u01b0\u01a1u Thu\u1ea7n Ch\u1ee7ng \u2013 Miniature Pinscher Nhanh Nh\u1eb9n - shop th\u00fa c\u01b0ng\",\"isPartOf\":{\"@id\":\"https:\/\/petluxu.azdigi.shop\/#website\"},\"primaryImageOfPage\":{\"@id\":\"https:\/\/petluxu.azdigi.shop\/?product=cho-phoc-huou-thuan-chung-miniature-pinscher-nhanh-nhen#primaryimage\"},\"image\":{\"@id\":\"https:\/\/petluxu.azdigi.shop\/?product=cho-phoc-huou-thuan-chung-miniature-pinscher-nhanh-nhen#primaryimage\"},\"thumbnailUrl\":\"https:\/\/petluxu.azdigi.shop\/wp-content\/uploads\/2026\/03\/z7605214059929_add2e0ec29a974f25422dac2d870a78f.jpg\",\"datePublished\":\"2026-04-10T09:46:50+00:00\",\"dateModified\":\"2026-04-11T22:17:50+00:00\",\"description\":\"Ch\u00f3 Ph\u1ed1c H\u01b0\u01a1u thu\u1ea7n ch\u1ee7ng, nh\u1ecf g\u1ecdn, nhanh nh\u1eb9n v\u00e0 th\u00f4ng minh. Gi\u1ed1ng Miniature Pinscher d\u1ec5 nu\u00f4i, ph\u00f9 h\u1ee3p l\u00e0m th\u00fa c\u01b0ng trong gia \u0111\u00ecnh hi\u1ec7n \u0111\u1ea1i.\",\"breadcrumb\":{\"@id\":\"https:\/\/petluxu.azdigi.shop\/?product=cho-phoc-huou-thuan-chung-miniature-pinscher-nhanh-nhen#breadcrumb\"},\"inLanguage\":\"en-US\",\"potentialAction\":[{\"@type\":\"ReadAction\",\"target\":[\"https:\/\/petluxu.azdigi.shop\/?product=cho-phoc-huou-thuan-chung-miniature-pinscher-nhanh-nhen\"]}]},{\"@type\":\"ImageObject\",\"inLanguage\":\"en-US\",\"@id\":\"https:\/\/petluxu.azdigi.shop\/?product=cho-phoc-huou-thuan-chung-miniature-pinscher-nhanh-nhen#primaryimage\",\"url\":\"https:\/\/petluxu.azdigi.shop\/wp-content\/uploads\/2026\/03\/z7605214059929_add2e0ec29a974f25422dac2d870a78f.jpg\",\"contentUrl\":\"https:\/\/petluxu.azdigi.shop\/wp-content\/uploads\/2026\/03\/z7605214059929_add2e0ec29a974f25422dac2d870a78f.jpg\",\"width\":1020,\"height\":1020},{\"@type\":\"BreadcrumbList\",\"@id\":\"https:\/\/petluxu.azdigi.shop\/?product=cho-phoc-huou-thuan-chung-miniature-pinscher-nhanh-nhen#breadcrumb\",\"itemListElement\":[{\"@type\":\"ListItem\",\"position\":1,\"name\":\"Home\",\"item\":\"https:\/\/petluxu.azdigi.shop\/\"},{\"@type\":\"ListItem\",\"position\":2,\"name\":\"Shop\",\"item\":\"https:\/\/petluxu.azdigi.shop\/?page_id=348\"},{\"@type\":\"ListItem\",\"position\":3,\"name\":\"Ch\u00f3 Ph\u1ed1c H\u01b0\u01a1u Thu\u1ea7n Ch\u1ee7ng \u2013 Miniature Pinscher Nhanh Nh\u1eb9n\"}]},{\"@type\":\"WebSite\",\"@id\":\"https:\/\/petluxu.azdigi.shop\/#website\",\"url\":\"https:\/\/petluxu.azdigi.shop\/\",\"name\":\"shop th\u00fa c\u01b0ng\",\"description\":\"\",\"potentialAction\":[{\"@type\":\"SearchAction\",\"target\":{\"@type\":\"EntryPoint\",\"urlTemplate\":\"https:\/\/petluxu.azdigi.shop\/?s={search_term_string}\"},\"query-input\":{\"@type\":\"PropertyValueSpecification\",\"valueRequired\":true,\"valueName\":\"search_term_string\"}}],\"inLanguage\":\"en-US\"}]}<\/script>\n<!-- \/ Yoast SEO plugin. -->","yoast_head_json":{"title":"Ch\u00f3 Ph\u1ed1c H\u01b0\u01a1u Thu\u1ea7n Ch\u1ee7ng \u2013 Miniature Pinscher Nhanh Nh\u1eb9n - shop th\u00fa c\u01b0ng","description":"Ch\u00f3 Ph\u1ed1c H\u01b0\u01a1u thu\u1ea7n ch\u1ee7ng, nh\u1ecf g\u1ecdn, nhanh nh\u1eb9n v\u00e0 th\u00f4ng minh. Gi\u1ed1ng Miniature Pinscher d\u1ec5 nu\u00f4i, ph\u00f9 h\u1ee3p l\u00e0m th\u00fa c\u01b0ng trong gia \u0111\u00ecnh hi\u1ec7n \u0111\u1ea1i.","robots":{"index":"index","follow":"follow","max-snippet":"max-snippet:-1","max-image-preview":"max-image-preview:large","max-video-preview":"max-video-preview:-1"},"canonical":"https:\/\/petluxu.azdigi.shop\/?product=cho-phoc-huou-thuan-chung-miniature-pinscher-nhanh-nhen","og_locale":"en_US","og_type":"article","og_title":"Ch\u00f3 Ph\u1ed1c H\u01b0\u01a1u Thu\u1ea7n Ch\u1ee7ng \u2013 Miniature Pinscher Nhanh Nh\u1eb9n - shop th\u00fa c\u01b0ng","og_description":"Ch\u00f3 Ph\u1ed1c H\u01b0\u01a1u thu\u1ea7n ch\u1ee7ng, nh\u1ecf g\u1ecdn, nhanh nh\u1eb9n v\u00e0 th\u00f4ng minh. Gi\u1ed1ng Miniature Pinscher d\u1ec5 nu\u00f4i, ph\u00f9 h\u1ee3p l\u00e0m th\u00fa c\u01b0ng trong gia \u0111\u00ecnh hi\u1ec7n \u0111\u1ea1i.","og_url":"https:\/\/petluxu.azdigi.shop\/?product=cho-phoc-huou-thuan-chung-miniature-pinscher-nhanh-nhen","og_site_name":"shop th\u00fa c\u01b0ng","article_modified_time":"2026-04-11T22:17:50+00:00","og_image":[{"width":1020,"height":1020,"url":"https:\/\/petluxu.azdigi.shop\/wp-content\/uploads\/2026\/03\/z7605214059929_add2e0ec29a974f25422dac2d870a78f.jpg","type":"image\/jpeg"}],"twitter_card":"summary_large_image","twitter_misc":{"Est. reading time":"2 minutes"},"schema":{"@context":"https:\/\/schema.org","@graph":[{"@type":"WebPage","@id":"https:\/\/petluxu.azdigi.shop\/?product=cho-phoc-huou-thuan-chung-miniature-pinscher-nhanh-nhen","url":"https:\/\/petluxu.azdigi.shop\/?product=cho-phoc-huou-thuan-chung-miniature-pinscher-nhanh-nhen","name":"Ch\u00f3 Ph\u1ed1c H\u01b0\u01a1u Thu\u1ea7n Ch\u1ee7ng \u2013 Miniature Pinscher Nhanh Nh\u1eb9n - shop th\u00fa c\u01b0ng","isPartOf":{"@id":"https:\/\/petluxu.azdigi.shop\/#website"},"primaryImageOfPage":{"@id":"https:\/\/petluxu.azdigi.shop\/?product=cho-phoc-huou-thuan-chung-miniature-pinscher-nhanh-nhen#primaryimage"},"image":{"@id":"https:\/\/petluxu.azdigi.shop\/?product=cho-phoc-huou-thuan-chung-miniature-pinscher-nhanh-nhen#primaryimage"},"thumbnailUrl":"https:\/\/petluxu.azdigi.shop\/wp-content\/uploads\/2026\/03\/z7605214059929_add2e0ec29a974f25422dac2d870a78f.jpg","datePublished":"2026-04-10T09:46:50+00:00","dateModified":"2026-04-11T22:17:50+00:00","description":"Ch\u00f3 Ph\u1ed1c H\u01b0\u01a1u thu\u1ea7n ch\u1ee7ng, nh\u1ecf g\u1ecdn, nhanh nh\u1eb9n v\u00e0 th\u00f4ng minh. Gi\u1ed1ng Miniature Pinscher d\u1ec5 nu\u00f4i, ph\u00f9 h\u1ee3p l\u00e0m th\u00fa c\u01b0ng trong gia \u0111\u00ecnh hi\u1ec7n \u0111\u1ea1i.","breadcrumb":{"@id":"https:\/\/petluxu.azdigi.shop\/?product=cho-phoc-huou-thuan-chung-miniature-pinscher-nhanh-nhen#breadcrumb"},"inLanguage":"en-US","potentialAction":[{"@type":"ReadAction","target":["https:\/\/petluxu.azdigi.shop\/?product=cho-phoc-huou-thuan-chung-miniature-pinscher-nhanh-nhen"]}]},{"@type":"ImageObject","inLanguage":"en-US","@id":"https:\/\/petluxu.azdigi.shop\/?product=cho-phoc-huou-thuan-chung-miniature-pinscher-nhanh-nhen#primaryimage","url":"https:\/\/petluxu.azdigi.shop\/wp-content\/uploads\/2026\/03\/z7605214059929_add2e0ec29a974f25422dac2d870a78f.jpg","contentUrl":"https:\/\/petluxu.azdigi.shop\/wp-content\/uploads\/2026\/03\/z7605214059929_add2e0ec29a974f25422dac2d870a78f.jpg","width":1020,"height":1020},{"@type":"BreadcrumbList","@id":"https:\/\/petluxu.azdigi.shop\/?product=cho-phoc-huou-thuan-chung-miniature-pinscher-nhanh-nhen#breadcrumb","itemListElement":[{"@type":"ListItem","position":1,"name":"Home","item":"https:\/\/petluxu.azdigi.shop\/"},{"@type":"ListItem","position":2,"name":"Shop","item":"https:\/\/petluxu.azdigi.shop\/?page_id=348"},{"@type":"ListItem","position":3,"name":"Ch\u00f3 Ph\u1ed1c H\u01b0\u01a1u Thu\u1ea7n Ch\u1ee7ng \u2013 Miniature Pinscher Nhanh Nh\u1eb9n"}]},{"@type":"WebSite","@id":"https:\/\/petluxu.azdigi.shop\/#website","url":"https:\/\/petluxu.azdigi.shop\/","name":"shop th\u00fa c\u01b0ng","description":"","potentialAction":[{"@type":"SearchAction","target":{"@type":"EntryPoint","urlTemplate":"https:\/\/petluxu.azdigi.shop\/?s={search_term_string}"},"query-input":{"@type":"PropertyValueSpecification","valueRequired":true,"valueName":"search_term_string"}}],"inLanguage":"en-US"}]}},"_links":{"self":[{"href":"https:\/\/petluxu.azdigi.shop\/index.php?rest_route=\/wp\/v2\/product\/600","targetHints":{"allow":["GET"]}}],"collection":[{"href":"https:\/\/petluxu.azdigi.shop\/index.php?rest_route=\/wp\/v2\/product"}],"about":[{"href":"https:\/\/petluxu.azdigi.shop\/index.php?rest_route=\/wp\/v2\/types\/product"}],"replies":[{"embeddable":true,"href":"https:\/\/petluxu.azdigi.shop\/index.php?rest_route=%2Fwp%2Fv2%2Fcomments&post=600"}],"wp:featuredmedia":[{"embeddable":true,"href":"https:\/\/petluxu.azdigi.shop\/index.php?rest_route=\/wp\/v2\/media\/184"}],"wp:attachment":[{"href":"https:\/\/petluxu.azdigi.shop\/index.php?rest_route=%2Fwp%2Fv2%2Fmedia&parent=600"}],"wp:term":[{"taxonomy":"product_brand","embeddable":true,"href":"https:\/\/petluxu.azdigi.shop\/index.php?rest_route=%2Fwp%2Fv2%2Fproduct_brand&post=600"},{"taxonomy":"product_cat","embeddable":true,"href":"https:\/\/petluxu.azdigi.shop\/index.php?rest_route=%2Fwp%2Fv2%2Fproduct_cat&post=600"},{"taxonomy":"product_tag","embeddable":true,"href":"https:\/\/petluxu.azdigi.shop\/index.php?rest_route=%2Fwp%2Fv2%2Fproduct_tag&post=600"}],"curies":[{"name":"wp","href":"https:\/\/api.w.org\/{rel}","templated":true}]}}