{"id":612,"date":"2026-04-10T14:16:16","date_gmt":"2026-04-10T14:16:16","guid":{"rendered":"https:\/\/petluxu.azdigi.shop\/?post_type=product&#038;p=612"},"modified":"2026-04-11T22:20:24","modified_gmt":"2026-04-11T22:20:24","slug":"cho-corgi","status":"publish","type":"product","link":"https:\/\/petluxu.azdigi.shop\/?product=cho-corgi","title":{"rendered":"Ch\u00f3 Corgi"},"content":{"rendered":"<p><img loading=\"lazy\" decoding=\"async\" class=\"alignnone size-medium wp-image-246 aligncenter\" src=\"https:\/\/petluxu.azdigi.shop\/wp-content\/uploads\/2026\/03\/corgi3_0-300x225.jpg\" alt=\"\" width=\"300\" height=\"225\" srcset=\"https:\/\/petluxu.azdigi.shop\/wp-content\/uploads\/2026\/03\/corgi3_0-300x225.jpg 300w, https:\/\/petluxu.azdigi.shop\/wp-content\/uploads\/2026\/03\/corgi3_0-600x450.jpg 600w, https:\/\/petluxu.azdigi.shop\/wp-content\/uploads\/2026\/03\/corgi3_0-768x576.jpg 768w, https:\/\/petluxu.azdigi.shop\/wp-content\/uploads\/2026\/03\/corgi3_0.jpg 800w\" sizes=\"auto, (max-width: 300px) 100vw, 300px\" \/><\/p>\n<h3 data-section-id=\"mblvtf\" data-start=\"325\" data-end=\"359\">Gi\u1edbi thi\u1ec7u<\/h3>\n<p data-start=\"361\" data-end=\"768\">Ch\u00f3 Corgi l\u00e0 gi\u1ed1ng ch\u00f3 c\u1ea3nh n\u1ed5i ti\u1ebfng v\u1edbi \u0111\u00f4i ch\u00e2n ng\u1eafn.<br data-start=\"429\" data-end=\"432\" \/>Ngay t\u1eeb \u0111\u1ea7u,\u00a0 \u0111\u00e3 thu h\u00fat b\u1edfi ngo\u1ea1i h\u00ecnh \u0111\u00e1ng y\u00eau.<br data-start=\"502\" data-end=\"505\" \/>Kh\u00f4ng ch\u1ec9 v\u1eady ,c\u00f2n c\u00f3 th\u00e2n h\u00ecnh d\u00e0i v\u00e0 linh ho\u1ea1t.<br data-start=\"564\" data-end=\"567\" \/>V\u00ec th\u1ebf, gi\u1ed1ng ch\u00f3 n\u00e0y \u0111\u01b0\u1ee3c nhi\u1ec1u ng\u01b0\u1eddi y\u00eau th\u00edch tr\u00ean to\u00e0n th\u1ebf gi\u1edbi.<br data-start=\"635\" data-end=\"638\" \/>c\u00f3 ngu\u1ed3n g\u1ed1c t\u1eeb x\u1ee9 Wales v\u00e0 \u0111\u01b0\u1ee3c nu\u00f4i l\u00e0m ch\u00f3 ch\u0103n gia s\u00fac.<br data-start=\"707\" data-end=\"710\" \/>Do \u0111\u00f3,\u00a0 r\u1ea5t nhanh nh\u1eb9n v\u00e0 ho\u1ea1t b\u00e1t.<\/p>\n<h3 data-section-id=\"15k1awg\" data-start=\"770\" data-end=\"814\">\u0110\u1eb7c \u0111i\u1ec3m n\u1ed5i b\u1eadt<\/h3>\n<p data-start=\"816\" data-end=\"1188\">\u00a0c\u00f3 th\u00e2n d\u00e0i v\u00e0 ch\u00e2n ng\u1eafn \u0111\u1eb7c tr\u01b0ng.<br data-start=\"873\" data-end=\"876\" \/>Ngo\u00e0i ra, b\u1ed9 l\u00f4ng d\u00e0y gi\u00fap ch\u00fang th\u00edch nghi v\u1edbi nhi\u1ec1u m\u00f4i tr\u01b0\u1eddng.<br data-start=\"941\" data-end=\"944\" \/>V\u00ec v\u1eady, c\u00f3 th\u1ec3 s\u1ed1ng t\u1ed1t \u1edf nhi\u1ec1u \u0111i\u1ec1u ki\u1ec7n kh\u00ed h\u1eadu.<br data-start=\"1004\" data-end=\"1007\" \/>M\u00e0u l\u00f4ng ph\u1ed5 bi\u1ebfn g\u1ed3m v\u00e0ng tr\u1eafng, n\u00e2u tr\u1eafng ho\u1eb7c \u0111en tr\u1eafng.<br data-start=\"1066\" data-end=\"1069\" \/>B\u00ean c\u1ea1nh \u0111\u00f3, \u0111\u00f4i tai d\u1ef1ng \u0111\u1ee9ng t\u1ea1o n\u00ean v\u1ebb lanh l\u1ee3i.<br data-start=\"1120\" data-end=\"1123\" \/>Kh\u00f4ng nh\u1eefng th\u1ebf, ch\u00f3 Corgi\u00a0 c\u00f2n c\u00f3 tu\u1ed5i th\u1ecd kh\u00e1 cao.<\/p>\n<h3 data-section-id=\"1hpiv0d\" data-start=\"1190\" data-end=\"1227\">T\u00ednh c\u00e1ch<\/h3>\n<p data-start=\"1229\" data-end=\"1575\">\u00a0r\u1ea5t th\u00f4ng minh v\u00e0 d\u1ec5 hu\u1ea5n luy\u1ec7n.<br data-start=\"1283\" data-end=\"1286\" \/>Do \u0111\u00f3, ch\u00fang th\u01b0\u1eddng \u0111\u01b0\u1ee3c nu\u00f4i l\u00e0m th\u00fa c\u01b0ng trong gia \u0111\u00ecnh.<br data-start=\"1344\" data-end=\"1347\" \/>Ngo\u00e0i ra, ch\u00f3 Corgi r\u1ea5t th\u00e2n thi\u1ec7n v\u00e0 h\u00f2a \u0111\u1ed3ng v\u1edbi con ng\u01b0\u1eddi.<br data-start=\"1408\" data-end=\"1411\" \/>V\u00ec th\u1ebf, ch\u00fang d\u1ec5 d\u00e0ng th\u00edch nghi v\u1edbi m\u00f4i tr\u01b0\u1eddng s\u1ed1ng m\u1edbi.<br data-start=\"1468\" data-end=\"1471\" \/>Ch\u00f3 Corgi th\u00edch v\u1eadn \u0111\u1ed9ng v\u00e0 lu\u00f4n tr\u00e0n \u0111\u1ea7y n\u0103ng l\u01b0\u1ee3ng.<br data-start=\"1524\" data-end=\"1527\" \/>\u0110\u1ed3ng th\u1eddi, ch\u00fang r\u1ea5t trung th\u00e0nh v\u1edbi ch\u1ee7 nu\u00f4i.<\/p>\n<h3 data-section-id=\"1hxswxb\" data-start=\"1577\" data-end=\"1628\">C\u00e1ch ch\u0103m s\u00f3c\u00a0 \u0111\u00fang c\u00e1ch<\/h3>\n<p data-start=\"1630\" data-end=\"1974\">Ch\u0103m s\u00f3c\u00a0 c\u1ea7n ch\u00fa \u00fd \u0111\u1ebfn ch\u1ebf \u0111\u1ed9 v\u1eadn \u0111\u1ed9ng.<br data-start=\"1691\" data-end=\"1694\" \/>V\u00ec v\u1eady, b\u1ea1n n\u00ean cho\u00a0 t\u1eadp th\u1ec3 d\u1ee5c m\u1ed7i ng\u00e0y.<br data-start=\"1745\" data-end=\"1748\" \/>Ngo\u00e0i ra, c\u1ea7n ki\u1ec3m so\u00e1t kh\u1ea9u ph\u1ea7n \u0103n \u0111\u1ec3 tr\u00e1nh b\u00e9o ph\u00ec.<br data-start=\"1802\" data-end=\"1805\" \/>B\u00ean c\u1ea1nh \u0111\u00f3, vi\u1ec7c ch\u1ea3i l\u00f4ng gi\u00fap gi\u1ea3m r\u1ee5ng l\u00f4ng hi\u1ec7u qu\u1ea3.<br data-start=\"1862\" data-end=\"1865\" \/>Do \u0111\u00f3,\u00a0 s\u1ebd lu\u00f4n kh\u1ecfe m\u1ea1nh v\u00e0 s\u1ea1ch s\u1ebd h\u01a1n.<br data-start=\"1915\" data-end=\"1918\" \/>Cu\u1ed1i c\u00f9ng, n\u00ean ki\u1ec3m tra s\u1ee9c kh\u1ecfe \u0111\u1ecbnh k\u1ef3 cho th\u00fa c\u01b0ng.<\/p>\n<p data-start=\"1976\" data-end=\"2044\">\u00a0l\u00e0 l\u1ef1a ch\u1ecdn l\u00fd t\u01b0\u1edfng cho ng\u01b0\u1eddi y\u00eau th\u00fa c\u01b0ng.<\/p>\n","protected":false},"excerpt":{"rendered":"<p>Ch\u00f3 Corgi thu\u1ea7n ch\u1ee7ng \u0111\u00e1ng y\u00eau, ch\u00e2n ng\u1eafn, th\u00f4ng minh. T\u00ecm hi\u1ec3u \u0111\u1eb7c \u0111i\u1ec3m v\u00e0 c\u00e1ch ch\u0103m s\u00f3c ch\u00f3 Corgi hi\u1ec7u qu\u1ea3.<\/p>\n","protected":false},"featured_media":246,"comment_status":"open","ping_status":"closed","template":"","meta":[],"product_brand":[],"product_cat":[28],"product_tag":[],"class_list":{"0":"post-612","1":"product","2":"type-product","3":"status-publish","4":"has-post-thumbnail","6":"product_cat-thu-cung","8":"first","9":"instock","10":"sale","11":"taxable","12":"shipping-taxable","13":"purchasable","14":"product-type-variable"},"yoast_head":"<!-- This site is optimized with the Yoast SEO plugin v27.2 - https:\/\/yoast.com\/product\/yoast-seo-wordpress\/ -->\n<title>Ch\u00f3 Corgi - shop th\u00fa c\u01b0ng<\/title>\n<meta name=\"description\" content=\"Ch\u00f3 Corgi thu\u1ea7n ch\u1ee7ng \u0111\u00e1ng y\u00eau, ch\u00e2n ng\u1eafn, th\u00f4ng minh. T\u00ecm hi\u1ec3u \u0111\u1eb7c \u0111i\u1ec3m v\u00e0 c\u00e1ch ch\u0103m s\u00f3c ch\u00f3 Corgi hi\u1ec7u qu\u1ea3.\" \/>\n<meta name=\"robots\" content=\"index, follow, max-snippet:-1, max-image-preview:large, max-video-preview:-1\" \/>\n<link rel=\"canonical\" href=\"https:\/\/petluxu.azdigi.shop\/?product=cho-corgi\" \/>\n<meta property=\"og:locale\" content=\"en_US\" \/>\n<meta property=\"og:type\" content=\"article\" \/>\n<meta property=\"og:title\" content=\"Ch\u00f3 Corgi - shop th\u00fa c\u01b0ng\" \/>\n<meta property=\"og:description\" content=\"Ch\u00f3 Corgi thu\u1ea7n ch\u1ee7ng \u0111\u00e1ng y\u00eau, ch\u00e2n ng\u1eafn, th\u00f4ng minh. T\u00ecm hi\u1ec3u \u0111\u1eb7c \u0111i\u1ec3m v\u00e0 c\u00e1ch ch\u0103m s\u00f3c ch\u00f3 Corgi hi\u1ec7u qu\u1ea3.\" \/>\n<meta property=\"og:url\" content=\"https:\/\/petluxu.azdigi.shop\/?product=cho-corgi\" \/>\n<meta property=\"og:site_name\" content=\"shop th\u00fa c\u01b0ng\" \/>\n<meta property=\"article:modified_time\" content=\"2026-04-11T22:20:24+00:00\" \/>\n<meta property=\"og:image\" content=\"https:\/\/petluxu.azdigi.shop\/wp-content\/uploads\/2026\/03\/corgi3_0.jpg\" \/>\n\t<meta property=\"og:image:width\" content=\"800\" \/>\n\t<meta property=\"og:image:height\" content=\"600\" \/>\n\t<meta property=\"og:image:type\" content=\"image\/jpeg\" \/>\n<meta name=\"twitter:card\" content=\"summary_large_image\" \/>\n<meta name=\"twitter:label1\" content=\"Est. reading time\" \/>\n\t<meta name=\"twitter:data1\" content=\"2 minutes\" \/>\n<script type=\"application\/ld+json\" class=\"yoast-schema-graph\">{\"@context\":\"https:\/\/schema.org\",\"@graph\":[{\"@type\":\"WebPage\",\"@id\":\"https:\/\/petluxu.azdigi.shop\/?product=cho-corgi\",\"url\":\"https:\/\/petluxu.azdigi.shop\/?product=cho-corgi\",\"name\":\"Ch\u00f3 Corgi - shop th\u00fa c\u01b0ng\",\"isPartOf\":{\"@id\":\"https:\/\/petluxu.azdigi.shop\/#website\"},\"primaryImageOfPage\":{\"@id\":\"https:\/\/petluxu.azdigi.shop\/?product=cho-corgi#primaryimage\"},\"image\":{\"@id\":\"https:\/\/petluxu.azdigi.shop\/?product=cho-corgi#primaryimage\"},\"thumbnailUrl\":\"https:\/\/petluxu.azdigi.shop\/wp-content\/uploads\/2026\/03\/corgi3_0.jpg\",\"datePublished\":\"2026-04-10T14:16:16+00:00\",\"dateModified\":\"2026-04-11T22:20:24+00:00\",\"description\":\"Ch\u00f3 Corgi thu\u1ea7n ch\u1ee7ng \u0111\u00e1ng y\u00eau, ch\u00e2n ng\u1eafn, th\u00f4ng minh. T\u00ecm hi\u1ec3u \u0111\u1eb7c \u0111i\u1ec3m v\u00e0 c\u00e1ch ch\u0103m s\u00f3c ch\u00f3 Corgi hi\u1ec7u qu\u1ea3.\",\"breadcrumb\":{\"@id\":\"https:\/\/petluxu.azdigi.shop\/?product=cho-corgi#breadcrumb\"},\"inLanguage\":\"en-US\",\"potentialAction\":[{\"@type\":\"ReadAction\",\"target\":[\"https:\/\/petluxu.azdigi.shop\/?product=cho-corgi\"]}]},{\"@type\":\"ImageObject\",\"inLanguage\":\"en-US\",\"@id\":\"https:\/\/petluxu.azdigi.shop\/?product=cho-corgi#primaryimage\",\"url\":\"https:\/\/petluxu.azdigi.shop\/wp-content\/uploads\/2026\/03\/corgi3_0.jpg\",\"contentUrl\":\"https:\/\/petluxu.azdigi.shop\/wp-content\/uploads\/2026\/03\/corgi3_0.jpg\",\"width\":800,\"height\":600},{\"@type\":\"BreadcrumbList\",\"@id\":\"https:\/\/petluxu.azdigi.shop\/?product=cho-corgi#breadcrumb\",\"itemListElement\":[{\"@type\":\"ListItem\",\"position\":1,\"name\":\"Home\",\"item\":\"https:\/\/petluxu.azdigi.shop\/\"},{\"@type\":\"ListItem\",\"position\":2,\"name\":\"Shop\",\"item\":\"https:\/\/petluxu.azdigi.shop\/?page_id=348\"},{\"@type\":\"ListItem\",\"position\":3,\"name\":\"Ch\u00f3 Corgi\"}]},{\"@type\":\"WebSite\",\"@id\":\"https:\/\/petluxu.azdigi.shop\/#website\",\"url\":\"https:\/\/petluxu.azdigi.shop\/\",\"name\":\"shop th\u00fa c\u01b0ng\",\"description\":\"\",\"potentialAction\":[{\"@type\":\"SearchAction\",\"target\":{\"@type\":\"EntryPoint\",\"urlTemplate\":\"https:\/\/petluxu.azdigi.shop\/?s={search_term_string}\"},\"query-input\":{\"@type\":\"PropertyValueSpecification\",\"valueRequired\":true,\"valueName\":\"search_term_string\"}}],\"inLanguage\":\"en-US\"}]}<\/script>\n<!-- \/ Yoast SEO plugin. -->","yoast_head_json":{"title":"Ch\u00f3 Corgi - shop th\u00fa c\u01b0ng","description":"Ch\u00f3 Corgi thu\u1ea7n ch\u1ee7ng \u0111\u00e1ng y\u00eau, ch\u00e2n ng\u1eafn, th\u00f4ng minh. T\u00ecm hi\u1ec3u \u0111\u1eb7c \u0111i\u1ec3m v\u00e0 c\u00e1ch ch\u0103m s\u00f3c ch\u00f3 Corgi hi\u1ec7u qu\u1ea3.","robots":{"index":"index","follow":"follow","max-snippet":"max-snippet:-1","max-image-preview":"max-image-preview:large","max-video-preview":"max-video-preview:-1"},"canonical":"https:\/\/petluxu.azdigi.shop\/?product=cho-corgi","og_locale":"en_US","og_type":"article","og_title":"Ch\u00f3 Corgi - shop th\u00fa c\u01b0ng","og_description":"Ch\u00f3 Corgi thu\u1ea7n ch\u1ee7ng \u0111\u00e1ng y\u00eau, ch\u00e2n ng\u1eafn, th\u00f4ng minh. T\u00ecm hi\u1ec3u \u0111\u1eb7c \u0111i\u1ec3m v\u00e0 c\u00e1ch ch\u0103m s\u00f3c ch\u00f3 Corgi hi\u1ec7u qu\u1ea3.","og_url":"https:\/\/petluxu.azdigi.shop\/?product=cho-corgi","og_site_name":"shop th\u00fa c\u01b0ng","article_modified_time":"2026-04-11T22:20:24+00:00","og_image":[{"width":800,"height":600,"url":"https:\/\/petluxu.azdigi.shop\/wp-content\/uploads\/2026\/03\/corgi3_0.jpg","type":"image\/jpeg"}],"twitter_card":"summary_large_image","twitter_misc":{"Est. reading time":"2 minutes"},"schema":{"@context":"https:\/\/schema.org","@graph":[{"@type":"WebPage","@id":"https:\/\/petluxu.azdigi.shop\/?product=cho-corgi","url":"https:\/\/petluxu.azdigi.shop\/?product=cho-corgi","name":"Ch\u00f3 Corgi - shop th\u00fa c\u01b0ng","isPartOf":{"@id":"https:\/\/petluxu.azdigi.shop\/#website"},"primaryImageOfPage":{"@id":"https:\/\/petluxu.azdigi.shop\/?product=cho-corgi#primaryimage"},"image":{"@id":"https:\/\/petluxu.azdigi.shop\/?product=cho-corgi#primaryimage"},"thumbnailUrl":"https:\/\/petluxu.azdigi.shop\/wp-content\/uploads\/2026\/03\/corgi3_0.jpg","datePublished":"2026-04-10T14:16:16+00:00","dateModified":"2026-04-11T22:20:24+00:00","description":"Ch\u00f3 Corgi thu\u1ea7n ch\u1ee7ng \u0111\u00e1ng y\u00eau, ch\u00e2n ng\u1eafn, th\u00f4ng minh. T\u00ecm hi\u1ec3u \u0111\u1eb7c \u0111i\u1ec3m v\u00e0 c\u00e1ch ch\u0103m s\u00f3c ch\u00f3 Corgi hi\u1ec7u qu\u1ea3.","breadcrumb":{"@id":"https:\/\/petluxu.azdigi.shop\/?product=cho-corgi#breadcrumb"},"inLanguage":"en-US","potentialAction":[{"@type":"ReadAction","target":["https:\/\/petluxu.azdigi.shop\/?product=cho-corgi"]}]},{"@type":"ImageObject","inLanguage":"en-US","@id":"https:\/\/petluxu.azdigi.shop\/?product=cho-corgi#primaryimage","url":"https:\/\/petluxu.azdigi.shop\/wp-content\/uploads\/2026\/03\/corgi3_0.jpg","contentUrl":"https:\/\/petluxu.azdigi.shop\/wp-content\/uploads\/2026\/03\/corgi3_0.jpg","width":800,"height":600},{"@type":"BreadcrumbList","@id":"https:\/\/petluxu.azdigi.shop\/?product=cho-corgi#breadcrumb","itemListElement":[{"@type":"ListItem","position":1,"name":"Home","item":"https:\/\/petluxu.azdigi.shop\/"},{"@type":"ListItem","position":2,"name":"Shop","item":"https:\/\/petluxu.azdigi.shop\/?page_id=348"},{"@type":"ListItem","position":3,"name":"Ch\u00f3 Corgi"}]},{"@type":"WebSite","@id":"https:\/\/petluxu.azdigi.shop\/#website","url":"https:\/\/petluxu.azdigi.shop\/","name":"shop th\u00fa c\u01b0ng","description":"","potentialAction":[{"@type":"SearchAction","target":{"@type":"EntryPoint","urlTemplate":"https:\/\/petluxu.azdigi.shop\/?s={search_term_string}"},"query-input":{"@type":"PropertyValueSpecification","valueRequired":true,"valueName":"search_term_string"}}],"inLanguage":"en-US"}]}},"_links":{"self":[{"href":"https:\/\/petluxu.azdigi.shop\/index.php?rest_route=\/wp\/v2\/product\/612","targetHints":{"allow":["GET"]}}],"collection":[{"href":"https:\/\/petluxu.azdigi.shop\/index.php?rest_route=\/wp\/v2\/product"}],"about":[{"href":"https:\/\/petluxu.azdigi.shop\/index.php?rest_route=\/wp\/v2\/types\/product"}],"replies":[{"embeddable":true,"href":"https:\/\/petluxu.azdigi.shop\/index.php?rest_route=%2Fwp%2Fv2%2Fcomments&post=612"}],"wp:featuredmedia":[{"embeddable":true,"href":"https:\/\/petluxu.azdigi.shop\/index.php?rest_route=\/wp\/v2\/media\/246"}],"wp:attachment":[{"href":"https:\/\/petluxu.azdigi.shop\/index.php?rest_route=%2Fwp%2Fv2%2Fmedia&parent=612"}],"wp:term":[{"taxonomy":"product_brand","embeddable":true,"href":"https:\/\/petluxu.azdigi.shop\/index.php?rest_route=%2Fwp%2Fv2%2Fproduct_brand&post=612"},{"taxonomy":"product_cat","embeddable":true,"href":"https:\/\/petluxu.azdigi.shop\/index.php?rest_route=%2Fwp%2Fv2%2Fproduct_cat&post=612"},{"taxonomy":"product_tag","embeddable":true,"href":"https:\/\/petluxu.azdigi.shop\/index.php?rest_route=%2Fwp%2Fv2%2Fproduct_tag&post=612"}],"curies":[{"name":"wp","href":"https:\/\/api.w.org\/{rel}","templated":true}]}}