{"id":617,"date":"2026-04-10T14:36:11","date_gmt":"2026-04-10T14:36:11","guid":{"rendered":"https:\/\/petluxu.azdigi.shop\/?post_type=product&#038;p=617"},"modified":"2026-04-11T10:03:57","modified_gmt":"2026-04-11T10:03:57","slug":"cho-labrador","status":"publish","type":"product","link":"https:\/\/petluxu.azdigi.shop\/?product=cho-labrador","title":{"rendered":"ch\u00f3 Labrador"},"content":{"rendered":"<p><img loading=\"lazy\" decoding=\"async\" class=\"alignnone size-medium wp-image-273 aligncenter\" src=\"https:\/\/petluxu.azdigi.shop\/wp-content\/uploads\/2026\/03\/tim-hieu-giong-cho-labrador-nguon-goc-dac-diem-cach-nuoi-bang-gia-202104161338252897-300x179.jpg\" alt=\"\" width=\"300\" height=\"179\" srcset=\"https:\/\/petluxu.azdigi.shop\/wp-content\/uploads\/2026\/03\/tim-hieu-giong-cho-labrador-nguon-goc-dac-diem-cach-nuoi-bang-gia-202104161338252897-300x179.jpg 300w, https:\/\/petluxu.azdigi.shop\/wp-content\/uploads\/2026\/03\/tim-hieu-giong-cho-labrador-nguon-goc-dac-diem-cach-nuoi-bang-gia-202104161338252897-600x357.jpg 600w, https:\/\/petluxu.azdigi.shop\/wp-content\/uploads\/2026\/03\/tim-hieu-giong-cho-labrador-nguon-goc-dac-diem-cach-nuoi-bang-gia-202104161338252897-768x457.jpg 768w, https:\/\/petluxu.azdigi.shop\/wp-content\/uploads\/2026\/03\/tim-hieu-giong-cho-labrador-nguon-goc-dac-diem-cach-nuoi-bang-gia-202104161338252897.jpg 800w\" sizes=\"auto, (max-width: 300px) 100vw, 300px\" \/><\/p>\n<h3 data-section-id=\"1hfn2rn\" data-start=\"320\" data-end=\"345\">Ch\u00f3 Labrador l\u00e0 g\u00ec?<\/h3>\n<p data-start=\"347\" data-end=\"775\">Ch\u00f3 Labrador l\u00e0 gi\u1ed1ng ch\u00f3 c\u1ea3nh n\u1ed5i ti\u1ebfng v\u00e0 \u0111\u01b0\u1ee3c y\u00eau th\u00edch tr\u00ean to\u00e0n th\u1ebf gi\u1edbi.<br data-start=\"425\" data-end=\"428\" \/>Ngay t\u1eeb \u0111\u1ea7u, gi\u1ed1ng ch\u00f3 n\u00e0y g\u00e2y \u1ea5n t\u01b0\u1ee3ng v\u1edbi v\u1ebb ngo\u00e0i th\u00e2n thi\u1ec7n v\u00e0 hi\u1ec1n l\u00e0nh.<br data-start=\"505\" data-end=\"508\" \/>Kh\u00f4ng ch\u1ec9 v\u1eady, ch\u00fang c\u00f2n r\u1ea5t d\u1ec5 nu\u00f4i v\u00e0 th\u00edch nghi t\u1ed1t v\u1edbi m\u00f4i tr\u01b0\u1eddng s\u1ed1ng.<br data-start=\"583\" data-end=\"586\" \/>V\u00ec th\u1ebf, gi\u1ed1ng ch\u00f3 n\u00e0y th\u01b0\u1eddng \u0111\u01b0\u1ee3c nu\u00f4i trong gia \u0111\u00ecnh c\u00f3 tr\u1ebb nh\u1ecf.<br data-start=\"651\" data-end=\"654\" \/>Gi\u1ed1ng ch\u00f3 n\u00e0y c\u00f3 ngu\u1ed3n g\u1ed1c t\u1eeb Canada v\u00e0 t\u1eebng \u0111\u01b0\u1ee3c d\u00f9ng l\u00e0m ch\u00f3 s\u0103n.<br data-start=\"721\" data-end=\"724\" \/>Do \u0111\u00f3, ch\u00fang s\u1edf h\u1eefu th\u1ec3 l\u1ef1c t\u1ed1t v\u00e0 r\u1ea5t n\u0103ng \u0111\u1ed9ng.<\/p>\n<h3 data-section-id=\"1qzmdrx\" data-start=\"777\" data-end=\"799\">\u0110\u1eb7c \u0111i\u1ec3m n\u1ed5i b\u1eadt<\/h3>\n<p data-start=\"801\" data-end=\"1150\">Gi\u1ed1ng ch\u00f3 n\u00e0y c\u00f3 th\u00e2n h\u00ecnh c\u00e2n \u0111\u1ed1i v\u00e0 c\u01a1 b\u1eafp ph\u00e1t tri\u1ec3n t\u1ed1t.<br data-start=\"861\" data-end=\"864\" \/>Ngo\u00e0i ra, b\u1ed9 l\u00f4ng ng\u1eafn gi\u00fap vi\u1ec7c ch\u0103m s\u00f3c tr\u1edf n\u00ean d\u1ec5 d\u00e0ng h\u01a1n.<br data-start=\"926\" data-end=\"929\" \/>V\u00ec v\u1eady, ch\u00fang ph\u00f9 h\u1ee3p v\u1edbi nhi\u1ec1u \u0111i\u1ec1u ki\u1ec7n s\u1ed1ng kh\u00e1c nhau.<br data-start=\"986\" data-end=\"989\" \/>M\u00e0u l\u00f4ng ph\u1ed5 bi\u1ebfn g\u1ed3m v\u00e0ng, \u0111en v\u00e0 n\u00e2u socola.<br data-start=\"1035\" data-end=\"1038\" \/>B\u00ean c\u1ea1nh \u0111\u00f3, \u0111\u00f4i m\u1eaft hi\u1ec1n l\u00e0nh t\u1ea1o c\u1ea3m gi\u00e1c g\u1ea7n g\u0169i.<br data-start=\"1090\" data-end=\"1093\" \/>Kh\u00f4ng nh\u1eefng th\u1ebf, gi\u1ed1ng ch\u00f3 n\u00e0y c\u00f3 tu\u1ed5i th\u1ecd kh\u00e1 \u1ed5n \u0111\u1ecbnh.<\/p>\n<h3 data-section-id=\"1o58980\" data-start=\"1152\" data-end=\"1167\">T\u00ednh c\u00e1ch<\/h3>\n<p data-start=\"1169\" data-end=\"1522\">Ch\u00f3 Labrador r\u1ea5t th\u00e2n thi\u1ec7n v\u00e0 h\u00f2a \u0111\u1ed3ng v\u1edbi con ng\u01b0\u1eddi.<br data-start=\"1223\" data-end=\"1226\" \/>Do \u0111\u00f3, ch\u00fang th\u01b0\u1eddng \u0111\u01b0\u1ee3c nu\u00f4i l\u00e0m th\u00fa c\u01b0ng trong gia \u0111\u00ecnh.<br data-start=\"1284\" data-end=\"1287\" \/>Ngo\u00e0i ra, gi\u1ed1ng ch\u00f3 n\u00e0y r\u1ea5t th\u00f4ng minh v\u00e0 d\u1ec5 hu\u1ea5n luy\u1ec7n.<br data-start=\"1343\" data-end=\"1346\" \/>V\u00ec th\u1ebf, ch\u00fang th\u01b0\u1eddng \u0111\u01b0\u1ee3c s\u1eed d\u1ee5ng trong nhi\u1ec1u c\u00f4ng vi\u1ec7c \u0111\u1eb7c bi\u1ec7t.<br data-start=\"1411\" data-end=\"1414\" \/>Gi\u1ed1ng ch\u00f3 n\u00e0y th\u00edch v\u1eadn \u0111\u1ed9ng v\u00e0 lu\u00f4n tr\u00e0n \u0111\u1ea7y n\u0103ng l\u01b0\u1ee3ng.<br data-start=\"1471\" data-end=\"1474\" \/>\u0110\u1ed3ng th\u1eddi, ch\u00fang r\u1ea5t trung th\u00e0nh v\u1edbi ch\u1ee7 nu\u00f4i.<\/p>\n<h3 data-section-id=\"1fpktia\" data-start=\"1524\" data-end=\"1553\">C\u00e1ch ch\u0103m s\u00f3c \u0111\u00fang c\u00e1ch<\/h3>\n<p data-start=\"1555\" data-end=\"1902\">Ch\u0103m s\u00f3c gi\u1ed1ng ch\u00f3 n\u00e0y c\u1ea7n ch\u00fa \u00fd \u0111\u1ebfn ch\u1ebf \u0111\u1ed9 v\u1eadn \u0111\u1ed9ng h\u00e0ng ng\u00e0y.<br data-start=\"1618\" data-end=\"1621\" \/>V\u00ec v\u1eady, b\u1ea1n n\u00ean cho ch\u00fang t\u1eadp th\u1ec3 d\u1ee5c th\u01b0\u1eddng xuy\u00ean.<br data-start=\"1672\" data-end=\"1675\" \/>Ngo\u00e0i ra, c\u1ea7n ki\u1ec3m so\u00e1t kh\u1ea9u ph\u1ea7n \u0103n \u0111\u1ec3 tr\u00e1nh b\u00e9o ph\u00ec.<br data-start=\"1729\" data-end=\"1732\" \/>B\u00ean c\u1ea1nh \u0111\u00f3, vi\u1ec7c t\u1eafm r\u1eeda \u0111\u1ecbnh k\u1ef3 gi\u00fap gi\u1eef v\u1ec7 sinh s\u1ea1ch s\u1ebd.<br data-start=\"1791\" data-end=\"1794\" \/>Do \u0111\u00f3, ch\u00fang s\u1ebd lu\u00f4n kh\u1ecfe m\u1ea1nh v\u00e0 ph\u00e1t tri\u1ec3n t\u1ed1t.<br data-start=\"1843\" data-end=\"1846\" \/>Cu\u1ed1i c\u00f9ng, n\u00ean ki\u1ec3m tra s\u1ee9c kh\u1ecfe \u0111\u1ecbnh k\u1ef3 cho th\u00fa c\u01b0ng.<\/p>\n<p data-start=\"1904\" data-end=\"1963\">\u0110\u00e2y l\u00e0 l\u1ef1a ch\u1ecdn l\u00fd t\u01b0\u1edfng cho ng\u01b0\u1eddi y\u00eau th\u00fa c\u01b0ng hi\u1ec7n \u0111\u1ea1i.<\/p>\n","protected":false},"excerpt":{"rendered":"<p>Th\u00e2n thi\u1ec7n, th\u00f4ng minh, d\u1ec5 nu\u00f4i v\u00e0 r\u1ea5t trung th\u00e0nh. Ph\u00f9 h\u1ee3p l\u00e0m th\u00fa c\u01b0ng cho m\u1ecdi gia \u0111\u00ecnh.<\/p>\n","protected":false},"featured_media":273,"comment_status":"closed","ping_status":"closed","template":"","meta":[],"product_brand":[],"product_cat":[28],"product_tag":[],"class_list":{"0":"post-617","1":"product","2":"type-product","3":"status-publish","4":"has-post-thumbnail","6":"product_cat-thu-cung","8":"first","9":"instock","10":"sale","11":"taxable","12":"shipping-taxable","13":"purchasable","14":"product-type-variable"},"yoast_head":"<!-- This site is optimized with the Yoast SEO plugin v27.2 - https:\/\/yoast.com\/product\/yoast-seo-wordpress\/ -->\n<title>ch\u00f3 Labrador - shop th\u00fa c\u01b0ng<\/title>\n<meta name=\"description\" content=\"Ch\u00f3 Labrador th\u00e2n thi\u1ec7n, th\u00f4ng minh v\u00e0 d\u1ec5 nu\u00f4i. Kh\u00e1m ph\u00e1 \u0111\u1eb7c \u0111i\u1ec3m, t\u00ednh c\u00e1ch v\u00e0 c\u00e1ch ch\u0103m s\u00f3c hi\u1ec7u qu\u1ea3.\" \/>\n<meta name=\"robots\" content=\"index, follow, max-snippet:-1, max-image-preview:large, max-video-preview:-1\" \/>\n<link rel=\"canonical\" href=\"https:\/\/petluxu.azdigi.shop\/?product=cho-labrador\" \/>\n<meta property=\"og:locale\" content=\"en_US\" \/>\n<meta property=\"og:type\" content=\"article\" \/>\n<meta property=\"og:title\" content=\"ch\u00f3 Labrador - shop th\u00fa c\u01b0ng\" \/>\n<meta property=\"og:description\" content=\"Ch\u00f3 Labrador th\u00e2n thi\u1ec7n, th\u00f4ng minh v\u00e0 d\u1ec5 nu\u00f4i. Kh\u00e1m ph\u00e1 \u0111\u1eb7c \u0111i\u1ec3m, t\u00ednh c\u00e1ch v\u00e0 c\u00e1ch ch\u0103m s\u00f3c hi\u1ec7u qu\u1ea3.\" \/>\n<meta property=\"og:url\" content=\"https:\/\/petluxu.azdigi.shop\/?product=cho-labrador\" \/>\n<meta property=\"og:site_name\" content=\"shop th\u00fa c\u01b0ng\" \/>\n<meta property=\"article:modified_time\" content=\"2026-04-11T10:03:57+00:00\" \/>\n<meta property=\"og:image\" content=\"https:\/\/petluxu.azdigi.shop\/wp-content\/uploads\/2026\/03\/tim-hieu-giong-cho-labrador-nguon-goc-dac-diem-cach-nuoi-bang-gia-202104161338252897.jpg\" \/>\n\t<meta property=\"og:image:width\" content=\"800\" \/>\n\t<meta property=\"og:image:height\" content=\"476\" \/>\n\t<meta property=\"og:image:type\" content=\"image\/jpeg\" \/>\n<meta name=\"twitter:card\" content=\"summary_large_image\" \/>\n<meta name=\"twitter:label1\" content=\"Est. reading time\" \/>\n\t<meta name=\"twitter:data1\" content=\"2 minutes\" \/>\n<script type=\"application\/ld+json\" class=\"yoast-schema-graph\">{\"@context\":\"https:\/\/schema.org\",\"@graph\":[{\"@type\":\"WebPage\",\"@id\":\"https:\/\/petluxu.azdigi.shop\/?product=cho-labrador\",\"url\":\"https:\/\/petluxu.azdigi.shop\/?product=cho-labrador\",\"name\":\"ch\u00f3 Labrador - shop th\u00fa c\u01b0ng\",\"isPartOf\":{\"@id\":\"https:\/\/petluxu.azdigi.shop\/#website\"},\"primaryImageOfPage\":{\"@id\":\"https:\/\/petluxu.azdigi.shop\/?product=cho-labrador#primaryimage\"},\"image\":{\"@id\":\"https:\/\/petluxu.azdigi.shop\/?product=cho-labrador#primaryimage\"},\"thumbnailUrl\":\"https:\/\/petluxu.azdigi.shop\/wp-content\/uploads\/2026\/03\/tim-hieu-giong-cho-labrador-nguon-goc-dac-diem-cach-nuoi-bang-gia-202104161338252897.jpg\",\"datePublished\":\"2026-04-10T14:36:11+00:00\",\"dateModified\":\"2026-04-11T10:03:57+00:00\",\"description\":\"Ch\u00f3 Labrador th\u00e2n thi\u1ec7n, th\u00f4ng minh v\u00e0 d\u1ec5 nu\u00f4i. Kh\u00e1m ph\u00e1 \u0111\u1eb7c \u0111i\u1ec3m, t\u00ednh c\u00e1ch v\u00e0 c\u00e1ch ch\u0103m s\u00f3c hi\u1ec7u qu\u1ea3.\",\"breadcrumb\":{\"@id\":\"https:\/\/petluxu.azdigi.shop\/?product=cho-labrador#breadcrumb\"},\"inLanguage\":\"en-US\",\"potentialAction\":[{\"@type\":\"ReadAction\",\"target\":[\"https:\/\/petluxu.azdigi.shop\/?product=cho-labrador\"]}]},{\"@type\":\"ImageObject\",\"inLanguage\":\"en-US\",\"@id\":\"https:\/\/petluxu.azdigi.shop\/?product=cho-labrador#primaryimage\",\"url\":\"https:\/\/petluxu.azdigi.shop\/wp-content\/uploads\/2026\/03\/tim-hieu-giong-cho-labrador-nguon-goc-dac-diem-cach-nuoi-bang-gia-202104161338252897.jpg\",\"contentUrl\":\"https:\/\/petluxu.azdigi.shop\/wp-content\/uploads\/2026\/03\/tim-hieu-giong-cho-labrador-nguon-goc-dac-diem-cach-nuoi-bang-gia-202104161338252897.jpg\",\"width\":800,\"height\":476},{\"@type\":\"BreadcrumbList\",\"@id\":\"https:\/\/petluxu.azdigi.shop\/?product=cho-labrador#breadcrumb\",\"itemListElement\":[{\"@type\":\"ListItem\",\"position\":1,\"name\":\"Home\",\"item\":\"https:\/\/petluxu.azdigi.shop\/\"},{\"@type\":\"ListItem\",\"position\":2,\"name\":\"Shop\",\"item\":\"https:\/\/petluxu.azdigi.shop\/?page_id=348\"},{\"@type\":\"ListItem\",\"position\":3,\"name\":\"ch\u00f3 Labrador\"}]},{\"@type\":\"WebSite\",\"@id\":\"https:\/\/petluxu.azdigi.shop\/#website\",\"url\":\"https:\/\/petluxu.azdigi.shop\/\",\"name\":\"shop th\u00fa c\u01b0ng\",\"description\":\"\",\"potentialAction\":[{\"@type\":\"SearchAction\",\"target\":{\"@type\":\"EntryPoint\",\"urlTemplate\":\"https:\/\/petluxu.azdigi.shop\/?s={search_term_string}\"},\"query-input\":{\"@type\":\"PropertyValueSpecification\",\"valueRequired\":true,\"valueName\":\"search_term_string\"}}],\"inLanguage\":\"en-US\"}]}<\/script>\n<!-- \/ Yoast SEO plugin. -->","yoast_head_json":{"title":"ch\u00f3 Labrador - shop th\u00fa c\u01b0ng","description":"Ch\u00f3 Labrador th\u00e2n thi\u1ec7n, th\u00f4ng minh v\u00e0 d\u1ec5 nu\u00f4i. Kh\u00e1m ph\u00e1 \u0111\u1eb7c \u0111i\u1ec3m, t\u00ednh c\u00e1ch v\u00e0 c\u00e1ch ch\u0103m s\u00f3c hi\u1ec7u qu\u1ea3.","robots":{"index":"index","follow":"follow","max-snippet":"max-snippet:-1","max-image-preview":"max-image-preview:large","max-video-preview":"max-video-preview:-1"},"canonical":"https:\/\/petluxu.azdigi.shop\/?product=cho-labrador","og_locale":"en_US","og_type":"article","og_title":"ch\u00f3 Labrador - shop th\u00fa c\u01b0ng","og_description":"Ch\u00f3 Labrador th\u00e2n thi\u1ec7n, th\u00f4ng minh v\u00e0 d\u1ec5 nu\u00f4i. Kh\u00e1m ph\u00e1 \u0111\u1eb7c \u0111i\u1ec3m, t\u00ednh c\u00e1ch v\u00e0 c\u00e1ch ch\u0103m s\u00f3c hi\u1ec7u qu\u1ea3.","og_url":"https:\/\/petluxu.azdigi.shop\/?product=cho-labrador","og_site_name":"shop th\u00fa c\u01b0ng","article_modified_time":"2026-04-11T10:03:57+00:00","og_image":[{"width":800,"height":476,"url":"https:\/\/petluxu.azdigi.shop\/wp-content\/uploads\/2026\/03\/tim-hieu-giong-cho-labrador-nguon-goc-dac-diem-cach-nuoi-bang-gia-202104161338252897.jpg","type":"image\/jpeg"}],"twitter_card":"summary_large_image","twitter_misc":{"Est. reading time":"2 minutes"},"schema":{"@context":"https:\/\/schema.org","@graph":[{"@type":"WebPage","@id":"https:\/\/petluxu.azdigi.shop\/?product=cho-labrador","url":"https:\/\/petluxu.azdigi.shop\/?product=cho-labrador","name":"ch\u00f3 Labrador - shop th\u00fa c\u01b0ng","isPartOf":{"@id":"https:\/\/petluxu.azdigi.shop\/#website"},"primaryImageOfPage":{"@id":"https:\/\/petluxu.azdigi.shop\/?product=cho-labrador#primaryimage"},"image":{"@id":"https:\/\/petluxu.azdigi.shop\/?product=cho-labrador#primaryimage"},"thumbnailUrl":"https:\/\/petluxu.azdigi.shop\/wp-content\/uploads\/2026\/03\/tim-hieu-giong-cho-labrador-nguon-goc-dac-diem-cach-nuoi-bang-gia-202104161338252897.jpg","datePublished":"2026-04-10T14:36:11+00:00","dateModified":"2026-04-11T10:03:57+00:00","description":"Ch\u00f3 Labrador th\u00e2n thi\u1ec7n, th\u00f4ng minh v\u00e0 d\u1ec5 nu\u00f4i. Kh\u00e1m ph\u00e1 \u0111\u1eb7c \u0111i\u1ec3m, t\u00ednh c\u00e1ch v\u00e0 c\u00e1ch ch\u0103m s\u00f3c hi\u1ec7u qu\u1ea3.","breadcrumb":{"@id":"https:\/\/petluxu.azdigi.shop\/?product=cho-labrador#breadcrumb"},"inLanguage":"en-US","potentialAction":[{"@type":"ReadAction","target":["https:\/\/petluxu.azdigi.shop\/?product=cho-labrador"]}]},{"@type":"ImageObject","inLanguage":"en-US","@id":"https:\/\/petluxu.azdigi.shop\/?product=cho-labrador#primaryimage","url":"https:\/\/petluxu.azdigi.shop\/wp-content\/uploads\/2026\/03\/tim-hieu-giong-cho-labrador-nguon-goc-dac-diem-cach-nuoi-bang-gia-202104161338252897.jpg","contentUrl":"https:\/\/petluxu.azdigi.shop\/wp-content\/uploads\/2026\/03\/tim-hieu-giong-cho-labrador-nguon-goc-dac-diem-cach-nuoi-bang-gia-202104161338252897.jpg","width":800,"height":476},{"@type":"BreadcrumbList","@id":"https:\/\/petluxu.azdigi.shop\/?product=cho-labrador#breadcrumb","itemListElement":[{"@type":"ListItem","position":1,"name":"Home","item":"https:\/\/petluxu.azdigi.shop\/"},{"@type":"ListItem","position":2,"name":"Shop","item":"https:\/\/petluxu.azdigi.shop\/?page_id=348"},{"@type":"ListItem","position":3,"name":"ch\u00f3 Labrador"}]},{"@type":"WebSite","@id":"https:\/\/petluxu.azdigi.shop\/#website","url":"https:\/\/petluxu.azdigi.shop\/","name":"shop th\u00fa c\u01b0ng","description":"","potentialAction":[{"@type":"SearchAction","target":{"@type":"EntryPoint","urlTemplate":"https:\/\/petluxu.azdigi.shop\/?s={search_term_string}"},"query-input":{"@type":"PropertyValueSpecification","valueRequired":true,"valueName":"search_term_string"}}],"inLanguage":"en-US"}]}},"_links":{"self":[{"href":"https:\/\/petluxu.azdigi.shop\/index.php?rest_route=\/wp\/v2\/product\/617","targetHints":{"allow":["GET"]}}],"collection":[{"href":"https:\/\/petluxu.azdigi.shop\/index.php?rest_route=\/wp\/v2\/product"}],"about":[{"href":"https:\/\/petluxu.azdigi.shop\/index.php?rest_route=\/wp\/v2\/types\/product"}],"replies":[{"embeddable":true,"href":"https:\/\/petluxu.azdigi.shop\/index.php?rest_route=%2Fwp%2Fv2%2Fcomments&post=617"}],"wp:featuredmedia":[{"embeddable":true,"href":"https:\/\/petluxu.azdigi.shop\/index.php?rest_route=\/wp\/v2\/media\/273"}],"wp:attachment":[{"href":"https:\/\/petluxu.azdigi.shop\/index.php?rest_route=%2Fwp%2Fv2%2Fmedia&parent=617"}],"wp:term":[{"taxonomy":"product_brand","embeddable":true,"href":"https:\/\/petluxu.azdigi.shop\/index.php?rest_route=%2Fwp%2Fv2%2Fproduct_brand&post=617"},{"taxonomy":"product_cat","embeddable":true,"href":"https:\/\/petluxu.azdigi.shop\/index.php?rest_route=%2Fwp%2Fv2%2Fproduct_cat&post=617"},{"taxonomy":"product_tag","embeddable":true,"href":"https:\/\/petluxu.azdigi.shop\/index.php?rest_route=%2Fwp%2Fv2%2Fproduct_tag&post=617"}],"curies":[{"name":"wp","href":"https:\/\/api.w.org\/{rel}","templated":true}]}}