{"id":621,"date":"2026-04-10T14:50:00","date_gmt":"2026-04-10T14:50:00","guid":{"rendered":"https:\/\/petluxu.azdigi.shop\/?post_type=product&#038;p=621"},"modified":"2026-04-11T22:23:49","modified_gmt":"2026-04-11T22:23:49","slug":"cho-ngao-tay-tang","status":"publish","type":"product","link":"https:\/\/petluxu.azdigi.shop\/?product=cho-ngao-tay-tang","title":{"rendered":"Ch\u00f3 Ngao T\u00e2y T\u1ea1ng"},"content":{"rendered":"<p><img loading=\"lazy\" decoding=\"async\" class=\"alignnone size-medium wp-image-264 aligncenter\" src=\"https:\/\/petluxu.azdigi.shop\/wp-content\/uploads\/2026\/03\/hinh-anh-cho-ngao-tay-tang-nuoi-nhot_044239870-300x167.jpg\" alt=\"\" width=\"300\" height=\"167\" srcset=\"https:\/\/petluxu.azdigi.shop\/wp-content\/uploads\/2026\/03\/hinh-anh-cho-ngao-tay-tang-nuoi-nhot_044239870-300x167.jpg 300w, https:\/\/petluxu.azdigi.shop\/wp-content\/uploads\/2026\/03\/hinh-anh-cho-ngao-tay-tang-nuoi-nhot_044239870-600x334.jpg 600w, https:\/\/petluxu.azdigi.shop\/wp-content\/uploads\/2026\/03\/hinh-anh-cho-ngao-tay-tang-nuoi-nhot_044239870-768x427.jpg 768w, https:\/\/petluxu.azdigi.shop\/wp-content\/uploads\/2026\/03\/hinh-anh-cho-ngao-tay-tang-nuoi-nhot_044239870.jpg 1000w\" sizes=\"auto, (max-width: 300px) 100vw, 300px\" \/><\/p>\n<h3 data-section-id=\"1nqjvxu\" data-start=\"353\" data-end=\"383\"><span dir=\"auto\" style=\"vertical-align: inherit;\"><span dir=\"auto\" style=\"vertical-align: inherit;\">Ch\u00f3 Ngao T\u00e2y T\u1ea1ng l\u00e0 g\u00ec?<\/span><\/span><\/h3>\n<p data-start=\"385\" data-end=\"750\"><span dir=\"auto\" style=\"vertical-align: inherit;\"><span dir=\"auto\" style=\"vertical-align: inherit;\">Ch\u00f3 Ngao T\u00e2y T\u1ea1ng l\u00e0 gi\u1ed1ng ch\u00f3 n\u1ed5i ti\u1ebfng v\u1edbi k\u00edch th\u01b0\u1edbc l\u1edbn v\u00e0 s\u1ee9c m\u1ea1nh v\u01b0\u1ee3t tr\u1ed9i. <\/span><\/span><br data-start=\"467\" data-end=\"470\" \/><span dir=\"auto\" style=\"vertical-align: inherit;\"><span dir=\"auto\" style=\"vertical-align: inherit;\">Ngay t\u1eeb \u0111\u1ea7u, gi\u1ed1ng ch\u00f3 n\u00e0y g\u00e2y \u1ea5n t\u01b0\u1ee3ng v\u1edbi v\u1ebb ngo\u00e0i oai v\u1ec7. <\/span><\/span><br data-start=\"530\" data-end=\"533\" \/><span dir=\"auto\" style=\"vertical-align: inherit;\"><span dir=\"auto\" style=\"vertical-align: inherit;\">Kh\u00f4ng ch\u1ec9 v\u1eady, ch\u00fang c\u00f2n c\u00f3 kh\u1ea3 n\u0103ng b\u1ea3o v\u1ec7 r\u1ea5t t\u1ed1t. <\/span><\/span><br data-start=\"585\" data-end=\"588\" \/><span dir=\"auto\" style=\"vertical-align: inherit;\"><span dir=\"auto\" style=\"vertical-align: inherit;\">V\u00ec th\u1ebf, gi\u1ed1ng ch\u00f3 n\u00e0y th\u01b0\u1eddng \u0111\u01b0\u1ee3c nu\u00f4i \u0111\u1ec3 gi\u1eef nh\u00e0. <\/span><\/span><br data-start=\"638\" data-end=\"641\" \/><span dir=\"auto\" style=\"vertical-align: inherit;\"><span dir=\"auto\" style=\"vertical-align: inherit;\">Gi\u1ed1ng ch\u00f3 n\u00e0y c\u00f3 ngu\u1ed3n g\u1ed1c t\u1eeb v\u00f9ng n\u00fai cao l\u1ea1nh. <\/span><\/span><br data-start=\"693\" data-end=\"696\" \/><span dir=\"auto\" style=\"vertical-align: inherit;\"><span dir=\"auto\" style=\"vertical-align: inherit;\">Do \u0111\u00f3, ch\u00fang t\u00f4i th\u00edch nghi t\u1ed1t v\u1edbi kh\u00ed h\u1eadu kh\u1eafc nghi\u1ec7t.<\/span><\/span><\/p>\n<h3 data-section-id=\"1qzmdrx\" data-start=\"752\" data-end=\"774\"><span dir=\"auto\" style=\"vertical-align: inherit;\"><span dir=\"auto\" style=\"vertical-align: inherit;\">\u0110i\u1ec3m \u0111\u1eb7c bi\u1ec7t<\/span><\/span><\/h3>\n<p data-start=\"776\" data-end=\"1103\"><span dir=\"auto\" style=\"vertical-align: inherit;\"><span dir=\"auto\" style=\"vertical-align: inherit;\">Gi\u1ed1ng ch\u00f3 n\u00e0y c\u00f3 h\u00ecnh th\u1ec3 l\u1edbn v\u00e0 c\u01a1 s\u1edf ph\u00e1t tri\u1ec3n m\u1ea1nh. <\/span><\/span><br data-start=\"836\" data-end=\"839\" \/><span dir=\"auto\" style=\"vertical-align: inherit;\"><span dir=\"auto\" style=\"vertical-align: inherit;\">Ngo\u00e0i ra, b\u1ed9 l\u00f4ng d\u00e0y gi\u00fap gi\u1eef c\u01a1 s\u1edf hi\u1ec7u qu\u1ea3. <\/span><\/span><br data-start=\"889\" data-end=\"892\" \/><span dir=\"auto\" style=\"vertical-align: inherit;\"><span dir=\"auto\" style=\"vertical-align: inherit;\">V\u00ec v\u1eady, ch\u00fang t\u00f4i c\u00f3 th\u1ec3 s\u1ed1ng t\u1ed1t \u1edf m\u00f4i tr\u01b0\u1eddng l\u1ea1nh. <\/span><\/span><br data-start=\"940\" data-end=\"943\" \/><span dir=\"auto\" style=\"vertical-align: inherit;\"><span dir=\"auto\" style=\"vertical-align: inherit;\">M\u00e0u l\u00f4ng ph\u1ed5 bi\u1ebfn bao g\u1ed3m m\u00e0u \u0111en, m\u00e0u n\u00e2u \u0111\u1ecf ho\u1eb7c v\u00e0ng. <\/span><\/span><br data-start=\"987\" data-end=\"990\" \/><span dir=\"auto\" style=\"vertical-align: inherit;\"><span dir=\"auto\" style=\"vertical-align: inherit;\">Ven b\u1edd, ph\u1ea7n b\u1eddm c\u1ed5 d\u00e0y t\u1ea1o v\u1ebb gi\u1ed1ng nh\u01b0 s\u01b0 t\u1eed. <\/span><\/span><br data-start=\"1038\" data-end=\"1041\" \/><span dir=\"auto\" style=\"vertical-align: inherit;\"><span dir=\"auto\" style=\"vertical-align: inherit;\">Kh\u00f4ng nh\u1eefng th\u1ebf, gi\u1ed1ng ch\u00f3 n\u00e0y c\u00f3 s\u1ee9c b\u1ec1n v\u00e0 c\u01b0\u1eddng \u0111\u1ed9 d\u1ebbo dai cao.<\/span><\/span><\/p>\n<h3 data-section-id=\"1o58980\" data-start=\"1105\" data-end=\"1120\"><span dir=\"auto\" style=\"vertical-align: inherit;\"><span dir=\"auto\" style=\"vertical-align: inherit;\">T\u00ednh c\u00e1ch<\/span><\/span><\/h3>\n<p data-start=\"1122\" data-end=\"1447\"><span dir=\"auto\" style=\"vertical-align: inherit;\"><span dir=\"auto\" style=\"vertical-align: inherit;\">Ch\u00f3 Ngao T\u00e2y T\u1ea1ng r\u1ea5t trung th\u00e0nh v\u00e0 b\u1ea3o v\u1ec7 ch\u1ee7 nu\u00f4i. <\/span><\/span><br data-start=\"1175\" data-end=\"1178\" \/><span dir=\"auto\" style=\"vertical-align: inherit;\"><span dir=\"auto\" style=\"vertical-align: inherit;\">Do \u0111\u00f3, h\u1ecd th\u01b0\u1eddng \u0111\u01b0\u1ee3c s\u1eed d\u1ee5ng l\u00e0m ch\u00f3 gi\u1eef nh\u00e0. <\/span><\/span><br data-start=\"1227\" data-end=\"1230\" \/><span dir=\"auto\" style=\"vertical-align: inherit;\"><span dir=\"auto\" style=\"vertical-align: inherit;\">Ngo\u00e0i ra, gi\u1ed1ng ch\u00f3 n\u00e0y kh\u00e1 \u0111\u1ed9c l\u1eadp v\u00e0 m\u1ea1nh m\u1ebd. <\/span><\/span><br data-start=\"1277\" data-end=\"1280\" \/><span dir=\"auto\" style=\"vertical-align: inherit;\"><span dir=\"auto\" style=\"vertical-align: inherit;\">V\u00ec th\u1ebf, c\u00f4ng vi\u1ec7c hu\u1ea5n luy\u1ec7n c\u1ea7n c\u00f3 s\u1ee9c chi\u1ebfn \u0111\u1ea5u v\u00e0 kinh nghi\u1ec7m. <\/span><\/span><br data-start=\"1336\" data-end=\"1339\" \/><span dir=\"auto\" style=\"vertical-align: inherit;\"><span dir=\"auto\" style=\"vertical-align: inherit;\">Gi\u1ed1ng ch\u00f3 n\u00e0y c\u00f3 kh\u1ea3 n\u0103ng c\u1ea3nh b\u00e1o cao \u0111\u1ed1i v\u1edbi ng\u01b0\u1eddi kh\u00f4ng r\u00f5. <\/span><\/span><br data-start=\"1392\" data-end=\"1395\" \/><span dir=\"auto\" style=\"vertical-align: inherit;\"><span dir=\"auto\" style=\"vertical-align: inherit;\">\u0110\u1ed3ng th\u1eddi, h\u1ecd r\u1ea5t g\u1eafn b\u00f3 v\u1edbi gia \u0111\u00ecnh ch\u1ee7 nu\u00f4i.<\/span><\/span><\/p>\n<h3 data-section-id=\"1fpktia\" data-start=\"1449\" data-end=\"1478\"><span dir=\"auto\" style=\"vertical-align: inherit;\"><span dir=\"auto\" style=\"vertical-align: inherit;\">C\u00e1ch ch\u0103m s\u00f3c \u0111\u00fang c\u00e1ch<\/span><\/span><\/h3>\n<p data-start=\"1480\" data-end=\"1811\"><span dir=\"auto\" style=\"vertical-align: inherit;\"><span dir=\"auto\" style=\"vertical-align: inherit;\">Ch\u0103m s\u00f3c gi\u1ed1ng ch\u00f3 n\u00e0y c\u1ea7n kh\u00f4ng gian s\u1ed1ng r\u1ed9ng r\u00e3i. <\/span><\/span><br data-start=\"1532\" data-end=\"1535\" \/><span dir=\"auto\" style=\"vertical-align: inherit;\"><span dir=\"auto\" style=\"vertical-align: inherit;\">V\u00ec v\u1eady, kh\u00f4ng n\u00ean nu\u00f4i trong c\u0103n h\u1ed9 nh\u1ecf. <\/span><\/span><br data-start=\"1575\" data-end=\"1578\" \/><span dir=\"auto\" style=\"vertical-align: inherit;\"><span dir=\"auto\" style=\"vertical-align: inherit;\">Ngo\u00e0i ra, c\u1ea7n cho h\u1ecd v\u1eadn \u0111\u1ed9ng th\u01b0\u1eddng xuy\u00ean m\u1ed7i ng\u00e0y. <\/span><\/span><br data-start=\"1633\" data-end=\"1636\" \/><span dir=\"auto\" style=\"vertical-align: inherit;\"><span dir=\"auto\" style=\"vertical-align: inherit;\">B\u00ean c\u1ea1nh \u0111\u00f3, ch\u1ea3i l\u00f4ng gi\u00fap gi\u1eef b\u1ed9 l\u00f4ng s\u1ea1ch v\u00e0 \u0111\u1eb9p. <\/span><\/span><br data-start=\"1693\" data-end=\"1696\" \/><span dir=\"auto\" style=\"vertical-align: inherit;\"><span dir=\"auto\" style=\"vertical-align: inherit;\">Do \u0111\u00f3, th\u00fa y s\u1ebd lu\u00f4n kh\u1ecfe m\u1ea1nh v\u00e0 \u00edt b\u1ec7nh h\u01a1n. <\/span><\/span><br data-start=\"1745\" data-end=\"1748\" \/><span dir=\"auto\" style=\"vertical-align: inherit;\"><span dir=\"auto\" style=\"vertical-align: inherit;\">Cu\u1ed1i c\u00f9ng, c\u1ea7n b\u1ed5 sung dinh d\u01b0\u1ee1ng \u0111\u1ea7y \u0111\u1ee7 v\u00e0 ki\u1ec3m tra \u0111\u1ecbnh k\u1ef3.<\/span><\/span><\/p>\n<p data-start=\"1813\" data-end=\"1889\"><span dir=\"auto\" style=\"vertical-align: inherit;\"><span dir=\"auto\" style=\"vertical-align: inherit;\">\u0110\u00e2y l\u00e0 l\u1ef1a ch\u1ecdn ph\u00f9 h\u1ee3p cho ng\u01b0\u1eddi gi\u1ed1ng ch\u00f3 m\u1ea1nh v\u00e0 canh g\u00e1c t\u1ed1t.<\/span><\/span><\/p>\n","protected":false},"excerpt":{"rendered":"<p><span dir=\"auto\" style=\"vertical-align: inherit;\"><span dir=\"auto\" style=\"vertical-align: inherit;\">To l\u1edbn, \u0110\u00f9a, trung th\u00e0nh v\u00e0 gi\u1eef nh\u00e0 c\u1ef1c t\u1ed1t. Ph\u00f9 h\u1ee3p v\u1edbi ng\u01b0\u1eddi c\u00f3 kinh nghi\u1ec7m nu\u00f4i ch\u00f3.<\/span><\/span><\/p>\n","protected":false},"featured_media":264,"comment_status":"open","ping_status":"closed","template":"","meta":[],"product_brand":[],"product_cat":[28],"product_tag":[],"class_list":{"0":"post-621","1":"product","2":"type-product","3":"status-publish","4":"has-post-thumbnail","6":"product_cat-thu-cung","8":"first","9":"instock","10":"sale","11":"taxable","12":"shipping-taxable","13":"purchasable","14":"product-type-variable"},"yoast_head":"<!-- This site is optimized with the Yoast SEO plugin v27.2 - https:\/\/yoast.com\/product\/yoast-seo-wordpress\/ -->\n<title>Ch\u00f3 Ngao T\u00e2y T\u1ea1ng - shop th\u00fa c\u01b0ng<\/title>\n<meta name=\"description\" content=\"Ch\u00f3 Ngao T\u00e2y T\u1ea1ng d\u0169ng m\u00e3nh, trung th\u00e0nh v\u00e0 b\u1ea3o v\u1ec7 t\u1ed1t. T\u00ecm hi\u1ec3u \u0111\u1eb7c \u0111i\u1ec3m, t\u00ednh c\u00e1ch v\u00e0 c\u00e1ch ch\u0103m s\u00f3c hi\u1ec7u qu\u1ea3.\" \/>\n<meta name=\"robots\" content=\"index, follow, max-snippet:-1, max-image-preview:large, max-video-preview:-1\" \/>\n<link rel=\"canonical\" href=\"https:\/\/petluxu.azdigi.shop\/?product=cho-ngao-tay-tang\" \/>\n<meta property=\"og:locale\" content=\"en_US\" \/>\n<meta property=\"og:type\" content=\"article\" \/>\n<meta property=\"og:title\" content=\"Ch\u00f3 Ngao T\u00e2y T\u1ea1ng - shop th\u00fa c\u01b0ng\" \/>\n<meta property=\"og:description\" content=\"Ch\u00f3 Ngao T\u00e2y T\u1ea1ng d\u0169ng m\u00e3nh, trung th\u00e0nh v\u00e0 b\u1ea3o v\u1ec7 t\u1ed1t. T\u00ecm hi\u1ec3u \u0111\u1eb7c \u0111i\u1ec3m, t\u00ednh c\u00e1ch v\u00e0 c\u00e1ch ch\u0103m s\u00f3c hi\u1ec7u qu\u1ea3.\" \/>\n<meta property=\"og:url\" content=\"https:\/\/petluxu.azdigi.shop\/?product=cho-ngao-tay-tang\" \/>\n<meta property=\"og:site_name\" content=\"shop th\u00fa c\u01b0ng\" \/>\n<meta property=\"article:modified_time\" content=\"2026-04-11T22:23:49+00:00\" \/>\n<meta property=\"og:image\" content=\"https:\/\/petluxu.azdigi.shop\/wp-content\/uploads\/2026\/03\/hinh-anh-cho-ngao-tay-tang-nuoi-nhot_044239870.jpg\" \/>\n\t<meta property=\"og:image:width\" content=\"1000\" \/>\n\t<meta property=\"og:image:height\" content=\"556\" \/>\n\t<meta property=\"og:image:type\" content=\"image\/jpeg\" \/>\n<meta name=\"twitter:card\" content=\"summary_large_image\" \/>\n<meta name=\"twitter:label1\" content=\"Est. reading time\" \/>\n\t<meta name=\"twitter:data1\" content=\"2 minutes\" \/>\n<script type=\"application\/ld+json\" class=\"yoast-schema-graph\">{\"@context\":\"https:\/\/schema.org\",\"@graph\":[{\"@type\":\"WebPage\",\"@id\":\"https:\/\/petluxu.azdigi.shop\/?product=cho-ngao-tay-tang\",\"url\":\"https:\/\/petluxu.azdigi.shop\/?product=cho-ngao-tay-tang\",\"name\":\"Ch\u00f3 Ngao T\u00e2y T\u1ea1ng - shop th\u00fa c\u01b0ng\",\"isPartOf\":{\"@id\":\"https:\/\/petluxu.azdigi.shop\/#website\"},\"primaryImageOfPage\":{\"@id\":\"https:\/\/petluxu.azdigi.shop\/?product=cho-ngao-tay-tang#primaryimage\"},\"image\":{\"@id\":\"https:\/\/petluxu.azdigi.shop\/?product=cho-ngao-tay-tang#primaryimage\"},\"thumbnailUrl\":\"https:\/\/petluxu.azdigi.shop\/wp-content\/uploads\/2026\/03\/hinh-anh-cho-ngao-tay-tang-nuoi-nhot_044239870.jpg\",\"datePublished\":\"2026-04-10T14:50:00+00:00\",\"dateModified\":\"2026-04-11T22:23:49+00:00\",\"description\":\"Ch\u00f3 Ngao T\u00e2y T\u1ea1ng d\u0169ng m\u00e3nh, trung th\u00e0nh v\u00e0 b\u1ea3o v\u1ec7 t\u1ed1t. T\u00ecm hi\u1ec3u \u0111\u1eb7c \u0111i\u1ec3m, t\u00ednh c\u00e1ch v\u00e0 c\u00e1ch ch\u0103m s\u00f3c hi\u1ec7u qu\u1ea3.\",\"breadcrumb\":{\"@id\":\"https:\/\/petluxu.azdigi.shop\/?product=cho-ngao-tay-tang#breadcrumb\"},\"inLanguage\":\"en-US\",\"potentialAction\":[{\"@type\":\"ReadAction\",\"target\":[\"https:\/\/petluxu.azdigi.shop\/?product=cho-ngao-tay-tang\"]}]},{\"@type\":\"ImageObject\",\"inLanguage\":\"en-US\",\"@id\":\"https:\/\/petluxu.azdigi.shop\/?product=cho-ngao-tay-tang#primaryimage\",\"url\":\"https:\/\/petluxu.azdigi.shop\/wp-content\/uploads\/2026\/03\/hinh-anh-cho-ngao-tay-tang-nuoi-nhot_044239870.jpg\",\"contentUrl\":\"https:\/\/petluxu.azdigi.shop\/wp-content\/uploads\/2026\/03\/hinh-anh-cho-ngao-tay-tang-nuoi-nhot_044239870.jpg\",\"width\":1000,\"height\":556},{\"@type\":\"BreadcrumbList\",\"@id\":\"https:\/\/petluxu.azdigi.shop\/?product=cho-ngao-tay-tang#breadcrumb\",\"itemListElement\":[{\"@type\":\"ListItem\",\"position\":1,\"name\":\"Home\",\"item\":\"https:\/\/petluxu.azdigi.shop\/\"},{\"@type\":\"ListItem\",\"position\":2,\"name\":\"Shop\",\"item\":\"https:\/\/petluxu.azdigi.shop\/?page_id=348\"},{\"@type\":\"ListItem\",\"position\":3,\"name\":\"Ch\u00f3 Ngao T\u00e2y T\u1ea1ng\"}]},{\"@type\":\"WebSite\",\"@id\":\"https:\/\/petluxu.azdigi.shop\/#website\",\"url\":\"https:\/\/petluxu.azdigi.shop\/\",\"name\":\"shop th\u00fa c\u01b0ng\",\"description\":\"\",\"potentialAction\":[{\"@type\":\"SearchAction\",\"target\":{\"@type\":\"EntryPoint\",\"urlTemplate\":\"https:\/\/petluxu.azdigi.shop\/?s={search_term_string}\"},\"query-input\":{\"@type\":\"PropertyValueSpecification\",\"valueRequired\":true,\"valueName\":\"search_term_string\"}}],\"inLanguage\":\"en-US\"}]}<\/script>\n<!-- \/ Yoast SEO plugin. -->","yoast_head_json":{"title":"Ch\u00f3 Ngao T\u00e2y T\u1ea1ng - shop th\u00fa c\u01b0ng","description":"Ch\u00f3 Ngao T\u00e2y T\u1ea1ng d\u0169ng m\u00e3nh, trung th\u00e0nh v\u00e0 b\u1ea3o v\u1ec7 t\u1ed1t. T\u00ecm hi\u1ec3u \u0111\u1eb7c \u0111i\u1ec3m, t\u00ednh c\u00e1ch v\u00e0 c\u00e1ch ch\u0103m s\u00f3c hi\u1ec7u qu\u1ea3.","robots":{"index":"index","follow":"follow","max-snippet":"max-snippet:-1","max-image-preview":"max-image-preview:large","max-video-preview":"max-video-preview:-1"},"canonical":"https:\/\/petluxu.azdigi.shop\/?product=cho-ngao-tay-tang","og_locale":"en_US","og_type":"article","og_title":"Ch\u00f3 Ngao T\u00e2y T\u1ea1ng - shop th\u00fa c\u01b0ng","og_description":"Ch\u00f3 Ngao T\u00e2y T\u1ea1ng d\u0169ng m\u00e3nh, trung th\u00e0nh v\u00e0 b\u1ea3o v\u1ec7 t\u1ed1t. T\u00ecm hi\u1ec3u \u0111\u1eb7c \u0111i\u1ec3m, t\u00ednh c\u00e1ch v\u00e0 c\u00e1ch ch\u0103m s\u00f3c hi\u1ec7u qu\u1ea3.","og_url":"https:\/\/petluxu.azdigi.shop\/?product=cho-ngao-tay-tang","og_site_name":"shop th\u00fa c\u01b0ng","article_modified_time":"2026-04-11T22:23:49+00:00","og_image":[{"width":1000,"height":556,"url":"https:\/\/petluxu.azdigi.shop\/wp-content\/uploads\/2026\/03\/hinh-anh-cho-ngao-tay-tang-nuoi-nhot_044239870.jpg","type":"image\/jpeg"}],"twitter_card":"summary_large_image","twitter_misc":{"Est. reading time":"2 minutes"},"schema":{"@context":"https:\/\/schema.org","@graph":[{"@type":"WebPage","@id":"https:\/\/petluxu.azdigi.shop\/?product=cho-ngao-tay-tang","url":"https:\/\/petluxu.azdigi.shop\/?product=cho-ngao-tay-tang","name":"Ch\u00f3 Ngao T\u00e2y T\u1ea1ng - shop th\u00fa c\u01b0ng","isPartOf":{"@id":"https:\/\/petluxu.azdigi.shop\/#website"},"primaryImageOfPage":{"@id":"https:\/\/petluxu.azdigi.shop\/?product=cho-ngao-tay-tang#primaryimage"},"image":{"@id":"https:\/\/petluxu.azdigi.shop\/?product=cho-ngao-tay-tang#primaryimage"},"thumbnailUrl":"https:\/\/petluxu.azdigi.shop\/wp-content\/uploads\/2026\/03\/hinh-anh-cho-ngao-tay-tang-nuoi-nhot_044239870.jpg","datePublished":"2026-04-10T14:50:00+00:00","dateModified":"2026-04-11T22:23:49+00:00","description":"Ch\u00f3 Ngao T\u00e2y T\u1ea1ng d\u0169ng m\u00e3nh, trung th\u00e0nh v\u00e0 b\u1ea3o v\u1ec7 t\u1ed1t. T\u00ecm hi\u1ec3u \u0111\u1eb7c \u0111i\u1ec3m, t\u00ednh c\u00e1ch v\u00e0 c\u00e1ch ch\u0103m s\u00f3c hi\u1ec7u qu\u1ea3.","breadcrumb":{"@id":"https:\/\/petluxu.azdigi.shop\/?product=cho-ngao-tay-tang#breadcrumb"},"inLanguage":"en-US","potentialAction":[{"@type":"ReadAction","target":["https:\/\/petluxu.azdigi.shop\/?product=cho-ngao-tay-tang"]}]},{"@type":"ImageObject","inLanguage":"en-US","@id":"https:\/\/petluxu.azdigi.shop\/?product=cho-ngao-tay-tang#primaryimage","url":"https:\/\/petluxu.azdigi.shop\/wp-content\/uploads\/2026\/03\/hinh-anh-cho-ngao-tay-tang-nuoi-nhot_044239870.jpg","contentUrl":"https:\/\/petluxu.azdigi.shop\/wp-content\/uploads\/2026\/03\/hinh-anh-cho-ngao-tay-tang-nuoi-nhot_044239870.jpg","width":1000,"height":556},{"@type":"BreadcrumbList","@id":"https:\/\/petluxu.azdigi.shop\/?product=cho-ngao-tay-tang#breadcrumb","itemListElement":[{"@type":"ListItem","position":1,"name":"Home","item":"https:\/\/petluxu.azdigi.shop\/"},{"@type":"ListItem","position":2,"name":"Shop","item":"https:\/\/petluxu.azdigi.shop\/?page_id=348"},{"@type":"ListItem","position":3,"name":"Ch\u00f3 Ngao T\u00e2y T\u1ea1ng"}]},{"@type":"WebSite","@id":"https:\/\/petluxu.azdigi.shop\/#website","url":"https:\/\/petluxu.azdigi.shop\/","name":"shop th\u00fa c\u01b0ng","description":"","potentialAction":[{"@type":"SearchAction","target":{"@type":"EntryPoint","urlTemplate":"https:\/\/petluxu.azdigi.shop\/?s={search_term_string}"},"query-input":{"@type":"PropertyValueSpecification","valueRequired":true,"valueName":"search_term_string"}}],"inLanguage":"en-US"}]}},"_links":{"self":[{"href":"https:\/\/petluxu.azdigi.shop\/index.php?rest_route=\/wp\/v2\/product\/621","targetHints":{"allow":["GET"]}}],"collection":[{"href":"https:\/\/petluxu.azdigi.shop\/index.php?rest_route=\/wp\/v2\/product"}],"about":[{"href":"https:\/\/petluxu.azdigi.shop\/index.php?rest_route=\/wp\/v2\/types\/product"}],"replies":[{"embeddable":true,"href":"https:\/\/petluxu.azdigi.shop\/index.php?rest_route=%2Fwp%2Fv2%2Fcomments&post=621"}],"wp:featuredmedia":[{"embeddable":true,"href":"https:\/\/petluxu.azdigi.shop\/index.php?rest_route=\/wp\/v2\/media\/264"}],"wp:attachment":[{"href":"https:\/\/petluxu.azdigi.shop\/index.php?rest_route=%2Fwp%2Fv2%2Fmedia&parent=621"}],"wp:term":[{"taxonomy":"product_brand","embeddable":true,"href":"https:\/\/petluxu.azdigi.shop\/index.php?rest_route=%2Fwp%2Fv2%2Fproduct_brand&post=621"},{"taxonomy":"product_cat","embeddable":true,"href":"https:\/\/petluxu.azdigi.shop\/index.php?rest_route=%2Fwp%2Fv2%2Fproduct_cat&post=621"},{"taxonomy":"product_tag","embeddable":true,"href":"https:\/\/petluxu.azdigi.shop\/index.php?rest_route=%2Fwp%2Fv2%2Fproduct_tag&post=621"}],"curies":[{"name":"wp","href":"https:\/\/api.w.org\/{rel}","templated":true}]}}