{"id":626,"date":"2026-04-10T15:05:45","date_gmt":"2026-04-10T15:05:45","guid":{"rendered":"https:\/\/petluxu.azdigi.shop\/?post_type=product&#038;p=626"},"modified":"2026-04-11T22:36:27","modified_gmt":"2026-04-11T22:36:27","slug":"do-dong-cho-cun","status":"publish","type":"product","link":"https:\/\/petluxu.azdigi.shop\/?product=do-dong-cho-cun","title":{"rendered":"\u0110\u1ed3 \u0111\u00f4ng cho c\u00fan"},"content":{"rendered":"<h3 data-section-id=\"1ssc2ea\" data-start=\"452\" data-end=\"480\">\u0110\u1ed3 \u0111\u00f4ng cho c\u00fan l\u00e0 g\u00ec?<\/h3>\n<p data-start=\"482\" data-end=\"848\">\u0110\u1ed3 \u0111\u00f4ng cho c\u00fan l\u00e0 s\u1ea3n ph\u1ea9m gi\u00fap th\u00fa c\u01b0ng gi\u1eef \u1ea5m v\u00e0o m\u00f9a l\u1ea1nh.<br data-start=\"544\" data-end=\"547\" \/>Ngay t\u1eeb \u0111\u1ea7u, \u0111\u1ed3 \u0111\u00f4ng cho c\u00fan gi\u00fap b\u1ea3o v\u1ec7 c\u01a1 th\u1ec3 kh\u1ecfi th\u1eddi ti\u1ebft r\u00e9t.<br data-start=\"614\" data-end=\"617\" \/>Kh\u00f4ng ch\u1ec9 v\u1eady, s\u1ea3n ph\u1ea9m c\u00f2n gi\u00fap ch\u00f3 c\u1ea3m th\u1ea5y \u1ea5m \u00e1p h\u01a1n.<br data-start=\"673\" data-end=\"676\" \/>V\u00ec th\u1ebf, nhi\u1ec1u ng\u01b0\u1eddi nu\u00f4i s\u1eed d\u1ee5ng cho th\u00fa c\u01b0ng c\u1ee7a m\u00ecnh.<br data-start=\"731\" data-end=\"734\" \/>\u0110\u1eb7c bi\u1ec7t, ch\u00f3 nh\u1ecf v\u00e0 ch\u00f3 l\u00f4ng ng\u1eafn c\u1ea7n \u0111\u01b0\u1ee3c gi\u1eef \u1ea5m t\u1ed1t h\u01a1n.<br data-start=\"793\" data-end=\"796\" \/>Do \u0111\u00f3, vi\u1ec7c s\u1eed d\u1ee5ng s\u1ea3n ph\u1ea9m n\u00e0y l\u00e0 r\u1ea5t c\u1ea7n thi\u1ebft.<\/p>\n<h3 data-section-id=\"1c1xexn\" data-start=\"850\" data-end=\"873\">C\u00e1c lo\u1ea1i ph\u1ed5 bi\u1ebfn<\/h3>\n<p data-start=\"875\" data-end=\"1195\">Qu\u1ea7n \u00e1o cho ch\u00f3 c\u00f3 nhi\u1ec1u m\u1eabu m\u00e3 v\u00e0 ch\u1ea5t li\u1ec7u kh\u00e1c nhau.<br data-start=\"930\" data-end=\"933\" \/>Ngo\u00e0i ra, \u00e1o len gi\u00fap gi\u1eef nhi\u1ec7t t\u1ed1t v\u00e0 m\u1ec1m m\u1ea1i.<br data-start=\"980\" data-end=\"983\" \/>V\u00ec v\u1eady, \u00e1o kho\u00e1c n\u1ec9 th\u01b0\u1eddng \u0111\u01b0\u1ee3c ch\u1ecdn trong m\u00f9a l\u1ea1nh.<br data-start=\"1035\" data-end=\"1038\" \/>B\u00ean c\u1ea1nh \u0111\u00f3, \u00e1o chui \u0111\u1ea7u gi\u00fap m\u1eb7c nhanh v\u00e0 ti\u1ec7n l\u1ee3i.<br data-start=\"1090\" data-end=\"1093\" \/>Kh\u00f4ng nh\u1eefng th\u1ebf, \u00e1o c\u00f3 m\u0169 gi\u00fap ch\u1eafn gi\u00f3 hi\u1ec7u qu\u1ea3.<br data-start=\"1142\" data-end=\"1145\" \/>Do \u0111\u00f3, ng\u01b0\u1eddi nu\u00f4i d\u1ec5 d\u00e0ng l\u1ef1a ch\u1ecdn theo nhu c\u1ea7u.<\/p>\n<h3 data-section-id=\"18luhwn\" data-start=\"1197\" data-end=\"1219\">L\u1ee3i \u00edch mang l\u1ea1i<\/h3>\n<p data-start=\"1221\" data-end=\"1555\">S\u1ea3n ph\u1ea9m gi\u00fap b\u1ea3o v\u1ec7 s\u1ee9c kh\u1ecfe th\u00fa c\u01b0ng trong m\u00f9a l\u1ea1nh.<br data-start=\"1275\" data-end=\"1278\" \/>V\u00ec v\u1eady, ch\u00f3 s\u1ebd h\u1ea1n ch\u1ebf b\u1ecb c\u1ea3m l\u1ea1nh v\u00e0 b\u1ec7nh h\u00f4 h\u1ea5p.<br data-start=\"1328\" data-end=\"1331\" \/>Ngo\u00e0i ra, c\u00f2n gi\u00fap th\u00fa c\u01b0ng v\u1eadn \u0111\u1ed9ng tho\u1ea3i m\u00e1i h\u01a1n.<br data-start=\"1382\" data-end=\"1385\" \/>B\u00ean c\u1ea1nh \u0111\u00f3, gi\u00fap ch\u00f3 tr\u00f4ng \u0111\u00e1ng y\u00eau v\u00e0 th\u1eddi trang h\u01a1n.<br data-start=\"1440\" data-end=\"1443\" \/>Do \u0111\u00f3, nhi\u1ec1u ng\u01b0\u1eddi xem \u0111\u00e2y l\u00e0 ph\u1ee5 ki\u1ec7n cho th\u00fa c\u01b0ng.<br data-start=\"1495\" data-end=\"1498\" \/>Kh\u00f4ng nh\u1eefng th\u1ebf, c\u00f2n h\u1ed7 tr\u1ee3 ch\u00f3 con ph\u00e1t tri\u1ec3n t\u1ed1t h\u01a1n.<\/p>\n<h3 data-section-id=\"lvyi4d\" data-start=\"1557\" data-end=\"1580\">C\u00e1ch ch\u1ecdn ph\u00f9 h\u1ee3p<\/h3>\n<p data-start=\"1582\" data-end=\"1839\">N\u00ean ch\u1ecdn \u0111\u1ed3 v\u1eeba v\u1eb7n \u0111\u1ec3 th\u00fa c\u01b0ng d\u1ec5 di chuy\u1ec3n.<br data-start=\"1627\" data-end=\"1630\" \/>Ngo\u00e0i ra, n\u00ean \u01b0u ti\u00ean ch\u1ea5t li\u1ec7u gi\u1eef nhi\u1ec7t t\u1ed1t nh\u01b0 len.<br data-start=\"1684\" data-end=\"1687\" \/>V\u00ec v\u1eady, tr\u00e1nh ch\u1ecdn \u0111\u1ed3 qu\u00e1 m\u1ecfng trong th\u1eddi ti\u1ebft l\u1ea1nh.<br data-start=\"1739\" data-end=\"1742\" \/>B\u00ean c\u1ea1nh \u0111\u00f3, c\u1ea7n ch\u1ecdn \u0111\u00fang size theo c\u00e2n n\u1eb7ng.<br data-start=\"1788\" data-end=\"1791\" \/>Do \u0111\u00f3, th\u00fa c\u01b0ng s\u1ebd c\u1ea3m th\u1ea5y tho\u1ea3i m\u00e1i khi m\u1eb7c.<\/p>\n<p data-start=\"1841\" data-end=\"1896\">\u0110\u1ed3 \u0111\u00f4ng cho c\u00fan l\u00e0 l\u1ef1a ch\u1ecdn c\u1ea7n thi\u1ebft trong m\u00f9a l\u1ea1nh.<\/p>\n<p data-start=\"1841\" data-end=\"1896\"><img loading=\"lazy\" decoding=\"async\" class=\"alignnone size-medium wp-image-397\" src=\"https:\/\/petluxu.azdigi.shop\/wp-content\/uploads\/2026\/03\/do-lien-300x300.jpg\" alt=\"\" width=\"300\" height=\"300\" srcset=\"https:\/\/petluxu.azdigi.shop\/wp-content\/uploads\/2026\/03\/do-lien-300x300.jpg 300w, https:\/\/petluxu.azdigi.shop\/wp-content\/uploads\/2026\/03\/do-lien-100x100.jpg 100w, https:\/\/petluxu.azdigi.shop\/wp-content\/uploads\/2026\/03\/do-lien-600x600.jpg 600w, https:\/\/petluxu.azdigi.shop\/wp-content\/uploads\/2026\/03\/do-lien-150x150.jpg 150w, https:\/\/petluxu.azdigi.shop\/wp-content\/uploads\/2026\/03\/do-lien-768x768.jpg 768w, https:\/\/petluxu.azdigi.shop\/wp-content\/uploads\/2026\/03\/do-lien.jpg 1024w\" sizes=\"auto, (max-width: 300px) 100vw, 300px\" \/><\/p>\n","protected":false},"excerpt":{"rendered":"<p>\u0110\u1ed3 \u0111\u00f4ng cho c\u00fan gi\u00fap gi\u1eef \u1ea5m, b\u1ea3o v\u1ec7 s\u1ee9c kh\u1ecfe v\u00e0 ch\u1ed1ng l\u1ea1nh hi\u1ec7u qu\u1ea3 cho th\u00fa c\u01b0ng trong m\u00f9a \u0111\u00f4ng.<\/p>\n","protected":false},"featured_media":397,"comment_status":"open","ping_status":"closed","template":"","meta":[],"product_brand":[],"product_cat":[26],"product_tag":[],"class_list":{"0":"post-626","1":"product","2":"type-product","3":"status-publish","4":"has-post-thumbnail","6":"product_cat-do-mac","8":"first","9":"instock","10":"sale","11":"taxable","12":"shipping-taxable","13":"purchasable","14":"product-type-variable"},"yoast_head":"<!-- This site is optimized with the Yoast SEO plugin v27.2 - https:\/\/yoast.com\/product\/yoast-seo-wordpress\/ -->\n<title>\u0110\u1ed3 \u0111\u00f4ng cho c\u00fan - shop th\u00fa c\u01b0ng<\/title>\n<meta name=\"description\" content=\"\u0110\u1ed3 \u0111\u00f4ng cho c\u00fan gi\u00fap gi\u1eef \u1ea5m c\u01a1 th\u1ec3, b\u1ea3o v\u1ec7 s\u1ee9c kh\u1ecfe v\u00e0 ch\u1ed1ng l\u1ea1nh hi\u1ec7u qu\u1ea3 cho ch\u00f3 trong m\u00f9a \u0111\u00f4ng.\" \/>\n<meta name=\"robots\" content=\"index, follow, max-snippet:-1, max-image-preview:large, max-video-preview:-1\" \/>\n<link rel=\"canonical\" href=\"https:\/\/petluxu.azdigi.shop\/?product=do-dong-cho-cun\" \/>\n<meta property=\"og:locale\" content=\"en_US\" \/>\n<meta property=\"og:type\" content=\"article\" \/>\n<meta property=\"og:title\" content=\"\u0110\u1ed3 \u0111\u00f4ng cho c\u00fan - shop th\u00fa c\u01b0ng\" \/>\n<meta property=\"og:description\" content=\"\u0110\u1ed3 \u0111\u00f4ng cho c\u00fan gi\u00fap gi\u1eef \u1ea5m c\u01a1 th\u1ec3, b\u1ea3o v\u1ec7 s\u1ee9c kh\u1ecfe v\u00e0 ch\u1ed1ng l\u1ea1nh hi\u1ec7u qu\u1ea3 cho ch\u00f3 trong m\u00f9a \u0111\u00f4ng.\" \/>\n<meta property=\"og:url\" content=\"https:\/\/petluxu.azdigi.shop\/?product=do-dong-cho-cun\" \/>\n<meta property=\"og:site_name\" content=\"shop th\u00fa c\u01b0ng\" \/>\n<meta property=\"article:modified_time\" content=\"2026-04-11T22:36:27+00:00\" \/>\n<meta property=\"og:image\" content=\"https:\/\/petluxu.azdigi.shop\/wp-content\/uploads\/2026\/03\/do-lien.jpg\" \/>\n\t<meta property=\"og:image:width\" content=\"1024\" \/>\n\t<meta property=\"og:image:height\" content=\"1024\" \/>\n\t<meta property=\"og:image:type\" content=\"image\/jpeg\" \/>\n<meta name=\"twitter:card\" content=\"summary_large_image\" \/>\n<meta name=\"twitter:label1\" content=\"Est. reading time\" \/>\n\t<meta name=\"twitter:data1\" content=\"2 minutes\" \/>\n<script type=\"application\/ld+json\" class=\"yoast-schema-graph\">{\"@context\":\"https:\/\/schema.org\",\"@graph\":[{\"@type\":\"WebPage\",\"@id\":\"https:\/\/petluxu.azdigi.shop\/?product=do-dong-cho-cun\",\"url\":\"https:\/\/petluxu.azdigi.shop\/?product=do-dong-cho-cun\",\"name\":\"\u0110\u1ed3 \u0111\u00f4ng cho c\u00fan - shop th\u00fa c\u01b0ng\",\"isPartOf\":{\"@id\":\"https:\/\/petluxu.azdigi.shop\/#website\"},\"primaryImageOfPage\":{\"@id\":\"https:\/\/petluxu.azdigi.shop\/?product=do-dong-cho-cun#primaryimage\"},\"image\":{\"@id\":\"https:\/\/petluxu.azdigi.shop\/?product=do-dong-cho-cun#primaryimage\"},\"thumbnailUrl\":\"https:\/\/petluxu.azdigi.shop\/wp-content\/uploads\/2026\/03\/do-lien.jpg\",\"datePublished\":\"2026-04-10T15:05:45+00:00\",\"dateModified\":\"2026-04-11T22:36:27+00:00\",\"description\":\"\u0110\u1ed3 \u0111\u00f4ng cho c\u00fan gi\u00fap gi\u1eef \u1ea5m c\u01a1 th\u1ec3, b\u1ea3o v\u1ec7 s\u1ee9c kh\u1ecfe v\u00e0 ch\u1ed1ng l\u1ea1nh hi\u1ec7u qu\u1ea3 cho ch\u00f3 trong m\u00f9a \u0111\u00f4ng.\",\"breadcrumb\":{\"@id\":\"https:\/\/petluxu.azdigi.shop\/?product=do-dong-cho-cun#breadcrumb\"},\"inLanguage\":\"en-US\",\"potentialAction\":[{\"@type\":\"ReadAction\",\"target\":[\"https:\/\/petluxu.azdigi.shop\/?product=do-dong-cho-cun\"]}]},{\"@type\":\"ImageObject\",\"inLanguage\":\"en-US\",\"@id\":\"https:\/\/petluxu.azdigi.shop\/?product=do-dong-cho-cun#primaryimage\",\"url\":\"https:\/\/petluxu.azdigi.shop\/wp-content\/uploads\/2026\/03\/do-lien.jpg\",\"contentUrl\":\"https:\/\/petluxu.azdigi.shop\/wp-content\/uploads\/2026\/03\/do-lien.jpg\",\"width\":1024,\"height\":1024},{\"@type\":\"BreadcrumbList\",\"@id\":\"https:\/\/petluxu.azdigi.shop\/?product=do-dong-cho-cun#breadcrumb\",\"itemListElement\":[{\"@type\":\"ListItem\",\"position\":1,\"name\":\"Home\",\"item\":\"https:\/\/petluxu.azdigi.shop\/\"},{\"@type\":\"ListItem\",\"position\":2,\"name\":\"Shop\",\"item\":\"https:\/\/petluxu.azdigi.shop\/?page_id=348\"},{\"@type\":\"ListItem\",\"position\":3,\"name\":\"\u0110\u1ed3 \u0111\u00f4ng cho c\u00fan\"}]},{\"@type\":\"WebSite\",\"@id\":\"https:\/\/petluxu.azdigi.shop\/#website\",\"url\":\"https:\/\/petluxu.azdigi.shop\/\",\"name\":\"shop th\u00fa c\u01b0ng\",\"description\":\"\",\"potentialAction\":[{\"@type\":\"SearchAction\",\"target\":{\"@type\":\"EntryPoint\",\"urlTemplate\":\"https:\/\/petluxu.azdigi.shop\/?s={search_term_string}\"},\"query-input\":{\"@type\":\"PropertyValueSpecification\",\"valueRequired\":true,\"valueName\":\"search_term_string\"}}],\"inLanguage\":\"en-US\"}]}<\/script>\n<!-- \/ Yoast SEO plugin. -->","yoast_head_json":{"title":"\u0110\u1ed3 \u0111\u00f4ng cho c\u00fan - shop th\u00fa c\u01b0ng","description":"\u0110\u1ed3 \u0111\u00f4ng cho c\u00fan gi\u00fap gi\u1eef \u1ea5m c\u01a1 th\u1ec3, b\u1ea3o v\u1ec7 s\u1ee9c kh\u1ecfe v\u00e0 ch\u1ed1ng l\u1ea1nh hi\u1ec7u qu\u1ea3 cho ch\u00f3 trong m\u00f9a \u0111\u00f4ng.","robots":{"index":"index","follow":"follow","max-snippet":"max-snippet:-1","max-image-preview":"max-image-preview:large","max-video-preview":"max-video-preview:-1"},"canonical":"https:\/\/petluxu.azdigi.shop\/?product=do-dong-cho-cun","og_locale":"en_US","og_type":"article","og_title":"\u0110\u1ed3 \u0111\u00f4ng cho c\u00fan - shop th\u00fa c\u01b0ng","og_description":"\u0110\u1ed3 \u0111\u00f4ng cho c\u00fan gi\u00fap gi\u1eef \u1ea5m c\u01a1 th\u1ec3, b\u1ea3o v\u1ec7 s\u1ee9c kh\u1ecfe v\u00e0 ch\u1ed1ng l\u1ea1nh hi\u1ec7u qu\u1ea3 cho ch\u00f3 trong m\u00f9a \u0111\u00f4ng.","og_url":"https:\/\/petluxu.azdigi.shop\/?product=do-dong-cho-cun","og_site_name":"shop th\u00fa c\u01b0ng","article_modified_time":"2026-04-11T22:36:27+00:00","og_image":[{"width":1024,"height":1024,"url":"https:\/\/petluxu.azdigi.shop\/wp-content\/uploads\/2026\/03\/do-lien.jpg","type":"image\/jpeg"}],"twitter_card":"summary_large_image","twitter_misc":{"Est. reading time":"2 minutes"},"schema":{"@context":"https:\/\/schema.org","@graph":[{"@type":"WebPage","@id":"https:\/\/petluxu.azdigi.shop\/?product=do-dong-cho-cun","url":"https:\/\/petluxu.azdigi.shop\/?product=do-dong-cho-cun","name":"\u0110\u1ed3 \u0111\u00f4ng cho c\u00fan - shop th\u00fa c\u01b0ng","isPartOf":{"@id":"https:\/\/petluxu.azdigi.shop\/#website"},"primaryImageOfPage":{"@id":"https:\/\/petluxu.azdigi.shop\/?product=do-dong-cho-cun#primaryimage"},"image":{"@id":"https:\/\/petluxu.azdigi.shop\/?product=do-dong-cho-cun#primaryimage"},"thumbnailUrl":"https:\/\/petluxu.azdigi.shop\/wp-content\/uploads\/2026\/03\/do-lien.jpg","datePublished":"2026-04-10T15:05:45+00:00","dateModified":"2026-04-11T22:36:27+00:00","description":"\u0110\u1ed3 \u0111\u00f4ng cho c\u00fan gi\u00fap gi\u1eef \u1ea5m c\u01a1 th\u1ec3, b\u1ea3o v\u1ec7 s\u1ee9c kh\u1ecfe v\u00e0 ch\u1ed1ng l\u1ea1nh hi\u1ec7u qu\u1ea3 cho ch\u00f3 trong m\u00f9a \u0111\u00f4ng.","breadcrumb":{"@id":"https:\/\/petluxu.azdigi.shop\/?product=do-dong-cho-cun#breadcrumb"},"inLanguage":"en-US","potentialAction":[{"@type":"ReadAction","target":["https:\/\/petluxu.azdigi.shop\/?product=do-dong-cho-cun"]}]},{"@type":"ImageObject","inLanguage":"en-US","@id":"https:\/\/petluxu.azdigi.shop\/?product=do-dong-cho-cun#primaryimage","url":"https:\/\/petluxu.azdigi.shop\/wp-content\/uploads\/2026\/03\/do-lien.jpg","contentUrl":"https:\/\/petluxu.azdigi.shop\/wp-content\/uploads\/2026\/03\/do-lien.jpg","width":1024,"height":1024},{"@type":"BreadcrumbList","@id":"https:\/\/petluxu.azdigi.shop\/?product=do-dong-cho-cun#breadcrumb","itemListElement":[{"@type":"ListItem","position":1,"name":"Home","item":"https:\/\/petluxu.azdigi.shop\/"},{"@type":"ListItem","position":2,"name":"Shop","item":"https:\/\/petluxu.azdigi.shop\/?page_id=348"},{"@type":"ListItem","position":3,"name":"\u0110\u1ed3 \u0111\u00f4ng cho c\u00fan"}]},{"@type":"WebSite","@id":"https:\/\/petluxu.azdigi.shop\/#website","url":"https:\/\/petluxu.azdigi.shop\/","name":"shop th\u00fa c\u01b0ng","description":"","potentialAction":[{"@type":"SearchAction","target":{"@type":"EntryPoint","urlTemplate":"https:\/\/petluxu.azdigi.shop\/?s={search_term_string}"},"query-input":{"@type":"PropertyValueSpecification","valueRequired":true,"valueName":"search_term_string"}}],"inLanguage":"en-US"}]}},"_links":{"self":[{"href":"https:\/\/petluxu.azdigi.shop\/index.php?rest_route=\/wp\/v2\/product\/626","targetHints":{"allow":["GET"]}}],"collection":[{"href":"https:\/\/petluxu.azdigi.shop\/index.php?rest_route=\/wp\/v2\/product"}],"about":[{"href":"https:\/\/petluxu.azdigi.shop\/index.php?rest_route=\/wp\/v2\/types\/product"}],"replies":[{"embeddable":true,"href":"https:\/\/petluxu.azdigi.shop\/index.php?rest_route=%2Fwp%2Fv2%2Fcomments&post=626"}],"wp:featuredmedia":[{"embeddable":true,"href":"https:\/\/petluxu.azdigi.shop\/index.php?rest_route=\/wp\/v2\/media\/397"}],"wp:attachment":[{"href":"https:\/\/petluxu.azdigi.shop\/index.php?rest_route=%2Fwp%2Fv2%2Fmedia&parent=626"}],"wp:term":[{"taxonomy":"product_brand","embeddable":true,"href":"https:\/\/petluxu.azdigi.shop\/index.php?rest_route=%2Fwp%2Fv2%2Fproduct_brand&post=626"},{"taxonomy":"product_cat","embeddable":true,"href":"https:\/\/petluxu.azdigi.shop\/index.php?rest_route=%2Fwp%2Fv2%2Fproduct_cat&post=626"},{"taxonomy":"product_tag","embeddable":true,"href":"https:\/\/petluxu.azdigi.shop\/index.php?rest_route=%2Fwp%2Fv2%2Fproduct_tag&post=626"}],"curies":[{"name":"wp","href":"https:\/\/api.w.org\/{rel}","templated":true}]}}