{"id":630,"date":"2026-04-11T04:06:53","date_gmt":"2026-04-11T04:06:53","guid":{"rendered":"https:\/\/petluxu.azdigi.shop\/?post_type=product&#038;p=630"},"modified":"2026-04-11T22:37:15","modified_gmt":"2026-04-11T22:37:15","slug":"do-hoa-trang-cho-cun","status":"publish","type":"product","link":"https:\/\/petluxu.azdigi.shop\/?product=do-hoa-trang-cho-cun","title":{"rendered":"\u0110\u1ed3 h\u00f3a trang cho c\u00fan"},"content":{"rendered":"<p><img loading=\"lazy\" decoding=\"async\" class=\"alignnone size-medium wp-image-401 aligncenter\" src=\"https:\/\/petluxu.azdigi.shop\/wp-content\/uploads\/2026\/03\/do-kieu-300x300.jpg\" alt=\"\" width=\"300\" height=\"300\" srcset=\"https:\/\/petluxu.azdigi.shop\/wp-content\/uploads\/2026\/03\/do-kieu-300x300.jpg 300w, https:\/\/petluxu.azdigi.shop\/wp-content\/uploads\/2026\/03\/do-kieu-100x100.jpg 100w, https:\/\/petluxu.azdigi.shop\/wp-content\/uploads\/2026\/03\/do-kieu-600x600.jpg 600w, https:\/\/petluxu.azdigi.shop\/wp-content\/uploads\/2026\/03\/do-kieu-150x150.jpg 150w, https:\/\/petluxu.azdigi.shop\/wp-content\/uploads\/2026\/03\/do-kieu.jpg 720w\" sizes=\"auto, (max-width: 300px) 100vw, 300px\" \/><\/p>\n<p data-start=\"0\" data-end=\"68\"><strong data-start=\"0\" data-end=\"68\"><span dir=\"auto\" style=\"vertical-align: inherit;\"><span dir=\"auto\" style=\"vertical-align: inherit;\">\u0110\u1ed3 H\u00f3a Trang Cho C\u00fan \u2013 Ph\u1ee5 Ki\u1ec7n Th\u1eddi Trang Tr\u1ee3 Gi\u00fap Th\u00fa C\u01b0ng N\u1ed5i B\u1eadt<\/span><\/span><\/strong><\/p>\n<h3 data-section-id=\"1cpbwe8\" data-start=\"70\" data-end=\"98\"><span dir=\"auto\" style=\"vertical-align: inherit;\"><span dir=\"auto\" style=\"vertical-align: inherit;\">1. Gi\u1edbi thi\u1ec7u s\u1ea3n ph\u1ea9m<\/span><\/span><\/h3>\n<p data-start=\"99\" data-end=\"321\"><span dir=\"auto\" style=\"vertical-align: inherit;\"><span dir=\"auto\" style=\"vertical-align: inherit;\">\u0110\u1ed3 h\u00f3a trang cho th\u00fa c\u01b0ng l\u00e0 ph\u1ee5 ki\u1ec7n th\u1eddi trang trang d\u00e0nh cho th\u00fa y hi\u1ec7n \u0111\u1ea1i. <\/span><\/span><br data-start=\"170\" data-end=\"173\" \/><span dir=\"auto\" style=\"vertical-align: inherit;\"><span dir=\"auto\" style=\"vertical-align: inherit;\">S\u1ea3n ph\u1ea9m gi\u00fap th\u00fa y tr\u1edf n\u00ean \u0111\u00e1ng y\u00eau v\u00e0 thu h\u00fat trong m\u1ecdi t\u00ecnh hu\u1ed1ng. <\/span><\/span><br data-start=\"245\" data-end=\"248\" \/><span dir=\"auto\" style=\"vertical-align: inherit;\"><span dir=\"auto\" style=\"vertical-align: inherit;\">Thi\u1ebft k\u1ebf \u0111a d\u1ea1ng ph\u00f9 h\u1ee3p v\u1edbi nhi\u1ec1u gi\u1ed1ng ch\u00f3 v\u00e0 nhi\u1ec1u phong c\u00e1ch kh\u00e1c nhau.<\/span><\/span><\/p>\n<h3 data-section-id=\"1493ehz\" data-start=\"323\" data-end=\"362\"><span dir=\"auto\" style=\"vertical-align: inherit;\"><span dir=\"auto\" style=\"vertical-align: inherit;\">2. Ch\u1ea5t li\u1ec7u an to\u00e0n v\u00e0 tho\u1ea3i m\u00e1i<\/span><\/span><\/h3>\n<p data-start=\"363\" data-end=\"575\"><span dir=\"auto\" style=\"vertical-align: inherit;\"><span dir=\"auto\" style=\"vertical-align: inherit;\">Ch\u1ea5t li\u1ec7u v\u1ea3i m\u1ec1m tr\u1ee3 gi\u00fap c\u1ea3m th\u1ea5y d\u1ec5 ch\u1ecbu khi m\u1eb7c \u0111\u1ecbnh tr\u00ean ng\u01b0\u1eddi. <\/span><\/span><br data-start=\"430\" data-end=\"433\" \/><span dir=\"auto\" style=\"vertical-align: inherit;\"><span dir=\"auto\" style=\"vertical-align: inherit;\">S\u1ea3n ph\u1ea9m kh\u00f4ng g\u00e2y k\u00edch \u1ee9ng, \u0111\u1ea3m b\u1ea3o an to\u00e0n cho l\u00e0n da nh\u1ea1y c\u1ea3m. <\/span><\/span><br data-start=\"498\" data-end=\"501\" \/><span dir=\"auto\" style=\"vertical-align: inherit;\"><span dir=\"auto\" style=\"vertical-align: inherit;\">\u0110\u01b0\u1eddng c\u00f3 th\u1ec3 ch\u1eafc ch\u1eafn gi\u00fap trang ph\u1ee5c v\u1ee5 \u0111\u01b0\u1ee3c l\u00e2u d\u00e0i khi s\u1eed d\u1ee5ng.<\/span><\/span><\/p>\n<h3 data-section-id=\"p1z2ec\" data-start=\"577\" data-end=\"616\"><span dir=\"auto\" style=\"vertical-align: inherit;\"><span dir=\"auto\" style=\"vertical-align: inherit;\">3. Thi\u1ebft k\u1ebf ho\u1ea1t \u0111\u1ed9ng v\u00e0 ti\u1ec7n l\u1ee3i<\/span><\/span><\/h3>\n<p data-start=\"617\" data-end=\"812\"><span dir=\"auto\" style=\"vertical-align: inherit;\"><span dir=\"auto\" style=\"vertical-align: inherit;\">S\u1ea3n ph\u1ea9m c\u00f3 nhi\u1ec1u k\u00edch th\u01b0\u1edbc ph\u00f9 h\u1ee3p t\u1eebng c\u00e2n n\u1eb7ng v\u00e0 ki\u1ec3u d\u00e1ng. <\/span><\/span><br data-start=\"680\" data-end=\"683\" \/><span dir=\"auto\" style=\"vertical-align: inherit;\"><span dir=\"auto\" style=\"vertical-align: inherit;\">Ng\u01b0\u1eddi d\u00f9ng d\u1ec5 d\u00e0ng l\u1ef1a ch\u1ecdn k\u00edch th\u01b0\u1edbc ph\u00f9 h\u1ee3p cho th\u00fa c\u01b0ng c\u1ee7a m\u00ecnh. <\/span><\/span><br data-start=\"742\" data-end=\"745\" \/><span dir=\"auto\" style=\"vertical-align: inherit;\"><span dir=\"auto\" style=\"vertical-align: inherit;\">Thi\u1ebft k\u1ebf th\u00f4ng tin gi\u00fap vi\u1ec7c m\u1eb7c \u0111\u1ecbnh v\u00e0 kh\u00f4i ph\u1ee5c nhanh ch\u00f3ng.<\/span><\/span><\/p>\n<h3 data-section-id=\"e7cd0o\" data-start=\"814\" data-end=\"852\"><span dir=\"auto\" style=\"vertical-align: inherit;\"><span dir=\"auto\" style=\"vertical-align: inherit;\">4. C\u00e1ch \u0111a d\u1ea1ng v\u00e0 n\u1ed5i b\u1eadt<\/span><\/span><\/h3>\n<p data-start=\"853\" data-end=\"1076\"><span dir=\"auto\" style=\"vertical-align: inherit;\"><span dir=\"auto\" style=\"vertical-align: inherit;\">M\u00e0u s\u1eafc t\u01b0\u01a1i s\u00e1ng gi\u00fap th\u00fa y n\u1ed5i b\u1eadt trong m\u1ecdi s\u1ef1 ki\u1ec7n quan tr\u1ecdng. <\/span><\/span><br data-start=\"922\" data-end=\"925\" \/><span dir=\"auto\" style=\"vertical-align: inherit;\"><span dir=\"auto\" style=\"vertical-align: inherit;\">Nhi\u1ec1u m\u1eabu thi\u1ebft k\u1ebf d\u1ec5 th\u01b0\u01a1ng gi\u00fap t\u1ea1o ra phong c\u00e1ch ri\u00eang cho t\u1eebng ch\u00fa \u00fd. <\/span><\/span><br data-start=\"997\" data-end=\"1000\" \/><span dir=\"auto\" style=\"vertical-align: inherit;\"><span dir=\"auto\" style=\"vertical-align: inherit;\">\u00a0Gi\u00fap th\u00fa y tr\u1edf th\u00e0nh t\u00e2m \u0111i\u1ec3m trong m\u1ecdi b\u1eefa ti\u1ec7c.<\/span><\/span><\/p>\n<h3 data-section-id=\"pbrszt\" data-start=\"1078\" data-end=\"1115\"><span dir=\"auto\" style=\"vertical-align: inherit;\"><span dir=\"auto\" style=\"vertical-align: inherit;\">5. C\u00f4ng d\u1ee5ng v\u00e0 gi\u00e1 tr\u1ecb s\u1eed d\u1ee5ng<\/span><\/span><\/h3>\n<p data-start=\"1116\" data-end=\"1312\"><span dir=\"auto\" style=\"vertical-align: inherit;\"><span dir=\"auto\" style=\"vertical-align: inherit;\">S\u1ea3n ph\u1ea9m gi\u00fap t\u0103ng c\u01b0\u1eddng k\u1ebft n\u1ed1i gi\u1eefa ch\u1ee7 nu\u00f4i v\u00e0 th\u00fa y y\u00eau. <\/span><\/span><br data-start=\"1181\" data-end=\"1184\" \/><span dir=\"auto\" style=\"vertical-align: inherit;\"><span dir=\"auto\" style=\"vertical-align: inherit;\">Mang l\u1ea1i tr\u1ea3i nghi\u1ec7m th\u00fa v\u1ecb trong c\u00e1c bu\u1ed5i ch\u1ee5p \u1ea3nh v\u00e0 vui ch\u01a1i. <\/span><\/span><br data-start=\"1248\" data-end=\"1251\" \/><span dir=\"auto\" style=\"vertical-align: inherit;\"><span dir=\"auto\" style=\"vertical-align: inherit;\">C\u00fan y t\u00e1 tr\u1edf n\u00ean t\u1ef1 tin v\u00e0 thu h\u00fat m\u1ecdi \u00e1nh nh\u00ecn xung quanh.<\/span><\/span><\/p>\n<h3 data-section-id=\"1dhjm4k\" data-start=\"1314\" data-end=\"1331\"><span dir=\"auto\" style=\"vertical-align: inherit;\"><span dir=\"auto\" style=\"vertical-align: inherit;\">6. K\u1ebft lu\u1eadn<\/span><\/span><\/h3>\n<p data-start=\"1332\" data-end=\"1537\" data-is-last-node=\"\" data-is-only-node=\"\"><span dir=\"auto\" style=\"vertical-align: inherit;\"><span dir=\"auto\" style=\"vertical-align: inherit;\">\u0110\u1ed3 h\u00f3a trang cho th\u00fa c\u01b0ng l\u00e0 l\u1ef1a ch\u1ecdn ho\u00e0n h\u1ea3o cho ng\u01b0\u1eddi y\u00eau th\u00fa c\u01b0ng. <\/span><\/span><br data-start=\"1397\" data-end=\"1400\" \/><span dir=\"auto\" style=\"vertical-align: inherit;\"><span dir=\"auto\" style=\"vertical-align: inherit;\">S\u1ea3n ph\u1ea9m gi\u00fap t\u1ea1o n\u00ean nh\u1eefng kho\u1ea3nh kh\u1eafc \u0111\u00e1ng nh\u1edb v\u00e0 \u0111\u1ea7y th\u00fa v\u1ecb. <\/span><\/span><br data-start=\"1463\" data-end=\"1466\" \/><span dir=\"auto\" style=\"vertical-align: inherit;\"><span dir=\"auto\" style=\"vertical-align: inherit;\">\u0110\u1ed3 h\u00f3a trang cho ph\u00e9p mang l\u1ea1i phong c\u00e1ch n\u1ed5i b\u1eadt v\u00e0 \u0111\u1ed9c \u0111\u00e1o.<\/span><\/span><\/p>\n","protected":false},"excerpt":{"rendered":"<p><span dir=\"auto\" style=\"vertical-align: inherit;\"><span dir=\"auto\" style=\"vertical-align: inherit;\">\u0110\u1ed3 h\u00f3a trang cho r\u1ed3ng l\u00e0 ph\u1ee5 ki\u1ec7n th\u1eddi trang gi\u00fap th\u00fa y tr\u1edf n\u00ean n\u1ed5i b\u1eadt v\u00e0 \u0111\u00e1ng y\u00eau h\u01a1n. S\u1ea3n ph\u1ea9m \u0111\u01b0\u1ee3c thi\u1ebft k\u1ebf d\u00e0nh cho th\u01b0\u01a1ng m\u1ea1i ch\u1ea5t li\u1ec7u m\u1ec1m, an to\u00e0n v\u00e0 tho\u00e1ng kh\u00ed.<\/span><\/span><\/p>\n","protected":false},"featured_media":401,"comment_status":"open","ping_status":"closed","template":"","meta":[],"product_brand":[],"product_cat":[26],"product_tag":[],"class_list":{"0":"post-630","1":"product","2":"type-product","3":"status-publish","4":"has-post-thumbnail","6":"product_cat-do-mac","8":"first","9":"instock","10":"sale","11":"taxable","12":"shipping-taxable","13":"purchasable","14":"product-type-variable"},"yoast_head":"<!-- This site is optimized with the Yoast SEO plugin v27.2 - https:\/\/yoast.com\/product\/yoast-seo-wordpress\/ -->\n<title>\u0110\u1ed3 h\u00f3a trang cho c\u00fan - shop th\u00fa c\u01b0ng<\/title>\n<meta name=\"description\" content=\"\u0110\u1ed3 h\u00f3a trang cho c\u00fan tr\u1edf n\u00ean \u0111\u00e1ng y\u00eau v\u00e0 n\u1ed5i b\u1eadt h\u01a1n trong m\u1ecdi d\u1ecbp. Ph\u00f9 h\u1ee3p cho ch\u1ee5p \u1ea3nh. S\u1ea3n ph\u1ea9m d\u1ec5 m\u1eb7c, nhi\u1ec1u size v\u00e0 phong c\u00e1ch d\u1ec5 th\u01b0\u01a1ng\" \/>\n<meta name=\"robots\" content=\"index, follow, max-snippet:-1, max-image-preview:large, max-video-preview:-1\" \/>\n<link rel=\"canonical\" href=\"https:\/\/petluxu.azdigi.shop\/?product=do-hoa-trang-cho-cun\" \/>\n<meta property=\"og:locale\" content=\"en_US\" \/>\n<meta property=\"og:type\" content=\"article\" \/>\n<meta property=\"og:title\" content=\"\u0110\u1ed3 h\u00f3a trang cho c\u00fan - shop th\u00fa c\u01b0ng\" \/>\n<meta property=\"og:description\" content=\"\u0110\u1ed3 h\u00f3a trang cho c\u00fan tr\u1edf n\u00ean \u0111\u00e1ng y\u00eau v\u00e0 n\u1ed5i b\u1eadt h\u01a1n trong m\u1ecdi d\u1ecbp. Ph\u00f9 h\u1ee3p cho ch\u1ee5p \u1ea3nh. S\u1ea3n ph\u1ea9m d\u1ec5 m\u1eb7c, nhi\u1ec1u size v\u00e0 phong c\u00e1ch d\u1ec5 th\u01b0\u01a1ng\" \/>\n<meta property=\"og:url\" content=\"https:\/\/petluxu.azdigi.shop\/?product=do-hoa-trang-cho-cun\" \/>\n<meta property=\"og:site_name\" content=\"shop th\u00fa c\u01b0ng\" \/>\n<meta property=\"article:modified_time\" content=\"2026-04-11T22:37:15+00:00\" \/>\n<meta property=\"og:image\" content=\"https:\/\/petluxu.azdigi.shop\/wp-content\/uploads\/2026\/03\/do-kieu.jpg\" \/>\n\t<meta property=\"og:image:width\" content=\"720\" \/>\n\t<meta property=\"og:image:height\" content=\"720\" \/>\n\t<meta property=\"og:image:type\" content=\"image\/jpeg\" \/>\n<meta name=\"twitter:card\" content=\"summary_large_image\" \/>\n<meta name=\"twitter:label1\" content=\"Est. reading time\" \/>\n\t<meta name=\"twitter:data1\" content=\"2 minutes\" \/>\n<script type=\"application\/ld+json\" class=\"yoast-schema-graph\">{\"@context\":\"https:\/\/schema.org\",\"@graph\":[{\"@type\":\"WebPage\",\"@id\":\"https:\/\/petluxu.azdigi.shop\/?product=do-hoa-trang-cho-cun\",\"url\":\"https:\/\/petluxu.azdigi.shop\/?product=do-hoa-trang-cho-cun\",\"name\":\"\u0110\u1ed3 h\u00f3a trang cho c\u00fan - shop th\u00fa c\u01b0ng\",\"isPartOf\":{\"@id\":\"https:\/\/petluxu.azdigi.shop\/#website\"},\"primaryImageOfPage\":{\"@id\":\"https:\/\/petluxu.azdigi.shop\/?product=do-hoa-trang-cho-cun#primaryimage\"},\"image\":{\"@id\":\"https:\/\/petluxu.azdigi.shop\/?product=do-hoa-trang-cho-cun#primaryimage\"},\"thumbnailUrl\":\"https:\/\/petluxu.azdigi.shop\/wp-content\/uploads\/2026\/03\/do-kieu.jpg\",\"datePublished\":\"2026-04-11T04:06:53+00:00\",\"dateModified\":\"2026-04-11T22:37:15+00:00\",\"description\":\"\u0110\u1ed3 h\u00f3a trang cho c\u00fan tr\u1edf n\u00ean \u0111\u00e1ng y\u00eau v\u00e0 n\u1ed5i b\u1eadt h\u01a1n trong m\u1ecdi d\u1ecbp. Ph\u00f9 h\u1ee3p cho ch\u1ee5p \u1ea3nh. S\u1ea3n ph\u1ea9m d\u1ec5 m\u1eb7c, nhi\u1ec1u size v\u00e0 phong c\u00e1ch d\u1ec5 th\u01b0\u01a1ng\",\"breadcrumb\":{\"@id\":\"https:\/\/petluxu.azdigi.shop\/?product=do-hoa-trang-cho-cun#breadcrumb\"},\"inLanguage\":\"en-US\",\"potentialAction\":[{\"@type\":\"ReadAction\",\"target\":[\"https:\/\/petluxu.azdigi.shop\/?product=do-hoa-trang-cho-cun\"]}]},{\"@type\":\"ImageObject\",\"inLanguage\":\"en-US\",\"@id\":\"https:\/\/petluxu.azdigi.shop\/?product=do-hoa-trang-cho-cun#primaryimage\",\"url\":\"https:\/\/petluxu.azdigi.shop\/wp-content\/uploads\/2026\/03\/do-kieu.jpg\",\"contentUrl\":\"https:\/\/petluxu.azdigi.shop\/wp-content\/uploads\/2026\/03\/do-kieu.jpg\",\"width\":720,\"height\":720},{\"@type\":\"BreadcrumbList\",\"@id\":\"https:\/\/petluxu.azdigi.shop\/?product=do-hoa-trang-cho-cun#breadcrumb\",\"itemListElement\":[{\"@type\":\"ListItem\",\"position\":1,\"name\":\"Home\",\"item\":\"https:\/\/petluxu.azdigi.shop\/\"},{\"@type\":\"ListItem\",\"position\":2,\"name\":\"Shop\",\"item\":\"https:\/\/petluxu.azdigi.shop\/?page_id=348\"},{\"@type\":\"ListItem\",\"position\":3,\"name\":\"\u0110\u1ed3 h\u00f3a trang cho c\u00fan\"}]},{\"@type\":\"WebSite\",\"@id\":\"https:\/\/petluxu.azdigi.shop\/#website\",\"url\":\"https:\/\/petluxu.azdigi.shop\/\",\"name\":\"shop th\u00fa c\u01b0ng\",\"description\":\"\",\"potentialAction\":[{\"@type\":\"SearchAction\",\"target\":{\"@type\":\"EntryPoint\",\"urlTemplate\":\"https:\/\/petluxu.azdigi.shop\/?s={search_term_string}\"},\"query-input\":{\"@type\":\"PropertyValueSpecification\",\"valueRequired\":true,\"valueName\":\"search_term_string\"}}],\"inLanguage\":\"en-US\"}]}<\/script>\n<!-- \/ Yoast SEO plugin. -->","yoast_head_json":{"title":"\u0110\u1ed3 h\u00f3a trang cho c\u00fan - shop th\u00fa c\u01b0ng","description":"\u0110\u1ed3 h\u00f3a trang cho c\u00fan tr\u1edf n\u00ean \u0111\u00e1ng y\u00eau v\u00e0 n\u1ed5i b\u1eadt h\u01a1n trong m\u1ecdi d\u1ecbp. Ph\u00f9 h\u1ee3p cho ch\u1ee5p \u1ea3nh. S\u1ea3n ph\u1ea9m d\u1ec5 m\u1eb7c, nhi\u1ec1u size v\u00e0 phong c\u00e1ch d\u1ec5 th\u01b0\u01a1ng","robots":{"index":"index","follow":"follow","max-snippet":"max-snippet:-1","max-image-preview":"max-image-preview:large","max-video-preview":"max-video-preview:-1"},"canonical":"https:\/\/petluxu.azdigi.shop\/?product=do-hoa-trang-cho-cun","og_locale":"en_US","og_type":"article","og_title":"\u0110\u1ed3 h\u00f3a trang cho c\u00fan - shop th\u00fa c\u01b0ng","og_description":"\u0110\u1ed3 h\u00f3a trang cho c\u00fan tr\u1edf n\u00ean \u0111\u00e1ng y\u00eau v\u00e0 n\u1ed5i b\u1eadt h\u01a1n trong m\u1ecdi d\u1ecbp. Ph\u00f9 h\u1ee3p cho ch\u1ee5p \u1ea3nh. S\u1ea3n ph\u1ea9m d\u1ec5 m\u1eb7c, nhi\u1ec1u size v\u00e0 phong c\u00e1ch d\u1ec5 th\u01b0\u01a1ng","og_url":"https:\/\/petluxu.azdigi.shop\/?product=do-hoa-trang-cho-cun","og_site_name":"shop th\u00fa c\u01b0ng","article_modified_time":"2026-04-11T22:37:15+00:00","og_image":[{"width":720,"height":720,"url":"https:\/\/petluxu.azdigi.shop\/wp-content\/uploads\/2026\/03\/do-kieu.jpg","type":"image\/jpeg"}],"twitter_card":"summary_large_image","twitter_misc":{"Est. reading time":"2 minutes"},"schema":{"@context":"https:\/\/schema.org","@graph":[{"@type":"WebPage","@id":"https:\/\/petluxu.azdigi.shop\/?product=do-hoa-trang-cho-cun","url":"https:\/\/petluxu.azdigi.shop\/?product=do-hoa-trang-cho-cun","name":"\u0110\u1ed3 h\u00f3a trang cho c\u00fan - shop th\u00fa c\u01b0ng","isPartOf":{"@id":"https:\/\/petluxu.azdigi.shop\/#website"},"primaryImageOfPage":{"@id":"https:\/\/petluxu.azdigi.shop\/?product=do-hoa-trang-cho-cun#primaryimage"},"image":{"@id":"https:\/\/petluxu.azdigi.shop\/?product=do-hoa-trang-cho-cun#primaryimage"},"thumbnailUrl":"https:\/\/petluxu.azdigi.shop\/wp-content\/uploads\/2026\/03\/do-kieu.jpg","datePublished":"2026-04-11T04:06:53+00:00","dateModified":"2026-04-11T22:37:15+00:00","description":"\u0110\u1ed3 h\u00f3a trang cho c\u00fan tr\u1edf n\u00ean \u0111\u00e1ng y\u00eau v\u00e0 n\u1ed5i b\u1eadt h\u01a1n trong m\u1ecdi d\u1ecbp. Ph\u00f9 h\u1ee3p cho ch\u1ee5p \u1ea3nh. S\u1ea3n ph\u1ea9m d\u1ec5 m\u1eb7c, nhi\u1ec1u size v\u00e0 phong c\u00e1ch d\u1ec5 th\u01b0\u01a1ng","breadcrumb":{"@id":"https:\/\/petluxu.azdigi.shop\/?product=do-hoa-trang-cho-cun#breadcrumb"},"inLanguage":"en-US","potentialAction":[{"@type":"ReadAction","target":["https:\/\/petluxu.azdigi.shop\/?product=do-hoa-trang-cho-cun"]}]},{"@type":"ImageObject","inLanguage":"en-US","@id":"https:\/\/petluxu.azdigi.shop\/?product=do-hoa-trang-cho-cun#primaryimage","url":"https:\/\/petluxu.azdigi.shop\/wp-content\/uploads\/2026\/03\/do-kieu.jpg","contentUrl":"https:\/\/petluxu.azdigi.shop\/wp-content\/uploads\/2026\/03\/do-kieu.jpg","width":720,"height":720},{"@type":"BreadcrumbList","@id":"https:\/\/petluxu.azdigi.shop\/?product=do-hoa-trang-cho-cun#breadcrumb","itemListElement":[{"@type":"ListItem","position":1,"name":"Home","item":"https:\/\/petluxu.azdigi.shop\/"},{"@type":"ListItem","position":2,"name":"Shop","item":"https:\/\/petluxu.azdigi.shop\/?page_id=348"},{"@type":"ListItem","position":3,"name":"\u0110\u1ed3 h\u00f3a trang cho c\u00fan"}]},{"@type":"WebSite","@id":"https:\/\/petluxu.azdigi.shop\/#website","url":"https:\/\/petluxu.azdigi.shop\/","name":"shop th\u00fa c\u01b0ng","description":"","potentialAction":[{"@type":"SearchAction","target":{"@type":"EntryPoint","urlTemplate":"https:\/\/petluxu.azdigi.shop\/?s={search_term_string}"},"query-input":{"@type":"PropertyValueSpecification","valueRequired":true,"valueName":"search_term_string"}}],"inLanguage":"en-US"}]}},"_links":{"self":[{"href":"https:\/\/petluxu.azdigi.shop\/index.php?rest_route=\/wp\/v2\/product\/630","targetHints":{"allow":["GET"]}}],"collection":[{"href":"https:\/\/petluxu.azdigi.shop\/index.php?rest_route=\/wp\/v2\/product"}],"about":[{"href":"https:\/\/petluxu.azdigi.shop\/index.php?rest_route=\/wp\/v2\/types\/product"}],"replies":[{"embeddable":true,"href":"https:\/\/petluxu.azdigi.shop\/index.php?rest_route=%2Fwp%2Fv2%2Fcomments&post=630"}],"wp:featuredmedia":[{"embeddable":true,"href":"https:\/\/petluxu.azdigi.shop\/index.php?rest_route=\/wp\/v2\/media\/401"}],"wp:attachment":[{"href":"https:\/\/petluxu.azdigi.shop\/index.php?rest_route=%2Fwp%2Fv2%2Fmedia&parent=630"}],"wp:term":[{"taxonomy":"product_brand","embeddable":true,"href":"https:\/\/petluxu.azdigi.shop\/index.php?rest_route=%2Fwp%2Fv2%2Fproduct_brand&post=630"},{"taxonomy":"product_cat","embeddable":true,"href":"https:\/\/petluxu.azdigi.shop\/index.php?rest_route=%2Fwp%2Fv2%2Fproduct_cat&post=630"},{"taxonomy":"product_tag","embeddable":true,"href":"https:\/\/petluxu.azdigi.shop\/index.php?rest_route=%2Fwp%2Fv2%2Fproduct_tag&post=630"}],"curies":[{"name":"wp","href":"https:\/\/api.w.org\/{rel}","templated":true}]}}