{"id":635,"date":"2026-04-11T04:39:00","date_gmt":"2026-04-11T04:39:00","guid":{"rendered":"https:\/\/petluxu.azdigi.shop\/?post_type=product&#038;p=635"},"modified":"2026-04-11T22:38:39","modified_gmt":"2026-04-11T22:38:39","slug":"do-chu-he","status":"publish","type":"product","link":"https:\/\/petluxu.azdigi.shop\/?product=do-chu-he","title":{"rendered":"\u0110\u1ed3 Ch\u00fa H\u1ec1"},"content":{"rendered":"<h2 data-section-id=\"1c42uu4\" data-start=\"1132\" data-end=\"1160\"><span role=\"text\"><strong data-start=\"1135\" data-end=\"1158\">Gi\u1edbi thi\u1ec7u s\u1ea3n ph\u1ea9m<\/strong><\/span><\/h2>\n<p data-start=\"1161\" data-end=\"1373\">\u0110\u1ed3 ch\u00fa h\u1ec1 cho th\u00fa c\u01b0ng l\u00e0 trang ph\u1ee5c h\u00f3a trang \u0111\u1ed9c \u0111\u00e1o d\u00e0nh cho ch\u00f3 m\u00e8o.<br data-start=\"1233\" data-end=\"1236\" \/>S\u1ea3n ph\u1ea9m gi\u00fap th\u00fa c\u01b0ng tr\u1edf n\u00ean n\u1ed5i b\u1eadt v\u00e0 mang l\u1ea1i c\u1ea3m gi\u00e1c vui nh\u1ed9n.<br data-start=\"1305\" data-end=\"1308\" \/>Thi\u1ebft k\u1ebf l\u1ea5y c\u1ea3m h\u1ee9ng t\u1eeb h\u00ecnh \u1ea3nh ch\u00fa h\u1ec1 r\u1ef1c r\u1ee1 v\u00e0 \u0111\u1ea7y m\u00e0u s\u1eafc.<\/p>\n<h2 data-section-id=\"10zttmg\" data-start=\"1375\" data-end=\"1414\"><span role=\"text\"><strong data-start=\"1378\" data-end=\"1412\">Ch\u1ea5t li\u1ec7u an to\u00e0n v\u00e0 tho\u1ea3i m\u00e1i<\/strong><\/span><\/h2>\n<p data-start=\"1415\" data-end=\"1590\">S\u1ea3n ph\u1ea9m \u0111\u01b0\u1ee3c l\u00e0m t\u1eeb v\u1ea3i m\u1ec1m, nh\u1eb9 v\u00e0 tho\u00e1ng kh\u00ed khi m\u1eb7c.<br data-start=\"1471\" data-end=\"1474\" \/>Kh\u00f4ng g\u00e2y k\u00edch \u1ee9ng da, \u0111\u1ea3m b\u1ea3o an to\u00e0n cho th\u00fa c\u01b0ng.<br data-start=\"1526\" data-end=\"1529\" \/>\u0110\u01b0\u1eddng may ch\u1eafc ch\u1eafn gi\u00fap trang ph\u1ee5c b\u1ec1n \u0111\u1eb9p theo th\u1eddi gian.<\/p>\n<h2 data-section-id=\"xdkmef\" data-start=\"1592\" data-end=\"1631\"><span role=\"text\"><strong data-start=\"1595\" data-end=\"1629\">Thi\u1ebft k\u1ebf n\u1ed5i b\u1eadt v\u00e0 d\u1ec5 s\u1eed d\u1ee5ng<\/strong><\/span><\/h2>\n<p data-start=\"1632\" data-end=\"1812\">\u0110\u1ed3 ch\u00fa h\u1ec1 cho th\u00fa c\u01b0ng c\u00f3 nhi\u1ec1u size ph\u00f9 h\u1ee3p m\u1ecdi gi\u1ed1ng ch\u00f3 m\u00e8o.<br data-start=\"1695\" data-end=\"1698\" \/>Thi\u1ebft k\u1ebf gi\u00fap d\u1ec5 d\u00e0ng m\u1eb7c v\u00e0o v\u00e0 th\u00e1o ra nhanh ch\u00f3ng.<br data-start=\"1751\" data-end=\"1754\" \/>Chi ti\u1ebft trang tr\u00ed nhi\u1ec1u m\u00e0u s\u1eafc t\u1ea1o \u0111i\u1ec3m nh\u1ea5n \u1ea5n t\u01b0\u1ee3ng.<\/p>\n<h2 data-section-id=\"1vud6tn\" data-start=\"1814\" data-end=\"1847\"><span role=\"text\"><strong data-start=\"1817\" data-end=\"1845\">C\u00f4ng d\u1ee5ng v\u00e0 tr\u1ea3i nghi\u1ec7m<\/strong><\/span><\/h2>\n<p data-start=\"1848\" data-end=\"2033\">S\u1ea3n ph\u1ea9m gi\u00fap th\u00fa c\u01b0ng tr\u1edf n\u00ean h\u00e0i h\u01b0\u1edbc v\u00e0 thu h\u00fat \u00e1nh nh\u00ecn.<br data-start=\"1908\" data-end=\"1911\" \/>Ph\u00f9 h\u1ee3p cho ch\u1ee5p \u1ea3nh, quay video v\u00e0 c\u00e1c bu\u1ed5i ti\u1ec7c th\u00fa c\u01b0ng.<br data-start=\"1970\" data-end=\"1973\" \/>T\u0103ng s\u1ef1 g\u1eafn k\u1ebft gi\u1eefa ch\u1ee7 nu\u00f4i v\u00e0 th\u00fa c\u01b0ng trong cu\u1ed9c s\u1ed1ng.<\/p>\n<h2 data-section-id=\"1ujmrj3\" data-start=\"2035\" data-end=\"2052\"><span role=\"text\"><strong data-start=\"2038\" data-end=\"2050\">K\u1ebft lu\u1eadn<\/strong><\/span><\/h2>\n<p data-start=\"2053\" data-end=\"2180\" data-is-last-node=\"\" data-is-only-node=\"\">\u0110\u1ed3 ch\u00fa h\u1ec1 cho th\u00fa c\u01b0ng l\u00e0 l\u1ef1a ch\u1ecdn ho\u00e0n h\u1ea3o cho ng\u01b0\u1eddi y\u00eau th\u00fa c\u01b0ng.<br data-start=\"2120\" data-end=\"2123\" \/>S\u1ea3n ph\u1ea9m mang l\u1ea1i ni\u1ec1m vui v\u00e0 nh\u1eefng kho\u1ea3nh kh\u1eafc \u0111\u00e1ng nh\u1edb.<\/p>\n<p data-start=\"2053\" data-end=\"2180\" data-is-last-node=\"\" data-is-only-node=\"\"><img loading=\"lazy\" decoding=\"async\" class=\"alignnone size-medium wp-image-472 aligncenter\" src=\"https:\/\/petluxu.azdigi.shop\/wp-content\/uploads\/2026\/04\/hoa-trang-300x300.jpg\" alt=\"\" width=\"300\" height=\"300\" srcset=\"https:\/\/petluxu.azdigi.shop\/wp-content\/uploads\/2026\/04\/hoa-trang-300x300.jpg 300w, https:\/\/petluxu.azdigi.shop\/wp-content\/uploads\/2026\/04\/hoa-trang-150x150.jpg 150w, https:\/\/petluxu.azdigi.shop\/wp-content\/uploads\/2026\/04\/hoa-trang-768x768.jpg 768w, https:\/\/petluxu.azdigi.shop\/wp-content\/uploads\/2026\/04\/hoa-trang-600x600.jpg 600w, https:\/\/petluxu.azdigi.shop\/wp-content\/uploads\/2026\/04\/hoa-trang-100x100.jpg 100w, https:\/\/petluxu.azdigi.shop\/wp-content\/uploads\/2026\/04\/hoa-trang.jpg 800w\" sizes=\"auto, (max-width: 300px) 100vw, 300px\" \/><\/p>\n","protected":false},"excerpt":{"rendered":"<p>\u0110\u1ed3 ch\u00fa h\u1ec1 cho th\u00fa c\u01b0ng l\u00e0 trang ph\u1ee5c h\u00f3a trang gi\u00fap ch\u00f3 m\u00e8o tr\u1edf n\u00ean ng\u1ed9 ngh\u0129nh v\u00e0 thu h\u00fat h\u01a1n. S\u1ea3n ph\u1ea9m \u0111\u01b0\u1ee3c thi\u1ebft k\u1ebf v\u1edbi m\u00e0u s\u1eafc t\u01b0\u01a1i s\u00e1ng, ki\u1ec3u d\u00e1ng vui nh\u1ed9n v\u00e0 ch\u1ea5t li\u1ec7u m\u1ec1m m\u1ea1i, an to\u00e0n cho th\u00fa c\u01b0ng.<\/p>\n","protected":false},"featured_media":472,"comment_status":"open","ping_status":"closed","template":"","meta":[],"product_brand":[],"product_cat":[26],"product_tag":[],"class_list":{"0":"post-635","1":"product","2":"type-product","3":"status-publish","4":"has-post-thumbnail","6":"product_cat-do-mac","8":"first","9":"instock","10":"sale","11":"taxable","12":"shipping-taxable","13":"purchasable","14":"product-type-variable"},"yoast_head":"<!-- This site is optimized with the Yoast SEO plugin v27.2 - https:\/\/yoast.com\/product\/yoast-seo-wordpress\/ -->\n<title>\u0110\u1ed3 Ch\u00fa H\u1ec1 - shop th\u00fa c\u01b0ng<\/title>\n<meta name=\"description\" content=\"\u0110\u1ed3 ch\u00fa h\u1ec1 cho th\u00fa c\u01b0ng l\u00e0 trang ph\u1ee5c h\u00f3a trang gi\u00fap ch\u00f3 m\u00e8o tr\u1edf n\u00ean ng\u1ed9 ngh\u0129nh v\u00e0 thu h\u00fat h\u01a1n. S\u1ea3n ph\u1ea9m \u0111\u01b0\u1ee3c thi\u1ebft k\u1ebf v\u1edbi m\u00e0u s\u1eafc t\u01b0\u01a1i s\u00e1ng,\" \/>\n<meta name=\"robots\" content=\"index, follow, max-snippet:-1, max-image-preview:large, max-video-preview:-1\" \/>\n<link rel=\"canonical\" href=\"https:\/\/petluxu.azdigi.shop\/?product=do-chu-he\" \/>\n<meta property=\"og:locale\" content=\"en_US\" \/>\n<meta property=\"og:type\" content=\"article\" \/>\n<meta property=\"og:title\" content=\"\u0110\u1ed3 Ch\u00fa H\u1ec1 - shop th\u00fa c\u01b0ng\" \/>\n<meta property=\"og:description\" content=\"\u0110\u1ed3 ch\u00fa h\u1ec1 cho th\u00fa c\u01b0ng l\u00e0 trang ph\u1ee5c h\u00f3a trang gi\u00fap ch\u00f3 m\u00e8o tr\u1edf n\u00ean ng\u1ed9 ngh\u0129nh v\u00e0 thu h\u00fat h\u01a1n. S\u1ea3n ph\u1ea9m \u0111\u01b0\u1ee3c thi\u1ebft k\u1ebf v\u1edbi m\u00e0u s\u1eafc t\u01b0\u01a1i s\u00e1ng,\" \/>\n<meta property=\"og:url\" content=\"https:\/\/petluxu.azdigi.shop\/?product=do-chu-he\" \/>\n<meta property=\"og:site_name\" content=\"shop th\u00fa c\u01b0ng\" \/>\n<meta property=\"article:modified_time\" content=\"2026-04-11T22:38:39+00:00\" \/>\n<meta property=\"og:image\" content=\"https:\/\/petluxu.azdigi.shop\/wp-content\/uploads\/2026\/04\/hoa-trang.jpg\" \/>\n\t<meta property=\"og:image:width\" content=\"800\" \/>\n\t<meta property=\"og:image:height\" content=\"800\" \/>\n\t<meta property=\"og:image:type\" content=\"image\/jpeg\" \/>\n<meta name=\"twitter:card\" content=\"summary_large_image\" \/>\n<meta name=\"twitter:label1\" content=\"Est. reading time\" \/>\n\t<meta name=\"twitter:data1\" content=\"2 minutes\" \/>\n<script type=\"application\/ld+json\" class=\"yoast-schema-graph\">{\"@context\":\"https:\/\/schema.org\",\"@graph\":[{\"@type\":\"WebPage\",\"@id\":\"https:\/\/petluxu.azdigi.shop\/?product=do-chu-he\",\"url\":\"https:\/\/petluxu.azdigi.shop\/?product=do-chu-he\",\"name\":\"\u0110\u1ed3 Ch\u00fa H\u1ec1 - shop th\u00fa c\u01b0ng\",\"isPartOf\":{\"@id\":\"https:\/\/petluxu.azdigi.shop\/#website\"},\"primaryImageOfPage\":{\"@id\":\"https:\/\/petluxu.azdigi.shop\/?product=do-chu-he#primaryimage\"},\"image\":{\"@id\":\"https:\/\/petluxu.azdigi.shop\/?product=do-chu-he#primaryimage\"},\"thumbnailUrl\":\"https:\/\/petluxu.azdigi.shop\/wp-content\/uploads\/2026\/04\/hoa-trang.jpg\",\"datePublished\":\"2026-04-11T04:39:00+00:00\",\"dateModified\":\"2026-04-11T22:38:39+00:00\",\"description\":\"\u0110\u1ed3 ch\u00fa h\u1ec1 cho th\u00fa c\u01b0ng l\u00e0 trang ph\u1ee5c h\u00f3a trang gi\u00fap ch\u00f3 m\u00e8o tr\u1edf n\u00ean ng\u1ed9 ngh\u0129nh v\u00e0 thu h\u00fat h\u01a1n. S\u1ea3n ph\u1ea9m \u0111\u01b0\u1ee3c thi\u1ebft k\u1ebf v\u1edbi m\u00e0u s\u1eafc t\u01b0\u01a1i s\u00e1ng,\",\"breadcrumb\":{\"@id\":\"https:\/\/petluxu.azdigi.shop\/?product=do-chu-he#breadcrumb\"},\"inLanguage\":\"en-US\",\"potentialAction\":[{\"@type\":\"ReadAction\",\"target\":[\"https:\/\/petluxu.azdigi.shop\/?product=do-chu-he\"]}]},{\"@type\":\"ImageObject\",\"inLanguage\":\"en-US\",\"@id\":\"https:\/\/petluxu.azdigi.shop\/?product=do-chu-he#primaryimage\",\"url\":\"https:\/\/petluxu.azdigi.shop\/wp-content\/uploads\/2026\/04\/hoa-trang.jpg\",\"contentUrl\":\"https:\/\/petluxu.azdigi.shop\/wp-content\/uploads\/2026\/04\/hoa-trang.jpg\",\"width\":800,\"height\":800},{\"@type\":\"BreadcrumbList\",\"@id\":\"https:\/\/petluxu.azdigi.shop\/?product=do-chu-he#breadcrumb\",\"itemListElement\":[{\"@type\":\"ListItem\",\"position\":1,\"name\":\"Home\",\"item\":\"https:\/\/petluxu.azdigi.shop\/\"},{\"@type\":\"ListItem\",\"position\":2,\"name\":\"Shop\",\"item\":\"https:\/\/petluxu.azdigi.shop\/?page_id=348\"},{\"@type\":\"ListItem\",\"position\":3,\"name\":\"\u0110\u1ed3 Ch\u00fa H\u1ec1\"}]},{\"@type\":\"WebSite\",\"@id\":\"https:\/\/petluxu.azdigi.shop\/#website\",\"url\":\"https:\/\/petluxu.azdigi.shop\/\",\"name\":\"shop th\u00fa c\u01b0ng\",\"description\":\"\",\"potentialAction\":[{\"@type\":\"SearchAction\",\"target\":{\"@type\":\"EntryPoint\",\"urlTemplate\":\"https:\/\/petluxu.azdigi.shop\/?s={search_term_string}\"},\"query-input\":{\"@type\":\"PropertyValueSpecification\",\"valueRequired\":true,\"valueName\":\"search_term_string\"}}],\"inLanguage\":\"en-US\"}]}<\/script>\n<!-- \/ Yoast SEO plugin. -->","yoast_head_json":{"title":"\u0110\u1ed3 Ch\u00fa H\u1ec1 - shop th\u00fa c\u01b0ng","description":"\u0110\u1ed3 ch\u00fa h\u1ec1 cho th\u00fa c\u01b0ng l\u00e0 trang ph\u1ee5c h\u00f3a trang gi\u00fap ch\u00f3 m\u00e8o tr\u1edf n\u00ean ng\u1ed9 ngh\u0129nh v\u00e0 thu h\u00fat h\u01a1n. S\u1ea3n ph\u1ea9m \u0111\u01b0\u1ee3c thi\u1ebft k\u1ebf v\u1edbi m\u00e0u s\u1eafc t\u01b0\u01a1i s\u00e1ng,","robots":{"index":"index","follow":"follow","max-snippet":"max-snippet:-1","max-image-preview":"max-image-preview:large","max-video-preview":"max-video-preview:-1"},"canonical":"https:\/\/petluxu.azdigi.shop\/?product=do-chu-he","og_locale":"en_US","og_type":"article","og_title":"\u0110\u1ed3 Ch\u00fa H\u1ec1 - shop th\u00fa c\u01b0ng","og_description":"\u0110\u1ed3 ch\u00fa h\u1ec1 cho th\u00fa c\u01b0ng l\u00e0 trang ph\u1ee5c h\u00f3a trang gi\u00fap ch\u00f3 m\u00e8o tr\u1edf n\u00ean ng\u1ed9 ngh\u0129nh v\u00e0 thu h\u00fat h\u01a1n. S\u1ea3n ph\u1ea9m \u0111\u01b0\u1ee3c thi\u1ebft k\u1ebf v\u1edbi m\u00e0u s\u1eafc t\u01b0\u01a1i s\u00e1ng,","og_url":"https:\/\/petluxu.azdigi.shop\/?product=do-chu-he","og_site_name":"shop th\u00fa c\u01b0ng","article_modified_time":"2026-04-11T22:38:39+00:00","og_image":[{"width":800,"height":800,"url":"https:\/\/petluxu.azdigi.shop\/wp-content\/uploads\/2026\/04\/hoa-trang.jpg","type":"image\/jpeg"}],"twitter_card":"summary_large_image","twitter_misc":{"Est. reading time":"2 minutes"},"schema":{"@context":"https:\/\/schema.org","@graph":[{"@type":"WebPage","@id":"https:\/\/petluxu.azdigi.shop\/?product=do-chu-he","url":"https:\/\/petluxu.azdigi.shop\/?product=do-chu-he","name":"\u0110\u1ed3 Ch\u00fa H\u1ec1 - shop th\u00fa c\u01b0ng","isPartOf":{"@id":"https:\/\/petluxu.azdigi.shop\/#website"},"primaryImageOfPage":{"@id":"https:\/\/petluxu.azdigi.shop\/?product=do-chu-he#primaryimage"},"image":{"@id":"https:\/\/petluxu.azdigi.shop\/?product=do-chu-he#primaryimage"},"thumbnailUrl":"https:\/\/petluxu.azdigi.shop\/wp-content\/uploads\/2026\/04\/hoa-trang.jpg","datePublished":"2026-04-11T04:39:00+00:00","dateModified":"2026-04-11T22:38:39+00:00","description":"\u0110\u1ed3 ch\u00fa h\u1ec1 cho th\u00fa c\u01b0ng l\u00e0 trang ph\u1ee5c h\u00f3a trang gi\u00fap ch\u00f3 m\u00e8o tr\u1edf n\u00ean ng\u1ed9 ngh\u0129nh v\u00e0 thu h\u00fat h\u01a1n. S\u1ea3n ph\u1ea9m \u0111\u01b0\u1ee3c thi\u1ebft k\u1ebf v\u1edbi m\u00e0u s\u1eafc t\u01b0\u01a1i s\u00e1ng,","breadcrumb":{"@id":"https:\/\/petluxu.azdigi.shop\/?product=do-chu-he#breadcrumb"},"inLanguage":"en-US","potentialAction":[{"@type":"ReadAction","target":["https:\/\/petluxu.azdigi.shop\/?product=do-chu-he"]}]},{"@type":"ImageObject","inLanguage":"en-US","@id":"https:\/\/petluxu.azdigi.shop\/?product=do-chu-he#primaryimage","url":"https:\/\/petluxu.azdigi.shop\/wp-content\/uploads\/2026\/04\/hoa-trang.jpg","contentUrl":"https:\/\/petluxu.azdigi.shop\/wp-content\/uploads\/2026\/04\/hoa-trang.jpg","width":800,"height":800},{"@type":"BreadcrumbList","@id":"https:\/\/petluxu.azdigi.shop\/?product=do-chu-he#breadcrumb","itemListElement":[{"@type":"ListItem","position":1,"name":"Home","item":"https:\/\/petluxu.azdigi.shop\/"},{"@type":"ListItem","position":2,"name":"Shop","item":"https:\/\/petluxu.azdigi.shop\/?page_id=348"},{"@type":"ListItem","position":3,"name":"\u0110\u1ed3 Ch\u00fa H\u1ec1"}]},{"@type":"WebSite","@id":"https:\/\/petluxu.azdigi.shop\/#website","url":"https:\/\/petluxu.azdigi.shop\/","name":"shop th\u00fa c\u01b0ng","description":"","potentialAction":[{"@type":"SearchAction","target":{"@type":"EntryPoint","urlTemplate":"https:\/\/petluxu.azdigi.shop\/?s={search_term_string}"},"query-input":{"@type":"PropertyValueSpecification","valueRequired":true,"valueName":"search_term_string"}}],"inLanguage":"en-US"}]}},"_links":{"self":[{"href":"https:\/\/petluxu.azdigi.shop\/index.php?rest_route=\/wp\/v2\/product\/635","targetHints":{"allow":["GET"]}}],"collection":[{"href":"https:\/\/petluxu.azdigi.shop\/index.php?rest_route=\/wp\/v2\/product"}],"about":[{"href":"https:\/\/petluxu.azdigi.shop\/index.php?rest_route=\/wp\/v2\/types\/product"}],"replies":[{"embeddable":true,"href":"https:\/\/petluxu.azdigi.shop\/index.php?rest_route=%2Fwp%2Fv2%2Fcomments&post=635"}],"wp:featuredmedia":[{"embeddable":true,"href":"https:\/\/petluxu.azdigi.shop\/index.php?rest_route=\/wp\/v2\/media\/472"}],"wp:attachment":[{"href":"https:\/\/petluxu.azdigi.shop\/index.php?rest_route=%2Fwp%2Fv2%2Fmedia&parent=635"}],"wp:term":[{"taxonomy":"product_brand","embeddable":true,"href":"https:\/\/petluxu.azdigi.shop\/index.php?rest_route=%2Fwp%2Fv2%2Fproduct_brand&post=635"},{"taxonomy":"product_cat","embeddable":true,"href":"https:\/\/petluxu.azdigi.shop\/index.php?rest_route=%2Fwp%2Fv2%2Fproduct_cat&post=635"},{"taxonomy":"product_tag","embeddable":true,"href":"https:\/\/petluxu.azdigi.shop\/index.php?rest_route=%2Fwp%2Fv2%2Fproduct_tag&post=635"}],"curies":[{"name":"wp","href":"https:\/\/api.w.org\/{rel}","templated":true}]}}