{"id":637,"date":"2026-04-11T04:44:22","date_gmt":"2026-04-11T04:44:22","guid":{"rendered":"https:\/\/petluxu.azdigi.shop\/?post_type=product&#038;p=637"},"modified":"2026-04-11T22:43:54","modified_gmt":"2026-04-11T22:43:54","slug":"mat-kinh-cho-thu-cung","status":"publish","type":"product","link":"https:\/\/petluxu.azdigi.shop\/?product=mat-kinh-cho-thu-cung","title":{"rendered":"K\u00ednh m\u1eaft cho th\u00fa c\u01b0ng \u2013 Ph\u1ee5 ki\u1ec7n th\u1eddi trang    ch\u00f3 m\u00e8o"},"content":{"rendered":"<p><img loading=\"lazy\" decoding=\"async\" class=\"alignnone size-medium wp-image-477 aligncenter\" src=\"https:\/\/petluxu.azdigi.shop\/wp-content\/uploads\/2026\/04\/kinh-mat-thu-cung-300x300.jpg\" alt=\"\" width=\"300\" height=\"300\" srcset=\"https:\/\/petluxu.azdigi.shop\/wp-content\/uploads\/2026\/04\/kinh-mat-thu-cung-300x300.jpg 300w, https:\/\/petluxu.azdigi.shop\/wp-content\/uploads\/2026\/04\/kinh-mat-thu-cung-150x150.jpg 150w, https:\/\/petluxu.azdigi.shop\/wp-content\/uploads\/2026\/04\/kinh-mat-thu-cung-768x768.jpg 768w, https:\/\/petluxu.azdigi.shop\/wp-content\/uploads\/2026\/04\/kinh-mat-thu-cung-600x600.jpg 600w, https:\/\/petluxu.azdigi.shop\/wp-content\/uploads\/2026\/04\/kinh-mat-thu-cung-100x100.jpg 100w, https:\/\/petluxu.azdigi.shop\/wp-content\/uploads\/2026\/04\/kinh-mat-thu-cung.jpg 900w\" sizes=\"auto, (max-width: 300px) 100vw, 300px\" \/><\/p>\n<h2 data-section-id=\"1g8p4pa\" data-start=\"83\" data-end=\"154\"><span role=\"text\"><strong data-start=\"86\" data-end=\"152\">\u00a0Gi\u1edbi thi\u1ec7u s\u1ea3n ph\u1ea9m th\u1eddi trang n\u1ed5i b\u1eadt<\/strong><\/span><\/h2>\n<p data-start=\"155\" data-end=\"474\">K\u00ednh m\u1eaft cho th\u00fa c\u01b0ng l\u00e0 ph\u1ee5 ki\u1ec7n th\u1eddi trang gi\u00fap ch\u00f3 m\u00e8o tr\u1edf n\u00ean phong c\u00e1ch h\u01a1n.<br data-start=\"236\" data-end=\"239\" \/>\u00a0kh\u00f4ng ch\u1ec9 l\u00e0m \u0111\u1eb9p m\u00e0 c\u00f2n gi\u00fap b\u1ea3o v\u1ec7 m\u1eaft hi\u1ec7u qu\u1ea3.<br data-start=\"311\" data-end=\"314\" \/>S\u1ea3n ph\u1ea9m ph\u00f9 h\u1ee3p cho th\u00fa c\u01b0ng khi \u0111i d\u1ea1o, du l\u1ecbch v\u00e0 ch\u1ee5p \u1ea3nh ngo\u00e0i tr\u1eddi.<br data-start=\"387\" data-end=\"390\" \/>Thi\u1ebft k\u1ebf \u0111a d\u1ea1ng gi\u00fap k\u00ednh m\u1eaft cho th\u00fa c\u01b0ng ph\u00f9 h\u1ee3p nhi\u1ec1u gi\u1ed1ng ch\u00f3 m\u00e8o kh\u00e1c nhau.<\/p>\n<h2 data-section-id=\"14lekh5\" data-start=\"481\" data-end=\"544\"><span role=\"text\"><strong data-start=\"484\" data-end=\"542\">\u00a0Ch\u1ea5t li\u1ec7u an to\u00e0n v\u00e0 nh\u1eb9 nh\u00e0ng<\/strong><\/span><\/h2>\n<p data-start=\"545\" data-end=\"844\">\u00a0\u0111\u01b0\u1ee3c l\u00e0m t\u1eeb nh\u1ef1a nh\u1eb9, b\u1ec1n v\u00e0 an to\u00e0n khi s\u1eed d\u1ee5ng.<br data-start=\"616\" data-end=\"619\" \/>\u00a0kh\u00f4ng g\u00e2y \u00e1p l\u1ef1c l\u00ean v\u00f9ng m\u1eaft v\u00e0 khu\u00f4n m\u1eb7t th\u00fa c\u01b0ng.<br data-start=\"693\" data-end=\"696\" \/>\u0110\u1ec7m m\u1ec1m gi\u00fap\u00a0 \u00f4m s\u00e1t nh\u01b0ng v\u1eabn t\u1ea1o c\u1ea3m gi\u00e1c tho\u1ea3i m\u00e1i.<br data-start=\"771\" data-end=\"774\" \/>S\u1ea3n ph\u1ea9m ph\u00f9 h\u1ee3p s\u1eed d\u1ee5ng l\u00e2u d\u00e0i m\u00e0 kh\u00f4ng g\u00e2y kh\u00f3 ch\u1ecbu cho th\u00fa c\u01b0ng.<\/p>\n<h2 data-section-id=\"1xg34cw\" data-start=\"851\" data-end=\"915\"><span role=\"text\"><strong data-start=\"854\" data-end=\"913\">\u00a0Thi\u1ebft k\u1ebf th\u1eddi trang v\u00e0 ti\u1ec7n l\u1ee3i<\/strong><\/span><\/h2>\n<p data-start=\"916\" data-end=\"1222\">\u00a0c\u00f3 nhi\u1ec1u ki\u1ec3u d\u00e1ng t\u1eeb d\u1ec5 th\u01b0\u01a1ng \u0111\u1ebfn c\u00e1 t\u00ednh, m\u1ea1nh m\u1ebd.<br data-start=\"991\" data-end=\"994\" \/>K\u00ednh m\u1eaft\u00a0 d\u1ec5 \u0111i\u1ec1u ch\u1ec9nh k\u00edch th\u01b0\u1edbc ph\u00f9 h\u1ee3p t\u1eebng lo\u1ea1i th\u00fa c\u01b0ng.<br data-start=\"1068\" data-end=\"1071\" \/>M\u00e0u s\u1eafc \u0111a d\u1ea1ng gi\u00fap\u00a0 tr\u1edf n\u00ean n\u1ed5i b\u1eadt trong m\u1ecdi ho\u00e0n c\u1ea3nh.<br data-start=\"1150\" data-end=\"1153\" \/>Thi\u1ebft k\u1ebf gi\u00fap th\u00fa c\u01b0ng tr\u00f4ng ng\u1ea7u h\u01a1n khi xu\u1ea5t hi\u1ec7n tr\u01b0\u1edbc \u0111\u00e1m \u0111\u00f4ng.<\/p>\n<h2 data-section-id=\"g90ge\" data-start=\"1229\" data-end=\"1290\"><span role=\"text\"><strong data-start=\"1232\" data-end=\"1288\">\u00a0C\u00f4ng d\u1ee5ng v\u00e0 l\u1ee3i \u00edch s\u1eed d\u1ee5ng<\/strong><\/span><\/h2>\n<p data-start=\"1291\" data-end=\"1588\">gi\u00fap b\u1ea3o v\u1ec7 m\u1eaft kh\u1ecfi n\u1eafng, b\u1ee5i v\u00e0 gi\u00f3 khi ra ngo\u00e0i.<br data-start=\"1364\" data-end=\"1367\" \/>K\u00ednh ph\u00f9 h\u1ee3p cho d\u1ea1o ph\u1ed1, du l\u1ecbch v\u00e0 ho\u1ea1t \u0111\u1ed9ng ngo\u00e0i tr\u1eddi.<br data-start=\"1442\" data-end=\"1445\" \/>S\u1ea3n ph\u1ea9m c\u00f2n gi\u00fap t\u0103ng t\u00ednh th\u1ea9m m\u1ef9 v\u00e0 s\u1ef1 \u0111\u00e1ng y\u00eau cho th\u00fa c\u01b0ng.<br data-start=\"1509\" data-end=\"1512\" \/>K\u00ednh m\u1eaft cho th\u00fa c\u01b0ng t\u1ea1o \u0111i\u1ec3m nh\u1ea5n trong c\u00e1c bu\u1ed5i ch\u1ee5p \u1ea3nh v\u00e0 quay video.<\/p>\n<h2 data-section-id=\"1xo8yhs\" data-start=\"1595\" data-end=\"1645\"><span role=\"text\"><strong data-start=\"1598\" data-end=\"1643\">\u00a0K\u1ebft lu\u1eadn s\u1ea3n ph\u1ea9m<\/strong><\/span><\/h2>\n<p data-start=\"1646\" data-end=\"1871\" data-is-last-node=\"\" data-is-only-node=\"\">\u00a0l\u00e0 ph\u1ee5 ki\u1ec7n kh\u00f4ng th\u1ec3 thi\u1ebfu cho th\u00fa c\u01b0ng hi\u1ec7n \u0111\u1ea1i.<br data-start=\"1718\" data-end=\"1721\" \/>\u00a0gi\u00fap k\u1ebft h\u1ee3p gi\u1eefa th\u1eddi trang v\u00e0 b\u1ea3o v\u1ec7 s\u1ee9c kh\u1ecfe m\u1eaft.<br data-start=\"1795\" data-end=\"1798\" \/>\u0110\u00e2y l\u00e0 l\u1ef1a ch\u1ecdn ho\u00e0n h\u1ea3o cho ng\u01b0\u1eddi y\u00eau th\u00fa c\u01b0ng mu\u1ed1n l\u00e0m \u0111\u1eb9p cho b\u00e9 c\u01b0ng.<\/p>\n","protected":false},"excerpt":{"rendered":"<p><span dir=\"auto\" style=\"vertical-align: inherit;\"><span dir=\"auto\" style=\"vertical-align: inherit;\"><span dir=\"auto\" style=\"vertical-align: inherit;\"><span dir=\"auto\" style=\"vertical-align: inherit;\">K\u00ednh m\u1eaft cho th\u00fa c\u01b0ng gi\u00fap ch\u00f3 m\u00e8o tr\u1edf n\u00ean th\u1eddi trang, c\u00e1 t\u00ednh v\u00e0 \u0111\u01b0\u1ee3c b\u1ea3o v\u1ec7 t\u1ed1t h\u01a1n khi ra ngo\u00e0i. Thi\u1ebft k\u1ebf \u0111a d\u1ea1ng, ch\u1ed1ng n\u1eafng, ch\u1ea5t li\u1ec7u nh\u1eb9 nh\u00e0ng v\u00e0 an to\u00e0n.<\/span><\/span><\/span><\/span><\/p>\n","protected":false},"featured_media":477,"comment_status":"open","ping_status":"closed","template":"","meta":[],"product_brand":[],"product_cat":[27],"product_tag":[],"class_list":{"0":"post-637","1":"product","2":"type-product","3":"status-publish","4":"has-post-thumbnail","6":"product_cat-phu-kien","8":"first","9":"instock","10":"sale","11":"taxable","12":"shipping-taxable","13":"purchasable","14":"product-type-variable"},"yoast_head":"<!-- This site is optimized with the Yoast SEO plugin v27.2 - https:\/\/yoast.com\/product\/yoast-seo-wordpress\/ -->\n<title>K\u00ednh m\u1eaft cho th\u00fa c\u01b0ng \u2013 Ph\u1ee5 ki\u1ec7n th\u1eddi trang  ch\u00f3 m\u00e8o - shop th\u00fa c\u01b0ng<\/title>\n<meta name=\"description\" content=\"K\u00ednh m\u1eaft cho th\u00fa c\u01b0ng gi\u00fap ch\u00f3 m\u00e8o tr\u1edf n\u00ean th\u1eddi trang, c\u00e1 t\u00ednh v\u00e0 \u0111\u01b0\u1ee3c b\u1ea3o v\u1ec7 t\u1ed1t h\u01a1n khi ra ngo\u00e0i. Thi\u1ebft k\u1ebf \u0111a d\u1ea1ng, ch\u1ed1ng n\u1eafng, ch\u1ea5t li\u1ec7u nh\u1eb9 v\u00e0 an to\u00e0n.\" \/>\n<meta name=\"robots\" content=\"index, follow, max-snippet:-1, max-image-preview:large, max-video-preview:-1\" \/>\n<link rel=\"canonical\" href=\"https:\/\/petluxu.azdigi.shop\/?product=mat-kinh-cho-thu-cung\" \/>\n<meta property=\"og:locale\" content=\"en_US\" \/>\n<meta property=\"og:type\" content=\"article\" \/>\n<meta property=\"og:title\" content=\"K\u00ednh m\u1eaft cho th\u00fa c\u01b0ng \u2013 Ph\u1ee5 ki\u1ec7n th\u1eddi trang  ch\u00f3 m\u00e8o - shop th\u00fa c\u01b0ng\" \/>\n<meta property=\"og:description\" content=\"K\u00ednh m\u1eaft cho th\u00fa c\u01b0ng gi\u00fap ch\u00f3 m\u00e8o tr\u1edf n\u00ean th\u1eddi trang, c\u00e1 t\u00ednh v\u00e0 \u0111\u01b0\u1ee3c b\u1ea3o v\u1ec7 t\u1ed1t h\u01a1n khi ra ngo\u00e0i. Thi\u1ebft k\u1ebf \u0111a d\u1ea1ng, ch\u1ed1ng n\u1eafng, ch\u1ea5t li\u1ec7u nh\u1eb9 v\u00e0 an to\u00e0n.\" \/>\n<meta property=\"og:url\" content=\"https:\/\/petluxu.azdigi.shop\/?product=mat-kinh-cho-thu-cung\" \/>\n<meta property=\"og:site_name\" content=\"shop th\u00fa c\u01b0ng\" \/>\n<meta property=\"article:modified_time\" content=\"2026-04-11T22:43:54+00:00\" \/>\n<meta property=\"og:image\" content=\"https:\/\/petluxu.azdigi.shop\/wp-content\/uploads\/2026\/04\/kinh-mat-thu-cung.jpg\" \/>\n\t<meta property=\"og:image:width\" content=\"900\" \/>\n\t<meta property=\"og:image:height\" content=\"900\" \/>\n\t<meta property=\"og:image:type\" content=\"image\/jpeg\" \/>\n<meta name=\"twitter:card\" content=\"summary_large_image\" \/>\n<meta name=\"twitter:label1\" content=\"Est. reading time\" \/>\n\t<meta name=\"twitter:data1\" content=\"2 minutes\" \/>\n<script type=\"application\/ld+json\" class=\"yoast-schema-graph\">{\"@context\":\"https:\/\/schema.org\",\"@graph\":[{\"@type\":\"WebPage\",\"@id\":\"https:\/\/petluxu.azdigi.shop\/?product=mat-kinh-cho-thu-cung\",\"url\":\"https:\/\/petluxu.azdigi.shop\/?product=mat-kinh-cho-thu-cung\",\"name\":\"K\u00ednh m\u1eaft cho th\u00fa c\u01b0ng \u2013 Ph\u1ee5 ki\u1ec7n th\u1eddi trang ch\u00f3 m\u00e8o - shop th\u00fa c\u01b0ng\",\"isPartOf\":{\"@id\":\"https:\/\/petluxu.azdigi.shop\/#website\"},\"primaryImageOfPage\":{\"@id\":\"https:\/\/petluxu.azdigi.shop\/?product=mat-kinh-cho-thu-cung#primaryimage\"},\"image\":{\"@id\":\"https:\/\/petluxu.azdigi.shop\/?product=mat-kinh-cho-thu-cung#primaryimage\"},\"thumbnailUrl\":\"https:\/\/petluxu.azdigi.shop\/wp-content\/uploads\/2026\/04\/kinh-mat-thu-cung.jpg\",\"datePublished\":\"2026-04-11T04:44:22+00:00\",\"dateModified\":\"2026-04-11T22:43:54+00:00\",\"description\":\"K\u00ednh m\u1eaft cho th\u00fa c\u01b0ng gi\u00fap ch\u00f3 m\u00e8o tr\u1edf n\u00ean th\u1eddi trang, c\u00e1 t\u00ednh v\u00e0 \u0111\u01b0\u1ee3c b\u1ea3o v\u1ec7 t\u1ed1t h\u01a1n khi ra ngo\u00e0i. Thi\u1ebft k\u1ebf \u0111a d\u1ea1ng, ch\u1ed1ng n\u1eafng, ch\u1ea5t li\u1ec7u nh\u1eb9 v\u00e0 an to\u00e0n.\",\"breadcrumb\":{\"@id\":\"https:\/\/petluxu.azdigi.shop\/?product=mat-kinh-cho-thu-cung#breadcrumb\"},\"inLanguage\":\"en-US\",\"potentialAction\":[{\"@type\":\"ReadAction\",\"target\":[\"https:\/\/petluxu.azdigi.shop\/?product=mat-kinh-cho-thu-cung\"]}]},{\"@type\":\"ImageObject\",\"inLanguage\":\"en-US\",\"@id\":\"https:\/\/petluxu.azdigi.shop\/?product=mat-kinh-cho-thu-cung#primaryimage\",\"url\":\"https:\/\/petluxu.azdigi.shop\/wp-content\/uploads\/2026\/04\/kinh-mat-thu-cung.jpg\",\"contentUrl\":\"https:\/\/petluxu.azdigi.shop\/wp-content\/uploads\/2026\/04\/kinh-mat-thu-cung.jpg\",\"width\":900,\"height\":900},{\"@type\":\"BreadcrumbList\",\"@id\":\"https:\/\/petluxu.azdigi.shop\/?product=mat-kinh-cho-thu-cung#breadcrumb\",\"itemListElement\":[{\"@type\":\"ListItem\",\"position\":1,\"name\":\"Home\",\"item\":\"https:\/\/petluxu.azdigi.shop\/\"},{\"@type\":\"ListItem\",\"position\":2,\"name\":\"Shop\",\"item\":\"https:\/\/petluxu.azdigi.shop\/?page_id=348\"},{\"@type\":\"ListItem\",\"position\":3,\"name\":\"K\u00ednh m\u1eaft cho th\u00fa c\u01b0ng \u2013 Ph\u1ee5 ki\u1ec7n th\u1eddi trang ch\u00f3 m\u00e8o\"}]},{\"@type\":\"WebSite\",\"@id\":\"https:\/\/petluxu.azdigi.shop\/#website\",\"url\":\"https:\/\/petluxu.azdigi.shop\/\",\"name\":\"shop th\u00fa c\u01b0ng\",\"description\":\"\",\"potentialAction\":[{\"@type\":\"SearchAction\",\"target\":{\"@type\":\"EntryPoint\",\"urlTemplate\":\"https:\/\/petluxu.azdigi.shop\/?s={search_term_string}\"},\"query-input\":{\"@type\":\"PropertyValueSpecification\",\"valueRequired\":true,\"valueName\":\"search_term_string\"}}],\"inLanguage\":\"en-US\"}]}<\/script>\n<!-- \/ Yoast SEO plugin. -->","yoast_head_json":{"title":"K\u00ednh m\u1eaft cho th\u00fa c\u01b0ng \u2013 Ph\u1ee5 ki\u1ec7n th\u1eddi trang  ch\u00f3 m\u00e8o - shop th\u00fa c\u01b0ng","description":"K\u00ednh m\u1eaft cho th\u00fa c\u01b0ng gi\u00fap ch\u00f3 m\u00e8o tr\u1edf n\u00ean th\u1eddi trang, c\u00e1 t\u00ednh v\u00e0 \u0111\u01b0\u1ee3c b\u1ea3o v\u1ec7 t\u1ed1t h\u01a1n khi ra ngo\u00e0i. Thi\u1ebft k\u1ebf \u0111a d\u1ea1ng, ch\u1ed1ng n\u1eafng, ch\u1ea5t li\u1ec7u nh\u1eb9 v\u00e0 an to\u00e0n.","robots":{"index":"index","follow":"follow","max-snippet":"max-snippet:-1","max-image-preview":"max-image-preview:large","max-video-preview":"max-video-preview:-1"},"canonical":"https:\/\/petluxu.azdigi.shop\/?product=mat-kinh-cho-thu-cung","og_locale":"en_US","og_type":"article","og_title":"K\u00ednh m\u1eaft cho th\u00fa c\u01b0ng \u2013 Ph\u1ee5 ki\u1ec7n th\u1eddi trang  ch\u00f3 m\u00e8o - shop th\u00fa c\u01b0ng","og_description":"K\u00ednh m\u1eaft cho th\u00fa c\u01b0ng gi\u00fap ch\u00f3 m\u00e8o tr\u1edf n\u00ean th\u1eddi trang, c\u00e1 t\u00ednh v\u00e0 \u0111\u01b0\u1ee3c b\u1ea3o v\u1ec7 t\u1ed1t h\u01a1n khi ra ngo\u00e0i. Thi\u1ebft k\u1ebf \u0111a d\u1ea1ng, ch\u1ed1ng n\u1eafng, ch\u1ea5t li\u1ec7u nh\u1eb9 v\u00e0 an to\u00e0n.","og_url":"https:\/\/petluxu.azdigi.shop\/?product=mat-kinh-cho-thu-cung","og_site_name":"shop th\u00fa c\u01b0ng","article_modified_time":"2026-04-11T22:43:54+00:00","og_image":[{"width":900,"height":900,"url":"https:\/\/petluxu.azdigi.shop\/wp-content\/uploads\/2026\/04\/kinh-mat-thu-cung.jpg","type":"image\/jpeg"}],"twitter_card":"summary_large_image","twitter_misc":{"Est. reading time":"2 minutes"},"schema":{"@context":"https:\/\/schema.org","@graph":[{"@type":"WebPage","@id":"https:\/\/petluxu.azdigi.shop\/?product=mat-kinh-cho-thu-cung","url":"https:\/\/petluxu.azdigi.shop\/?product=mat-kinh-cho-thu-cung","name":"K\u00ednh m\u1eaft cho th\u00fa c\u01b0ng \u2013 Ph\u1ee5 ki\u1ec7n th\u1eddi trang ch\u00f3 m\u00e8o - shop th\u00fa c\u01b0ng","isPartOf":{"@id":"https:\/\/petluxu.azdigi.shop\/#website"},"primaryImageOfPage":{"@id":"https:\/\/petluxu.azdigi.shop\/?product=mat-kinh-cho-thu-cung#primaryimage"},"image":{"@id":"https:\/\/petluxu.azdigi.shop\/?product=mat-kinh-cho-thu-cung#primaryimage"},"thumbnailUrl":"https:\/\/petluxu.azdigi.shop\/wp-content\/uploads\/2026\/04\/kinh-mat-thu-cung.jpg","datePublished":"2026-04-11T04:44:22+00:00","dateModified":"2026-04-11T22:43:54+00:00","description":"K\u00ednh m\u1eaft cho th\u00fa c\u01b0ng gi\u00fap ch\u00f3 m\u00e8o tr\u1edf n\u00ean th\u1eddi trang, c\u00e1 t\u00ednh v\u00e0 \u0111\u01b0\u1ee3c b\u1ea3o v\u1ec7 t\u1ed1t h\u01a1n khi ra ngo\u00e0i. Thi\u1ebft k\u1ebf \u0111a d\u1ea1ng, ch\u1ed1ng n\u1eafng, ch\u1ea5t li\u1ec7u nh\u1eb9 v\u00e0 an to\u00e0n.","breadcrumb":{"@id":"https:\/\/petluxu.azdigi.shop\/?product=mat-kinh-cho-thu-cung#breadcrumb"},"inLanguage":"en-US","potentialAction":[{"@type":"ReadAction","target":["https:\/\/petluxu.azdigi.shop\/?product=mat-kinh-cho-thu-cung"]}]},{"@type":"ImageObject","inLanguage":"en-US","@id":"https:\/\/petluxu.azdigi.shop\/?product=mat-kinh-cho-thu-cung#primaryimage","url":"https:\/\/petluxu.azdigi.shop\/wp-content\/uploads\/2026\/04\/kinh-mat-thu-cung.jpg","contentUrl":"https:\/\/petluxu.azdigi.shop\/wp-content\/uploads\/2026\/04\/kinh-mat-thu-cung.jpg","width":900,"height":900},{"@type":"BreadcrumbList","@id":"https:\/\/petluxu.azdigi.shop\/?product=mat-kinh-cho-thu-cung#breadcrumb","itemListElement":[{"@type":"ListItem","position":1,"name":"Home","item":"https:\/\/petluxu.azdigi.shop\/"},{"@type":"ListItem","position":2,"name":"Shop","item":"https:\/\/petluxu.azdigi.shop\/?page_id=348"},{"@type":"ListItem","position":3,"name":"K\u00ednh m\u1eaft cho th\u00fa c\u01b0ng \u2013 Ph\u1ee5 ki\u1ec7n th\u1eddi trang ch\u00f3 m\u00e8o"}]},{"@type":"WebSite","@id":"https:\/\/petluxu.azdigi.shop\/#website","url":"https:\/\/petluxu.azdigi.shop\/","name":"shop th\u00fa c\u01b0ng","description":"","potentialAction":[{"@type":"SearchAction","target":{"@type":"EntryPoint","urlTemplate":"https:\/\/petluxu.azdigi.shop\/?s={search_term_string}"},"query-input":{"@type":"PropertyValueSpecification","valueRequired":true,"valueName":"search_term_string"}}],"inLanguage":"en-US"}]}},"_links":{"self":[{"href":"https:\/\/petluxu.azdigi.shop\/index.php?rest_route=\/wp\/v2\/product\/637","targetHints":{"allow":["GET"]}}],"collection":[{"href":"https:\/\/petluxu.azdigi.shop\/index.php?rest_route=\/wp\/v2\/product"}],"about":[{"href":"https:\/\/petluxu.azdigi.shop\/index.php?rest_route=\/wp\/v2\/types\/product"}],"replies":[{"embeddable":true,"href":"https:\/\/petluxu.azdigi.shop\/index.php?rest_route=%2Fwp%2Fv2%2Fcomments&post=637"}],"wp:featuredmedia":[{"embeddable":true,"href":"https:\/\/petluxu.azdigi.shop\/index.php?rest_route=\/wp\/v2\/media\/477"}],"wp:attachment":[{"href":"https:\/\/petluxu.azdigi.shop\/index.php?rest_route=%2Fwp%2Fv2%2Fmedia&parent=637"}],"wp:term":[{"taxonomy":"product_brand","embeddable":true,"href":"https:\/\/petluxu.azdigi.shop\/index.php?rest_route=%2Fwp%2Fv2%2Fproduct_brand&post=637"},{"taxonomy":"product_cat","embeddable":true,"href":"https:\/\/petluxu.azdigi.shop\/index.php?rest_route=%2Fwp%2Fv2%2Fproduct_cat&post=637"},{"taxonomy":"product_tag","embeddable":true,"href":"https:\/\/petluxu.azdigi.shop\/index.php?rest_route=%2Fwp%2Fv2%2Fproduct_tag&post=637"}],"curies":[{"name":"wp","href":"https:\/\/api.w.org\/{rel}","templated":true}]}}