{"id":650,"date":"2026-04-11T12:41:09","date_gmt":"2026-04-11T12:41:09","guid":{"rendered":"https:\/\/petluxu.azdigi.shop\/?post_type=product&#038;p=650"},"modified":"2026-04-11T22:48:33","modified_gmt":"2026-04-11T22:48:33","slug":"dung-cu-dut-thuoc-cho-thu-cung-tien-loi","status":"publish","type":"product","link":"https:\/\/petluxu.azdigi.shop\/?product=dung-cu-dut-thuoc-cho-thu-cung-tien-loi","title":{"rendered":"D\u1ee5ng C\u1ee5 \u0110\u00fat Thu\u1ed1c Cho Th\u00fa C\u01b0ng \u2013  Ti\u1ec7n L\u1ee3i"},"content":{"rendered":"<p><img loading=\"lazy\" decoding=\"async\" class=\"alignnone size-medium wp-image-475 aligncenter\" src=\"https:\/\/petluxu.azdigi.shop\/wp-content\/uploads\/2026\/04\/dung_cu_uong_thuoos_8e30e8dda3994c59ac546dc387a9f5b7_grande-300x270.jpg\" alt=\"\" width=\"300\" height=\"270\" srcset=\"https:\/\/petluxu.azdigi.shop\/wp-content\/uploads\/2026\/04\/dung_cu_uong_thuoos_8e30e8dda3994c59ac546dc387a9f5b7_grande-300x270.jpg 300w, https:\/\/petluxu.azdigi.shop\/wp-content\/uploads\/2026\/04\/dung_cu_uong_thuoos_8e30e8dda3994c59ac546dc387a9f5b7_grande.jpg 600w\" sizes=\"auto, (max-width: 300px) 100vw, 300px\" \/><\/p>\n<h2 data-section-id=\"1oji4ty\" data-start=\"0\" data-end=\"67\">\u00a0Gi\u1ea3i Ph\u00e1p An To\u00e0n V\u00e0 Ti\u1ec7n L\u1ee3i<\/h2>\n<p data-start=\"69\" data-end=\"297\">\u00a0l\u00e0 s\u1ea3n ph\u1ea9m h\u1ed7 tr\u1ee3 ch\u0103m s\u00f3c s\u1ee9c kh\u1ecfe hi\u1ec7u qu\u1ea3.<br data-start=\"146\" data-end=\"149\" \/>S\u1ea3n ph\u1ea9m gi\u00fap vi\u1ec7c cho th\u00fa c\u01b0ng u\u1ed1ng thu\u1ed1c tr\u1edf n\u00ean d\u1ec5 d\u00e0ng h\u01a1n.<br data-start=\"212\" data-end=\"215\" \/>D\u1ee5ng c\u1ee5 \u0111\u00fat thu\u1ed1c\u00a0 gi\u1ea3m t\u00ecnh tr\u1ea1ng th\u00fa c\u01b0ng kh\u00e1ng c\u1ef1 khi d\u00f9ng thu\u1ed1c.<\/p>\n<p data-start=\"299\" data-end=\"510\">Thi\u1ebft k\u1ebf th\u00f4ng minh gi\u00fap \u0111\u01b0a thu\u1ed1c v\u00e0o mi\u1ec7ng nhanh ch\u00f3ng v\u00e0 ch\u00ednh x\u00e1c.<br data-start=\"369\" data-end=\"372\" \/>Ch\u1ea5t li\u1ec7u an to\u00e0n, kh\u00f4ng g\u00e2y h\u1ea1i cho r\u0103ng v\u00e0 n\u01b0\u1edbu c\u1ee7a th\u00fa c\u01b0ng.<br data-start=\"435\" data-end=\"438\" \/>D\u1ee5ng c\u1ee5 \u0111\u00fat thu\u1ed1c cho th\u00fa c\u01b0ng ph\u00f9 h\u1ee3p v\u1edbi nhi\u1ec1u lo\u1ea1i thu\u1ed1c kh\u00e1c nhau.<\/p>\n<h2 data-section-id=\"2curax\" data-start=\"512\" data-end=\"545\">Thi\u1ebft K\u1ebf Nh\u1ecf G\u1ecdn, D\u1ec5 S\u1eed D\u1ee5ng<\/h2>\n<p data-start=\"547\" data-end=\"721\">D\u1ee5ng c\u1ee5 \u0111\u00fat thu\u1ed1c c\u00f3 thi\u1ebft k\u1ebf d\u1ea1ng \u1ed1ng ti\u00eam ti\u1ec7n l\u1ee3i.<br data-start=\"613\" data-end=\"616\" \/>Ng\u01b0\u1eddi d\u00f9ng c\u00f3 th\u1ec3 thao t\u00e1c d\u1ec5 d\u00e0ng ch\u1ec9 v\u1edbi m\u1ed9t tay.<br data-start=\"667\" data-end=\"670\" \/>S\u1ea3n ph\u1ea9m ph\u00f9 h\u1ee3p cho c\u1ea3 thu\u1ed1c vi\u00ean v\u00e0 thu\u1ed1c n\u01b0\u1edbc.<\/p>\n<p data-start=\"723\" data-end=\"848\">K\u00edch th\u01b0\u1edbc nh\u1ecf g\u1ecdn gi\u00fap d\u1ec5 d\u00e0ng mang theo khi c\u1ea7n thi\u1ebft.<br data-start=\"779\" data-end=\"782\" \/>M\u1ed9t s\u1ed1 lo\u1ea1i c\u00f2n c\u00f3 \u0111\u1ea7u silicon m\u1ec1m, t\u0103ng \u0111\u1ed9 an to\u00e0n khi s\u1eed d\u1ee5ng.<\/p>\n<h2 data-section-id=\"vg1wfe\" data-start=\"850\" data-end=\"905\">L\u1ee3i \u00cdch Khi S\u1eed D\u1ee5ng D\u1ee5ng C\u1ee5 \u0110\u00fat Thu\u1ed1c Cho Th\u00fa C\u01b0ng<\/h2>\n<p data-start=\"907\" data-end=\"1131\">\u00a0cho th\u00fa c\u01b0ng gi\u00fap gi\u1ea3m stress cho th\u00fa c\u01b0ng khi u\u1ed1ng thu\u1ed1c.<br data-start=\"983\" data-end=\"986\" \/>S\u1ea3n ph\u1ea9m gi\u00fap \u0111\u1ea3m b\u1ea3o li\u1ec1u l\u01b0\u1ee3ng thu\u1ed1c \u0111\u01b0\u1ee3c \u0111\u01b0a v\u00e0o ch\u00ednh x\u00e1c.<br data-start=\"1048\" data-end=\"1051\" \/>\u00a0cho th\u00fa c\u01b0ng ti\u1ebft ki\u1ec7m th\u1eddi gian v\u00e0 c\u00f4ng s\u1ee9c cho ng\u01b0\u1eddi nu\u00f4i.<\/p>\n<p data-start=\"1133\" data-end=\"1274\">Ngo\u00e0i ra, s\u1ea3n ph\u1ea9m c\u00f2n h\u1ea1n ch\u1ebf t\u00ecnh tr\u1ea1ng b\u1ecb c\u1eafn khi cho u\u1ed1ng thu\u1ed1c.<br data-start=\"1201\" data-end=\"1204\" \/>\u0110\u00e2y l\u00e0 l\u1ef1a ch\u1ecdn c\u1ea7n thi\u1ebft trong qu\u00e1 tr\u00ecnh ch\u0103m s\u00f3c th\u00fa c\u01b0ng t\u1ea1i nh\u00e0.<\/p>\n<h2 data-section-id=\"1yimt0y\" data-start=\"1276\" data-end=\"1298\"><\/h2>\n","protected":false},"excerpt":{"rendered":"<p>D\u1ee5ng c\u1ee5 \u0111\u00fat thu\u1ed1c cho th\u00fa c\u01b0ng ti\u1ec7n l\u1ee3i, an to\u00e0n, d\u1ec5 s\u1eed d\u1ee5ng. Gi\u00fap ch\u00f3 m\u00e8o u\u1ed1ng thu\u1ed1c nhanh ch\u00f3ng, gi\u1ea3m stress v\u00e0 \u0111\u1ea3m b\u1ea3o hi\u1ec7u qu\u1ea3 \u0111i\u1ec1u tr\u1ecb.<\/p>\n","protected":false},"featured_media":475,"comment_status":"open","ping_status":"closed","template":"","meta":[],"product_brand":[],"product_cat":[27],"product_tag":[],"class_list":{"0":"post-650","1":"product","2":"type-product","3":"status-publish","4":"has-post-thumbnail","6":"product_cat-phu-kien","8":"first","9":"instock","10":"sale","11":"taxable","12":"shipping-taxable","13":"purchasable","14":"product-type-variable"},"yoast_head":"<!-- This site is optimized with the Yoast SEO plugin v27.2 - https:\/\/yoast.com\/product\/yoast-seo-wordpress\/ -->\n<title>D\u1ee5ng C\u1ee5 \u0110\u00fat Thu\u1ed1c Cho Th\u00fa C\u01b0ng \u2013 Ti\u1ec7n L\u1ee3i - shop th\u00fa c\u01b0ng<\/title>\n<meta name=\"description\" content=\"D\u1ee5ng c\u1ee5 \u0111\u00fat thu\u1ed1c cho th\u00fa c\u01b0ng ti\u1ec7n l\u1ee3i, an to\u00e0n, d\u1ec5 s\u1eed d\u1ee5ng. Gi\u00fap ch\u00f3 m\u00e8o u\u1ed1ng thu\u1ed1c nhanh ch\u00f3ng, gi\u1ea3m stress v\u00e0 \u0111\u1ea3m b\u1ea3o hi\u1ec7u qu\u1ea3 \u0111i\u1ec1u tr\u1ecb.\" \/>\n<meta name=\"robots\" content=\"index, follow, max-snippet:-1, max-image-preview:large, max-video-preview:-1\" \/>\n<link rel=\"canonical\" href=\"https:\/\/petluxu.azdigi.shop\/?product=dung-cu-dut-thuoc-cho-thu-cung-tien-loi\" \/>\n<meta property=\"og:locale\" content=\"en_US\" \/>\n<meta property=\"og:type\" content=\"article\" \/>\n<meta property=\"og:title\" content=\"D\u1ee5ng C\u1ee5 \u0110\u00fat Thu\u1ed1c Cho Th\u00fa C\u01b0ng \u2013 Ti\u1ec7n L\u1ee3i - shop th\u00fa c\u01b0ng\" \/>\n<meta property=\"og:description\" content=\"D\u1ee5ng c\u1ee5 \u0111\u00fat thu\u1ed1c cho th\u00fa c\u01b0ng ti\u1ec7n l\u1ee3i, an to\u00e0n, d\u1ec5 s\u1eed d\u1ee5ng. Gi\u00fap ch\u00f3 m\u00e8o u\u1ed1ng thu\u1ed1c nhanh ch\u00f3ng, gi\u1ea3m stress v\u00e0 \u0111\u1ea3m b\u1ea3o hi\u1ec7u qu\u1ea3 \u0111i\u1ec1u tr\u1ecb.\" \/>\n<meta property=\"og:url\" content=\"https:\/\/petluxu.azdigi.shop\/?product=dung-cu-dut-thuoc-cho-thu-cung-tien-loi\" \/>\n<meta property=\"og:site_name\" content=\"shop th\u00fa c\u01b0ng\" \/>\n<meta property=\"article:modified_time\" content=\"2026-04-11T22:48:33+00:00\" \/>\n<meta property=\"og:image\" content=\"https:\/\/petluxu.azdigi.shop\/wp-content\/uploads\/2026\/04\/dung_cu_uong_thuoos_8e30e8dda3994c59ac546dc387a9f5b7_grande.jpg\" \/>\n\t<meta property=\"og:image:width\" content=\"600\" \/>\n\t<meta property=\"og:image:height\" content=\"539\" \/>\n\t<meta property=\"og:image:type\" content=\"image\/jpeg\" \/>\n<meta name=\"twitter:card\" content=\"summary_large_image\" \/>\n<meta name=\"twitter:label1\" content=\"Est. reading time\" \/>\n\t<meta name=\"twitter:data1\" content=\"2 minutes\" \/>\n<script type=\"application\/ld+json\" class=\"yoast-schema-graph\">{\"@context\":\"https:\/\/schema.org\",\"@graph\":[{\"@type\":\"WebPage\",\"@id\":\"https:\/\/petluxu.azdigi.shop\/?product=dung-cu-dut-thuoc-cho-thu-cung-tien-loi\",\"url\":\"https:\/\/petluxu.azdigi.shop\/?product=dung-cu-dut-thuoc-cho-thu-cung-tien-loi\",\"name\":\"D\u1ee5ng C\u1ee5 \u0110\u00fat Thu\u1ed1c Cho Th\u00fa C\u01b0ng \u2013 Ti\u1ec7n L\u1ee3i - shop th\u00fa c\u01b0ng\",\"isPartOf\":{\"@id\":\"https:\/\/petluxu.azdigi.shop\/#website\"},\"primaryImageOfPage\":{\"@id\":\"https:\/\/petluxu.azdigi.shop\/?product=dung-cu-dut-thuoc-cho-thu-cung-tien-loi#primaryimage\"},\"image\":{\"@id\":\"https:\/\/petluxu.azdigi.shop\/?product=dung-cu-dut-thuoc-cho-thu-cung-tien-loi#primaryimage\"},\"thumbnailUrl\":\"https:\/\/petluxu.azdigi.shop\/wp-content\/uploads\/2026\/04\/dung_cu_uong_thuoos_8e30e8dda3994c59ac546dc387a9f5b7_grande.jpg\",\"datePublished\":\"2026-04-11T12:41:09+00:00\",\"dateModified\":\"2026-04-11T22:48:33+00:00\",\"description\":\"D\u1ee5ng c\u1ee5 \u0111\u00fat thu\u1ed1c cho th\u00fa c\u01b0ng ti\u1ec7n l\u1ee3i, an to\u00e0n, d\u1ec5 s\u1eed d\u1ee5ng. Gi\u00fap ch\u00f3 m\u00e8o u\u1ed1ng thu\u1ed1c nhanh ch\u00f3ng, gi\u1ea3m stress v\u00e0 \u0111\u1ea3m b\u1ea3o hi\u1ec7u qu\u1ea3 \u0111i\u1ec1u tr\u1ecb.\",\"breadcrumb\":{\"@id\":\"https:\/\/petluxu.azdigi.shop\/?product=dung-cu-dut-thuoc-cho-thu-cung-tien-loi#breadcrumb\"},\"inLanguage\":\"en-US\",\"potentialAction\":[{\"@type\":\"ReadAction\",\"target\":[\"https:\/\/petluxu.azdigi.shop\/?product=dung-cu-dut-thuoc-cho-thu-cung-tien-loi\"]}]},{\"@type\":\"ImageObject\",\"inLanguage\":\"en-US\",\"@id\":\"https:\/\/petluxu.azdigi.shop\/?product=dung-cu-dut-thuoc-cho-thu-cung-tien-loi#primaryimage\",\"url\":\"https:\/\/petluxu.azdigi.shop\/wp-content\/uploads\/2026\/04\/dung_cu_uong_thuoos_8e30e8dda3994c59ac546dc387a9f5b7_grande.jpg\",\"contentUrl\":\"https:\/\/petluxu.azdigi.shop\/wp-content\/uploads\/2026\/04\/dung_cu_uong_thuoos_8e30e8dda3994c59ac546dc387a9f5b7_grande.jpg\",\"width\":600,\"height\":539},{\"@type\":\"BreadcrumbList\",\"@id\":\"https:\/\/petluxu.azdigi.shop\/?product=dung-cu-dut-thuoc-cho-thu-cung-tien-loi#breadcrumb\",\"itemListElement\":[{\"@type\":\"ListItem\",\"position\":1,\"name\":\"Home\",\"item\":\"https:\/\/petluxu.azdigi.shop\/\"},{\"@type\":\"ListItem\",\"position\":2,\"name\":\"Shop\",\"item\":\"https:\/\/petluxu.azdigi.shop\/?page_id=348\"},{\"@type\":\"ListItem\",\"position\":3,\"name\":\"D\u1ee5ng C\u1ee5 \u0110\u00fat Thu\u1ed1c Cho Th\u00fa C\u01b0ng \u2013 Ti\u1ec7n L\u1ee3i\"}]},{\"@type\":\"WebSite\",\"@id\":\"https:\/\/petluxu.azdigi.shop\/#website\",\"url\":\"https:\/\/petluxu.azdigi.shop\/\",\"name\":\"shop th\u00fa c\u01b0ng\",\"description\":\"\",\"potentialAction\":[{\"@type\":\"SearchAction\",\"target\":{\"@type\":\"EntryPoint\",\"urlTemplate\":\"https:\/\/petluxu.azdigi.shop\/?s={search_term_string}\"},\"query-input\":{\"@type\":\"PropertyValueSpecification\",\"valueRequired\":true,\"valueName\":\"search_term_string\"}}],\"inLanguage\":\"en-US\"}]}<\/script>\n<!-- \/ Yoast SEO plugin. -->","yoast_head_json":{"title":"D\u1ee5ng C\u1ee5 \u0110\u00fat Thu\u1ed1c Cho Th\u00fa C\u01b0ng \u2013 Ti\u1ec7n L\u1ee3i - shop th\u00fa c\u01b0ng","description":"D\u1ee5ng c\u1ee5 \u0111\u00fat thu\u1ed1c cho th\u00fa c\u01b0ng ti\u1ec7n l\u1ee3i, an to\u00e0n, d\u1ec5 s\u1eed d\u1ee5ng. Gi\u00fap ch\u00f3 m\u00e8o u\u1ed1ng thu\u1ed1c nhanh ch\u00f3ng, gi\u1ea3m stress v\u00e0 \u0111\u1ea3m b\u1ea3o hi\u1ec7u qu\u1ea3 \u0111i\u1ec1u tr\u1ecb.","robots":{"index":"index","follow":"follow","max-snippet":"max-snippet:-1","max-image-preview":"max-image-preview:large","max-video-preview":"max-video-preview:-1"},"canonical":"https:\/\/petluxu.azdigi.shop\/?product=dung-cu-dut-thuoc-cho-thu-cung-tien-loi","og_locale":"en_US","og_type":"article","og_title":"D\u1ee5ng C\u1ee5 \u0110\u00fat Thu\u1ed1c Cho Th\u00fa C\u01b0ng \u2013 Ti\u1ec7n L\u1ee3i - shop th\u00fa c\u01b0ng","og_description":"D\u1ee5ng c\u1ee5 \u0111\u00fat thu\u1ed1c cho th\u00fa c\u01b0ng ti\u1ec7n l\u1ee3i, an to\u00e0n, d\u1ec5 s\u1eed d\u1ee5ng. Gi\u00fap ch\u00f3 m\u00e8o u\u1ed1ng thu\u1ed1c nhanh ch\u00f3ng, gi\u1ea3m stress v\u00e0 \u0111\u1ea3m b\u1ea3o hi\u1ec7u qu\u1ea3 \u0111i\u1ec1u tr\u1ecb.","og_url":"https:\/\/petluxu.azdigi.shop\/?product=dung-cu-dut-thuoc-cho-thu-cung-tien-loi","og_site_name":"shop th\u00fa c\u01b0ng","article_modified_time":"2026-04-11T22:48:33+00:00","og_image":[{"width":600,"height":539,"url":"https:\/\/petluxu.azdigi.shop\/wp-content\/uploads\/2026\/04\/dung_cu_uong_thuoos_8e30e8dda3994c59ac546dc387a9f5b7_grande.jpg","type":"image\/jpeg"}],"twitter_card":"summary_large_image","twitter_misc":{"Est. reading time":"2 minutes"},"schema":{"@context":"https:\/\/schema.org","@graph":[{"@type":"WebPage","@id":"https:\/\/petluxu.azdigi.shop\/?product=dung-cu-dut-thuoc-cho-thu-cung-tien-loi","url":"https:\/\/petluxu.azdigi.shop\/?product=dung-cu-dut-thuoc-cho-thu-cung-tien-loi","name":"D\u1ee5ng C\u1ee5 \u0110\u00fat Thu\u1ed1c Cho Th\u00fa C\u01b0ng \u2013 Ti\u1ec7n L\u1ee3i - shop th\u00fa c\u01b0ng","isPartOf":{"@id":"https:\/\/petluxu.azdigi.shop\/#website"},"primaryImageOfPage":{"@id":"https:\/\/petluxu.azdigi.shop\/?product=dung-cu-dut-thuoc-cho-thu-cung-tien-loi#primaryimage"},"image":{"@id":"https:\/\/petluxu.azdigi.shop\/?product=dung-cu-dut-thuoc-cho-thu-cung-tien-loi#primaryimage"},"thumbnailUrl":"https:\/\/petluxu.azdigi.shop\/wp-content\/uploads\/2026\/04\/dung_cu_uong_thuoos_8e30e8dda3994c59ac546dc387a9f5b7_grande.jpg","datePublished":"2026-04-11T12:41:09+00:00","dateModified":"2026-04-11T22:48:33+00:00","description":"D\u1ee5ng c\u1ee5 \u0111\u00fat thu\u1ed1c cho th\u00fa c\u01b0ng ti\u1ec7n l\u1ee3i, an to\u00e0n, d\u1ec5 s\u1eed d\u1ee5ng. Gi\u00fap ch\u00f3 m\u00e8o u\u1ed1ng thu\u1ed1c nhanh ch\u00f3ng, gi\u1ea3m stress v\u00e0 \u0111\u1ea3m b\u1ea3o hi\u1ec7u qu\u1ea3 \u0111i\u1ec1u tr\u1ecb.","breadcrumb":{"@id":"https:\/\/petluxu.azdigi.shop\/?product=dung-cu-dut-thuoc-cho-thu-cung-tien-loi#breadcrumb"},"inLanguage":"en-US","potentialAction":[{"@type":"ReadAction","target":["https:\/\/petluxu.azdigi.shop\/?product=dung-cu-dut-thuoc-cho-thu-cung-tien-loi"]}]},{"@type":"ImageObject","inLanguage":"en-US","@id":"https:\/\/petluxu.azdigi.shop\/?product=dung-cu-dut-thuoc-cho-thu-cung-tien-loi#primaryimage","url":"https:\/\/petluxu.azdigi.shop\/wp-content\/uploads\/2026\/04\/dung_cu_uong_thuoos_8e30e8dda3994c59ac546dc387a9f5b7_grande.jpg","contentUrl":"https:\/\/petluxu.azdigi.shop\/wp-content\/uploads\/2026\/04\/dung_cu_uong_thuoos_8e30e8dda3994c59ac546dc387a9f5b7_grande.jpg","width":600,"height":539},{"@type":"BreadcrumbList","@id":"https:\/\/petluxu.azdigi.shop\/?product=dung-cu-dut-thuoc-cho-thu-cung-tien-loi#breadcrumb","itemListElement":[{"@type":"ListItem","position":1,"name":"Home","item":"https:\/\/petluxu.azdigi.shop\/"},{"@type":"ListItem","position":2,"name":"Shop","item":"https:\/\/petluxu.azdigi.shop\/?page_id=348"},{"@type":"ListItem","position":3,"name":"D\u1ee5ng C\u1ee5 \u0110\u00fat Thu\u1ed1c Cho Th\u00fa C\u01b0ng \u2013 Ti\u1ec7n L\u1ee3i"}]},{"@type":"WebSite","@id":"https:\/\/petluxu.azdigi.shop\/#website","url":"https:\/\/petluxu.azdigi.shop\/","name":"shop th\u00fa c\u01b0ng","description":"","potentialAction":[{"@type":"SearchAction","target":{"@type":"EntryPoint","urlTemplate":"https:\/\/petluxu.azdigi.shop\/?s={search_term_string}"},"query-input":{"@type":"PropertyValueSpecification","valueRequired":true,"valueName":"search_term_string"}}],"inLanguage":"en-US"}]}},"_links":{"self":[{"href":"https:\/\/petluxu.azdigi.shop\/index.php?rest_route=\/wp\/v2\/product\/650","targetHints":{"allow":["GET"]}}],"collection":[{"href":"https:\/\/petluxu.azdigi.shop\/index.php?rest_route=\/wp\/v2\/product"}],"about":[{"href":"https:\/\/petluxu.azdigi.shop\/index.php?rest_route=\/wp\/v2\/types\/product"}],"replies":[{"embeddable":true,"href":"https:\/\/petluxu.azdigi.shop\/index.php?rest_route=%2Fwp%2Fv2%2Fcomments&post=650"}],"wp:featuredmedia":[{"embeddable":true,"href":"https:\/\/petluxu.azdigi.shop\/index.php?rest_route=\/wp\/v2\/media\/475"}],"wp:attachment":[{"href":"https:\/\/petluxu.azdigi.shop\/index.php?rest_route=%2Fwp%2Fv2%2Fmedia&parent=650"}],"wp:term":[{"taxonomy":"product_brand","embeddable":true,"href":"https:\/\/petluxu.azdigi.shop\/index.php?rest_route=%2Fwp%2Fv2%2Fproduct_brand&post=650"},{"taxonomy":"product_cat","embeddable":true,"href":"https:\/\/petluxu.azdigi.shop\/index.php?rest_route=%2Fwp%2Fv2%2Fproduct_cat&post=650"},{"taxonomy":"product_tag","embeddable":true,"href":"https:\/\/petluxu.azdigi.shop\/index.php?rest_route=%2Fwp%2Fv2%2Fproduct_tag&post=650"}],"curies":[{"name":"wp","href":"https:\/\/api.w.org\/{rel}","templated":true}]}}