{"id":658,"date":"2026-04-11T12:56:55","date_gmt":"2026-04-11T12:56:55","guid":{"rendered":"https:\/\/petluxu.azdigi.shop\/?post_type=product&#038;p=658"},"modified":"2026-04-12T05:18:04","modified_gmt":"2026-04-12T05:18:04","slug":"ban-cao-mong-bao-ve-noi-that","status":"publish","type":"product","link":"https:\/\/petluxu.azdigi.shop\/?product=ban-cao-mong-bao-ve-noi-that","title":{"rendered":"B\u00e0n C\u00e0o M\u00f3ng \u2013 B\u1ea3o V\u1ec7 N\u1ed9i Th\u1ea5t"},"content":{"rendered":"<p><img loading=\"lazy\" decoding=\"async\" class=\"alignnone size-medium wp-image-499 aligncenter\" src=\"https:\/\/petluxu.azdigi.shop\/wp-content\/uploads\/2026\/04\/3dff4a4e5b4b829c4ca1f81d0a386962-300x300.jpg\" alt=\"\" width=\"300\" height=\"300\" srcset=\"https:\/\/petluxu.azdigi.shop\/wp-content\/uploads\/2026\/04\/3dff4a4e5b4b829c4ca1f81d0a386962-300x300.jpg 300w, https:\/\/petluxu.azdigi.shop\/wp-content\/uploads\/2026\/04\/3dff4a4e5b4b829c4ca1f81d0a386962-150x150.jpg 150w, https:\/\/petluxu.azdigi.shop\/wp-content\/uploads\/2026\/04\/3dff4a4e5b4b829c4ca1f81d0a386962-768x768.jpg 768w, https:\/\/petluxu.azdigi.shop\/wp-content\/uploads\/2026\/04\/3dff4a4e5b4b829c4ca1f81d0a386962-600x600.jpg 600w, https:\/\/petluxu.azdigi.shop\/wp-content\/uploads\/2026\/04\/3dff4a4e5b4b829c4ca1f81d0a386962-100x100.jpg 100w, https:\/\/petluxu.azdigi.shop\/wp-content\/uploads\/2026\/04\/3dff4a4e5b4b829c4ca1f81d0a386962.jpg 1000w\" sizes=\"auto, (max-width: 300px) 100vw, 300px\" \/><\/p>\n<h2 data-section-id=\"1ywl9a2\" data-start=\"0\" data-end=\"61\">Gi\u1ea3i Ph\u00e1p B\u1ea3o V\u1ec7 N\u1ed9i Th\u1ea5t V\u00e0 Ch\u0103m S\u00f3c M\u00e8o<\/h2>\n<p data-start=\"63\" data-end=\"273\">\u00a0l\u00e0 s\u1ea3n ph\u1ea9m c\u1ea7n thi\u1ebft d\u00e0nh cho m\u00e8o trong qu\u00e1 tr\u00ecnh ph\u00e1t tri\u1ec3n.<br data-start=\"138\" data-end=\"141\" \/>S\u1ea3n ph\u1ea9m gi\u00fap m\u00e8o m\u00e0i m\u00f3ng t\u1ef1 nhi\u00ean v\u00e0 h\u1ea1n ch\u1ebf c\u00e0o ph\u00e1 \u0111\u1ed3 \u0111\u1ea1c.<br data-start=\"203\" data-end=\"206\" \/>\u00a0b\u1ea3o v\u1ec7 sofa, r\u00e8m c\u1eeda v\u00e0 c\u00e1c v\u1eadt d\u1ee5ng trong nh\u00e0.<\/p>\n<p data-start=\"275\" data-end=\"468\">Thi\u1ebft k\u1ebf chuy\u00ean d\u1ee5ng gi\u00fap m\u00e8o c\u1ea3m th\u1ea5y th\u00edch th\u00fa khi s\u1eed d\u1ee5ng m\u1ed7i ng\u00e0y.<br data-start=\"345\" data-end=\"348\" \/>Ch\u1ea5t li\u1ec7u an to\u00e0n, th\u00e2n thi\u1ec7n v\u1edbi m\u00f3ng v\u00e0 da c\u1ee7a m\u00e8o.<br data-start=\"401\" data-end=\"404\" \/>B\u00e0n c\u00e0o m\u00f3ng ph\u00f9 h\u1ee3p v\u1edbi nhi\u1ec1u \u0111\u1ed9 tu\u1ed5i v\u00e0 gi\u1ed1ng m\u00e8o kh\u00e1c nhau.<\/p>\n<h2 data-section-id=\"mvc2hn\" data-start=\"470\" data-end=\"504\">Thi\u1ebft K\u1ebf \u0110a D\u1ea1ng, Thu H\u00fat M\u00e8o<\/h2>\n<p data-start=\"506\" data-end=\"715\">\u00a0c\u00f3 nhi\u1ec1u ki\u1ec3u d\u00e1ng nh\u01b0 d\u1ea1ng t\u1ea5m, tr\u1ee5 \u0111\u1ee9ng v\u00e0 nh\u00e0 k\u1ebft h\u1ee3p.<br data-start=\"576\" data-end=\"579\" \/>M\u1ed9t s\u1ed1 m\u1eabu t\u00edch h\u1ee3p \u0111\u1ed3 ch\u01a1i gi\u00fap m\u00e8o v\u1eadn \u0111\u1ed9ng v\u00e0 gi\u1ea3i tr\u00ed t\u1ed1t h\u01a1n.<br data-start=\"645\" data-end=\"648\" \/>S\u1ea3n ph\u1ea9m s\u1eed d\u1ee5ng v\u1eadt li\u1ec7u nh\u01b0 b\u00eca carton ho\u1eb7c d\u00e2y sisal b\u1ec1n ch\u1eafc.<\/p>\n<p data-start=\"717\" data-end=\"841\">Thi\u1ebft k\u1ebf nh\u1ecf g\u1ecdn gi\u00fap d\u1ec5 d\u00e0ng \u0111\u1eb7t \u1edf nhi\u1ec1u v\u1ecb tr\u00ed trong nh\u00e0.<br data-start=\"776\" data-end=\"779\" \/>M\u1ed9t s\u1ed1 lo\u1ea1i c\u00f3 th\u1ec3 thay l\u00f5i, gi\u00fap ti\u1ebft ki\u1ec7m chi ph\u00ed l\u00e2u d\u00e0i.<\/p>\n<h2 data-section-id=\"1atbycu\" data-start=\"843\" data-end=\"880\">L\u1ee3i \u00cdch Khi S\u1eed D\u1ee5ng B\u00e0n C\u00e0o M\u00f3ng<\/h2>\n<p data-start=\"882\" data-end=\"1062\">\u00a0gi\u00fap m\u00e8o gi\u1ea3m stress v\u00e0 tr\u00e1nh h\u00e0nh vi ph\u00e1 ph\u00e1ch.<br data-start=\"943\" data-end=\"946\" \/>S\u1ea3n ph\u1ea9m h\u1ed7 tr\u1ee3 gi\u1eef m\u00f3ng kh\u1ecfe m\u1ea1nh v\u00e0 s\u1ea1ch s\u1ebd h\u01a1n.<br data-start=\"996\" data-end=\"999\" \/>B\u00e0n c\u00e0o m\u00f3ng gi\u00fap h\u00ecnh th\u00e0nh th\u00f3i quen sinh ho\u1ea1t t\u1ed1t cho m\u00e8o.<\/p>\n<p data-start=\"1064\" data-end=\"1190\">Ngo\u00e0i ra, s\u1ea3n ph\u1ea9m c\u00f2n t\u1ea1o kh\u00f4ng gian ri\u00eang cho m\u00e8o th\u01b0 gi\u00e3n.<br data-start=\"1125\" data-end=\"1128\" \/>\u0110\u00e2y l\u00e0 ph\u1ee5 ki\u1ec7n kh\u00f4ng th\u1ec3 thi\u1ebfu cho ng\u01b0\u1eddi nu\u00f4i m\u00e8o hi\u1ec7n \u0111\u1ea1i.<\/p>\n","protected":false},"excerpt":{"rendered":"<div class=\"flex flex-col text-sm pb-25\">\n<section class=\"text-token-text-primary w-full focus:outline-none [--shadow-height:45px] has-data-writing-block:pointer-events-none has-data-writing-block:-mt-(--shadow-height) has-data-writing-block:pt-(--shadow-height) [&amp;:has([data-writing-block])&gt;*]:pointer-events-auto scroll-mt-[calc(var(--header-height)+min(200px,max(70px,20svh)))]\" dir=\"auto\" data-turn-id=\"request-WEB:cb8ddd42-1806-4a6c-a7a3-fa9d08a5bf81-7\" data-testid=\"conversation-turn-16\" data-scroll-anchor=\"true\" data-turn=\"assistant\">\n<div class=\"text-base my-auto mx-auto pb-10 [--thread-content-margin:var(--thread-content-margin-xs,calc(var(--spacing)*4))] @w-sm\/main:[--thread-content-margin:var(--thread-content-margin-sm,calc(var(--spacing)*6))] @w-lg\/main:[--thread-content-margin:var(--thread-content-margin-lg,calc(var(--spacing)*16))] px-(--thread-content-margin)\">\n<div class=\"[--thread-content-max-width:40rem] @w-lg\/main:[--thread-content-max-width:48rem] mx-auto max-w-(--thread-content-max-width) flex-1 group\/turn-messages focus-visible:outline-hidden relative flex w-full min-w-0 flex-col agent-turn\">\n<div class=\"flex max-w-full flex-col gap-4 grow\">\n<div class=\"min-h-8 text-message relative flex w-full flex-col items-end gap-2 text-start break-words whitespace-normal outline-none keyboard-focused:focus-ring [.text-message+&amp;]:mt-1\" dir=\"auto\" tabindex=\"0\" data-message-author-role=\"assistant\" data-message-id=\"f3c0809b-03f1-49f3-abc7-f5241bf817c5\" data-message-model-slug=\"gpt-5-3\" data-turn-start-message=\"true\">\n<div class=\"flex w-full flex-col gap-1 empty:hidden\">\n<div class=\"markdown prose dark:prose-invert w-full wrap-break-word light markdown-new-styling\">\n<p data-start=\"1338\" data-end=\"1465\" data-is-last-node=\"\" data-is-only-node=\"\">B\u00e0n c\u00e0o m\u00f3ng cho m\u00e8o gi\u00fap b\u1ea3o v\u1ec7 n\u1ed9i th\u1ea5t, gi\u1ea3m stress v\u00e0 gi\u1eef m\u00f3ng kh\u1ecfe m\u1ea1nh. Thi\u1ebft k\u1ebf \u0111a d\u1ea1ng, b\u1ec1n \u0111\u1eb9p v\u00e0 d\u1ec5 s\u1eed d\u1ee5ng m\u1ed7i ng\u00e0y.<\/p>\n<\/div>\n<\/div>\n<\/div>\n<\/div>\n<div class=\"z-0 flex min-h-[46px] justify-start\"><\/div>\n<div class=\"mt-3 w-full empty:hidden\">\n<div class=\"text-center\"><\/div>\n<\/div>\n<\/div>\n<\/div>\n<\/section>\n<\/div>\n<div class=\"pointer-events-none h-px w-px absolute bottom-0\" aria-hidden=\"true\" data-edge=\"true\"><\/div>\n","protected":false},"featured_media":499,"comment_status":"open","ping_status":"closed","template":"","meta":[],"product_brand":[],"product_cat":[17],"product_tag":[],"class_list":{"0":"post-658","1":"product","2":"type-product","3":"status-publish","4":"has-post-thumbnail","6":"product_cat-uncategorized","8":"first","9":"instock","10":"sale","11":"taxable","12":"shipping-taxable","13":"purchasable","14":"product-type-variable"},"yoast_head":"<!-- This site is optimized with the Yoast SEO plugin v27.2 - https:\/\/yoast.com\/product\/yoast-seo-wordpress\/ -->\n<title>B\u00e0n C\u00e0o M\u00f3ng \u2013 B\u1ea3o V\u1ec7 N\u1ed9i Th\u1ea5t - shop th\u00fa c\u01b0ng<\/title>\n<meta name=\"description\" content=\"B\u00e0n c\u00e0o m\u00f3ng cho m\u00e8o gi\u00fap b\u1ea3o v\u1ec7 n\u1ed9i th\u1ea5t, gi\u1ea3m stress v\u00e0 gi\u1eef m\u00f3ng kh\u1ecfe m\u1ea1nh. Thi\u1ebft k\u1ebf \u0111a d\u1ea1ng, b\u1ec1n \u0111\u1eb9p v\u00e0 d\u1ec5 s\u1eed d\u1ee5ng m\u1ed7i ng\u00e0y.\" \/>\n<meta name=\"robots\" content=\"index, follow, max-snippet:-1, max-image-preview:large, max-video-preview:-1\" \/>\n<link rel=\"canonical\" href=\"https:\/\/petluxu.azdigi.shop\/?product=ban-cao-mong-bao-ve-noi-that\" \/>\n<meta property=\"og:locale\" content=\"en_US\" \/>\n<meta property=\"og:type\" content=\"article\" \/>\n<meta property=\"og:title\" content=\"B\u00e0n C\u00e0o M\u00f3ng \u2013 B\u1ea3o V\u1ec7 N\u1ed9i Th\u1ea5t - shop th\u00fa c\u01b0ng\" \/>\n<meta property=\"og:description\" content=\"B\u00e0n c\u00e0o m\u00f3ng cho m\u00e8o gi\u00fap b\u1ea3o v\u1ec7 n\u1ed9i th\u1ea5t, gi\u1ea3m stress v\u00e0 gi\u1eef m\u00f3ng kh\u1ecfe m\u1ea1nh. Thi\u1ebft k\u1ebf \u0111a d\u1ea1ng, b\u1ec1n \u0111\u1eb9p v\u00e0 d\u1ec5 s\u1eed d\u1ee5ng m\u1ed7i ng\u00e0y.\" \/>\n<meta property=\"og:url\" content=\"https:\/\/petluxu.azdigi.shop\/?product=ban-cao-mong-bao-ve-noi-that\" \/>\n<meta property=\"og:site_name\" content=\"shop th\u00fa c\u01b0ng\" \/>\n<meta property=\"article:modified_time\" content=\"2026-04-12T05:18:04+00:00\" \/>\n<meta property=\"og:image\" content=\"https:\/\/petluxu.azdigi.shop\/wp-content\/uploads\/2026\/04\/3dff4a4e5b4b829c4ca1f81d0a386962.jpg\" \/>\n\t<meta property=\"og:image:width\" content=\"1000\" \/>\n\t<meta property=\"og:image:height\" content=\"1000\" \/>\n\t<meta property=\"og:image:type\" content=\"image\/jpeg\" \/>\n<meta name=\"twitter:card\" content=\"summary_large_image\" \/>\n<meta name=\"twitter:label1\" content=\"Est. reading time\" \/>\n\t<meta name=\"twitter:data1\" content=\"2 minutes\" \/>\n<script type=\"application\/ld+json\" class=\"yoast-schema-graph\">{\"@context\":\"https:\/\/schema.org\",\"@graph\":[{\"@type\":\"WebPage\",\"@id\":\"https:\/\/petluxu.azdigi.shop\/?product=ban-cao-mong-bao-ve-noi-that\",\"url\":\"https:\/\/petluxu.azdigi.shop\/?product=ban-cao-mong-bao-ve-noi-that\",\"name\":\"B\u00e0n C\u00e0o M\u00f3ng \u2013 B\u1ea3o V\u1ec7 N\u1ed9i Th\u1ea5t - shop th\u00fa c\u01b0ng\",\"isPartOf\":{\"@id\":\"https:\/\/petluxu.azdigi.shop\/#website\"},\"primaryImageOfPage\":{\"@id\":\"https:\/\/petluxu.azdigi.shop\/?product=ban-cao-mong-bao-ve-noi-that#primaryimage\"},\"image\":{\"@id\":\"https:\/\/petluxu.azdigi.shop\/?product=ban-cao-mong-bao-ve-noi-that#primaryimage\"},\"thumbnailUrl\":\"https:\/\/petluxu.azdigi.shop\/wp-content\/uploads\/2026\/04\/3dff4a4e5b4b829c4ca1f81d0a386962.jpg\",\"datePublished\":\"2026-04-11T12:56:55+00:00\",\"dateModified\":\"2026-04-12T05:18:04+00:00\",\"description\":\"B\u00e0n c\u00e0o m\u00f3ng cho m\u00e8o gi\u00fap b\u1ea3o v\u1ec7 n\u1ed9i th\u1ea5t, gi\u1ea3m stress v\u00e0 gi\u1eef m\u00f3ng kh\u1ecfe m\u1ea1nh. Thi\u1ebft k\u1ebf \u0111a d\u1ea1ng, b\u1ec1n \u0111\u1eb9p v\u00e0 d\u1ec5 s\u1eed d\u1ee5ng m\u1ed7i ng\u00e0y.\",\"breadcrumb\":{\"@id\":\"https:\/\/petluxu.azdigi.shop\/?product=ban-cao-mong-bao-ve-noi-that#breadcrumb\"},\"inLanguage\":\"en-US\",\"potentialAction\":[{\"@type\":\"ReadAction\",\"target\":[\"https:\/\/petluxu.azdigi.shop\/?product=ban-cao-mong-bao-ve-noi-that\"]}]},{\"@type\":\"ImageObject\",\"inLanguage\":\"en-US\",\"@id\":\"https:\/\/petluxu.azdigi.shop\/?product=ban-cao-mong-bao-ve-noi-that#primaryimage\",\"url\":\"https:\/\/petluxu.azdigi.shop\/wp-content\/uploads\/2026\/04\/3dff4a4e5b4b829c4ca1f81d0a386962.jpg\",\"contentUrl\":\"https:\/\/petluxu.azdigi.shop\/wp-content\/uploads\/2026\/04\/3dff4a4e5b4b829c4ca1f81d0a386962.jpg\",\"width\":1000,\"height\":1000},{\"@type\":\"BreadcrumbList\",\"@id\":\"https:\/\/petluxu.azdigi.shop\/?product=ban-cao-mong-bao-ve-noi-that#breadcrumb\",\"itemListElement\":[{\"@type\":\"ListItem\",\"position\":1,\"name\":\"Home\",\"item\":\"https:\/\/petluxu.azdigi.shop\/\"},{\"@type\":\"ListItem\",\"position\":2,\"name\":\"Shop\",\"item\":\"https:\/\/petluxu.azdigi.shop\/?page_id=348\"},{\"@type\":\"ListItem\",\"position\":3,\"name\":\"B\u00e0n C\u00e0o M\u00f3ng \u2013 B\u1ea3o V\u1ec7 N\u1ed9i Th\u1ea5t\"}]},{\"@type\":\"WebSite\",\"@id\":\"https:\/\/petluxu.azdigi.shop\/#website\",\"url\":\"https:\/\/petluxu.azdigi.shop\/\",\"name\":\"shop th\u00fa c\u01b0ng\",\"description\":\"\",\"potentialAction\":[{\"@type\":\"SearchAction\",\"target\":{\"@type\":\"EntryPoint\",\"urlTemplate\":\"https:\/\/petluxu.azdigi.shop\/?s={search_term_string}\"},\"query-input\":{\"@type\":\"PropertyValueSpecification\",\"valueRequired\":true,\"valueName\":\"search_term_string\"}}],\"inLanguage\":\"en-US\"}]}<\/script>\n<!-- \/ Yoast SEO plugin. -->","yoast_head_json":{"title":"B\u00e0n C\u00e0o M\u00f3ng \u2013 B\u1ea3o V\u1ec7 N\u1ed9i Th\u1ea5t - shop th\u00fa c\u01b0ng","description":"B\u00e0n c\u00e0o m\u00f3ng cho m\u00e8o gi\u00fap b\u1ea3o v\u1ec7 n\u1ed9i th\u1ea5t, gi\u1ea3m stress v\u00e0 gi\u1eef m\u00f3ng kh\u1ecfe m\u1ea1nh. Thi\u1ebft k\u1ebf \u0111a d\u1ea1ng, b\u1ec1n \u0111\u1eb9p v\u00e0 d\u1ec5 s\u1eed d\u1ee5ng m\u1ed7i ng\u00e0y.","robots":{"index":"index","follow":"follow","max-snippet":"max-snippet:-1","max-image-preview":"max-image-preview:large","max-video-preview":"max-video-preview:-1"},"canonical":"https:\/\/petluxu.azdigi.shop\/?product=ban-cao-mong-bao-ve-noi-that","og_locale":"en_US","og_type":"article","og_title":"B\u00e0n C\u00e0o M\u00f3ng \u2013 B\u1ea3o V\u1ec7 N\u1ed9i Th\u1ea5t - shop th\u00fa c\u01b0ng","og_description":"B\u00e0n c\u00e0o m\u00f3ng cho m\u00e8o gi\u00fap b\u1ea3o v\u1ec7 n\u1ed9i th\u1ea5t, gi\u1ea3m stress v\u00e0 gi\u1eef m\u00f3ng kh\u1ecfe m\u1ea1nh. Thi\u1ebft k\u1ebf \u0111a d\u1ea1ng, b\u1ec1n \u0111\u1eb9p v\u00e0 d\u1ec5 s\u1eed d\u1ee5ng m\u1ed7i ng\u00e0y.","og_url":"https:\/\/petluxu.azdigi.shop\/?product=ban-cao-mong-bao-ve-noi-that","og_site_name":"shop th\u00fa c\u01b0ng","article_modified_time":"2026-04-12T05:18:04+00:00","og_image":[{"width":1000,"height":1000,"url":"https:\/\/petluxu.azdigi.shop\/wp-content\/uploads\/2026\/04\/3dff4a4e5b4b829c4ca1f81d0a386962.jpg","type":"image\/jpeg"}],"twitter_card":"summary_large_image","twitter_misc":{"Est. reading time":"2 minutes"},"schema":{"@context":"https:\/\/schema.org","@graph":[{"@type":"WebPage","@id":"https:\/\/petluxu.azdigi.shop\/?product=ban-cao-mong-bao-ve-noi-that","url":"https:\/\/petluxu.azdigi.shop\/?product=ban-cao-mong-bao-ve-noi-that","name":"B\u00e0n C\u00e0o M\u00f3ng \u2013 B\u1ea3o V\u1ec7 N\u1ed9i Th\u1ea5t - shop th\u00fa c\u01b0ng","isPartOf":{"@id":"https:\/\/petluxu.azdigi.shop\/#website"},"primaryImageOfPage":{"@id":"https:\/\/petluxu.azdigi.shop\/?product=ban-cao-mong-bao-ve-noi-that#primaryimage"},"image":{"@id":"https:\/\/petluxu.azdigi.shop\/?product=ban-cao-mong-bao-ve-noi-that#primaryimage"},"thumbnailUrl":"https:\/\/petluxu.azdigi.shop\/wp-content\/uploads\/2026\/04\/3dff4a4e5b4b829c4ca1f81d0a386962.jpg","datePublished":"2026-04-11T12:56:55+00:00","dateModified":"2026-04-12T05:18:04+00:00","description":"B\u00e0n c\u00e0o m\u00f3ng cho m\u00e8o gi\u00fap b\u1ea3o v\u1ec7 n\u1ed9i th\u1ea5t, gi\u1ea3m stress v\u00e0 gi\u1eef m\u00f3ng kh\u1ecfe m\u1ea1nh. Thi\u1ebft k\u1ebf \u0111a d\u1ea1ng, b\u1ec1n \u0111\u1eb9p v\u00e0 d\u1ec5 s\u1eed d\u1ee5ng m\u1ed7i ng\u00e0y.","breadcrumb":{"@id":"https:\/\/petluxu.azdigi.shop\/?product=ban-cao-mong-bao-ve-noi-that#breadcrumb"},"inLanguage":"en-US","potentialAction":[{"@type":"ReadAction","target":["https:\/\/petluxu.azdigi.shop\/?product=ban-cao-mong-bao-ve-noi-that"]}]},{"@type":"ImageObject","inLanguage":"en-US","@id":"https:\/\/petluxu.azdigi.shop\/?product=ban-cao-mong-bao-ve-noi-that#primaryimage","url":"https:\/\/petluxu.azdigi.shop\/wp-content\/uploads\/2026\/04\/3dff4a4e5b4b829c4ca1f81d0a386962.jpg","contentUrl":"https:\/\/petluxu.azdigi.shop\/wp-content\/uploads\/2026\/04\/3dff4a4e5b4b829c4ca1f81d0a386962.jpg","width":1000,"height":1000},{"@type":"BreadcrumbList","@id":"https:\/\/petluxu.azdigi.shop\/?product=ban-cao-mong-bao-ve-noi-that#breadcrumb","itemListElement":[{"@type":"ListItem","position":1,"name":"Home","item":"https:\/\/petluxu.azdigi.shop\/"},{"@type":"ListItem","position":2,"name":"Shop","item":"https:\/\/petluxu.azdigi.shop\/?page_id=348"},{"@type":"ListItem","position":3,"name":"B\u00e0n C\u00e0o M\u00f3ng \u2013 B\u1ea3o V\u1ec7 N\u1ed9i Th\u1ea5t"}]},{"@type":"WebSite","@id":"https:\/\/petluxu.azdigi.shop\/#website","url":"https:\/\/petluxu.azdigi.shop\/","name":"shop th\u00fa c\u01b0ng","description":"","potentialAction":[{"@type":"SearchAction","target":{"@type":"EntryPoint","urlTemplate":"https:\/\/petluxu.azdigi.shop\/?s={search_term_string}"},"query-input":{"@type":"PropertyValueSpecification","valueRequired":true,"valueName":"search_term_string"}}],"inLanguage":"en-US"}]}},"_links":{"self":[{"href":"https:\/\/petluxu.azdigi.shop\/index.php?rest_route=\/wp\/v2\/product\/658","targetHints":{"allow":["GET"]}}],"collection":[{"href":"https:\/\/petluxu.azdigi.shop\/index.php?rest_route=\/wp\/v2\/product"}],"about":[{"href":"https:\/\/petluxu.azdigi.shop\/index.php?rest_route=\/wp\/v2\/types\/product"}],"replies":[{"embeddable":true,"href":"https:\/\/petluxu.azdigi.shop\/index.php?rest_route=%2Fwp%2Fv2%2Fcomments&post=658"}],"wp:featuredmedia":[{"embeddable":true,"href":"https:\/\/petluxu.azdigi.shop\/index.php?rest_route=\/wp\/v2\/media\/499"}],"wp:attachment":[{"href":"https:\/\/petluxu.azdigi.shop\/index.php?rest_route=%2Fwp%2Fv2%2Fmedia&parent=658"}],"wp:term":[{"taxonomy":"product_brand","embeddable":true,"href":"https:\/\/petluxu.azdigi.shop\/index.php?rest_route=%2Fwp%2Fv2%2Fproduct_brand&post=658"},{"taxonomy":"product_cat","embeddable":true,"href":"https:\/\/petluxu.azdigi.shop\/index.php?rest_route=%2Fwp%2Fv2%2Fproduct_cat&post=658"},{"taxonomy":"product_tag","embeddable":true,"href":"https:\/\/petluxu.azdigi.shop\/index.php?rest_route=%2Fwp%2Fv2%2Fproduct_tag&post=658"}],"curies":[{"name":"wp","href":"https:\/\/api.w.org\/{rel}","templated":true}]}}